{"id":17,"date":"2025-06-24T11:44:28","date_gmt":"2025-06-24T09:44:28","guid":{"rendered":"https:\/\/semmelweis.hu\/sugarterapia\/?page_id=17"},"modified":"2025-08-14T14:26:08","modified_gmt":"2025-08-14T12:26:08","slug":"a-tanszekrol","status":"publish","type":"page","link":"https:\/\/semmelweis.hu\/sugarterapia\/","title":{"rendered":"A tansz\u00e9kr\u0151l"},"content":{"rendered":"<p>Az Orsz\u00e1gos Onkol\u00f3giai Int\u00e9zet b\u00e1zis\u00e1n 2014. j\u00fanius 1-\u00e9n megalakult \u00f6n\u00e1ll\u00f3 Onkol\u00f3giai Tansz\u00e9k a Semmelweis Egyetemen is lehet\u0151s\u00e9get adott a gradu\u00e1lis k\u00e9pz\u00e9s elind\u00edt\u00e1s\u00e1ra. 2015. augusztus 1-t\u0151l a tansz\u00e9k vezet\u00e9s\u00e9re Prof. dr. Polg\u00e1r Csaba kapott megb\u00edz\u00e1st, majd 2016. j\u00falius 1-t\u0151l Polg\u00e1r Csaba a Tansz\u00e9k p\u00e1ly\u00e1zat \u00fatj\u00e1n kinevezett vezet\u0151je lett, \u00e9s a kinevez\u00e9s\u00e9t 2021. okt\u00f3ber\u00e9ben \u00fajabb 5 \u00e9vre meghosszabb\u00edtott\u00e1k.\u00a0<\/p>\n<p>A Semmelweis Egyetem Szen\u00e1tus\u00e1nak 2025. m\u00e1rcius 10-i d\u00f6nt\u00e9se alapj\u00e1n a kor\u00e1bbi Onkol\u00f3giai Tansz\u00e9k megsz\u00fcntet\u00e9s\u00e9vel jogut\u00f3dk\u00e9nt l\u00e9trej\u00f6tt a Sug\u00e1rter\u00e1pia Tansz\u00e9k, ami\u00a0<span style=\"font-size: 1rem;\">a 2025-26. \u00e9vi tan\u00e9vt\u0151l <\/span><span style=\"font-size: 1rem;\">az \u201eOnkol\u00f3gia \u00e9s helyre\u00e1ll\u00edt\u00f3 plasztikai seb\u00e9szet\u201d tant\u00e1rgy oktat\u00e1s\u00e1ban m\u00e1r csak a sug\u00e1rter\u00e1pi\u00e1s tananyagr\u00e9szek oktat\u00e1s\u00e1t v\u00e9gzi.<\/span><\/p>\n<p>Az 1 \u00f3ra tantermi el\u0151ad\u00e1s \u00e9s 6 \u00f3ra gyakorlat tematik\u00e1j\u00e1t \u00fagy \u00e1ll\u00edtottuk \u00f6ssze, hogy a k\u00e9pz\u00e9s sor\u00e1n a hallgat\u00f3k \u00e1tfog\u00f3 ismereteket szerezzenek a sug\u00e1rter\u00e1pia alapjair\u00f3l \u00e9s a daganatos betegek komplex ell\u00e1t\u00e1s\u00e1ban bet\u00f6lt\u00f6tt szerep\u00e9r\u0151l.\u00a0<\/p>\n<div class=\"keretes w-100\">\n<h5>Tansz\u00e9kvezet\u0151:<\/h5>\n<p>Dr. Polg\u00e1r Csaba<\/p>\n<\/div>\n<p>&nbsp;<\/p>\n","protected":false},"excerpt":{"rendered":"<p>Az Orsz\u00e1gos Onkol\u00f3giai Int\u00e9zet b\u00e1zis\u00e1n 2014. j\u00fanius 1-\u00e9n megalakult \u00f6n\u00e1ll\u00f3 Onkol\u00f3giai Tansz\u00e9k a Semmelweis Egyetemen is lehet\u0151s\u00e9get adott a gradu\u00e1lis k\u00e9pz\u00e9s elind\u00edt\u00e1s\u00e1ra. 2015. augusztus 1-t\u0151l a tansz\u00e9k vezet\u00e9s\u00e9re Prof. dr. Polg\u00e1r Csaba kapott megb\u00edz\u00e1st, majd 2016. j\u00falius 1-t\u0151l Polg\u00e1r Csaba a Tansz\u00e9k p\u00e1ly\u00e1zat \u00fatj\u00e1n kinevezett vezet\u0151je lett, \u00e9s a kinevez\u00e9s\u00e9t 2021. okt\u00f3ber\u00e9ben \u00fajabb 5 \u00e9vre &hellip;<\/p>\n","protected":false},"author":12,"featured_media":0,"parent":0,"menu_order":0,"comment_status":"closed","ping_status":"closed","template":"template-fullwidth.php","meta":{"_acf_changed":false,"footnotes":""},"categories":[],"tags":[],"class_list":["post-17","page","type-page","status-publish","hentry"],"acf":[],"_links":{"self":[{"href":"https:\/\/semmelweis.hu\/sugarterapia\/wp-json\/wp\/v2\/pages\/17","targetHints":{"allow":["GET"]}}],"collection":[{"href":"https:\/\/semmelweis.hu\/sugarterapia\/wp-json\/wp\/v2\/pages"}],"about":[{"href":"https:\/\/semmelweis.hu\/sugarterapia\/wp-json\/wp\/v2\/types\/page"}],"author":[{"embeddable":true,"href":"https:\/\/semmelweis.hu\/sugarterapia\/wp-json\/wp\/v2\/users\/12"}],"replies":[{"embeddable":true,"href":"https:\/\/semmelweis.hu\/sugarterapia\/wp-json\/wp\/v2\/comments?post=17"}],"version-history":[{"count":8,"href":"https:\/\/semmelweis.hu\/sugarterapia\/wp-json\/wp\/v2\/pages\/17\/revisions"}],"predecessor-version":[{"id":42,"href":"https:\/\/semmelweis.hu\/sugarterapia\/wp-json\/wp\/v2\/pages\/17\/revisions\/42"}],"wp:attachment":[{"href":"https:\/\/semmelweis.hu\/sugarterapia\/wp-json\/wp\/v2\/media?parent=17"}],"wp:term":[{"taxonomy":"category","embeddable":true,"href":"https:\/\/semmelweis.hu\/sugarterapia\/wp-json\/wp\/v2\/categories?post=17"},{"taxonomy":"post_tag","embeddable":true,"href":"https:\/\/semmelweis.hu\/sugarterapia\/wp-json\/wp\/v2\/tags?post=17"}],"curies":[{"name":"wp","href":"https:\/\/api.w.org\/{rel}","templated":true}]}}