{"id":839,"date":"2025-10-22T12:38:38","date_gmt":"2025-10-22T10:38:38","guid":{"rendered":"https:\/\/semmelweis.hu\/studentservices\/?page_id=839"},"modified":"2025-12-11T15:03:37","modified_gmt":"2025-12-11T14:03:37","slug":"kedvezmenyes-mobilflotta-hallgatoknak","status":"publish","type":"page","link":"https:\/\/semmelweis.hu\/studentsupport\/kedvezmenyes-mobilflotta-hallgatoknak\/","title":{"rendered":"Kedvezm\u00e9nyes mobilflotta hallgat\u00f3knak"},"content":{"rendered":"<div class=\"lead\" data-start=\"181\" data-end=\"490\">A Semmelweis Egyetem T\u00e1mogat\u00f3 Szolg\u00e1ltat\u00e1sok \u00e9s Hallgat\u00f3i Kapcsolatok Igazgat\u00f3s\u00e1ga \u00fajabb, hallgat\u00f3bar\u00e1t kezdem\u00e9nyez\u00e9ssel b\u0151v\u00edtette szolg\u00e1ltat\u00e1sait: egy\u00fcttm\u0171k\u00f6d\u00e9si meg\u00e1llapod\u00e1s j\u00f6tt l\u00e9tre az Aidaco Szolg\u00e1ltat\u00f3 Kft.-vel, amelynek k\u00f6sz\u00f6nhet\u0151en a Semmelweis Egyetem hallgat\u00f3i kedvezm\u00e9nyes mobil-el\u0151fizet\u00e9si csomagokat vehetnek ig\u00e9nybe.<\/div>\n<div class=\"keretes\">\n<p data-start=\"492\" data-end=\"690\">A kezdem\u00e9nyez\u00e9s c\u00e9lja, hogy a hallgat\u00f3k sz\u00e1m\u00e1ra rugalmas, megfizethet\u0151 \u00e9s korszer\u0171 kommunik\u00e1ci\u00f3s lehet\u0151s\u00e9geket biztos\u00edtson \u2013 ezzel is t\u00e1mogatva tanulm\u00e1nyaikat, kutat\u00e1saikat \u00e9s mindennapi \u00e9let\u00fcket.<\/p>\n<\/div>\n<p data-start=\"692\" data-end=\"1007\">A kedvezm\u00e9nyes el\u0151fizet\u00e9sek legfontosabb el\u0151nyei k\u00f6z\u00e9 tartozik a 20%-os kedvezm\u00e9ny a hasonl\u00f3, korl\u00e1tlan Yettel-csomagokhoz k\u00e9pest, a h\u0171s\u00e9gid\u0151 n\u00e9lk\u00fcli szerz\u0151d\u00e9sk\u00f6t\u00e9s, a 0 Ft-os bel\u00e9p\u00e9si d\u00edj, valamint az egyszer\u0171, online \u00fcgyint\u00e9z\u00e9s. A hallgat\u00f3k legfeljebb n\u00e9gy el\u0151fizet\u00e9st ig\u00e9nyelhetnek, fizikai vagy eSIM form\u00e1ban.<\/p>\n<p data-start=\"1009\" data-end=\"1170\">Az Egyetem \u00e9p\u00fcleteiben a Yettel h\u00e1l\u00f3zat lefedetts\u00e9ge el\u00e9ri a 70%-ot, \u00edgy a szolg\u00e1ltat\u00e1s megb\u00edzhat\u00f3an t\u00e1mogatja a hallgat\u00f3i k\u00f6z\u00f6ss\u00e9g mindennapi kommunik\u00e1ci\u00f3j\u00e1t.<\/p>\n<p style=\"text-align: left\" data-start=\"1172\" data-end=\"1301\">A r\u00e9szletes d\u00edjszab\u00e1s \u00e9s az ig\u00e9nyl\u0151 \u0171rlap az al\u00e1bbi hivatkoz\u00e1sra kattintva \u00e9rhet\u0151 el:<\/p>\n<h1 style=\"text-align: center\" data-start=\"1172\" data-end=\"1301\"><a href=\"https:\/\/semmelweis.hu\/studentsupport\/hallgatoi-mobilflotta\/\" target=\"_blank\" rel=\"noopener\">HALLGAT\u00d3I MOBILFLOTTA<\/a><\/h1>\n","protected":false},"excerpt":{"rendered":"<p>A Semmelweis Egyetem T\u00e1mogat\u00f3 Szolg\u00e1ltat\u00e1sok \u00e9s Hallgat\u00f3i Kapcsolatok Igazgat\u00f3s\u00e1ga \u00fajabb, hallgat\u00f3bar\u00e1t kezdem\u00e9nyez\u00e9ssel b\u0151v\u00edtette szolg\u00e1ltat\u00e1sait: egy\u00fcttm\u0171k\u00f6d\u00e9si meg\u00e1llapod\u00e1s j\u00f6tt l\u00e9tre az Aidaco Szolg\u00e1ltat\u00f3 Kft.-vel, amelynek k\u00f6sz\u00f6nhet\u0151en a Semmelweis Egyetem hallgat\u00f3i kedvezm\u00e9nyes mobil-el\u0151fizet\u00e9si csomagokat vehetnek ig\u00e9nybe. A kezdem\u00e9nyez\u00e9s c\u00e9lja, hogy a hallgat\u00f3k sz\u00e1m\u00e1ra rugalmas, megfizethet\u0151 \u00e9s korszer\u0171 kommunik\u00e1ci\u00f3s lehet\u0151s\u00e9geket biztos\u00edtson \u2013 ezzel is t\u00e1mogatva tanulm\u00e1nyaikat, kutat\u00e1saikat \u00e9s mindennapi &hellip;<\/p>\n","protected":false},"author":102383,"featured_media":844,"parent":0,"menu_order":0,"comment_status":"closed","ping_status":"closed","template":"","meta":{"_acf_changed":false,"footnotes":""},"categories":[],"tags":[40],"class_list":["post-839","page","type-page","status-publish","has-post-thumbnail","hentry","tag-siker"],"acf":[],"_links":{"self":[{"href":"https:\/\/semmelweis.hu\/studentsupport\/wp-json\/wp\/v2\/pages\/839","targetHints":{"allow":["GET"]}}],"collection":[{"href":"https:\/\/semmelweis.hu\/studentsupport\/wp-json\/wp\/v2\/pages"}],"about":[{"href":"https:\/\/semmelweis.hu\/studentsupport\/wp-json\/wp\/v2\/types\/page"}],"author":[{"embeddable":true,"href":"https:\/\/semmelweis.hu\/studentsupport\/wp-json\/wp\/v2\/users\/102383"}],"replies":[{"embeddable":true,"href":"https:\/\/semmelweis.hu\/studentsupport\/wp-json\/wp\/v2\/comments?post=839"}],"version-history":[{"count":3,"href":"https:\/\/semmelweis.hu\/studentsupport\/wp-json\/wp\/v2\/pages\/839\/revisions"}],"predecessor-version":[{"id":937,"href":"https:\/\/semmelweis.hu\/studentsupport\/wp-json\/wp\/v2\/pages\/839\/revisions\/937"}],"wp:featuredmedia":[{"embeddable":true,"href":"https:\/\/semmelweis.hu\/studentsupport\/wp-json\/wp\/v2\/media\/844"}],"wp:attachment":[{"href":"https:\/\/semmelweis.hu\/studentsupport\/wp-json\/wp\/v2\/media?parent=839"}],"wp:term":[{"taxonomy":"category","embeddable":true,"href":"https:\/\/semmelweis.hu\/studentsupport\/wp-json\/wp\/v2\/categories?post=839"},{"taxonomy":"post_tag","embeddable":true,"href":"https:\/\/semmelweis.hu\/studentsupport\/wp-json\/wp\/v2\/tags?post=839"}],"curies":[{"name":"wp","href":"https:\/\/api.w.org\/{rel}","templated":true}]}}