{"id":834,"date":"2025-10-22T12:28:19","date_gmt":"2025-10-22T10:28:19","guid":{"rendered":"https:\/\/semmelweis.hu\/studentservices\/?page_id=834"},"modified":"2025-12-03T10:06:55","modified_gmt":"2025-12-03T09:06:55","slug":"hallgatoi-mobilflotta","status":"publish","type":"page","link":"https:\/\/semmelweis.hu\/studentsupport\/hallgatoi-mobilflotta\/","title":{"rendered":"Hallgat\u00f3i mobilflotta"},"content":{"rendered":"<h1 style=\"text-align: center\"><strong>Kedvezm\u00e9nyes mobil-el\u0151fizet\u00e9s hallgat\u00f3knak<\/strong><\/h1>\n<p>A Semmelweis Egyet<span style=\"font-family: 'pt serif'\">em T\u00e1mogat\u00f3 Szolg\u00e1ltat\u00e1sok \u00e9s Hallgat\u00f3i Kapcsolatok Igazgat\u00f3s\u00e1ga\u00a0\u00fajabb<\/span> hallgat\u00f3bar\u00e1t lehet\u0151s\u00e9ggel b\u0151v\u00edtette szolg\u00e1ltat\u00e1sait:<\/p>\n<div class=\"fontos_div\">\n<p>az Egyetem egy\u00fcttm\u0171k\u00f6d\u00e9si meg\u00e1llapod\u00e1st k\u00f6t\u00f6tt az Aidaco Szolg\u00e1ltat\u00f3 Kft.-vel, amelynek k\u00f6sz\u00f6nhet\u0151en a Semmelweis hallgat\u00f3i mostant\u00f3l kedvezm\u00e9nyes mobil-el\u0151fizet\u00e9si csomagokat vehetnek ig\u00e9nybe.<\/p>\n<\/div>\n<p><strong>C\u00e9lunk<\/strong>, hogy az egyetemi hallgat\u00f3i k\u00f6z\u00f6ss\u00e9g tagjai sz\u00e1m\u00e1ra <strong>el\u00e9rhet\u0151, rugalmas \u00e9s megfizethet\u0151 szolg\u00e1ltat\u00e1sokat biztos\u00edthassunk<\/strong>. Az \u00faj csomagok seg\u00edts\u00e9g\u00e9vel a hallgat\u00f3k egyszer\u0171en \u00e9s kedvez\u0151en maradhatnak kapcsolatban a tanulm\u00e1nyaikhoz, kutat\u00e1saikhoz \u00e9s mindennapi \u00e9let\u00fckh\u00f6z sz\u00fcks\u00e9ges kommunik\u00e1ci\u00f3s csatorn\u00e1kon.<\/p>\n<p>A kedvezm\u00e9nyes el\u0151fizet\u00e9sek f\u0151bb el\u0151nyei:<\/p>\n<ul>\n<li>az Egyetem \u00e9p\u00fcleteiben a Yettel <strong>h\u00e1l\u00f3zat lefedetts\u00e9ge 70%<\/strong><\/li>\n<li><strong>20%-os kedvezm\u00e9ny<\/strong> a hasonl\u00f3, korl\u00e1tlan Yettel-csomagokhoz k\u00e9pest<\/li>\n<li>bel\u00e9p\u00e9si d\u00edj: <strong>0 Ft<\/strong><\/li>\n<li><strong>nincs h\u0171s\u00e9gid\u0151<\/strong><\/li>\n<li><strong>fizikai \u00e9s eSIM<\/strong> lehet\u0151s\u00e9g<\/li>\n<li><strong>korl\u00e1tlan<\/strong> hang- \u00e9s adatcsomagok, illetve percd\u00edjas opci\u00f3k<\/li>\n<li>legfeljebb <strong>4 el\u0151fizet\u00e9s<\/strong> ig\u00e9nyelhet\u0151 <strong>hallgat\u00f3nk\u00e9nt<\/strong><\/li>\n<li>egyszer\u0171, <strong>online \u00fcgyint\u00e9z\u00e9s<\/strong> \u00e9s elektronikus sz\u00e1ml\u00e1z\u00e1s<\/li>\n<\/ul>\n<h1 style=\"text-align: center\"><strong><a href=\"https:\/\/semmelweis.hu\/studentsupport\/files\/2025\/10\/Aidaco-dijszabas-magyar.pdf\" target=\"_blank\" rel=\"noopener\">R\u00c9SZLETES D\u00cdJSZAB\u00c1S<\/a><\/strong><\/h1>\n<h1 style=\"text-align: center\"><strong><a href=\"https:\/\/www.cognitoforms.com\/Aidaco1\/AIDACOIg%C3%A9nybejelent%C5%91SemmelweisEgyetemHallgat%C3%B3iR%C3%A9sz%C3%A9re\" target=\"_blank\" rel=\"noopener\">IG\u00c9NYL\u0150 \u0170RLAP<\/a><\/strong><\/h1>\n<p>Ha az ig\u00e9nyl\u00e9s sor\u00e1n b\u00e1rmilyen k\u00e9rd\u00e9sed vagy probl\u00e9m\u00e1d mer\u00fclne fel, b\u00e1tran keresd a <span style=\"font-family: 'pt serif'\">T\u00e1mogat\u00f3 Szolg\u00e1ltat\u00e1sok \u00e9s Hallgat\u00f3i Kapcsolatok Igazgat\u00f3s\u00e1g\u00e1t<\/span>\u00a0a student.services@semmelweis.hu e-mail c\u00edmen.<\/p>\n","protected":false},"excerpt":{"rendered":"<p>Kedvezm\u00e9nyes mobil-el\u0151fizet\u00e9s hallgat\u00f3knak A Semmelweis Egyetem T\u00e1mogat\u00f3 Szolg\u00e1ltat\u00e1sok \u00e9s Hallgat\u00f3i Kapcsolatok Igazgat\u00f3s\u00e1ga\u00a0\u00fajabb hallgat\u00f3bar\u00e1t lehet\u0151s\u00e9ggel b\u0151v\u00edtette szolg\u00e1ltat\u00e1sait: az Egyetem egy\u00fcttm\u0171k\u00f6d\u00e9si meg\u00e1llapod\u00e1st k\u00f6t\u00f6tt az Aidaco Szolg\u00e1ltat\u00f3 Kft.-vel, amelynek k\u00f6sz\u00f6nhet\u0151en a Semmelweis hallgat\u00f3i mostant\u00f3l kedvezm\u00e9nyes mobil-el\u0151fizet\u00e9si csomagokat vehetnek ig\u00e9nybe. C\u00e9lunk, hogy az egyetemi hallgat\u00f3i k\u00f6z\u00f6ss\u00e9g tagjai sz\u00e1m\u00e1ra el\u00e9rhet\u0151, rugalmas \u00e9s megfizethet\u0151 szolg\u00e1ltat\u00e1sokat biztos\u00edthassunk. Az \u00faj csomagok seg\u00edts\u00e9g\u00e9vel a &hellip;<\/p>\n","protected":false},"author":102383,"featured_media":0,"parent":0,"menu_order":0,"comment_status":"closed","ping_status":"closed","template":"","meta":{"_acf_changed":false,"footnotes":""},"categories":[],"tags":[],"class_list":["post-834","page","type-page","status-publish","hentry"],"acf":[],"_links":{"self":[{"href":"https:\/\/semmelweis.hu\/studentsupport\/wp-json\/wp\/v2\/pages\/834","targetHints":{"allow":["GET"]}}],"collection":[{"href":"https:\/\/semmelweis.hu\/studentsupport\/wp-json\/wp\/v2\/pages"}],"about":[{"href":"https:\/\/semmelweis.hu\/studentsupport\/wp-json\/wp\/v2\/types\/page"}],"author":[{"embeddable":true,"href":"https:\/\/semmelweis.hu\/studentsupport\/wp-json\/wp\/v2\/users\/102383"}],"replies":[{"embeddable":true,"href":"https:\/\/semmelweis.hu\/studentsupport\/wp-json\/wp\/v2\/comments?post=834"}],"version-history":[{"count":4,"href":"https:\/\/semmelweis.hu\/studentsupport\/wp-json\/wp\/v2\/pages\/834\/revisions"}],"predecessor-version":[{"id":892,"href":"https:\/\/semmelweis.hu\/studentsupport\/wp-json\/wp\/v2\/pages\/834\/revisions\/892"}],"wp:attachment":[{"href":"https:\/\/semmelweis.hu\/studentsupport\/wp-json\/wp\/v2\/media?parent=834"}],"wp:term":[{"taxonomy":"category","embeddable":true,"href":"https:\/\/semmelweis.hu\/studentsupport\/wp-json\/wp\/v2\/categories?post=834"},{"taxonomy":"post_tag","embeddable":true,"href":"https:\/\/semmelweis.hu\/studentsupport\/wp-json\/wp\/v2\/tags?post=834"}],"curies":[{"name":"wp","href":"https:\/\/api.w.org\/{rel}","templated":true}]}}