{"id":8,"date":"2023-06-14T13:18:48","date_gmt":"2023-06-14T11:18:48","guid":{"rendered":"https:\/\/semmelweis.hu\/studentservices\/?page_id=8"},"modified":"2025-12-03T11:16:34","modified_gmt":"2025-12-03T10:16:34","slug":"elerhetoseg","status":"publish","type":"page","link":"https:\/\/semmelweis.hu\/studentsupport\/elerhetoseg\/","title":{"rendered":"Kapcsolat"},"content":{"rendered":"<h1 style=\"text-align: center\"><strong>T\u00c1MOGAT\u00d3 SZOLG\u00c1LTAT\u00c1SOK \u00c9S HALLGAT\u00d3I KAPCSOLATOK IGAZGAT\u00d3S\u00c1GA<\/strong><\/h1>\n<p><strong><br \/>\nK\u00f6zponti iroda c\u00edme:<\/strong> <span style=\"font-size: 1rem\">1085 Budapest, Baross utca 22. 1. emelet<br \/>\n<strong>E-mail:<\/strong> <span style=\"color: #0000ff\"><a href=\"mailto:student.services@semmelweis.hu\">student.services@semmelweis.hu<\/a><\/p>\n<p><\/span><\/span><span style=\"font-size: 1rem\"><strong>Telefon:<\/strong> <br \/>\n<\/span><span style=\"font-size: 1rem\">+36 1 459 1500 \/ 62327 mell\u00e9k<br \/>\n+36 20 666 2327<\/span><\/p>\n<p><span style=\"font-size: 1rem\"><br \/>\n<\/span><span style=\"font-size: 1rem\"><strong><em>\u00dcgyf\u00e9lfogad\u00e1s kiz\u00e1r\u00f3lag el\u0151zetes bejelentkez\u00e9s eset\u00e9n!<\/em><\/strong><br \/>\n<\/span><\/p>\n<p>Az egyes munkat\u00e1rsaink el\u00e9rhet\u0151s\u00e9geit l\u00e1sd a <span style=\"color: #0000ff\"><a href=\"https:\/\/semmelweis.hu\/studentsupport\/munkatarsak\/\">&#8222;Munkat\u00e1rsak&#8221;<\/a><\/span> f\u00fcl\u00f6n.<\/p>\n","protected":false},"excerpt":{"rendered":"<p>T\u00c1MOGAT\u00d3 SZOLG\u00c1LTAT\u00c1SOK \u00c9S HALLGAT\u00d3I KAPCSOLATOK IGAZGAT\u00d3S\u00c1GA<\/p>\n<p>K\u00f6zponti iroda c\u00edme: 1085 Budapest, Baross utca 22. 1. emelet<br \/>\nE-mail: <a href=\"mailto:student.services@semmelweis.hu\">student.services@semmelweis.hu<\/a><br \/>\nTelefon:<br \/>\n+36 1 459 1500 \/ 62327 mell\u00e9k<br \/>\n+36 20 666 2327<\/p>\n<p>\u00dcgyf\u00e9lfogad\u00e1s kiz\u00e1r\u00f3lag el\u0151zetes bejelentkez\u00e9s eset\u00e9n!<\/p>\n<p>Az egyes munkat\u00e1rsaink el\u00e9rhet\u0151s\u00e9geit l\u00e1sd a <a href=\"https:\/\/semmelweis.hu\/studentsupport\/munkatarsak\/\">&#8222;Munkat\u00e1rsak&#8221;<\/a> f\u00fcl\u00f6n.<\/p>\n","protected":false},"author":12,"featured_media":0,"parent":0,"menu_order":8,"comment_status":"closed","ping_status":"closed","template":"","meta":{"_acf_changed":false,"footnotes":""},"categories":[],"tags":[],"class_list":["post-8","page","type-page","status-publish","hentry"],"acf":[],"_links":{"self":[{"href":"https:\/\/semmelweis.hu\/studentsupport\/wp-json\/wp\/v2\/pages\/8","targetHints":{"allow":["GET"]}}],"collection":[{"href":"https:\/\/semmelweis.hu\/studentsupport\/wp-json\/wp\/v2\/pages"}],"about":[{"href":"https:\/\/semmelweis.hu\/studentsupport\/wp-json\/wp\/v2\/types\/page"}],"author":[{"embeddable":true,"href":"https:\/\/semmelweis.hu\/studentsupport\/wp-json\/wp\/v2\/users\/12"}],"replies":[{"embeddable":true,"href":"https:\/\/semmelweis.hu\/studentsupport\/wp-json\/wp\/v2\/comments?post=8"}],"version-history":[{"count":12,"href":"https:\/\/semmelweis.hu\/studentsupport\/wp-json\/wp\/v2\/pages\/8\/revisions"}],"predecessor-version":[{"id":905,"href":"https:\/\/semmelweis.hu\/studentsupport\/wp-json\/wp\/v2\/pages\/8\/revisions\/905"}],"wp:attachment":[{"href":"https:\/\/semmelweis.hu\/studentsupport\/wp-json\/wp\/v2\/media?parent=8"}],"wp:term":[{"taxonomy":"category","embeddable":true,"href":"https:\/\/semmelweis.hu\/studentsupport\/wp-json\/wp\/v2\/categories?post=8"},{"taxonomy":"post_tag","embeddable":true,"href":"https:\/\/semmelweis.hu\/studentsupport\/wp-json\/wp\/v2\/tags?post=8"}],"curies":[{"name":"wp","href":"https:\/\/api.w.org\/{rel}","templated":true}]}}