{"id":662,"date":"2025-03-10T12:28:36","date_gmt":"2025-03-10T11:28:36","guid":{"rendered":"https:\/\/semmelweis.hu\/studentservices\/?page_id=662"},"modified":"2025-04-29T12:17:39","modified_gmt":"2025-04-29T10:17:39","slug":"digitalizalt-kervenyek-bejelento","status":"publish","type":"page","link":"https:\/\/semmelweis.hu\/studentsupport\/digitalizalt-kervenyek-bejelento\/","title":{"rendered":"Digitaliz\u00e1lt k\u00e9rv\u00e9nyek &#8211; bejelent\u0151"},"content":{"rendered":"<div class=\"fontos_div\">\n<p style=\"text-align: justify\"><span style=\"font-size: 14pt\">C\u00e9lunk, hogy a jelenleg kiz\u00e1r\u00f3lag pap\u00edralapon, offline el\u00e9rhet\u0151 k\u00e9rv\u00e9nyeket, k\u00e9relmeket, \u00fcgyt\u00edpusokat teljes eg\u00e9sz\u00e9ben digitaliz\u00e1ljuk \u00e9s a hivatalos tanulm\u00e1nyi rendszerben, a Neptun fel\u00fclet\u00e9n legyenek el\u00e9rhet\u0151k. Ezzel <em><strong>k\u00f6nnyebb\u00e9, gyorsabb\u00e1, k\u00e9nyelmesebb\u00e9 \u00e9s pap\u00edrmentess\u00e9 t\u00e9ve az \u00fcgyint\u00e9z\u00e9st a hallgat\u00f3k \u00e9s az egyetemi munkav\u00e1llal\u00f3k sz\u00e1m\u00e1ra egyar\u00e1nt.<\/strong><\/em><\/span><\/p>\n<\/div>\n<p class=\"fontos_div\" style=\"text-align: justify\" data-start=\"0\" data-end=\"0\"><span style=\"font-size: 14pt\"><strong><em>Amennyiben hib\u00e1t tapasztal a m\u00e1r digitaliz\u00e1lt k\u00e9rv\u00e9nyek m\u0171k\u00f6d\u00e9s\u00e9ben, fejleszt\u00e9si javaslata van, vagy v\u00e1ltoz\u00e1s t\u00f6rt\u00e9nt v\u00e9lem\u00e9nyez\u0151i szinten k\u00e9rj\u00fck, jelezze sz\u00e1munkra a k\u00e9pre kattintva megny\u00edl\u00f3 \u0171rlapon!<\/em><\/strong><br \/>\nVisszajelz\u00e9se hozz\u00e1j\u00e1rul ahhoz, hogy szolg\u00e1ltat\u00e1sunk m\u00e9g hat\u00e9konyabb\u00e1 \u00e9s felhaszn\u00e1l\u00f3bar\u00e1tabb\u00e1 v\u00e1ljon.<\/span><\/p>\n<div data-start=\"70\" data-end=\"350\">\u00a0<\/div>\n<div style=\"text-align: center\" data-start=\"70\" data-end=\"350\"><a href=\"https:\/\/forms.office.com\/Pages\/ResponsePage.aspx?id=uJCuuvE5TUOrpmTr1YljV4xy9s6MFZdKsRdDt5NDmmRUQUcxRlVFWEE5MzU3MlMwOTBWM1QwTlhWWS4u\" target=\"_blank\" rel=\"noopener\"><img loading=\"lazy\" decoding=\"async\" class=\"alignnone wp-image-707\" src=\"https:\/\/semmelweis.hu\/studentsupport\/files\/2025\/04\/bejelentopng-400x267.png\" alt=\"\" width=\"414\" height=\"276\" srcset=\"https:\/\/semmelweis.hu\/studentsupport\/files\/2025\/04\/bejelentopng-400x267.png 400w, https:\/\/semmelweis.hu\/studentsupport\/files\/2025\/04\/bejelentopng-1024x682.png 1024w, https:\/\/semmelweis.hu\/studentsupport\/files\/2025\/04\/bejelentopng-768x512.png 768w, https:\/\/semmelweis.hu\/studentsupport\/files\/2025\/04\/bejelentopng-1536x1024.png 1536w, https:\/\/semmelweis.hu\/studentsupport\/files\/2025\/04\/bejelentopng-2048x1365.png 2048w, https:\/\/semmelweis.hu\/studentsupport\/files\/2025\/04\/bejelentopng-753x502.png 753w, https:\/\/semmelweis.hu\/studentsupport\/files\/2025\/04\/bejelentopng-203x135.png 203w\" sizes=\"auto, (max-width: 414px) 100vw, 414px\" \/><\/a><\/div>\n<div class=\"lead\" style=\"text-align: center\">\u00a0<\/div>\n<p style=\"text-align: center\">\u00a0<\/p>\n","protected":false},"excerpt":{"rendered":"<p>C\u00e9lunk, hogy a jelenleg kiz\u00e1r\u00f3lag pap\u00edralapon, offline el\u00e9rhet\u0151 k\u00e9rv\u00e9nyeket, k\u00e9relmeket, \u00fcgyt\u00edpusokat teljes eg\u00e9sz\u00e9ben digitaliz\u00e1ljuk \u00e9s a hivatalos tanulm\u00e1nyi rendszerben, a Neptun fel\u00fclet\u00e9n legyenek el\u00e9rhet\u0151k. Ezzel k\u00f6nnyebb\u00e9, gyorsabb\u00e1, k\u00e9nyelmesebb\u00e9 \u00e9s pap\u00edrmentess\u00e9 t\u00e9ve az \u00fcgyint\u00e9z\u00e9st a hallgat\u00f3k \u00e9s az egyetemi munkav\u00e1llal\u00f3k sz\u00e1m\u00e1ra egyar\u00e1nt. Amennyiben hib\u00e1t tapasztal a m\u00e1r digitaliz\u00e1lt k\u00e9rv\u00e9nyek m\u0171k\u00f6d\u00e9s\u00e9ben, fejleszt\u00e9si javaslata van, vagy v\u00e1ltoz\u00e1s t\u00f6rt\u00e9nt &hellip;<\/p>\n","protected":false},"author":102383,"featured_media":0,"parent":0,"menu_order":0,"comment_status":"closed","ping_status":"closed","template":"","meta":{"_acf_changed":false,"footnotes":""},"categories":[],"tags":[],"class_list":["post-662","page","type-page","status-publish","hentry"],"acf":[],"_links":{"self":[{"href":"https:\/\/semmelweis.hu\/studentsupport\/wp-json\/wp\/v2\/pages\/662","targetHints":{"allow":["GET"]}}],"collection":[{"href":"https:\/\/semmelweis.hu\/studentsupport\/wp-json\/wp\/v2\/pages"}],"about":[{"href":"https:\/\/semmelweis.hu\/studentsupport\/wp-json\/wp\/v2\/types\/page"}],"author":[{"embeddable":true,"href":"https:\/\/semmelweis.hu\/studentsupport\/wp-json\/wp\/v2\/users\/102383"}],"replies":[{"embeddable":true,"href":"https:\/\/semmelweis.hu\/studentsupport\/wp-json\/wp\/v2\/comments?post=662"}],"version-history":[{"count":10,"href":"https:\/\/semmelweis.hu\/studentsupport\/wp-json\/wp\/v2\/pages\/662\/revisions"}],"predecessor-version":[{"id":709,"href":"https:\/\/semmelweis.hu\/studentsupport\/wp-json\/wp\/v2\/pages\/662\/revisions\/709"}],"wp:attachment":[{"href":"https:\/\/semmelweis.hu\/studentsupport\/wp-json\/wp\/v2\/media?parent=662"}],"wp:term":[{"taxonomy":"category","embeddable":true,"href":"https:\/\/semmelweis.hu\/studentsupport\/wp-json\/wp\/v2\/categories?post=662"},{"taxonomy":"post_tag","embeddable":true,"href":"https:\/\/semmelweis.hu\/studentsupport\/wp-json\/wp\/v2\/tags?post=662"}],"curies":[{"name":"wp","href":"https:\/\/api.w.org\/{rel}","templated":true}]}}