{"id":641,"date":"2025-02-18T10:35:30","date_gmt":"2025-02-18T09:35:30","guid":{"rendered":"https:\/\/semmelweis.hu\/studentservices\/?page_id=641"},"modified":"2026-04-17T10:54:49","modified_gmt":"2026-04-17T08:54:49","slug":"coaching","status":"publish","type":"page","link":"https:\/\/semmelweis.hu\/studentsupport\/coaching\/","title":{"rendered":"Coaching"},"content":{"rendered":"<div class=\"responsive-tabs\">\n<h2 class=\"tabtitle\">Kiscsoportos coaching alkalmak<\/h2>\n<div class=\"tabcontent\">\n\n<h1 style=\"text-align: center\"><span style=\"font-size: 24pt\"><strong data-start=\"0\" data-end=\"46\">Kiscsoportos coaching Semmelweis hallgat\u00f3knak<\/strong><\/span><\/h1>\n<p data-start=\"48\" data-end=\"422\">Ez a <em><strong>maximum 5 f\u0151s, 2 \u00f3r\u00e1s kiscsoportos coaching alkalom<\/strong><\/em> lehet\u0151s\u00e9get biztos\u00edt arra, hogy a folyamatos teljes\u00edt\u00e9s mellett tudatosan <strong>meg\u00e1llj egy pillanatra, \u00e9s magadra figyelj<\/strong>. A biztons\u00e1gos, t\u00e1mogat\u00f3 k\u00f6zegben r\u00e1n\u00e9zhetsz jelenlegi helyzetedre, felismerheted bels\u0151 er\u0151forr\u00e1saidat \u00e9s elakad\u00e1saidat, valamint megfogalmazhatsz egy sz\u00e1modra re\u00e1lis k\u00f6vetkez\u0151 l\u00e9p\u00e9st a <strong>fejl\u0151d\u00e9sedben<\/strong>.<\/p>\n<div class=\"lead\" data-start=\"424\" data-end=\"579\">Az alkalom nem el\u0151ad\u00e1s vagy sz\u00e1monk\u00e9r\u00e9s, hanem egy \u00f6nreflexi\u00f3t \u00e9s felt\u00f6lt\u0151d\u00e9st seg\u00edt\u0151, interakt\u00edv folyamat, amelyben saj\u00e1t temp\u00f3dban dolgozhatsz \u00f6nmagadon.<\/div>\n<div data-start=\"424\" data-end=\"579\">\u00a0<\/div>\n<div data-start=\"424\" data-end=\"579\">\n<p><span style=\"font-size: 18pt\"><strong>Foglal\u00e1sn\u00e1l v\u00e1laszd ki:<\/strong><\/span><\/p>\n<ul>\n<li><span style=\"font-size: 18pt\"><strong>a megfelel\u0151 rublik\u00e1t,<\/strong><\/span><\/li>\n<li><span style=\"font-size: 18pt\"><strong>a napt\u00e1rban a megfelel\u0151 id\u0151pontot,<\/strong><\/span><\/li>\n<li><span style=\"font-size: 18pt\"><strong>majd a coach nev\u00e9t (Varjun\u00e9 Horv\u00e1th T\u00edmea),<\/strong><\/span><\/li>\n<li><span style=\"font-size: 18pt\"><strong>az adatok kit\u00f6lt\u00e9se ut\u00e1n pedig foglal\u00e1s.<\/strong><\/span><\/li>\n<\/ul>\n<p>&nbsp;<\/p>\n<\/div>\n<p data-start=\"424\" data-end=\"579\" data-is-last-node=\"\" data-is-only-node=\"\"><img loading=\"lazy\" decoding=\"async\" class=\"size-medium wp-image-1074 alignleft\" style=\"background-color: transparent\" src=\"https:\/\/semmelweis.hu\/studentsupport\/files\/2026\/04\/Designer-1-267x400.png\" alt=\"\" width=\"267\" height=\"400\" srcset=\"https:\/\/semmelweis.hu\/studentsupport\/files\/2026\/04\/Designer-1-267x400.png 267w, https:\/\/semmelweis.hu\/studentsupport\/files\/2026\/04\/Designer-1-683x1024.png 683w, https:\/\/semmelweis.hu\/studentsupport\/files\/2026\/04\/Designer-1-768x1152.png 768w, https:\/\/semmelweis.hu\/studentsupport\/files\/2026\/04\/Designer-1-753x1130.png 753w, https:\/\/semmelweis.hu\/studentsupport\/files\/2026\/04\/Designer-1.png 1024w\" sizes=\"auto, (max-width: 267px) 100vw, 267px\" \/><\/p>\n<div class=\"fontos_div\">\n<p style=\"text-align: left\" data-start=\"424\" data-end=\"579\" data-is-last-node=\"\" data-is-only-node=\"\"><span style=\"font-size: 24pt\">Els\u0151 alkalom:<\/span><\/p>\n<p style=\"text-align: left\" data-start=\"424\" data-end=\"579\" data-is-last-node=\"\" data-is-only-node=\"\"><span style=\"font-size: 24pt\"><a href=\"https:\/\/outlook.office.com\/book\/SETHICoaching@unisemmelweis.onmicrosoft.com\/?ismsaljsauthenabled\" target=\"_blank\" rel=\"noopener\">\u00c1prilis 30. 16:00-18:00<\/a><\/span><\/p>\n<\/div>\n<p data-start=\"424\" data-end=\"579\" data-is-last-node=\"\" data-is-only-node=\"\">\u00a0<\/p>\n<div class=\"fontos_div\">\n<p style=\"text-align: left\"><span style=\"font-size: 24pt\">M\u00e1sodik alkalom:<\/span><\/p>\n<p style=\"text-align: left\"><span style=\"font-size: 24pt\"><a href=\"https:\/\/outlook.office.com\/book\/SETHICoaching@unisemmelweis.onmicrosoft.com\/?ismsaljsauthenabled\" target=\"_blank\" rel=\"noopener\">M\u00e1jus 14. 16:00-18:00<\/a><\/span><\/p>\n<\/div>\n<p>&nbsp;<\/p>\n<div class=\"fontos_div\">\n<p style=\"text-align: left\"><span style=\"font-size: 24pt\">Harmadik alkalom:<\/span><\/p>\n<p style=\"text-align: left\"><span style=\"font-size: 24pt\"><a href=\"https:\/\/outlook.office.com\/book\/SETHICoaching@unisemmelweis.onmicrosoft.com\/?ismsaljsauthenabled\" target=\"_blank\" rel=\"noopener\">M\u00e1jus 21. 16:00-18:00<\/a><\/span><\/p>\n<\/div>\n<p>&nbsp;<\/p>\n<p><strong>Gyere el egy, vagy ak\u00e1r az \u00f6sszes foglalkoz\u00e1sra: minden egyes alkalom m\u00e1s \u00e9s m\u00e1s t\u00e9m\u00e1kat j\u00e1r k\u00f6rbe.<\/strong><\/p>\n<p>&nbsp;<\/p>\n<section class=\"text-token-text-primary w-full focus:outline-none [--shadow-height:45px] has-data-writing-block:pointer-events-none has-data-writing-block:-mt-(--shadow-height) has-data-writing-block:pt-(--shadow-height) [&amp;:has([data-writing-block])&gt;*]:pointer-events-auto scroll-mt-(--header-height)\" dir=\"auto\" data-turn-id=\"88a4c73b-7b98-42f2-a9b5-6a113ba21f67\" data-testid=\"conversation-turn-7\" data-scroll-anchor=\"false\" data-turn=\"user\"><\/section>\n<section class=\"text-token-text-primary w-full focus:outline-none [--shadow-height:45px] has-data-writing-block:pointer-events-none has-data-writing-block:-mt-(--shadow-height) has-data-writing-block:pt-(--shadow-height) [&amp;:has([data-writing-block])&gt;*]:pointer-events-auto scroll-mt-[calc(var(--header-height)+min(200px,max(70px,20svh)))]\" dir=\"auto\" data-turn-id=\"request-69df4229-e288-832e-b859-d8008c3ca12a-0\" data-testid=\"conversation-turn-8\" data-scroll-anchor=\"true\" data-turn=\"assistant\">\n<div class=\"text-base my-auto mx-auto pb-10 [--thread-content-margin:var(--thread-content-margin-xs,calc(var(--spacing)*4))] @w-sm\/main:[--thread-content-margin:var(--thread-content-margin-sm,calc(var(--spacing)*6))] @w-lg\/main:[--thread-content-margin:var(--thread-content-margin-lg,calc(var(--spacing)*16))] px-(--thread-content-margin)\">\n<div class=\"[--thread-content-max-width:40rem] @w-lg\/main:[--thread-content-max-width:48rem] mx-auto max-w-(--thread-content-max-width) flex-1 group\/turn-messages focus-visible:outline-hidden relative flex w-full min-w-0 flex-col agent-turn\">\n<div class=\"flex max-w-full flex-col gap-4 grow\">\n<div class=\"min-h-8 text-message relative flex w-full flex-col items-end gap-2 text-start break-words whitespace-normal outline-none keyboard-focused:focus-ring [.text-message+&amp;]:mt-1\" dir=\"auto\" data-message-author-role=\"assistant\" data-message-id=\"fdd9d382-bbc1-4b6a-b423-bbcab167d7e3\" data-message-model-slug=\"gpt-5-3\" data-turn-start-message=\"true\">\n<div class=\"flex w-full flex-col gap-1 empty:hidden\">\n<div class=\"markdown prose dark:prose-invert w-full wrap-break-word light markdown-new-styling\">\n<p data-start=\"0\" data-end=\"38\"><span style=\"font-size: 12pt\"><strong data-start=\"0\" data-end=\"38\">R\u00e9szv\u00e9teli \u00e9s lemond\u00e1si felt\u00e9telek<\/strong><\/span><\/p>\n<p data-start=\"40\" data-end=\"261\"><span style=\"font-size: 12pt\">A jelentkez\u00e9ssel a hallgat\u00f3 v\u00e1llalja, hogy az adott alkalmon r\u00e9szt vesz. A foglalkoz\u00e1s lemond\u00e1s\u00e1ra legk\u00e9s\u0151bb az esem\u00e9ny kezdete el\u0151tt 48 \u00f3r\u00e1val van lehet\u0151s\u00e9g. Ezt k\u00f6vet\u0151en a jelentkez\u00e9s nem m\u00f3dos\u00edthat\u00f3 \u00e9s nem mondhat\u00f3 le.<\/span><\/p>\n<p data-start=\"263\" data-end=\"551\"><span style=\"font-size: 12pt\">Amennyiben a hallgat\u00f3 nem mondja le id\u0151ben a r\u00e9szv\u00e9tel\u00e9t, vagy nem jelenik meg a lefoglalt alkalmon, az \u201enem megjelent\u201d (no-show) esetnek min\u0151s\u00fcl. K\u00e9t ilyen esetet k\u00f6vet\u0151en a harmadik jelentkez\u00e9st nem \u00e1ll m\u00f3dunkban elfogadni, \u00e9s a tov\u00e1bbiakban az adott szolg\u00e1ltat\u00e1sra nem tud jelentkezni.<\/span><\/p>\n<p data-start=\"553\" data-end=\"861\" data-is-last-node=\"\" data-is-only-node=\"\"><span style=\"font-size: 12pt\">Betelt id\u0151pont eset\u00e9n lehet\u0151s\u00e9g van v\u00e1r\u00f3list\u00e1ra ker\u00fclni. V\u00e1r\u00f3list\u00e1s jelentkez\u00e9si sz\u00e1nd\u00e9kod k\u00e9rj\u00fck jelezd k\u00f6zvetlen\u00fcl a coach fel\u00e9 az al\u00e1bbi e-mail c\u00edmen: <a href=\"mailto:varjunehorvathtimea@gmail.com\">varjunehorvathtimea@gmail.com<\/a> . Lemond\u00e1s eset\u00e9n a v\u00e1r\u00f3list\u00e1n szerepl\u0151 hallgat\u00f3k \u00e9rtes\u00edt\u00e9st kapnak a felszabadul\u00f3 helyr\u0151l, \u00e9s lehet\u0151s\u00e9get biztos\u00edtunk sz\u00e1mukra a r\u00e9szv\u00e9telre.<\/span><\/p>\n<\/div>\n<\/div>\n<\/div>\n<\/div>\n<\/div>\n<\/div>\n<\/section>\n\n<\/div><h2 class=\"tabtitle\">Coaching<\/h2>\n<div class=\"tabcontent\">\n\n<h1 style=\"text-align: center\"><strong><span style=\"font-size: 24pt\">Semmelweis Egyetem &#8211; Coaching<\/span><\/strong><\/h1>\n<p>A coaching egy szem\u00e9lyre szabott fejleszt\u00e9si folyamat, amely seg\u00edt az egy\u00e9neknek \u00e9s szervezeteknek a c\u00e9ljaik el\u00e9r\u00e9s\u00e9ben, k\u00e9szs\u00e9geik fejleszt\u00e9s\u00e9ben \u00e9s hat\u00e9konys\u00e1guk n\u00f6vel\u00e9s\u00e9ben. A coaching <em>nem tan\u00e1csad\u00e1s vagy ter\u00e1pia<\/em>, hanem egy <em>t\u00e1mogat\u00f3 \u00e9s struktur\u00e1lt besz\u00e9lget\u00e9ssorozat<\/em>, amely sor\u00e1n a coach seg\u00edt a kliensnek, ez esetben a hallgat\u00f3nak felismerni \u00e9s kiakn\u00e1zni saj\u00e1t er\u0151forr\u00e1sait.<\/p>\n<p><strong>A coaching el\u0151nyei:<\/strong><\/p>\n<ul>\n<li><strong>C\u00e9lkit\u0171z\u00e9s \u00e9s ir\u00e1ny meghat\u00e1roz\u00e1sa<\/strong>: Seg\u00edt a r\u00e9sztvev\u0151nek tiszt\u00e1zni, hogy mit szeretne el\u00e9rni \u00e9s milyen l\u00e9p\u00e9sek sz\u00fcks\u00e9gesek ehhez.<\/li>\n<li><strong>Szem\u00e9lyes \u00e9s szakmai fejl\u0151d\u00e9s<\/strong>: T\u00e1mogatja az \u00f6nismeret n\u00f6vel\u00e9s\u00e9t, a vezet\u0151i k\u00e9szs\u00e9gek fejleszt\u00e9s\u00e9t \u00e9s a hat\u00e9kony d\u00f6nt\u00e9shozatalt.<\/li>\n<li><strong>Probl\u00e9mamegold\u00e1s \u00e9s kreat\u00edv gondolkod\u00e1s<\/strong>: A coaching folyamat sor\u00e1n \u00faj perspekt\u00edv\u00e1k ny\u00edlnak meg, amelyek seg\u00edthetnek a kih\u00edv\u00e1sok lek\u00fczd\u00e9s\u00e9ben.<\/li>\n<li><strong>Motiv\u00e1ci\u00f3 \u00e9s \u00f6nbizalom n\u00f6vel\u00e9se<\/strong>: A coach t\u00e1mogat\u00f3 szerepe seg\u00edt meger\u0151s\u00edteni az \u00f6nbizalmat \u00e9s a kitart\u00e1st.<\/li>\n<li><strong>Kommunik\u00e1ci\u00f3s \u00e9s egy\u00fcttm\u0171k\u00f6d\u00e9si k\u00e9szs\u00e9gek fejleszt\u00e9se<\/strong>: Jobb kapcsolatokat eredm\u00e9nyezhet az egyetemi, munkahelyi \u00e9s szem\u00e9lyes \u00e9letben egyar\u00e1nt.<\/li>\n<\/ul>\n<p>\u00d6sszess\u00e9g\u00e9ben a coaching egy rendk\u00edv\u00fcl hat\u00e9kony eszk\u00f6z a szem\u00e9lyes \u00e9s szakmai fejl\u0151d\u00e9s el\u0151mozd\u00edt\u00e1s\u00e1ra, amely seg\u00edt a r\u00e9sztvev\u0151knek jobban meg\u00e9rteni \u00f6nmagukat, lek\u00fczdeni az akad\u00e1lyokat \u00e9s el\u00e9rni kit\u0171z\u00f6tt c\u00e9ljaikat.<\/p>\n<p>&nbsp;<\/p>\n<div class=\"fontos_div\">\n<p>Ismerd meg egyetem\u00fcnk jelenlegi, life \u00e9s business coachj\u00e1t, jelentkezz k\u00f6nnyed\u00e9n \u00e9s gyorsan:<\/p>\n<\/div>\n<p>&nbsp;<\/p>\n<p style=\"text-align: center\"><a class=\"button\" href=\"https:\/\/semmelweis.hu\/studentsupport\/files\/2025\/02\/Coach_2025.pdf\">Varjun\u00e9 Horv\u00e1th T\u00edmea &#8211; Life \u00e9s business coach<\/a><\/p>\n<div>\u00a0<\/div>\n\n<div class=\"wpcf7 no-js\" id=\"wpcf7-f640-o1\" lang=\"hu-HU\" dir=\"ltr\" data-wpcf7-id=\"640\">\n<div class=\"screen-reader-response\"><p role=\"status\" aria-live=\"polite\" aria-atomic=\"true\"><\/p> <ul><\/ul><\/div>\n<form action=\"\/studentsupport\/wp-json\/wp\/v2\/pages\/641#wpcf7-f640-o1\" method=\"post\" class=\"wpcf7-form init\" aria-label=\"Kapcsolatfelv\u00e9teli \u0171rlap\" novalidate=\"novalidate\" data-status=\"init\">\n<div style=\"display: none;\">\n<input type=\"hidden\" name=\"_wpcf7\" value=\"640\" \/>\n<input type=\"hidden\" name=\"_wpcf7_version\" value=\"6.0.5\" \/>\n<input type=\"hidden\" name=\"_wpcf7_locale\" value=\"hu_HU\" \/>\n<input type=\"hidden\" name=\"_wpcf7_unit_tag\" value=\"wpcf7-f640-o1\" \/>\n<input type=\"hidden\" name=\"_wpcf7_container_post\" value=\"0\" \/>\n<input type=\"hidden\" name=\"_wpcf7_posted_data_hash\" value=\"\" \/>\n<input type=\"hidden\" name=\"_wpcf7_recaptcha_response\" value=\"\" \/>\n<\/div>\n<p><label> *N\u00e9v<br \/>\n<span class=\"wpcf7-form-control-wrap\" data-name=\"your-name\"><input size=\"40\" maxlength=\"400\" class=\"wpcf7-form-control wpcf7-text wpcf7-validates-as-required\" aria-required=\"true\" aria-invalid=\"false\" value=\"\" type=\"text\" name=\"your-name\" \/><\/span> <\/label>\n<\/p>\n<p><label> *E-mail c\u00edm<br \/>\n<span class=\"wpcf7-form-control-wrap\" data-name=\"your-email\"><input size=\"40\" maxlength=\"400\" class=\"wpcf7-form-control wpcf7-email wpcf7-validates-as-required wpcf7-text wpcf7-validates-as-email\" aria-required=\"true\" aria-invalid=\"false\" value=\"\" type=\"email\" name=\"your-email\" \/><\/span> <\/label>\n<\/p>\n<p><label> *Telefonsz\u00e1m<br \/>\n<span class=\"wpcf7-form-control-wrap\" data-name=\"your-phone\"><input size=\"40\" maxlength=\"400\" class=\"wpcf7-form-control wpcf7-tel wpcf7-validates-as-required wpcf7-text wpcf7-validates-as-tel\" aria-required=\"true\" aria-invalid=\"false\" value=\"\" type=\"tel\" name=\"your-phone\" \/><\/span> <\/label>\n<\/p>\n<p><label> *Neptun-k\u00f3d<br \/>\n<span class=\"wpcf7-form-control-wrap\" data-name=\"your-code\"><input size=\"40\" maxlength=\"400\" class=\"wpcf7-form-control wpcf7-text wpcf7-validates-as-required\" aria-required=\"true\" aria-invalid=\"false\" value=\"\" type=\"text\" name=\"your-code\" \/><\/span> <\/label>\n<\/p>\n<p><label> *Kar<br \/>\n<span class=\"wpcf7-form-control-wrap\" data-name=\"your-faculty\"><input size=\"40\" maxlength=\"400\" class=\"wpcf7-form-control wpcf7-text wpcf7-validates-as-required\" aria-required=\"true\" aria-invalid=\"false\" value=\"\" type=\"text\" name=\"your-faculty\" \/><\/span> <\/label>\n<\/p>\n<p><label> \u00dczenet (nem k\u00f6telez\u0151)<br \/>\n<span class=\"wpcf7-form-control-wrap\" data-name=\"your-message\"><textarea cols=\"40\" rows=\"10\" maxlength=\"2000\" class=\"wpcf7-form-control wpcf7-textarea\" aria-invalid=\"false\" name=\"your-message\"><\/textarea><\/span> <\/label>\n<\/p>\n<p><input class=\"wpcf7-form-control wpcf7-submit has-spinner\" type=\"submit\" value=\"Bek\u00fcld\u00e9s\" \/>\n<\/p><div class=\"wpcf7-response-output\" aria-hidden=\"true\"><\/div>\n<\/form>\n<\/div>\n\n<p>&nbsp;<\/p>\n<p><span style=\"font-size: 10pt\"><em>Jelentkez\u00e9s\u00e9vel elfogadta a k\u00f6vetkez\u0151 nyilatkozatot:<\/em><\/span><\/p>\n<ul>\n<li><span style=\"font-size: 10pt\"><em>Hozz\u00e1j\u00e1rul ahhoz, hogy megadott adatait a tan\u00e1csad\u00e1s c\u00e9lj\u00e1b\u00f3l kezelj\u00fck, tov\u00e1bb\u00e1 elfogadja, hogy a tan\u00e1csad\u00e1s sor\u00e1n egyik f\u00e9l sem k\u00e9sz\u00edt k\u00e9p \u00e9s hangfelv\u00e9telt. Adatait a T\u00e1mogat\u00f3 Szolg\u00e1ltat\u00e1sok \u00e9s Hallgat\u00f3i Kapcsolatok Igazgat\u00f3s\u00e1ga \u00e9s a kijel\u00f6lt Coach bizalmasan kezelik, harmadik f\u00e9l sz\u00e1m\u00e1ra nem adj\u00e1k ki.<\/em><\/span><\/li>\n<li><span style=\"font-size: 10pt\"><em>A feleknek a tan\u00e1csad\u00e1s sor\u00e1n megismert szem\u00e9lyes adatokra vonatkoz\u00f3an t\u00e9rbeli \u00e9s id\u0151beli korl\u00e1toz\u00e1s n\u00e9lk\u00fcl titoktart\u00e1si k\u00f6telezetts\u00e9g\u00fck \u00e1ll fenn.<\/em><\/span><\/li>\n<li><span style=\"font-size: 10pt\"><em>A felek a tan\u00e1csad\u00e1s sor\u00e1n megismert inform\u00e1ci\u00f3kat nem t\u00f6ltik fel, nem osztj\u00e1k meg \u00e9s nem teszik el\u00e9rhet\u0151v\u00e9 olyan platformon, csoportban, vagy m\u00e1s form\u00e1ban, amelynek eredm\u00e9nyek\u00e9nt arra jogosulatlan felhaszn\u00e1l\u00f3k is el\u00e9rhetik.<\/em><\/span><\/li>\n<li><span style=\"font-size: 10pt\"><em>A felek a tan\u00e1csad\u00e1son val\u00f3 r\u00e9szv\u00e9tel \u00e9s az adatkezel\u00e9s szab\u00e1lyainak megszeg\u00e9s\u00e9\u00e9rt etikai \u00e9s jogi felel\u0151ss\u00e9ggel tartoznak.<\/em><\/span><\/li>\n<\/ul>\n<section class=\"text-token-text-primary w-full focus:outline-none [--shadow-height:45px] has-data-writing-block:pointer-events-none has-data-writing-block:-mt-(--shadow-height) has-data-writing-block:pt-(--shadow-height) [&amp;:has([data-writing-block])&gt;*]:pointer-events-auto scroll-mt-[calc(var(--header-height)+min(200px,max(70px,20svh)))]\" dir=\"auto\" data-turn-id=\"request-69df4229-e288-832e-b859-d8008c3ca12a-0\" data-testid=\"conversation-turn-8\" data-scroll-anchor=\"true\" data-turn=\"assistant\">\n<div class=\"text-base my-auto mx-auto pb-10 [--thread-content-margin:var(--thread-content-margin-xs,calc(var(--spacing)*4))] @w-sm\/main:[--thread-content-margin:var(--thread-content-margin-sm,calc(var(--spacing)*6))] @w-lg\/main:[--thread-content-margin:var(--thread-content-margin-lg,calc(var(--spacing)*16))] px-(--thread-content-margin)\">\n<div class=\"[--thread-content-max-width:40rem] @w-lg\/main:[--thread-content-max-width:48rem] mx-auto max-w-(--thread-content-max-width) flex-1 group\/turn-messages focus-visible:outline-hidden relative flex w-full min-w-0 flex-col agent-turn\">\n<div class=\"flex max-w-full flex-col gap-4 grow\">\n<div class=\"min-h-8 text-message relative flex w-full flex-col items-end gap-2 text-start break-words whitespace-normal outline-none keyboard-focused:focus-ring [.text-message+&amp;]:mt-1\" dir=\"auto\" data-message-author-role=\"assistant\" data-message-id=\"fdd9d382-bbc1-4b6a-b423-bbcab167d7e3\" data-message-model-slug=\"gpt-5-3\" data-turn-start-message=\"true\">\n<div class=\"flex w-full flex-col gap-1 empty:hidden\">\n<div class=\"markdown prose dark:prose-invert w-full wrap-break-word light markdown-new-styling\">\n<p data-start=\"553\" data-end=\"861\" data-is-last-node=\"\" data-is-only-node=\"\">\u00a0<\/p>\n<\/div>\n<\/div>\n<\/div>\n<\/div>\n<\/div>\n<\/div>\n<\/section>\n<\/div><\/div>\n","protected":false},"excerpt":{"rendered":"<p>Kiscsoportos coaching Semmelweis hallgat\u00f3knak Ez a maximum 5 f\u0151s, 2 \u00f3r\u00e1s kiscsoportos coaching alkalom lehet\u0151s\u00e9get biztos\u00edt arra, hogy a folyamatos teljes\u00edt\u00e9s mellett tudatosan meg\u00e1llj egy pillanatra, \u00e9s magadra figyelj. A biztons\u00e1gos, t\u00e1mogat\u00f3 k\u00f6zegben r\u00e1n\u00e9zhetsz jelenlegi helyzetedre, felismerheted bels\u0151 er\u0151forr\u00e1saidat \u00e9s elakad\u00e1saidat, valamint megfogalmazhatsz egy sz\u00e1modra re\u00e1lis k\u00f6vetkez\u0151 l\u00e9p\u00e9st a fejl\u0151d\u00e9sedben. Az alkalom nem el\u0151ad\u00e1s vagy &hellip;<\/p>\n","protected":false},"author":102383,"featured_media":0,"parent":0,"menu_order":0,"comment_status":"closed","ping_status":"closed","template":"","meta":{"_acf_changed":false,"footnotes":""},"categories":[],"tags":[],"class_list":["post-641","page","type-page","status-publish","hentry"],"acf":[],"_links":{"self":[{"href":"https:\/\/semmelweis.hu\/studentsupport\/wp-json\/wp\/v2\/pages\/641","targetHints":{"allow":["GET"]}}],"collection":[{"href":"https:\/\/semmelweis.hu\/studentsupport\/wp-json\/wp\/v2\/pages"}],"about":[{"href":"https:\/\/semmelweis.hu\/studentsupport\/wp-json\/wp\/v2\/types\/page"}],"author":[{"embeddable":true,"href":"https:\/\/semmelweis.hu\/studentsupport\/wp-json\/wp\/v2\/users\/102383"}],"replies":[{"embeddable":true,"href":"https:\/\/semmelweis.hu\/studentsupport\/wp-json\/wp\/v2\/comments?post=641"}],"version-history":[{"count":10,"href":"https:\/\/semmelweis.hu\/studentsupport\/wp-json\/wp\/v2\/pages\/641\/revisions"}],"predecessor-version":[{"id":880,"href":"https:\/\/semmelweis.hu\/studentsupport\/wp-json\/wp\/v2\/pages\/641\/revisions\/880"}],"wp:attachment":[{"href":"https:\/\/semmelweis.hu\/studentsupport\/wp-json\/wp\/v2\/media?parent=641"}],"wp:term":[{"taxonomy":"category","embeddable":true,"href":"https:\/\/semmelweis.hu\/studentsupport\/wp-json\/wp\/v2\/categories?post=641"},{"taxonomy":"post_tag","embeddable":true,"href":"https:\/\/semmelweis.hu\/studentsupport\/wp-json\/wp\/v2\/tags?post=641"}],"curies":[{"name":"wp","href":"https:\/\/api.w.org\/{rel}","templated":true}]}}