{"id":526,"date":"2024-06-25T13:11:14","date_gmt":"2024-06-25T11:11:14","guid":{"rendered":"https:\/\/semmelweis.hu\/studentservices\/?page_id=526"},"modified":"2024-08-22T13:44:48","modified_gmt":"2024-08-22T11:44:48","slug":"konyvtarak","status":"publish","type":"page","link":"https:\/\/semmelweis.hu\/studentsupport\/hasznos\/hallgatoi-terek\/konyvtarak\/","title":{"rendered":"K\u00f6nyvt\u00e1rak"},"content":{"rendered":"<p>Az egyetemist\u00e1k \u00e9let\u00e9t alapvet\u0151en meghat\u00e1rozz\u00e1k a k\u00f6nyvt\u00e1rak.<\/p>\n<p>Ugyan majd minden karunkon tal\u00e1lhat\u00f3 k\u00f6nyvt\u00e1r, szeretn\u00e9nk kiemelni n\u00e9h\u00e1nyat, inform\u00e1ci\u00f3kat adni nektek, mely megk\u00f6nny\u00edtheti a felk\u00e9sz\u00fcl\u00e9seteket egy-egy vizsgaid\u0151szakban.<\/p>\n<p>&nbsp;<\/p>\n<p><strong>K\u00f6zponti K\u00f6nyvt\u00e1r, \u201eMikszi\u201d:<\/strong><\/p>\n<p>A Bels\u0151 Klinikai T\u00f6mbt\u0151l csup\u00e1n n\u00e9h\u00e1ny perc s\u00e9t\u00e1ra tal\u00e1lhat\u00f3 az egyetem legnagyobb k\u00f6nyvt\u00e1ra, melyet csak \u201eMikszi\u201d n\u00e9ven emlegetnek a hallgat\u00f3k. A k\u00f6nyvt\u00e1r 3 emeleten ter\u00fcl el, sz\u00e1m\u00edt\u00f3g\u00e9pekkel, k\u00e1v\u00e9g\u00e9ppel, v\u00edzforral\u00f3val, mikrohull\u00e1m\u00fa s\u00fct\u0151vel, rengeteg f\u00e9r\u0151hellyel, melyekn\u00e9l \u00e1ramforr\u00e1s \u00e9s saj\u00e1t l\u00e1mpa is tal\u00e1lhat\u00f3.<\/p>\n<p>A k\u00f6nyvt\u00e1r \u00e9rdekess\u00e9ge &#8211; melyet a hallgat\u00f3k ki is haszn\u00e1lnak \u2013 a 0-24-es nyitvatart\u00e1s. Vizsgaid\u0151szakban jellemz\u0151en tel\u00edtett, \u00e9rdemes m\u00e1r reggel 6-7 \u00f3ra k\u00f6r\u00fcl meg\u00e9rkezni, ha napk\u00f6zben szeretn\u00e9nk tanulni. A szabad f\u00e9r\u0151helyekr\u0151l a <a href=\"https:\/\/lib.semmelweis.hu\/szabad_helyek\" target=\"_blank\" rel=\"noopener\">K\u00f6zponti K\u00f6nyvt\u00e1r<\/a> honlapj\u00e1n lehet t\u00e1j\u00e9koz\u00f3dni.<\/p>\n<p>A k\u00f6nyvt\u00e1r b\u00e1rki sz\u00e1m\u00e1ra el\u00e9rhet\u0151, azonban h\u00e9tk\u00f6znapokon este 20:00 ut\u00e1n, valamint h\u00e9tv\u00e9gente csak \u00e9s kiz\u00e1r\u00f3lag az egyetem hallgat\u00f3i, dolgoz\u00f3i vehetik ig\u00e9nybe a szolg\u00e1ltat\u00e1sokat.<\/p>\n<p>A beiratkoz\u00e1s Semmelweises polg\u00e1roknak ingyenes!<\/p>\n<p>Tov\u00e1bbi szolg\u00e1ltat\u00e1sok: k\u00f6lcs\u00f6nz\u00e9s, dokumentum-k\u00f6lcs\u00f6nz\u00e9s, k\u00f6nyvt\u00e1rk\u00f6zi k\u00f6lcs\u00f6nz\u00e9s, f\u00e9nym\u00e1sol\u00e1s, spir\u00e1lk\u00f6t\u00e9s, poszter nyomtat\u00e1s<\/p>\n<p style=\"text-align: center\"><img loading=\"lazy\" decoding=\"async\" class=\"alignnone  wp-image-556\" src=\"https:\/\/semmelweis.hu\/studentsupport\/files\/2024\/08\/RS196197_433A2302-scr-400x267.jpg\" alt=\"\" width=\"326\" height=\"217\" srcset=\"https:\/\/semmelweis.hu\/studentsupport\/files\/2024\/08\/RS196197_433A2302-scr-400x267.jpg 400w, https:\/\/semmelweis.hu\/studentsupport\/files\/2024\/08\/RS196197_433A2302-scr-1024x683.jpg 1024w, https:\/\/semmelweis.hu\/studentsupport\/files\/2024\/08\/RS196197_433A2302-scr-768x512.jpg 768w, https:\/\/semmelweis.hu\/studentsupport\/files\/2024\/08\/RS196197_433A2302-scr-753x502.jpg 753w, https:\/\/semmelweis.hu\/studentsupport\/files\/2024\/08\/RS196197_433A2302-scr-203x135.jpg 203w, https:\/\/semmelweis.hu\/studentsupport\/files\/2024\/08\/RS196197_433A2302-scr.jpg 1200w\" sizes=\"auto, (max-width: 326px) 100vw, 326px\" \/>\u00a0 \u00a0\u00a0<img loading=\"lazy\" decoding=\"async\" class=\" wp-image-555 alignnone\" src=\"https:\/\/semmelweis.hu\/studentsupport\/files\/2024\/08\/RS196184_433A2325-scr-400x267.jpg\" alt=\"\" width=\"325\" height=\"217\" srcset=\"https:\/\/semmelweis.hu\/studentsupport\/files\/2024\/08\/RS196184_433A2325-scr-400x267.jpg 400w, https:\/\/semmelweis.hu\/studentsupport\/files\/2024\/08\/RS196184_433A2325-scr-1024x683.jpg 1024w, https:\/\/semmelweis.hu\/studentsupport\/files\/2024\/08\/RS196184_433A2325-scr-768x512.jpg 768w, https:\/\/semmelweis.hu\/studentsupport\/files\/2024\/08\/RS196184_433A2325-scr-753x502.jpg 753w, https:\/\/semmelweis.hu\/studentsupport\/files\/2024\/08\/RS196184_433A2325-scr-203x135.jpg 203w, https:\/\/semmelweis.hu\/studentsupport\/files\/2024\/08\/RS196184_433A2325-scr.jpg 1200w\" sizes=\"auto, (max-width: 325px) 100vw, 325px\" \/><\/p>\n<p>&nbsp;<\/p>\n<p><strong>EOK K\u00f6nyvt\u00e1ra:<\/strong><\/p>\n<p>Az EOK K\u00f6nyvt\u00e1ra is hasonl\u00f3an kedvez\u0151 felt\u00e9telek mellett, kedvez az \u00e9jjeli baglyoknak, valamint az ink\u00e1bb hajnalban kel\u0151knek, hiszen, mint fent eml\u00edtett t\u00e1rsa, ez is 0-24-es nyitvatart\u00e1ssal \u00fczemel.<\/p>\n<p>Ez a k\u00f6nyvt\u00e1r is j\u00f3l felszerelt, azonban kevesebb a f\u00e9r\u0151hely, melyet az kompenz\u00e1l, hogy ide csak \u00e9s kiz\u00e1r\u00f3lag a Semmelweis hallgat\u00f3it \u00e9s dolgoz\u00f3it v\u00e1rj\u00e1k.<\/p>\n<p>Sz\u00e1m\u00edt\u00f3g\u00e9pekb\u0151l j\u00f3val kevesebb tal\u00e1lhat\u00f3, viszont megtekinthettek anat\u00f3miai modelleket is, melyek nagyban seg\u00edthetik tanul\u00e1sotokat.<\/p>\n<p>Tov\u00e1bbi inform\u00e1ci\u00f3k mindk\u00e9t k\u00f6nyvt\u00e1rr\u00f3l\/k\u00f6nyvt\u00e1ri k\u00e1rtya: <a href=\"https:\/\/lib.semmelweis.hu\/?_gl=1*qifky3*_ga*NjU0NzIwNjE1LjE3MTY3OTYzNDU.*_ga_CET3QKH1KQ*MTcxODAwNjgxNi4yOS4xLjE3MTgwMTA4OTIuMjMuMC4xMjA3MzczMzI5\" target=\"_blank\" rel=\"noopener\">Semmelweis K\u00f6nyvt\u00e1rak<\/a><\/p>\n<p>K\u00f6nyvt\u00e1rak aktu\u00e1lis foglalts\u00e1ga: <a href=\"https:\/\/lib.semmelweis.hu\/szabad_helyek\" target=\"_blank\" rel=\"noopener\">Szabad helyek<\/a><\/p>\n<p>&nbsp;<\/p>\n<p><strong>\u201eF\u0151v\u00e1rosi Szab\u00f3 Ervin K\u00f6nyvt\u00e1r\u201d:<\/strong><\/p>\n<ul>\n<li>1066 Bp., Ter\u00e9z k\u00f6r\u00fat 2-4.<\/li>\n<li>1074 Bp., Rottenbiller u. 10.<\/li>\n<li>1089 Bp., K\u00e1lv\u00e1ria t\u00e9r 12.<\/li>\n<li><em>1088 Bp., Szab\u00f3 Ervin t\u00e9r 1.<\/em><\/li>\n<li>1093 Bp., Bor\u00e1ros t\u00e9r 2.<\/li>\n<\/ul>\n<p>(A felsoroltak nem fedik le az \u00f6sszes Budapesten tal\u00e1lhat\u00f3 Szab\u00f3 Ervin k\u00f6nyvt\u00e1rat, azonban ezek vannak legk\u00f6zelebb az egyetem \u00e9p\u00fcleteihez.)<\/p>\n<p>&nbsp;<\/p>\n<p>A Szab\u00f3 Ervin k\u00f6nyvt\u00e1rak ugyan nem Semmelweis-es \u00e9rdekelts\u00e9g\u0171ek, azonban rengeteg helyen megtal\u00e1lhat\u00f3ak Budapesten bel\u00fcl, valamint hallgat\u00f3k 50%-os kedvezm\u00e9nnyel iratkozhatnak be. A k\u00f6nyvt\u00e1rak felszerelts\u00e9ge kiv\u00e1l\u00f3, az enteri\u0151r igen \u00edzl\u00e9ses.<\/p>\n<p>Amennyiben csak egy csendes, ig\u00e9nyes helyet keresel tanul\u00e1sra, olvas\u00e1sra, azonban mag\u00e1t a k\u00f6lcs\u00f6nz\u00e9si szolg\u00e1ltat\u00e1st nem szeretn\u00e9d haszn\u00e1lni, ingyenesen veheted ig\u00e9nybe ezeket a k\u00f6nyvt\u00e1rakat.<\/p>\n<p>V\u00e1lthattok napijegyet, f\u00e9l vagy egy \u00e9vre b\u00e9rletet. Az \u00e1rak k\u00f6nyvt\u00e1rank\u00e9nt is v\u00e1ltozhatnak, a legmagasabb \u00e1ra a k\u00f6zponti k\u00f6nyvt\u00e1rnak van. R\u00e9szleteket <a href=\"https:\/\/fszek.hu\/use\/registration\" target=\"_blank\" rel=\"noopener\"><strong>IDE<\/strong><\/a> kattintva tal\u00e1ltok.<\/p>\n<p>&nbsp;<\/p>\n<p><span style=\"font-size: 18pt\">M\u00e9g a k\u00f6zelben:<\/span><\/p>\n<p><strong>Budapesti Vasas K\u00f6zponti K\u00f6nyvt\u00e1r:<\/strong><\/p>\n<p>1086 Bp., Magdolna u. 5-7.<\/p>\n<p>&nbsp;<\/p>\n<p>A Vasas K\u00f6nyvt\u00e1r b\u00e1r nem olyan h\u00edres \u00e9s kir\u00edv\u00f3, mint fentebb eml\u00edtett t\u00e1rsai, azonban gy\u0171jtem\u00e9nysz\u00e1ma nem marad alul a \u201eversenyben\u201d.<\/p>\n<p>Csal\u00e1dias jellege, \u00e9s kev\u00e9sb\u00e9 rekl\u00e1mozott mivolta miatt csendes, t\u00f6k\u00e9letes k\u00f6rnyezetet biztos\u00edt tanul\u00e1shoz, olvas\u00e1shoz.<\/p>\n<p>Az \u00e9ves tagd\u00edj mind\u00f6ssze 2100 forint, mely ugyan \u00fagy biztos\u00edtja a sz\u00e1m\u00edt\u00f3g\u00e9pek haszn\u00e1lat\u00e1t, k\u00f6lcs\u00f6nz\u00e9st, wifi haszn\u00e1latot. K\u00fcl\u00f6n d\u00edj ellen\u00e9ben ig\u00e9nybe vehet\u0151 a f\u00e9nym\u00e1sol\u00f3, nyomtat\u00f3 is.<\/p>\n<p>Ha csak olvasni \u00e9s tanulni v\u00e1gyunk, a k\u00f6nyvt\u00e1r haszn\u00e1lata ingyenes.<\/p>\n<p>Weboldal: <a href=\"http:\/\/vasaskonyvtar.hu\/Nyitooldal.html\" target=\"_blank\" rel=\"noopener\">Vasas K\u00f6zponti K\u00f6nyvt\u00e1r<\/a><a href=\"#_ftnref1\" name=\"_ftn1\"><\/a><\/p>\n","protected":false},"excerpt":{"rendered":"<p>Az egyetemist\u00e1k \u00e9let\u00e9t alapvet\u0151en meghat\u00e1rozz\u00e1k a k\u00f6nyvt\u00e1rak. Ugyan majd minden karunkon tal\u00e1lhat\u00f3 k\u00f6nyvt\u00e1r, szeretn\u00e9nk kiemelni n\u00e9h\u00e1nyat, inform\u00e1ci\u00f3kat adni nektek, mely megk\u00f6nny\u00edtheti a felk\u00e9sz\u00fcl\u00e9seteket egy-egy vizsgaid\u0151szakban. &nbsp; K\u00f6zponti K\u00f6nyvt\u00e1r, \u201eMikszi\u201d: A Bels\u0151 Klinikai T\u00f6mbt\u0151l csup\u00e1n n\u00e9h\u00e1ny perc s\u00e9t\u00e1ra tal\u00e1lhat\u00f3 az egyetem legnagyobb k\u00f6nyvt\u00e1ra, melyet csak \u201eMikszi\u201d n\u00e9ven emlegetnek a hallgat\u00f3k. A k\u00f6nyvt\u00e1r 3 emeleten ter\u00fcl el, &hellip;<\/p>\n","protected":false},"author":102383,"featured_media":0,"parent":524,"menu_order":0,"comment_status":"closed","ping_status":"closed","template":"","meta":{"_acf_changed":false,"footnotes":""},"categories":[],"tags":[],"class_list":["post-526","page","type-page","status-publish","hentry"],"acf":[],"_links":{"self":[{"href":"https:\/\/semmelweis.hu\/studentsupport\/wp-json\/wp\/v2\/pages\/526","targetHints":{"allow":["GET"]}}],"collection":[{"href":"https:\/\/semmelweis.hu\/studentsupport\/wp-json\/wp\/v2\/pages"}],"about":[{"href":"https:\/\/semmelweis.hu\/studentsupport\/wp-json\/wp\/v2\/types\/page"}],"author":[{"embeddable":true,"href":"https:\/\/semmelweis.hu\/studentsupport\/wp-json\/wp\/v2\/users\/102383"}],"replies":[{"embeddable":true,"href":"https:\/\/semmelweis.hu\/studentsupport\/wp-json\/wp\/v2\/comments?post=526"}],"version-history":[{"count":5,"href":"https:\/\/semmelweis.hu\/studentsupport\/wp-json\/wp\/v2\/pages\/526\/revisions"}],"predecessor-version":[{"id":557,"href":"https:\/\/semmelweis.hu\/studentsupport\/wp-json\/wp\/v2\/pages\/526\/revisions\/557"}],"up":[{"embeddable":true,"href":"https:\/\/semmelweis.hu\/studentsupport\/wp-json\/wp\/v2\/pages\/524"}],"wp:attachment":[{"href":"https:\/\/semmelweis.hu\/studentsupport\/wp-json\/wp\/v2\/media?parent=526"}],"wp:term":[{"taxonomy":"category","embeddable":true,"href":"https:\/\/semmelweis.hu\/studentsupport\/wp-json\/wp\/v2\/categories?post=526"},{"taxonomy":"post_tag","embeddable":true,"href":"https:\/\/semmelweis.hu\/studentsupport\/wp-json\/wp\/v2\/tags?post=526"}],"curies":[{"name":"wp","href":"https:\/\/api.w.org\/{rel}","templated":true}]}}