{"id":505,"date":"2024-06-03T10:26:05","date_gmt":"2024-06-03T08:26:05","guid":{"rendered":"https:\/\/semmelweis.hu\/studentservices\/?page_id=505"},"modified":"2025-12-03T10:37:01","modified_gmt":"2025-12-03T09:37:01","slug":"campus-tour-2024","status":"publish","type":"page","link":"https:\/\/semmelweis.hu\/studentsupport\/sikereink\/campus-tour-2024\/","title":{"rendered":"Campus Tour 2024"},"content":{"rendered":"<div class=\"fontos_div\">\n<p><span data-contrast=\"auto\">A <strong>T\u00e1mogat\u00f3 Szolg\u00e1ltat\u00e1sok \u00e9s Hallgat\u00f3i Kapcsolatok Igazgat\u00f3s\u00e1ga a Hallgat\u00f3i \u00d6nkorm\u00e1nyzattal k\u00f6z\u00f6sen<\/strong> (H\u00d6K) szervezte meg a Campus Tour elnevez\u00e9s\u0171 programot, amely lehet\u0151s\u00e9get ny\u00fajtott a leend\u0151 felv\u00e9teliz\u0151knek, hogy szem\u00e9lyesen is megismerj\u00e9k az egyetem mindennapi \u00e9let\u00e9t. A rendezv\u00e9nyen mintegy 600 \u00e9rdekl\u0151d\u0151 vett r\u00e9szt, akik betekint\u00e9st nyerhettek az oktat\u00e1si helysz\u00ednekbe, el\u0151ad\u00f3kba, laborokba \u00e9s a legkorszer\u0171bb anat\u00f3miai-seb\u00e9szeti m\u0171t\u0151be. A r\u00e9sztvev\u0151k k\u00e9rd\u00e9seket tehettek fel a felv\u00e9telir\u0151l \u00e9s a diploma ut\u00e1ni elhelyezked\u00e9si lehet\u0151s\u00e9gekr\u0151l.<\/span><span data-ccp-props=\"{&quot;201341983&quot;:0,&quot;335559739&quot;:160,&quot;335559740&quot;:278}\">\u00a0<\/span><\/p>\n<\/div>\n<p><span data-contrast=\"auto\">Az esem\u00e9nyen <strong>mind a hat kar k\u00e9pviseltette mag\u00e1t<\/strong>, \u00f6nk\u00e9ntes hallgat\u00f3k vezett\u00e9k k\u00f6rbe a l\u00e1togat\u00f3kat.\u00a0<\/span><span data-ccp-props=\"{&quot;201341983&quot;:0,&quot;335559739&quot;:160,&quot;335559740&quot;:278}\">\u00a0<\/span><\/p>\n<p><img loading=\"lazy\" decoding=\"async\" class=\"wp-image-506 alignright\" src=\"https:\/\/semmelweis.hu\/studentsupport\/files\/2024\/06\/campus-tour-400x267.jpg\" alt=\"\" width=\"364\" height=\"243\" srcset=\"https:\/\/semmelweis.hu\/studentsupport\/files\/2024\/06\/campus-tour-400x267.jpg 400w, https:\/\/semmelweis.hu\/studentsupport\/files\/2024\/06\/campus-tour-1024x683.jpg 1024w, https:\/\/semmelweis.hu\/studentsupport\/files\/2024\/06\/campus-tour-768x512.jpg 768w, https:\/\/semmelweis.hu\/studentsupport\/files\/2024\/06\/campus-tour-753x502.jpg 753w, https:\/\/semmelweis.hu\/studentsupport\/files\/2024\/06\/campus-tour-203x135.jpg 203w, https:\/\/semmelweis.hu\/studentsupport\/files\/2024\/06\/campus-tour.jpg 1200w\" sizes=\"auto, (max-width: 364px) 100vw, 364px\" \/><\/p>\n<p><span data-contrast=\"auto\">A Fogorvostudom\u00e1nyi Kar Oktat\u00e1si Centrum\u00e1ban az \u00e9rdekl\u0151d\u0151k <em>kipr\u00f3b\u00e1lhatt\u00e1k<\/em> az odontotechnol\u00f3giai eszk\u00f6z\u00f6ket, <em>megismerhett\u00e9k<\/em> a gyakorlati k\u00e9pz\u00e9s eszk\u00f6zeit. Az \u00c1ltal\u00e1nos Orvostudom\u00e1nyi Kar programj\u00e1n dr. Ruttkay Tam\u00e1s vezet\u00e9s\u00e9vel <em>modern k\u00e9palkot\u00f3 technik\u00e1kat<\/em>, \u00e9s egy plasztin\u00e1lt agyat is bemutattak.<\/span><\/p>\n<p><span data-contrast=\"auto\">A program c\u00e9lja az volt, hogy a leend\u0151 hallgat\u00f3k els\u0151 k\u00e9zb\u0151l szerezzenek inform\u00e1ci\u00f3kat a k\u00e9pz\u00e9sekr\u0151l \u00e9s az egyetemi \u00e9letr\u0151l. Keskeny Gy\u00f6rgy, a H\u00d6K oktat\u00e1si \u00fcgyek\u00e9rt felel\u0151s aleln\u00f6ke kiemelte, hogy a rendezv\u00e9ny lehet\u0151s\u00e9get adott a jelentkez\u0151knek arra, hogy <strong>k\u00f6zvetlen\u00fcl besz\u00e9lgessenek jelenlegi hallgat\u00f3kkal \u00e9s megismerj\u00e9k tapasztalataikat<\/strong>. Az Eg\u00e9szs\u00e9gtudom\u00e1nyi Karon f\u00f3rumot tartottak, ahol a l\u00e1togat\u00f3k k\u00e9rd\u00e9seket tehettek fel, a Gy\u00f3gyszer\u00e9sztudom\u00e1nyi Karon interakt\u00edv el\u0151ad\u00e1sokat hallgathattak, m\u00edg a Pet\u0151 Andr\u00e1s Karon a kondukt\u00edv nevel\u00e9s mindennapi eszk\u00f6zeit ismerhett\u00e9k meg.<\/span><span data-ccp-props=\"{&quot;201341983&quot;:0,&quot;335559739&quot;:160,&quot;335559740&quot;:278}\">\u00a0<\/span><\/p>\n<p><span data-ccp-props=\"{&quot;201341983&quot;:0,&quot;335559739&quot;:160,&quot;335559740&quot;:278}\">\u00a0<\/span><\/p>\n<div class=\"fontos_div\">\n<p><span data-contrast=\"auto\">Az \u00e9rdekl\u0151d\u0151k pozit\u00edv visszajelz\u00e9seket adtak, \u00e9s sokan meger\u0151s\u00edt\u00e9st kaptak d\u00f6nt\u00e9s\u00fckben, hogy a Semmelweis Egyetemre jelentkezzenek. A program v\u00e9g\u00e9n sz\u00e1mos leend\u0151 hallgat\u00f3 osztotta meg motiv\u00e1ci\u00f3it \u00e9s elv\u00e1r\u00e1sait az orvosi p\u00e1ly\u00e1val kapcsolatban, meger\u0151s\u00edtve az egyetem ir\u00e1nti elk\u00f6telezetts\u00e9g\u00fcket.<\/span><span data-ccp-props=\"{&quot;201341983&quot;:0,&quot;335559739&quot;:160,&quot;335559740&quot;:278}\">\u00a0<\/span><\/p>\n<\/div>\n","protected":false},"excerpt":{"rendered":"<p>A T\u00e1mogat\u00f3 Szolg\u00e1ltat\u00e1sok \u00e9s Hallgat\u00f3i Kapcsolatok Igazgat\u00f3s\u00e1ga a Hallgat\u00f3i \u00d6nkorm\u00e1nyzattal k\u00f6z\u00f6sen (H\u00d6K) szervezte meg a Campus Tour elnevez\u00e9s\u0171 programot, amely lehet\u0151s\u00e9get ny\u00fajtott a leend\u0151 felv\u00e9teliz\u0151knek, hogy szem\u00e9lyesen is megismerj\u00e9k az egyetem mindennapi \u00e9let\u00e9t. A rendezv\u00e9nyen mintegy 600 \u00e9rdekl\u0151d\u0151 vett r\u00e9szt, akik betekint\u00e9st nyerhettek az oktat\u00e1si helysz\u00ednekbe, el\u0151ad\u00f3kba, laborokba \u00e9s a legkorszer\u0171bb anat\u00f3miai-seb\u00e9szeti m\u0171t\u0151be. A r\u00e9sztvev\u0151k &hellip;<\/p>\n","protected":false},"author":102383,"featured_media":506,"parent":511,"menu_order":5,"comment_status":"closed","ping_status":"closed","template":"","meta":{"_acf_changed":false,"footnotes":""},"categories":[],"tags":[40],"class_list":["post-505","page","type-page","status-publish","has-post-thumbnail","hentry","tag-siker"],"acf":[],"_links":{"self":[{"href":"https:\/\/semmelweis.hu\/studentsupport\/wp-json\/wp\/v2\/pages\/505","targetHints":{"allow":["GET"]}}],"collection":[{"href":"https:\/\/semmelweis.hu\/studentsupport\/wp-json\/wp\/v2\/pages"}],"about":[{"href":"https:\/\/semmelweis.hu\/studentsupport\/wp-json\/wp\/v2\/types\/page"}],"author":[{"embeddable":true,"href":"https:\/\/semmelweis.hu\/studentsupport\/wp-json\/wp\/v2\/users\/102383"}],"replies":[{"embeddable":true,"href":"https:\/\/semmelweis.hu\/studentsupport\/wp-json\/wp\/v2\/comments?post=505"}],"version-history":[{"count":3,"href":"https:\/\/semmelweis.hu\/studentsupport\/wp-json\/wp\/v2\/pages\/505\/revisions"}],"predecessor-version":[{"id":899,"href":"https:\/\/semmelweis.hu\/studentsupport\/wp-json\/wp\/v2\/pages\/505\/revisions\/899"}],"up":[{"embeddable":true,"href":"https:\/\/semmelweis.hu\/studentsupport\/wp-json\/wp\/v2\/pages\/511"}],"wp:featuredmedia":[{"embeddable":true,"href":"https:\/\/semmelweis.hu\/studentsupport\/wp-json\/wp\/v2\/media\/506"}],"wp:attachment":[{"href":"https:\/\/semmelweis.hu\/studentsupport\/wp-json\/wp\/v2\/media?parent=505"}],"wp:term":[{"taxonomy":"category","embeddable":true,"href":"https:\/\/semmelweis.hu\/studentsupport\/wp-json\/wp\/v2\/categories?post=505"},{"taxonomy":"post_tag","embeddable":true,"href":"https:\/\/semmelweis.hu\/studentsupport\/wp-json\/wp\/v2\/tags?post=505"}],"curies":[{"name":"wp","href":"https:\/\/api.w.org\/{rel}","templated":true}]}}