{"id":502,"date":"2024-06-03T09:51:59","date_gmt":"2024-06-03T07:51:59","guid":{"rendered":"https:\/\/semmelweis.hu\/studentservices\/?page_id=502"},"modified":"2025-12-03T10:36:01","modified_gmt":"2025-12-03T09:36:01","slug":"komplex-digitalis-hallgatoi-kervenykezelesi-strategia","status":"publish","type":"page","link":"https:\/\/semmelweis.hu\/studentsupport\/sikereink\/komplex-digitalis-hallgatoi-kervenykezelesi-strategia\/","title":{"rendered":"Komplex digit\u00e1lis hallgat\u00f3i k\u00e9rv\u00e9nykezel\u00e9si strat\u00e9gia"},"content":{"rendered":"<p><span data-contrast=\"auto\">A 21. sz\u00e1zadban tal\u00e1n eml\u00edteni sem sz\u00fcks\u00e9ges, mennyire <strong>elengedhetetlen a digitaliz\u00e1ci\u00f3<\/strong>, hiszen nap mint nap, a feladataink legnagyobb r\u00e9sz\u00e9t online t\u00e9rben v\u00e9gezz\u00fck.<\/span><span data-ccp-props=\"{&quot;201341983&quot;:0,&quot;335559739&quot;:160,&quot;335559740&quot;:278}\">\u00a0<\/span><\/p>\n<p><span data-contrast=\"auto\">A pap\u00edrmunka manaps\u00e1g m\u00e1r igen elavultnak sz\u00e1m\u00edt, igyekeznek a c\u00e9gek, szervezetek \u00e1tvezetni mindennem\u0171 \u00fcgyint\u00e9z\u00e9st az online t\u00e9rbe: egyr\u00e9szt sokkal <strong>k\u00f6lts\u00e9ghat\u00e9konyabb\u00e1 v\u00e1lik a folyamat<\/strong>, m\u00e1sr\u00e9szt nem lehet mellette elmenni, mennyivel <strong>k\u00f6rnyezetbar\u00e1tabb, komplex megold\u00e1snak sz\u00e1m\u00edt<\/strong>.<\/span><span data-ccp-props=\"{&quot;201341983&quot;:0,&quot;335559739&quot;:160,&quot;335559740&quot;:278}\">\u00a0<\/span><\/p>\n<div class=\"fontos_div\">\n<p><span data-contrast=\"auto\">A T\u00e1mogat\u00f3 Szolg\u00e1ltat\u00e1sok \u00e9s Hallgat\u00f3i Kapcsolatok Igazgat\u00f3s\u00e1g\u00e1nak v\u00edzi\u00f3ja ment\u00e9n, sz\u00e1mos szervezeti egys\u00e9g bevon\u00e1s\u00e1val dolgozta ki a hallgat\u00f3i k\u00e9rv\u00e9nyek digitaliz\u00e1ci\u00f3j\u00e1nak strat\u00e9gi\u00e1j\u00e1t.<\/span><span data-ccp-props=\"{&quot;201341983&quot;:0,&quot;335559739&quot;:160,&quot;335559740&quot;:278}\">\u00a0<\/span><\/p>\n<\/div>\n<p><span data-contrast=\"auto\">Valljuk, hogy a digitaliz\u00e1ci\u00f3 elengedhetetlen kulcsmozzanata a <em>versenyk\u00e9pess\u00e9g<\/em> megtart\u00e1s\u00e1nak, a munkafolyamatok folyamatos monitoroz\u00e1s\u00e1nak. <\/span><\/p>\n<p><strong>A projekt c\u00e9lja, hogy egy \u00e9ven bel\u00fcl minden hallgat\u00f3i k\u00e9rv\u00e9ny online, egyszer\u0171 mechanizmussal leadhat\u00f3 \u00e9s elb\u00edr\u00e1lhat\u00f3 legyen, ezzel is id\u0151t \u00e9s energi\u00e1t sp\u00f3rolva a hallgat\u00f3k \u00e9s egyetemi dolgoz\u00f3k r\u00e9sz\u00e9re.\u00a0<\/strong><\/p>\n<p><span data-contrast=\"auto\">Komplex mivolt\u00e1nak k\u00f6sz\u00f6nhet\u0151en sz\u00e1mos ter\u00fclet munk\u00e1j\u00e1t k\u00f6nny\u00edten\u00e9 meg a bevezet\u00e9sre ker\u00fcl\u0151 digitaliz\u00e1ci\u00f3.<\/span><span data-ccp-props=\"{&quot;201341983&quot;:0,&quot;335559739&quot;:160,&quot;335559740&quot;:278}\">\u00a0<\/span><\/p>\n","protected":false},"excerpt":{"rendered":"<p>A 21. sz\u00e1zadban tal\u00e1n eml\u00edteni sem sz\u00fcks\u00e9ges, mennyire elengedhetetlen a digitaliz\u00e1ci\u00f3, hiszen nap mint nap, a feladataink legnagyobb r\u00e9sz\u00e9t online t\u00e9rben v\u00e9gezz\u00fck.\u00a0 A pap\u00edrmunka manaps\u00e1g m\u00e1r igen elavultnak sz\u00e1m\u00edt, igyekeznek a c\u00e9gek, szervezetek \u00e1tvezetni mindennem\u0171 \u00fcgyint\u00e9z\u00e9st az online t\u00e9rbe: egyr\u00e9szt sokkal k\u00f6lts\u00e9ghat\u00e9konyabb\u00e1 v\u00e1lik a folyamat, m\u00e1sr\u00e9szt nem lehet mellette elmenni, mennyivel k\u00f6rnyezetbar\u00e1tabb, komplex megold\u00e1snak sz\u00e1m\u00edt.\u00a0 &hellip;<\/p>\n","protected":false},"author":102383,"featured_media":518,"parent":511,"menu_order":4,"comment_status":"closed","ping_status":"closed","template":"","meta":{"_acf_changed":false,"footnotes":""},"categories":[],"tags":[40],"class_list":["post-502","page","type-page","status-publish","has-post-thumbnail","hentry","tag-siker"],"acf":[],"_links":{"self":[{"href":"https:\/\/semmelweis.hu\/studentsupport\/wp-json\/wp\/v2\/pages\/502","targetHints":{"allow":["GET"]}}],"collection":[{"href":"https:\/\/semmelweis.hu\/studentsupport\/wp-json\/wp\/v2\/pages"}],"about":[{"href":"https:\/\/semmelweis.hu\/studentsupport\/wp-json\/wp\/v2\/types\/page"}],"author":[{"embeddable":true,"href":"https:\/\/semmelweis.hu\/studentsupport\/wp-json\/wp\/v2\/users\/102383"}],"replies":[{"embeddable":true,"href":"https:\/\/semmelweis.hu\/studentsupport\/wp-json\/wp\/v2\/comments?post=502"}],"version-history":[{"count":2,"href":"https:\/\/semmelweis.hu\/studentsupport\/wp-json\/wp\/v2\/pages\/502\/revisions"}],"predecessor-version":[{"id":898,"href":"https:\/\/semmelweis.hu\/studentsupport\/wp-json\/wp\/v2\/pages\/502\/revisions\/898"}],"up":[{"embeddable":true,"href":"https:\/\/semmelweis.hu\/studentsupport\/wp-json\/wp\/v2\/pages\/511"}],"wp:featuredmedia":[{"embeddable":true,"href":"https:\/\/semmelweis.hu\/studentsupport\/wp-json\/wp\/v2\/media\/518"}],"wp:attachment":[{"href":"https:\/\/semmelweis.hu\/studentsupport\/wp-json\/wp\/v2\/media?parent=502"}],"wp:term":[{"taxonomy":"category","embeddable":true,"href":"https:\/\/semmelweis.hu\/studentsupport\/wp-json\/wp\/v2\/categories?post=502"},{"taxonomy":"post_tag","embeddable":true,"href":"https:\/\/semmelweis.hu\/studentsupport\/wp-json\/wp\/v2\/tags?post=502"}],"curies":[{"name":"wp","href":"https:\/\/api.w.org\/{rel}","templated":true}]}}