{"id":5,"date":"2023-06-14T13:18:24","date_gmt":"2023-06-14T11:18:24","guid":{"rendered":"https:\/\/semmelweis.hu\/studentservices\/?page_id=5"},"modified":"2025-12-11T15:04:55","modified_gmt":"2025-12-11T14:04:55","slug":"rolunk","status":"publish","type":"page","link":"https:\/\/semmelweis.hu\/studentsupport\/rolunk\/","title":{"rendered":"R\u00f3lunk"},"content":{"rendered":"<p><span data-contrast=\"none\">A T\u00e1mogat\u00f3 Szolg\u00e1ltat\u00e1sok \u00e9s Hallgat\u00f3i Kapcsolatok Igazgat\u00f3s\u00e1ga\u00a0egy k\u00f6zponti szervezeti egys\u00e9g, melynek els\u0151dleges c\u00e9lja \u00e9s feladata a hallgat\u00f3i \u00e9lm\u00e9ny fokoz\u00e1sa, az Egyetem hallgat\u00f3i meg\u00edt\u00e9l\u00e9s\u00e9nek \u00e9s vonzerej\u00e9nek er\u0151s\u00edt\u00e9se, a hallgat\u00f3i szervezetek \u00e9s \u00f6ntev\u00e9keny csoportok t\u00e1mogat\u00e1sa, tov\u00e1bb\u00e1 a hazai \u00e9s nemzetk\u00f6zi hallgat\u00f3k integr\u00e1ci\u00f3j\u00e1nak seg\u00edt\u00e9se az egyetemi k\u00f6z\u00f6ss\u00e9gbe.<\/span><span data-ccp-props=\"{&quot;134233118&quot;:false,&quot;201341983&quot;:0,&quot;335559739&quot;:160,&quot;335559740&quot;:259}\">\u00a0<\/span><\/p>\n<p><span data-contrast=\"none\">\u00a0<\/span><span data-ccp-props=\"{&quot;134233118&quot;:false,&quot;201341983&quot;:0,&quot;335559739&quot;:160,&quot;335559740&quot;:259}\">\u00a0<\/span><span data-contrast=\"none\">A T\u00e1mogat\u00f3 Szolg\u00e1ltat\u00e1sok \u00e9s Hallgat\u00f3i Kapcsolatok Igazgat\u00f3s\u00e1g\u00e1nak jogai \u00e9s feladatai b\u0151vebben:<\/span><span data-ccp-props=\"{&quot;134233118&quot;:false,&quot;201341983&quot;:0,&quot;335559739&quot;:160,&quot;335559740&quot;:259}\">\u00a0<\/span><span data-contrast=\"none\">\u00a0<\/span><span data-ccp-props=\"{&quot;134233118&quot;:false,&quot;201341983&quot;:0,&quot;335559739&quot;:160,&quot;335559740&quot;:259}\">\u00a0<\/span><\/p>\n<ol>\n<li><span data-contrast=\"auto\">hallgat\u00f3i kommunik\u00e1ci\u00f3 t\u00e1mogat\u00e1sa \u00e9s szervez\u00e9se<\/span><\/li>\n<li><span data-contrast=\"auto\">magyar \u00e9s nemzetk\u00f6zi hallgat\u00f3k integr\u00e1ci\u00f3j\u00e1nak t\u00e1mogat\u00e1sa \u00e9s szervez\u00e9se<\/span><\/li>\n<li><span data-contrast=\"auto\">az egyetemkezd\u00e9s hallgat\u00f3i mentor\u00e1l\u00e1s\u00e1nak szervez\u00e9se<\/span><\/li>\n<li><span data-contrast=\"auto\">a hallgat\u00f3i \u00e9let\u00fat t\u00e1mogat\u00e1sa \u00e9s szervez\u00e9se<\/span><\/li>\n<li><span data-contrast=\"auto\">a <span style=\"color: #0000ff\"><a href=\"https:\/\/semmelweis.hu\/hok\/\">Hallgat\u00f3i \u00d6nkorm\u00e1nyzat<\/a><\/span> \u00e9s az <span style=\"color: #0000ff\"><a href=\"https:\/\/semmelweis.hu\/hok\/atlathatosag\/ontevekeny-csoportok\/\">\u00f6ntev\u00e9keny csoportok<\/a><\/span> tev\u00e9kenys\u00e9g\u00e9nek t\u00e1mogat\u00e1sa<\/span><\/li>\n<li><span data-contrast=\"auto\">a hallgat\u00f3i el\u00e9gedetts\u00e9g n\u00f6vel\u00e9s\u00e9vel kapcsolatos int\u00e9zked\u00e9sek kidolgoz\u00e1sa, megval\u00f3s\u00edt\u00e1sa, illetve el\u0151zetes v\u00e9lem\u00e9nyez\u00e9se<\/span><\/li>\n<li><span data-contrast=\"auto\">tev\u00e9kenys\u00e9g\u00e9vel \u00f6sszef\u00fcgg\u00e9sben adatok gy\u0171jt\u00e9se \u00e9s \u00e1tad\u00e1sa a feladatk\u00f6r\u00e9nek teljes\u00edt\u00e9se t\u00e1mogat\u00e1sa c\u00e9lj\u00e1b\u00f3l m\u00e1s egyetemi szervezeti egys\u00e9gek r\u00e9sz\u00e9re<\/span> \u00a0<span style=\"font-size: 1rem\" data-ccp-props=\"{&quot;201341983&quot;:1,&quot;335551550&quot;:6,&quot;335551620&quot;:6,&quot;335559739&quot;:160,&quot;335559740&quot;:240}\">\u00a0<\/span><\/li>\n<\/ol>\n<p><span data-contrast=\"none\">B\u00e1rmilyen hallgat\u00f3i j\u00f3l\u00e9tet \u00e9rint\u0151 k\u00e9rd\u00e9ssel, <span class=\"TextRun SCXW183332524 BCX0\" lang=\"HU\" xml:lang=\"HU\" data-contrast=\"none\"><span class=\"NormalTextRun SCXW183332524 BCX0\">\u00f6tlettel fordulj hozz\u00e1nk bizalommal a <\/span><\/span><span style=\"color: #0000ff\"><a class=\"Hyperlink SCXW183332524 BCX0\" href=\"mailto:student.services@semmelweis.hu\" target=\"_blank\" rel=\"noreferrer noopener\"><span class=\"TextRun Underlined SCXW183332524 BCX0\" lang=\"HU\" xml:lang=\"HU\" data-contrast=\"none\"><span class=\"NormalTextRun SCXW183332524 BCX0\" data-ccp-charstyle=\"Hyperlink\">student.services@semmelweis.hu<\/span><\/span><\/a><\/span><span class=\"TextRun SCXW183332524 BCX0\" lang=\"HU\" xml:lang=\"HU\" data-contrast=\"none\"><span class=\"NormalTextRun SCXW183332524 BCX0\"> c\u00edmen!<\/span><\/span><span class=\"EOP SCXW183332524 BCX0\" data-ccp-props=\"{&quot;201341983&quot;:1,&quot;335551550&quot;:6,&quot;335551620&quot;:6,&quot;335559739&quot;:160,&quot;335559740&quot;:240}\">\u00a0<\/span><\/span><\/p>\n","protected":false},"excerpt":{"rendered":"<p>A hallgat\u00f3i \u00e9lm\u00e9ny \u00e9s j\u00f3l\u00e9t fokoz\u00e1sa a misszi\u00f3nk! Olvass tov\u00e1bb, ismerd meg az igazgat\u00f3s\u00e1gunkat \u00e9s annak k\u00fcldet\u00e9s\u00e9t! Fordulj hozz\u00e1nk bizalommal! <\/p>\n","protected":false},"author":12,"featured_media":134,"parent":0,"menu_order":0,"comment_status":"closed","ping_status":"closed","template":"","meta":{"_acf_changed":false,"footnotes":""},"categories":[],"tags":[],"class_list":["post-5","page","type-page","status-publish","has-post-thumbnail","hentry"],"acf":[],"_links":{"self":[{"href":"https:\/\/semmelweis.hu\/studentsupport\/wp-json\/wp\/v2\/pages\/5","targetHints":{"allow":["GET"]}}],"collection":[{"href":"https:\/\/semmelweis.hu\/studentsupport\/wp-json\/wp\/v2\/pages"}],"about":[{"href":"https:\/\/semmelweis.hu\/studentsupport\/wp-json\/wp\/v2\/types\/page"}],"author":[{"embeddable":true,"href":"https:\/\/semmelweis.hu\/studentsupport\/wp-json\/wp\/v2\/users\/12"}],"replies":[{"embeddable":true,"href":"https:\/\/semmelweis.hu\/studentsupport\/wp-json\/wp\/v2\/comments?post=5"}],"version-history":[{"count":10,"href":"https:\/\/semmelweis.hu\/studentsupport\/wp-json\/wp\/v2\/pages\/5\/revisions"}],"predecessor-version":[{"id":938,"href":"https:\/\/semmelweis.hu\/studentsupport\/wp-json\/wp\/v2\/pages\/5\/revisions\/938"}],"wp:featuredmedia":[{"embeddable":true,"href":"https:\/\/semmelweis.hu\/studentsupport\/wp-json\/wp\/v2\/media\/134"}],"wp:attachment":[{"href":"https:\/\/semmelweis.hu\/studentsupport\/wp-json\/wp\/v2\/media?parent=5"}],"wp:term":[{"taxonomy":"category","embeddable":true,"href":"https:\/\/semmelweis.hu\/studentsupport\/wp-json\/wp\/v2\/categories?post=5"},{"taxonomy":"post_tag","embeddable":true,"href":"https:\/\/semmelweis.hu\/studentsupport\/wp-json\/wp\/v2\/tags?post=5"}],"curies":[{"name":"wp","href":"https:\/\/api.w.org\/{rel}","templated":true}]}}