{"id":497,"date":"2024-06-03T09:40:05","date_gmt":"2024-06-03T07:40:05","guid":{"rendered":"https:\/\/semmelweis.hu\/studentservices\/?page_id=497"},"modified":"2025-12-03T10:35:07","modified_gmt":"2025-12-03T09:35:07","slug":"uj-innovativ-hallgatoi-terasz-a-net-epuleteben","status":"publish","type":"page","link":"https:\/\/semmelweis.hu\/studentsupport\/sikereink\/uj-innovativ-hallgatoi-terasz-a-net-epuleteben\/","title":{"rendered":"\u00daj, innovat\u00edv hallgat\u00f3i terasz a NET \u00e9p\u00fclet\u00e9ben"},"content":{"rendered":"<p><span data-contrast=\"auto\">A Semmelweis Egyetem Nagyv\u00e1rad t\u00e9ri Elm\u00e9leti T\u00f6mbj\u00e9nek <strong>(NET)<\/strong> els\u0151 emeleti terasza \u00faj hallgat\u00f3i t\u00e9rk\u00e9nt ker\u00fclt \u00e1tad\u00e1sra 2024 m\u00e1jus\u00e1ban, melynek tervez\u00e9s\u00e9ben Igazgat\u00f3s\u00e1gunk is tev\u00e9keny, \u00e9rt\u00e9kteremt\u0151 szerepet v\u00e1llalt.<\/span><\/p>\n<p>&nbsp;<\/p>\n<p><span data-ccp-props=\"{&quot;201341983&quot;:0,&quot;335551550&quot;:6,&quot;335551620&quot;:6,&quot;335559739&quot;:160,&quot;335559740&quot;:278}\"> <img loading=\"lazy\" decoding=\"async\" class=\"size-medium wp-image-498 alignright\" src=\"https:\/\/semmelweis.hu\/studentsupport\/files\/2024\/06\/NET-terasz-400x267.jpg\" alt=\"\" width=\"400\" height=\"267\" srcset=\"https:\/\/semmelweis.hu\/studentsupport\/files\/2024\/06\/NET-terasz-400x267.jpg 400w, https:\/\/semmelweis.hu\/studentsupport\/files\/2024\/06\/NET-terasz-1024x683.jpg 1024w, https:\/\/semmelweis.hu\/studentsupport\/files\/2024\/06\/NET-terasz-768x512.jpg 768w, https:\/\/semmelweis.hu\/studentsupport\/files\/2024\/06\/NET-terasz-753x502.jpg 753w, https:\/\/semmelweis.hu\/studentsupport\/files\/2024\/06\/NET-terasz-203x135.jpg 203w, https:\/\/semmelweis.hu\/studentsupport\/files\/2024\/06\/NET-terasz.jpg 1200w\" sizes=\"auto, (max-width: 400px) 100vw, 400px\" \/><\/span><\/p>\n<p>&nbsp;<\/p>\n<p>&nbsp;<\/p>\n<p><span data-ccp-props=\"{&quot;201341983&quot;:0,&quot;335551550&quot;:6,&quot;335551620&quot;:6,&quot;335559739&quot;:160,&quot;335559740&quot;:278}\"><span style=\"font-size: 1rem\" data-contrast=\"auto\">Dr. Merkely B\u00e9la rektor hangs\u00falyozta, hogy a NET \u00e9p\u00fclete \u00e9s az egyetem kiemelkedik Budapest l\u00e1tk\u00e9p\u00e9b\u0151l, <em>az \u00faj terasz csal\u00e1diasabb\u00e1 teszi az egyetemet.\u00a0<\/em><\/span><span style=\"font-size: 1rem\" data-ccp-props=\"{&quot;201341983&quot;:0,&quot;335551550&quot;:6,&quot;335551620&quot;:6,&quot;335559739&quot;:160,&quot;335559740&quot;:278}\">\u00a0<\/span><\/span><\/p>\n<p>&nbsp;<\/p>\n<p>&nbsp;<\/p>\n<p><span data-contrast=\"auto\">Dr. Hermann P\u00e9ter oktat\u00e1si rektorhelyettes besz\u00e9d\u00e9ben kiemelte, hogy a NET tetej\u00e9n l\u00e9v\u0151 &#8222;Semmelweis Egyetem&#8221; felirat j\u00f3l l\u00e1that\u00f3 a leveg\u0151b\u0151l is, \u00e9s hogy <strong>a k\u00fclf\u00f6ldi egyetemekhez hasonl\u00f3an a Semmelweis Egyetem \u00e9p\u00fcletei is \u00e9lettel teliek.<\/strong><\/span><span data-ccp-props=\"{&quot;201341983&quot;:0,&quot;335551550&quot;:6,&quot;335551620&quot;:6,&quot;335559739&quot;:160,&quot;335559740&quot;:278}\">\u00a0<\/span><\/p>\n<p><span style=\"color: #1e2326;font-family: 'PT serif', serif;font-size: 1rem\">A<\/span><strong style=\"color: #1e2326;font-family: 'PT serif', serif;font-size: 1rem\"> hallgat\u00f3i terek fejleszt\u00e9se strat\u00e9giai fontoss\u00e1g\u00fa az egyetem vezet\u0151s\u00e9ge sz\u00e1m\u00e1ra.<\/strong><span style=\"color: #1e2326;font-family: 'PT serif', serif;font-size: 1rem\"> Az \u00faj hallgat\u00f3i t\u00e9r t\u00f6bb mint sz\u00e1z n\u00e9gyzetm\u00e9teres, a hallgat\u00f3k k\u00e9nyelm\u00e9t szolg\u00e1lja, valamint k\u00f6rnyezettudatos megold\u00e1sokat is alkalmaz.<\/span><\/p>\n<div class=\"fontos_div\">\n<p style=\"text-align: left\">\u00a0<span data-contrast=\"auto\">\u201eNagy \u00f6r\u00f6m, hogy olyan vezet\u00e9se van ma az egyetemnek, amely az infrastruktur\u00e1lis beruh\u00e1z\u00e1sokon t\u00fal is strat\u00e9giai partnernek tartja a hallgat\u00f3kat \u00e9s kifejezetten nagy hangs\u00falyt fektet arra, hogy ne csak a tanul\u00e1s helysz\u00ednek\u00e9nt, munkahelyk\u00e9nt tekintsenek az int\u00e9zm\u00e9nyre, de j\u00f3l is \u00e9rezz\u00e9k itt magukat\u201d<\/span><\/p>\n<\/div>\n<p style=\"text-align: left\"><span data-contrast=\"auto\">Gecsey Csenge, a Hallgat\u00f3i \u00d6nkorm\u00e1nyzat eln\u00f6ke szerint <strong>a terasz jav\u00edtja a hallgat\u00f3k egyetemi \u00e9letmin\u0151s\u00e9g\u00e9t<\/strong> \u00e9s el\u0151seg\u00edti a k\u00f6z\u00f6ss\u00e9gi kapcsolatok \u00e9p\u00edt\u00e9s\u00e9t.<\/span><span data-ccp-props=\"{&quot;201341983&quot;:0,&quot;335551550&quot;:6,&quot;335551620&quot;:6,&quot;335559739&quot;:160,&quot;335559740&quot;:278}\">\u00a0<\/span><\/p>\n<p><span data-contrast=\"auto\">A teraszr\u00f3l lehet\u0151s\u00e9g van a k\u00f6rny\u00e9k z\u00f6ld panor\u00e1m\u00e1j\u00e1ban gy\u00f6ny\u00f6rk\u00f6dni, illetve le\u00fclni enni, inni, vagy ak\u00e1r csak besz\u00e9lgetni. A fejleszt\u00e9s a <strong><em>Z\u00f6ld Egyetem<\/em><\/strong> v\u00edzi\u00f3j\u00e1t, valamint a k\u00f6rnyezettudatoss\u00e1got \u00e9s hullad\u00e9kmentess\u00e9get figyelembe v\u00e9ve k\u00e9sz\u00fclt el, a terasz mellett az els\u0151 emeleten Igazgat\u00f3s\u00e1gunk kialak\u00edtott egy \u00f6nkiszolg\u00e1l\u00f3 hallgat\u00f3i sarkot is, amely nagy teljes\u00edtm\u00e9ny\u0171 k\u00e1v\u00e9f\u0151z\u0151vel, sz\u0171r\u0151s v\u00edzadagol\u00f3 automat\u00e1val \u00e9s mikrohull\u00e1m\u00fa s\u00fct\u0151vel felszerelve v\u00e1rja Egyetem\u00fcnk k\u00e1v\u00e9zni vagy pihenni v\u00e1gy\u00f3 hallgat\u00f3it, dolgoz\u00f3it.<\/span><span data-ccp-props=\"{&quot;201341983&quot;:0,&quot;335551550&quot;:6,&quot;335551620&quot;:6,&quot;335559739&quot;:160,&quot;335559740&quot;:278}\">\u00a0<\/span><\/p>\n","protected":false},"excerpt":{"rendered":"<p>A Semmelweis Egyetem Nagyv\u00e1rad t\u00e9ri Elm\u00e9leti T\u00f6mbj\u00e9nek (NET) els\u0151 emeleti terasza \u00faj hallgat\u00f3i t\u00e9rk\u00e9nt ker\u00fclt \u00e1tad\u00e1sra 2024 m\u00e1jus\u00e1ban, melynek tervez\u00e9s\u00e9ben Igazgat\u00f3s\u00e1gunk is tev\u00e9keny, \u00e9rt\u00e9kteremt\u0151 szerepet v\u00e1llalt. &nbsp; &nbsp; &nbsp; Dr. Merkely B\u00e9la rektor hangs\u00falyozta, hogy a NET \u00e9p\u00fclete \u00e9s az egyetem kiemelkedik Budapest l\u00e1tk\u00e9p\u00e9b\u0151l, az \u00faj terasz csal\u00e1diasabb\u00e1 teszi az egyetemet.\u00a0\u00a0 &nbsp; &nbsp; Dr. Hermann &hellip;<\/p>\n","protected":false},"author":102383,"featured_media":498,"parent":511,"menu_order":3,"comment_status":"closed","ping_status":"closed","template":"","meta":{"_acf_changed":false,"footnotes":""},"categories":[],"tags":[40],"class_list":["post-497","page","type-page","status-publish","has-post-thumbnail","hentry","tag-siker"],"acf":[],"_links":{"self":[{"href":"https:\/\/semmelweis.hu\/studentsupport\/wp-json\/wp\/v2\/pages\/497","targetHints":{"allow":["GET"]}}],"collection":[{"href":"https:\/\/semmelweis.hu\/studentsupport\/wp-json\/wp\/v2\/pages"}],"about":[{"href":"https:\/\/semmelweis.hu\/studentsupport\/wp-json\/wp\/v2\/types\/page"}],"author":[{"embeddable":true,"href":"https:\/\/semmelweis.hu\/studentsupport\/wp-json\/wp\/v2\/users\/102383"}],"replies":[{"embeddable":true,"href":"https:\/\/semmelweis.hu\/studentsupport\/wp-json\/wp\/v2\/comments?post=497"}],"version-history":[{"count":4,"href":"https:\/\/semmelweis.hu\/studentsupport\/wp-json\/wp\/v2\/pages\/497\/revisions"}],"predecessor-version":[{"id":897,"href":"https:\/\/semmelweis.hu\/studentsupport\/wp-json\/wp\/v2\/pages\/497\/revisions\/897"}],"up":[{"embeddable":true,"href":"https:\/\/semmelweis.hu\/studentsupport\/wp-json\/wp\/v2\/pages\/511"}],"wp:featuredmedia":[{"embeddable":true,"href":"https:\/\/semmelweis.hu\/studentsupport\/wp-json\/wp\/v2\/media\/498"}],"wp:attachment":[{"href":"https:\/\/semmelweis.hu\/studentsupport\/wp-json\/wp\/v2\/media?parent=497"}],"wp:term":[{"taxonomy":"category","embeddable":true,"href":"https:\/\/semmelweis.hu\/studentsupport\/wp-json\/wp\/v2\/categories?post=497"},{"taxonomy":"post_tag","embeddable":true,"href":"https:\/\/semmelweis.hu\/studentsupport\/wp-json\/wp\/v2\/tags?post=497"}],"curies":[{"name":"wp","href":"https:\/\/api.w.org\/{rel}","templated":true}]}}