{"id":479,"date":"2024-05-30T13:53:57","date_gmt":"2024-05-30T11:53:57","guid":{"rendered":"https:\/\/semmelweis.hu\/studentservices\/?page_id=479"},"modified":"2025-12-03T10:11:21","modified_gmt":"2025-12-03T09:11:21","slug":"sosem-vagyunk-egyedul-a-hszi-partnerei","status":"publish","type":"page","link":"https:\/\/semmelweis.hu\/studentsupport\/sikereink\/sosem-vagyunk-egyedul-a-hszi-partnerei\/","title":{"rendered":"Sosem vagyunk egyed\u00fcl: a THI partnerei"},"content":{"rendered":"<p><b><span data-contrast=\"auto\">H\u00d6K<\/span><\/b><span data-ccp-props=\"{&quot;335559685&quot;:0}\">\u00a0<\/span><\/p>\n<p><span data-ccp-props=\"{&quot;335559685&quot;:0}\">\u00a0<\/span><span data-contrast=\"auto\">A Hallgat\u00f3i \u00d6nkorm\u00e1nyzat a Semmelweis Egyetem hallgat\u00f3i \u00e9rdekk\u00e9pviselet\u00e9\u00e9rt felel\u0151s szervezete.<\/span><span data-ccp-props=\"{&quot;335551550&quot;:6,&quot;335551620&quot;:6,&quot;335559685&quot;:0}\">\u00a0<\/span><\/p>\n<p><span data-contrast=\"auto\">Igazgat\u00f3s\u00e1gunk igen szoros egy\u00fcttm\u0171k\u00f6d\u00e9sben \u00e1ll a H\u00d6K-kel, szinergi\u00e1kat keresve dolgozunk k\u00f6z\u00f6sen a Semmelweis Egyetem hallgat\u00f3i el\u00e9gedetts\u00e9g\u00e9nek n\u00f6vel\u00e9s\u00e9n, valamint azon, hogy Semmelweises hallgat\u00f3nak lenni ne puszt\u00e1n szakmai kih\u00edv\u00e1s, de igazi, \u00e9letre sz\u00f3l\u00f3m \u00e9lm\u00e9ny is legyen.<\/span><span data-ccp-props=\"{&quot;335551550&quot;:6,&quot;335551620&quot;:6,&quot;335559685&quot;:0}\">\u00a0<\/span><\/p>\n<p><a href=\"https:\/\/semmelweis.hu\/hok\/\"><img loading=\"lazy\" decoding=\"async\" class=\"size-medium wp-image-480 aligncenter\" src=\"https:\/\/semmelweis.hu\/studentsupport\/files\/2024\/05\/sote-400x267.jpg\" alt=\"\" width=\"400\" height=\"267\" srcset=\"https:\/\/semmelweis.hu\/studentsupport\/files\/2024\/05\/sote-400x267.jpg 400w, https:\/\/semmelweis.hu\/studentsupport\/files\/2024\/05\/sote-1024x683.jpg 1024w, https:\/\/semmelweis.hu\/studentsupport\/files\/2024\/05\/sote-768x512.jpg 768w, https:\/\/semmelweis.hu\/studentsupport\/files\/2024\/05\/sote-1536x1024.jpg 1536w, https:\/\/semmelweis.hu\/studentsupport\/files\/2024\/05\/sote-753x502.jpg 753w, https:\/\/semmelweis.hu\/studentsupport\/files\/2024\/05\/sote-203x135.jpg 203w, https:\/\/semmelweis.hu\/studentsupport\/files\/2024\/05\/sote.jpg 2048w\" sizes=\"auto, (max-width: 400px) 100vw, 400px\" \/><\/a><\/p>\n<p><b><span data-contrast=\"auto\">I\u00d6CS<\/span><\/b><span data-ccp-props=\"{}\">\u00a0<\/span><\/p>\n<p><span data-contrast=\"auto\">Instruktor \u00d6ntev\u00e9keny Csoport: A g\u00f3ly\u00e1k beilleszked\u00e9s\u00e9nek t\u00e1mogat\u00e1sa \u00e9s a hallgat\u00f3k egyetemi \u00e9let\u00e9nek sz\u00edness\u00e9 t\u00e9tele a THI sz\u00edv\u00fcgye is, csak\u00fagy mint az I\u00d6CS-\u00e9. Igazgat\u00f3s\u00e1gunk rendszeres egyeztet\u00e9sek keret\u00e9ben t\u00e1mogatja az I\u00d6CS munk\u00e1j\u00e1t, sz\u00e1mos fontos, a hallgat\u00f3i \u00e9letben meghat\u00e1roz\u00f3 esem\u00e9ny kapcs\u00e1n osztjuk meg egym\u00e1ssal javaslatainkat.<\/span><\/p>\n<p><a href=\"https:\/\/iocs.hu\/\"><img loading=\"lazy\" decoding=\"async\" class=\"wp-image-481 aligncenter\" src=\"https:\/\/semmelweis.hu\/studentsupport\/files\/2024\/05\/iocscs-381x400.jpg\" alt=\"\" width=\"340\" height=\"357\" srcset=\"https:\/\/semmelweis.hu\/studentsupport\/files\/2024\/05\/iocscs-381x400.jpg 381w, https:\/\/semmelweis.hu\/studentsupport\/files\/2024\/05\/iocscs-977x1024.jpg 977w, https:\/\/semmelweis.hu\/studentsupport\/files\/2024\/05\/iocscs-768x805.jpg 768w, https:\/\/semmelweis.hu\/studentsupport\/files\/2024\/05\/iocscs-1465x1536.jpg 1465w, https:\/\/semmelweis.hu\/studentsupport\/files\/2024\/05\/iocscs-753x790.jpg 753w, https:\/\/semmelweis.hu\/studentsupport\/files\/2024\/05\/iocscs.jpg 1953w\" sizes=\"auto, (max-width: 340px) 100vw, 340px\" \/><\/a><\/p>\n<p><strong>ISSA<\/strong><\/p>\n<p><span class=\"TextRun SCXW222833825 BCX0\" lang=\"HU-HU\" xml:lang=\"HU-HU\" data-contrast=\"auto\"><span class=\"NormalTextRun SCXW222833825 BCX0\">Az ISSA <\/span><span class=\"NormalTextRun ContextualSpellingAndGrammarErrorV2Themed SCXW222833825 BCX0\">( <\/span><span class=\"NormalTextRun ContextualSpellingAndGrammarErrorV2Themed SCXW222833825 BCX0\">International<\/span><span class=\"NormalTextRun SCXW222833825 BCX0\"> Semmelweis <\/span><span class=\"NormalTextRun SCXW222833825 BCX0\">Student<\/span> <span class=\"NormalTextRun SpellingErrorV2Themed SCXW222833825 BCX0\">Association<\/span> <span class=\"NormalTextRun SCXW222833825 BCX0\">) <\/span><span class=\"NormalTextRun SCXW222833825 BCX0\">\u00f6sszek\u00f6t\u0151 szerepet t\u00f6lt be a Semmelweis Egyetem \u00e9s az angol nyelv\u0171 programjain r\u00e9szt vev\u0151 hallgat\u00f3k k\u00f6z\u00f6tt, <\/span><span class=\"NormalTextRun SCXW222833825 BCX0\">melyek alatt <\/span><span class=\"NormalTextRun SCXW222833825 BCX0\">rendezv\u00e9nyek szervez\u00e9s\u00e9<\/span><span class=\"NormalTextRun SCXW222833825 BCX0\">t<\/span><span class=\"NormalTextRun SCXW222833825 BCX0\"> \u00e9s tanulm\u00e1nyi k\u00e9rd\u00e9sekben val\u00f3 seg\u00edts\u00e9gny\u00fajt\u00e1s<\/span><span class=\"NormalTextRun SCXW222833825 BCX0\">t \u00e9rtj\u00fck. Ez a fajta \u00f6sszek\u00f6t\u0151 szerep sz\u00e1munkra <\/span><span class=\"NormalTextRun SCXW222833825 BCX0\">is <\/span><span class=\"NormalTextRun SCXW222833825 BCX0\">fontos, hiszen<\/span><span class=\"NormalTextRun SCXW222833825 BCX0\"> c\u00e9lunk, hogy<\/span><span class=\"NormalTextRun SCXW222833825 BCX0\"> minden hallgat\u00f3t megsz\u00f3l\u00edt<\/span><span class=\"NormalTextRun SCXW222833825 BCX0\">sunk<\/span><span class=\"NormalTextRun SCXW222833825 BCX0\">,<\/span><span class=\"NormalTextRun SCXW222833825 BCX0\"> legyen sz\u00f3 magyar vagy nemzetk\u00f6zi k\u00f6z\u00f6ss\u00e9gekr\u0151l.<\/span><\/span><span class=\"EOP SCXW222833825 BCX0\" data-ccp-props=\"{}\">\u00a0<\/span><\/p>\n<p><a href=\"https:\/\/www.facebook.com\/ISSA.International.Semmelweis.Student.Association\/?locale=hu_HU\"><img loading=\"lazy\" decoding=\"async\" class=\"wp-image-482 aligncenter\" src=\"https:\/\/semmelweis.hu\/studentsupport\/files\/2024\/05\/issa-400x400.png\" alt=\"\" width=\"294\" height=\"294\" srcset=\"https:\/\/semmelweis.hu\/studentsupport\/files\/2024\/05\/issa-400x400.png 400w, https:\/\/semmelweis.hu\/studentsupport\/files\/2024\/05\/issa-150x150.png 150w, https:\/\/semmelweis.hu\/studentsupport\/files\/2024\/05\/issa.png 593w\" sizes=\"auto, (max-width: 294px) 100vw, 294px\" \/><\/a><\/p>\n<p><b><span data-contrast=\"auto\">DSVS<\/span><\/b><span data-ccp-props=\"{}\">\u00a0<\/span><\/p>\n<p><span data-contrast=\"auto\">A DSVS ( Deutschsprachige\u00a0<\/span><span data-contrast=\"auto\">Studente\u200bnvertretung \u200bSemmelweis ) fontos szerepet j\u00e1tszik egyetem\u00fcnk \u00e9let\u00e9ben, hiszen az angol nyelven tanul\u00f3 hallgat\u00f3k mellett, nagy l\u00e9tsz\u00e1m\u00fa n\u00e9met anyanyelv\u0171 hallgat\u00f3s\u00e1got sz\u00e1ml\u00e1l a Semmelweis Egyetem. A DSVS fontos partner\u00fcnk a legt\u00f6bb, a nemzetk\u00f6zi hallgat\u00f3kat \u00e9rint\u0151 projekt\u00fcnkben.<\/span><span data-ccp-props=\"{&quot;201341983&quot;:0,&quot;335559740&quot;:240}\">\u00a0<\/span><\/p>\n<p><a href=\"https:\/\/dsvs-semmelweis.de\/\"><img loading=\"lazy\" decoding=\"async\" class=\"size-medium wp-image-483 aligncenter\" src=\"https:\/\/semmelweis.hu\/studentsupport\/files\/2024\/05\/DSVS-400x152.png\" alt=\"\" width=\"400\" height=\"152\" srcset=\"https:\/\/semmelweis.hu\/studentsupport\/files\/2024\/05\/DSVS-400x152.png 400w, https:\/\/semmelweis.hu\/studentsupport\/files\/2024\/05\/DSVS-1024x389.png 1024w, https:\/\/semmelweis.hu\/studentsupport\/files\/2024\/05\/DSVS-768x292.png 768w, https:\/\/semmelweis.hu\/studentsupport\/files\/2024\/05\/DSVS-753x286.png 753w, https:\/\/semmelweis.hu\/studentsupport\/files\/2024\/05\/DSVS.png 1134w\" sizes=\"auto, (max-width: 400px) 100vw, 400px\" \/><\/a><\/p>\n<p><b><span data-contrast=\"auto\">BOE<\/span><\/b><span data-ccp-props=\"{}\">\u00a0<\/span><\/p>\n<p><span data-contrast=\"auto\">A Semmelweis Egyetem egyik legnagyobb di\u00e1kszervezetek\u00e9nt-melynek tagjai t\u00f6bb, mint 600 orvostanhallgat\u00f3t sz\u00e1ml\u00e1lnak-nem lehet kihagyni eml\u00edt\u00e9s\u00fcnkb\u0151l, hiszen a Budapesti Orvostanhallgat\u00f3k Egyes\u00fclete akt\u00edvan r\u00e9szt vesz eg\u00e9szs\u00e9g\u00fcgyi prevenci\u00f3kban, nemzetk\u00f6zi kapcsolatok fejleszt\u00e9s\u00e9ben, valamint karitat\u00edv tev\u00e9kenys\u00e9geik Igazgat\u00f3s\u00e1gunk sz\u00e1m\u00e1ra is kiemelked\u0151 jelleggel b\u00edrnak.<\/span><span data-ccp-props=\"{}\">\u00a0<\/span><\/p>\n<p><a href=\"https:\/\/semmelweis.hu\/boe\/\"><img loading=\"lazy\" decoding=\"async\" class=\"wp-image-485 aligncenter\" src=\"https:\/\/semmelweis.hu\/studentsupport\/files\/2024\/05\/boe-400x267.jpg\" alt=\"\" width=\"333\" height=\"222\" srcset=\"https:\/\/semmelweis.hu\/studentsupport\/files\/2024\/05\/boe-400x267.jpg 400w, https:\/\/semmelweis.hu\/studentsupport\/files\/2024\/05\/boe-203x135.jpg 203w, https:\/\/semmelweis.hu\/studentsupport\/files\/2024\/05\/boe.jpg 753w\" sizes=\"auto, (max-width: 333px) 100vw, 333px\" \/><\/a><\/p>\n<p><b><span data-contrast=\"auto\">HuPSA<\/span><\/b><span data-ccp-props=\"{}\">\u00a0<\/span><\/p>\n<p><span data-contrast=\"auto\">A Magyar Gy\u00f3gyszer\u00e9szhallgat\u00f3k Egyes\u00fclete nagy szakmai tiszteletnek \u00f6rvend\u0151 szervezet, melynek f\u0151 c\u00e9lja a t\u00e1rsszakm\u00e1k szervezeteivel val\u00f3 egy\u00fcttm\u0171k\u00f6d\u00e9s, eg\u00e9szs\u00e9g\u00fcgyi kamp\u00e1nyok szervez\u00e9se, k\u00fclf\u00f6ldi partnerek bevon\u00e1sa. A szervezet igen hallgat\u00f3centrikus mivolta \u00e1ltal kiv\u00e1l\u00f3 egy\u00fcttm\u0171k\u00f6d\u00e9sr\u0151l besz\u00e9lhet\u00fcnk.<\/span><span data-ccp-props=\"{}\">\u00a0<\/span><\/p>\n<p><a href=\"https:\/\/hupsa.org\/\"><img loading=\"lazy\" decoding=\"async\" class=\"wp-image-486 aligncenter\" src=\"https:\/\/semmelweis.hu\/studentsupport\/files\/2024\/05\/hupsa-400x400.jpg\" alt=\"\" width=\"267\" height=\"267\" srcset=\"https:\/\/semmelweis.hu\/studentsupport\/files\/2024\/05\/hupsa-400x400.jpg 400w, https:\/\/semmelweis.hu\/studentsupport\/files\/2024\/05\/hupsa-1024x1024.jpg 1024w, https:\/\/semmelweis.hu\/studentsupport\/files\/2024\/05\/hupsa-150x150.jpg 150w, https:\/\/semmelweis.hu\/studentsupport\/files\/2024\/05\/hupsa-768x768.jpg 768w, https:\/\/semmelweis.hu\/studentsupport\/files\/2024\/05\/hupsa-1536x1536.jpg 1536w, https:\/\/semmelweis.hu\/studentsupport\/files\/2024\/05\/hupsa-753x753.jpg 753w, https:\/\/semmelweis.hu\/studentsupport\/files\/2024\/05\/hupsa.jpg 2048w\" sizes=\"auto, (max-width: 267px) 100vw, 267px\" \/><\/a><\/p>\n<p><b><span data-contrast=\"auto\">MFHE<\/span><\/b><span data-ccp-props=\"{}\">\u00a0<\/span><\/p>\n<p><span data-contrast=\"auto\">A Magyar Fogorvostanhallgat\u00f3k Egyes\u00fclete t\u00f6bb orvosi egyetemet karol fel egyszerre, t\u00e1mogatva azok fogorvostan hallgat\u00f3it, illetve a frissen v\u00e9gzett fiatalokat. Az egyes\u00fclet konferenci\u00e1kat, workshopokat, hasznos programokat szervez a hallgat\u00f3k sz\u00e1m\u00e1ra, melynek els\u0151dleges \u00e9s legfontosabb c\u00e9lja a hallgat\u00f3k fejl\u0151d\u00e9s\u00e9nek el\u0151seg\u00edt\u00e9se. \u00c9rz\u00e9keny, mindent gyakorlati oldalr\u00f3l megk\u00f6zel\u00edteni k\u00edv\u00e1n\u00f3 arculatuk j\u00f3l kieg\u00e9sz\u00edti Igazgat\u00f3s\u00e1gunk mindennapi munk\u00e1j\u00e1t.<\/span><span data-ccp-props=\"{}\">\u00a0<\/span><\/p>\n<p><a href=\"https:\/\/mfhe.hu\/rolunk\/\"><img loading=\"lazy\" decoding=\"async\" class=\"wp-image-487 aligncenter\" src=\"https:\/\/semmelweis.hu\/studentsupport\/files\/2024\/05\/Kepernyokep-2024-05-30-091708-365x400.png\" alt=\"\" width=\"270\" height=\"296\" srcset=\"https:\/\/semmelweis.hu\/studentsupport\/files\/2024\/05\/Kepernyokep-2024-05-30-091708-365x400.png 365w, https:\/\/semmelweis.hu\/studentsupport\/files\/2024\/05\/Kepernyokep-2024-05-30-091708.png 435w\" sizes=\"auto, (max-width: 270px) 100vw, 270px\" \/><\/a><\/p>\n","protected":false},"excerpt":{"rendered":"<p>H\u00d6K\u00a0 \u00a0A Hallgat\u00f3i \u00d6nkorm\u00e1nyzat a Semmelweis Egyetem hallgat\u00f3i \u00e9rdekk\u00e9pviselet\u00e9\u00e9rt felel\u0151s szervezete.\u00a0 Igazgat\u00f3s\u00e1gunk igen szoros egy\u00fcttm\u0171k\u00f6d\u00e9sben \u00e1ll a H\u00d6K-kel, szinergi\u00e1kat keresve dolgozunk k\u00f6z\u00f6sen a Semmelweis Egyetem hallgat\u00f3i el\u00e9gedetts\u00e9g\u00e9nek n\u00f6vel\u00e9s\u00e9n, valamint azon, hogy Semmelweises hallgat\u00f3nak lenni ne puszt\u00e1n szakmai kih\u00edv\u00e1s, de igazi, \u00e9letre sz\u00f3l\u00f3m \u00e9lm\u00e9ny is legyen.\u00a0 <a href=\"https:\/\/semmelweis.hu\/hok\/\"><\/a> I\u00d6CS\u00a0 Instruktor \u00d6ntev\u00e9keny Csoport: A g\u00f3ly\u00e1k beilleszked\u00e9s\u00e9nek t\u00e1mogat\u00e1sa \u00e9s a &hellip;<\/p>\n","protected":false},"author":102383,"featured_media":480,"parent":511,"menu_order":2,"comment_status":"closed","ping_status":"closed","template":"","meta":{"_acf_changed":false,"footnotes":""},"categories":[],"tags":[40],"class_list":["post-479","page","type-page","status-publish","has-post-thumbnail","hentry","tag-siker"],"acf":[],"_links":{"self":[{"href":"https:\/\/semmelweis.hu\/studentsupport\/wp-json\/wp\/v2\/pages\/479","targetHints":{"allow":["GET"]}}],"collection":[{"href":"https:\/\/semmelweis.hu\/studentsupport\/wp-json\/wp\/v2\/pages"}],"about":[{"href":"https:\/\/semmelweis.hu\/studentsupport\/wp-json\/wp\/v2\/types\/page"}],"author":[{"embeddable":true,"href":"https:\/\/semmelweis.hu\/studentsupport\/wp-json\/wp\/v2\/users\/102383"}],"replies":[{"embeddable":true,"href":"https:\/\/semmelweis.hu\/studentsupport\/wp-json\/wp\/v2\/comments?post=479"}],"version-history":[{"count":4,"href":"https:\/\/semmelweis.hu\/studentsupport\/wp-json\/wp\/v2\/pages\/479\/revisions"}],"predecessor-version":[{"id":895,"href":"https:\/\/semmelweis.hu\/studentsupport\/wp-json\/wp\/v2\/pages\/479\/revisions\/895"}],"up":[{"embeddable":true,"href":"https:\/\/semmelweis.hu\/studentsupport\/wp-json\/wp\/v2\/pages\/511"}],"wp:featuredmedia":[{"embeddable":true,"href":"https:\/\/semmelweis.hu\/studentsupport\/wp-json\/wp\/v2\/media\/480"}],"wp:attachment":[{"href":"https:\/\/semmelweis.hu\/studentsupport\/wp-json\/wp\/v2\/media?parent=479"}],"wp:term":[{"taxonomy":"category","embeddable":true,"href":"https:\/\/semmelweis.hu\/studentsupport\/wp-json\/wp\/v2\/categories?post=479"},{"taxonomy":"post_tag","embeddable":true,"href":"https:\/\/semmelweis.hu\/studentsupport\/wp-json\/wp\/v2\/tags?post=479"}],"curies":[{"name":"wp","href":"https:\/\/api.w.org\/{rel}","templated":true}]}}