{"id":470,"date":"2024-05-29T14:47:54","date_gmt":"2024-05-29T12:47:54","guid":{"rendered":"https:\/\/semmelweis.hu\/studentservices\/?page_id=470"},"modified":"2025-12-03T10:09:13","modified_gmt":"2025-12-03T09:09:13","slug":"erzelmi-egyensuly-szerezd-vissza-onmagad-teljes-szemeszteren-ativelo-hallgatoi-tamogato-coaching-es-eloadassorozat-a-hszi-szervezeseben","status":"publish","type":"page","link":"https:\/\/semmelweis.hu\/studentsupport\/sikereink\/erzelmi-egyensuly-szerezd-vissza-onmagad-teljes-szemeszteren-ativelo-hallgatoi-tamogato-coaching-es-eloadassorozat-a-hszi-szervezeseben\/","title":{"rendered":"\u201e\u00c9rzelmi egyens\u00faly, szerezd vissza \u00f6nmagad!\u201d   Teljes szemeszteren \u00e1t\u00edvel\u0151 hallgat\u00f3i t\u00e1mogat\u00f3 coaching \u00e9s el\u0151ad\u00e1ssorozat a THI szervez\u00e9s\u00e9ben"},"content":{"rendered":"<p><span data-contrast=\"auto\">Az egyetemi tanulm\u00e1nyok megkezd\u00e9se, vizsgaid\u0151szak, teljesen \u00e1talakult, \u00faj k\u00f6rnyezet megismer\u00e9se, beilleszked\u00e9s, munka-egyetem-mag\u00e1n\u00e9let \u00e9s m\u00e9g rengeteg megold\u00e1sra v\u00e1r\u00f3, ment\u00e1lisan leterhel\u0151 probl\u00e9ma:\u00a0<\/span><span data-ccp-props=\"{&quot;335551550&quot;:6,&quot;335551620&quot;:6}\">\u00a0<\/span><\/p>\n<p><span data-contrast=\"auto\">A <span style=\"font-family: 'pt serif'\">T\u00e1mogat\u00f3 Szolg\u00e1ltat\u00e1sok \u00e9s Hallgat\u00f3i Kapcsolatok Igazgat\u00f3s\u00e1ga<\/span> 2024 febru\u00e1rj\u00e1ban ind\u00edtott egy, a <strong>tavaszi szemeszteren \u00e1t\u00edvel\u0151<\/strong> online el\u0151ad\u00e1ssorozatot magyar nyelven. Az el\u0151ad\u00e1sokra \u00e9s a szem\u00e9lyes coaching alkalmakra <strong>k\u00f6zel 400 hallgat\u00f3<\/strong> regisztr\u00e1lt. Az el\u0151ad\u00e1ssorozat mellett\u00a0kiscsoportos szem\u00e9lyes besz\u00e9lget\u00e9sek, \u00fagy nevezett <em>coaching<\/em><\/span><span style=\"font-size: 1rem\" data-contrast=\"auto\">alkalmak is v\u00e1rt\u00e1k a mindennapi ment\u00e1lis \u00e9s <\/span><span style=\"font-size: 1rem\" data-contrast=\"auto\">emoci<\/span><span style=\"font-size: 1rem\" data-contrast=\"auto\">on\u00e1lis terhekke<\/span><span style=\"font-size: 1rem\" data-contrast=\"auto\">l \u00e9s neh\u00e9zs\u00e9gekkel k\u00fczd\u0151, de saj\u00e1t helyzet\u00fck\u00f6n v\u00e1ltoztatni akar\u00f3 di\u00e1kokat.<\/span><span style=\"font-size: 1rem\" data-ccp-props=\"{&quot;335551550&quot;:6,&quot;335551620&quot;:6}\">\u00a0<\/span><\/p>\n<p><span data-contrast=\"auto\">A szem\u00e9lyes coaching \u00fcl\u00e9sek <em>magyar \u00e9s angol nyelven<\/em> is seg\u00edtett\u00e9k a hallgat\u00f3k megk\u00fczd\u00e9s\u00e9nek fejleszt\u00e9s\u00e9t.<\/span><span data-ccp-props=\"{&quot;335551550&quot;:6,&quot;335551620&quot;:6}\">\u00a0<\/span><\/p>\n<p><span data-contrast=\"auto\"><img loading=\"lazy\" decoding=\"async\" class=\"size-medium wp-image-472 alignleft\" style=\"font-size: 1rem;background-color: transparent\" src=\"https:\/\/semmelweis.hu\/studentsupport\/files\/2024\/05\/IMG_1462-400x300.jpg\" alt=\"\" width=\"400\" height=\"300\" srcset=\"https:\/\/semmelweis.hu\/studentsupport\/files\/2024\/05\/IMG_1462-400x300.jpg 400w, https:\/\/semmelweis.hu\/studentsupport\/files\/2024\/05\/IMG_1462-1024x768.jpg 1024w, https:\/\/semmelweis.hu\/studentsupport\/files\/2024\/05\/IMG_1462-768x576.jpg 768w, https:\/\/semmelweis.hu\/studentsupport\/files\/2024\/05\/IMG_1462-1536x1152.jpg 1536w, https:\/\/semmelweis.hu\/studentsupport\/files\/2024\/05\/IMG_1462-2048x1536.jpg 2048w, https:\/\/semmelweis.hu\/studentsupport\/files\/2024\/05\/IMG_1462-753x565.jpg 753w\" sizes=\"auto, (max-width: 400px) 100vw, 400px\" \/><\/span><\/p>\n<p>&nbsp;<\/p>\n<p>&nbsp;<\/p>\n<p><span data-contrast=\"auto\">A projekt keretein <\/span><span style=\"font-size: 1rem\" data-contrast=\"auto\">bel\u00fcl a szak\u00e9r<\/span><span style=\"font-size: 1rem\" data-contrast=\"auto\">t\u0151k <strong>egyedi m\u00f3dszerekkel, \u00fajszer\u0171 megold\u00e1sokkal<\/strong> l\u00e1tt\u00e1k el a k\u00e9ts\u00e9gbeesett, de probl\u00e9m\u00e1ikon v\u00e1ltoztatni akar\u00f3 di\u00e1kokat.<\/span><span style=\"font-size: 1rem\" data-ccp-props=\"{&quot;335551550&quot;:6,&quot;335551620&quot;:6}\">\u00a0<\/span><\/p>\n<p><span data-ccp-props=\"{&quot;335551550&quot;:6,&quot;335551620&quot;:6,&quot;335559685&quot;:720}\">\u00a0<\/span><\/p>\n<p>&nbsp;<\/p>\n<p><span data-contrast=\"auto\">A regisztr\u00e1lt hallgat\u00f3k <strong>biztons\u00e1gos, elfogad\u00f3 k\u00f6zegben<\/strong> oszthatt\u00e1k meg neh\u00e9zs\u00e9geiket felk\u00e9rt a programot vez\u00e9nyl\u0151 <strong>elismert szak\u00e9rt\u0151vel<\/strong>, aki mind \u00e1ltal\u00e1nos, mind szem\u00e9lyre szabott tan\u00e1csokkal \u00e9s technik\u00e1kkal l\u00e1tta el a jelenl\u00e9v\u0151ket. <\/span><span data-ccp-props=\"{&quot;335551550&quot;:6,&quot;335551620&quot;:6,&quot;335559685&quot;:720}\">\u00a0<\/span><\/p>\n<p>&nbsp;<\/p>\n<div class=\"fontos_div\">\n<p><span data-contrast=\"auto\">A projekttel kapcsol<\/span><span style=\"background-color: transparent\" data-contrast=\"auto\">atban sz\u00e1mos pozit\u00edv hallgat\u00f3i visszajelz\u00e9s \u00e9rkezett, melyek tov\u00e1bb er\u0151s\u00edtik a Semmelweis Egyetem \u00e9s a THI azon t\u00f6rekv\u00e9s\u00e9t, hogy a hallgat\u00f3k ment\u00e1lis j\u00f3l\u00e9te m\u00e9g nagyobb hangs\u00falyt kapjon.<\/span><span style=\"background-color: transparent\" data-ccp-props=\"{&quot;335551550&quot;:6,&quot;335551620&quot;:6,&quot;335559685&quot;:720}\">\u00a0<\/span><\/p>\n<\/div>\n<p><span data-ccp-props=\"{&quot;335551550&quot;:6,&quot;335551620&quot;:6,&quot;335559685&quot;:720}\">\u00a0<\/span><\/p>\n<p><span data-contrast=\"auto\">Nagy \u00f6r\u00f6m igazgat\u00f3s\u00e1gunk sz\u00e1m\u00e1ra, hogy programunkkal ennyi hallgat\u00f3t siker\u00fclt megsz\u00f3l\u00edtanunk.<\/span><span data-ccp-props=\"{&quot;335559685&quot;:720}\">\u00a0<\/span><\/p>\n<p><span data-ccp-props=\"{&quot;335559685&quot;:720}\">\u00a0<\/span><\/p>\n<p><span data-contrast=\"auto\">A <span style=\"font-family: 'pt serif'\">T\u00e1mogat\u00f3 Szolg\u00e1ltat\u00e1sok \u00e9s Hallgat\u00f3i Kapcsolatok Igazgat\u00f3s\u00e1g\u00e1n<\/span><\/span><span style=\"font-size: 1rem\" data-contrast=\"auto\">\u00a0fontosnak tart<\/span><span style=\"font-size: 1rem\" data-contrast=\"auto\">juk, hogy hallgat\u00f3ink sz\u00e1m\u00e1ra a lehet\u0151 <strong>legsoksz\u00edn\u0171bben fokozzuk az egyetemi \u00e9lm\u00e9nyt<\/strong> \u00e9s hangs\u00falyt fektess\u00fcnk minden olyan ter\u00fcletre, amely a hallgat\u00f3k j\u00f3l\u00e9t\u00e9t \u00e9s mind tanulm\u00e1nyi, mind professzion\u00e1lis, mind szem\u00e9lyes el\u0151menetel\u00e9t t\u00e1mogatja.<\/span><span style=\"font-size: 1rem\" data-ccp-props=\"{&quot;335551550&quot;:6,&quot;335551620&quot;:6,&quot;335559685&quot;:720}\">\u00a0<\/span><\/p>\n","protected":false},"excerpt":{"rendered":"<p>Az egyetemi tanulm\u00e1nyok megkezd\u00e9se, vizsgaid\u0151szak, teljesen \u00e1talakult, \u00faj k\u00f6rnyezet megismer\u00e9se, beilleszked\u00e9s, munka-egyetem-mag\u00e1n\u00e9let \u00e9s m\u00e9g rengeteg megold\u00e1sra v\u00e1r\u00f3, ment\u00e1lisan leterhel\u0151 probl\u00e9ma:\u00a0\u00a0 A T\u00e1mogat\u00f3 Szolg\u00e1ltat\u00e1sok \u00e9s Hallgat\u00f3i Kapcsolatok Igazgat\u00f3s\u00e1ga 2024 febru\u00e1rj\u00e1ban ind\u00edtott egy, a tavaszi szemeszteren \u00e1t\u00edvel\u0151 online el\u0151ad\u00e1ssorozatot magyar nyelven. Az el\u0151ad\u00e1sokra \u00e9s a szem\u00e9lyes coaching alkalmakra k\u00f6zel 400 hallgat\u00f3 regisztr\u00e1lt. Az el\u0151ad\u00e1ssorozat mellett\u00a0kiscsoportos szem\u00e9lyes besz\u00e9lget\u00e9sek, &hellip;<\/p>\n","protected":false},"author":102383,"featured_media":468,"parent":511,"menu_order":1,"comment_status":"closed","ping_status":"closed","template":"","meta":{"_acf_changed":false,"footnotes":""},"categories":[],"tags":[40],"class_list":["post-470","page","type-page","status-publish","has-post-thumbnail","hentry","tag-siker"],"acf":[],"_links":{"self":[{"href":"https:\/\/semmelweis.hu\/studentsupport\/wp-json\/wp\/v2\/pages\/470","targetHints":{"allow":["GET"]}}],"collection":[{"href":"https:\/\/semmelweis.hu\/studentsupport\/wp-json\/wp\/v2\/pages"}],"about":[{"href":"https:\/\/semmelweis.hu\/studentsupport\/wp-json\/wp\/v2\/types\/page"}],"author":[{"embeddable":true,"href":"https:\/\/semmelweis.hu\/studentsupport\/wp-json\/wp\/v2\/users\/102383"}],"replies":[{"embeddable":true,"href":"https:\/\/semmelweis.hu\/studentsupport\/wp-json\/wp\/v2\/comments?post=470"}],"version-history":[{"count":5,"href":"https:\/\/semmelweis.hu\/studentsupport\/wp-json\/wp\/v2\/pages\/470\/revisions"}],"predecessor-version":[{"id":893,"href":"https:\/\/semmelweis.hu\/studentsupport\/wp-json\/wp\/v2\/pages\/470\/revisions\/893"}],"up":[{"embeddable":true,"href":"https:\/\/semmelweis.hu\/studentsupport\/wp-json\/wp\/v2\/pages\/511"}],"wp:featuredmedia":[{"embeddable":true,"href":"https:\/\/semmelweis.hu\/studentsupport\/wp-json\/wp\/v2\/media\/468"}],"wp:attachment":[{"href":"https:\/\/semmelweis.hu\/studentsupport\/wp-json\/wp\/v2\/media?parent=470"}],"wp:term":[{"taxonomy":"category","embeddable":true,"href":"https:\/\/semmelweis.hu\/studentsupport\/wp-json\/wp\/v2\/categories?post=470"},{"taxonomy":"post_tag","embeddable":true,"href":"https:\/\/semmelweis.hu\/studentsupport\/wp-json\/wp\/v2\/tags?post=470"}],"curies":[{"name":"wp","href":"https:\/\/api.w.org\/{rel}","templated":true}]}}