{"id":423,"date":"2024-04-10T11:57:58","date_gmt":"2024-04-10T09:57:58","guid":{"rendered":"https:\/\/semmelweis.hu\/studentservices\/?page_id=423"},"modified":"2024-04-10T11:57:58","modified_gmt":"2024-04-10T09:57:58","slug":"jelentkezes-karriertanacsadasra","status":"publish","type":"page","link":"https:\/\/semmelweis.hu\/studentsupport\/jelentkezes-karriertanacsadasra\/","title":{"rendered":"Jelentkez\u00e9s karriertan\u00e1csad\u00e1sra"},"content":{"rendered":"\n<div class=\"wpcf7 no-js\" id=\"wpcf7-f422-o1\" lang=\"hu-HU\" dir=\"ltr\" data-wpcf7-id=\"422\">\n<div class=\"screen-reader-response\"><p role=\"status\" aria-live=\"polite\" aria-atomic=\"true\"><\/p> <ul><\/ul><\/div>\n<form action=\"\/studentsupport\/wp-json\/wp\/v2\/pages\/423#wpcf7-f422-o1\" method=\"post\" class=\"wpcf7-form init\" aria-label=\"Kapcsolatfelv\u00e9teli \u0171rlap\" novalidate=\"novalidate\" data-status=\"init\">\n<div style=\"display: none;\">\n<input type=\"hidden\" name=\"_wpcf7\" value=\"422\" \/>\n<input type=\"hidden\" name=\"_wpcf7_version\" value=\"6.0.5\" \/>\n<input type=\"hidden\" name=\"_wpcf7_locale\" value=\"hu_HU\" \/>\n<input type=\"hidden\" name=\"_wpcf7_unit_tag\" value=\"wpcf7-f422-o1\" \/>\n<input type=\"hidden\" name=\"_wpcf7_container_post\" value=\"0\" \/>\n<input type=\"hidden\" name=\"_wpcf7_posted_data_hash\" value=\"\" \/>\n<input type=\"hidden\" name=\"_wpcf7_recaptcha_response\" value=\"\" \/>\n<\/div>\n<p><label> *N\u00e9v (k\u00f6telez\u0151)<br \/>\n<span class=\"wpcf7-form-control-wrap\" data-name=\"your-name\"><input size=\"40\" maxlength=\"400\" class=\"wpcf7-form-control wpcf7-text wpcf7-validates-as-required\" aria-required=\"true\" aria-invalid=\"false\" value=\"\" type=\"text\" name=\"your-name\" \/><\/span> <\/label>\n<\/p>\n<p><label> *E-mail c\u00edm (k\u00f6telez\u0151)<br \/>\n<span class=\"wpcf7-form-control-wrap\" data-name=\"your-email\"><input size=\"40\" maxlength=\"400\" class=\"wpcf7-form-control wpcf7-email wpcf7-validates-as-required wpcf7-text wpcf7-validates-as-email\" aria-required=\"true\" aria-invalid=\"false\" value=\"\" type=\"email\" name=\"your-email\" \/><\/span> <\/label>\n<\/p>\n<p><label> Telefonsz\u00e1m<br \/>\n<span class=\"wpcf7-form-control-wrap\" data-name=\"your-phone\"><input size=\"40\" maxlength=\"400\" class=\"wpcf7-form-control wpcf7-text\" aria-invalid=\"false\" value=\"\" type=\"text\" name=\"your-phone\" \/><\/span> <\/label>\n<\/p>\n<p><label> *Kar (k\u00f6telez\u0151)<br \/>\n<span class=\"wpcf7-form-control-wrap\" data-name=\"kar\"><select class=\"wpcf7-form-control wpcf7-select wpcf7-validates-as-required\" aria-required=\"true\" aria-invalid=\"false\" name=\"kar\"><option value=\"\">&#8212; K\u00e9rj\u00fck, v\u00e1lasszon egy opci\u00f3t &#8212;<\/option><option value=\"\u00c1ltal\u00e1nos Orvostudom\u00e1nyi Kar\">\u00c1ltal\u00e1nos Orvostudom\u00e1nyi Kar<\/option><option value=\"Eg\u00e9szs\u00e9gtudom\u00e1nyi Kar\">Eg\u00e9szs\u00e9gtudom\u00e1nyi Kar<\/option><option value=\"Eg\u00e9szs\u00e9g\u00fcgyi K\u00f6zszolg\u00e1lati Kar\">Eg\u00e9szs\u00e9g\u00fcgyi K\u00f6zszolg\u00e1lati Kar<\/option><option value=\"Fogorvostudom\u00e1nyi Kar\">Fogorvostudom\u00e1nyi Kar<\/option><option value=\"Gy\u00f3gyszer\u00e9sztudom\u00e1nyi Kar\">Gy\u00f3gyszer\u00e9sztudom\u00e1nyi Kar<\/option><option value=\"Pet\u0151 Andr\u00e1s Kar\">Pet\u0151 Andr\u00e1s Kar<\/option><\/select><\/span> <\/label>\n<\/p>\n<p><label> Szakir\u00e1ny<br \/>\n<span class=\"wpcf7-form-control-wrap\" data-name=\"szakirany\"><input size=\"40\" maxlength=\"400\" class=\"wpcf7-form-control wpcf7-text\" aria-invalid=\"false\" value=\"\" type=\"text\" name=\"szakirany\" \/><\/span> <\/label>\n<\/p>\n<p><label> Diplomaszerz\u00e9s \u00e9ve vagy tervezett id\u0151pontja<br \/>\n<span class=\"wpcf7-form-control-wrap\" data-name=\"diploma\"><input size=\"40\" maxlength=\"400\" class=\"wpcf7-form-control wpcf7-text\" aria-invalid=\"false\" value=\"\" type=\"text\" name=\"diploma\" \/><\/span> <\/label>\n<\/p>\n<p><label> Jelenlegi munkahely (ha van)<br \/>\n<span class=\"wpcf7-form-control-wrap\" data-name=\"munkahely\"><input size=\"40\" maxlength=\"400\" class=\"wpcf7-form-control wpcf7-text\" aria-invalid=\"false\" value=\"\" type=\"text\" name=\"munkahely\" \/><\/span> <\/label>\n<\/p>\n<p><label> Hol szerezt\u00e9l tudom\u00e1st az Hallgat\u00f3i Szolg\u00e1ltat\u00e1sok Igazgat\u00f3s\u00e1g\u00e1nak karriertan\u00e1csad\u00e1s\u00e1r\u00f3l?<br \/>\n<span class=\"wpcf7-form-control-wrap\" data-name=\"tudomas\"><input size=\"40\" maxlength=\"400\" class=\"wpcf7-form-control wpcf7-text\" aria-invalid=\"false\" value=\"\" type=\"text\" name=\"tudomas\" \/><\/span> <\/label>\n<\/p>\n<p><label> *Milyen t\u00e9m\u00e1ban jelentkezel tan\u00e1csad\u00e1sra? (K\u00e9rlek, n\u00e9h\u00e1ny mondatban foglald \u00f6ssze, hogy milyen k\u00e9rd\u00e9ssel, k\u00e9r\u00e9ssel fordulsz hozz\u00e1nk, hogy szem\u00e9lyre szabottan tudjunk k\u00e9sz\u00fclni a tal\u00e1lkoz\u00e1sra.)<br \/>\n<span class=\"wpcf7-form-control-wrap\" data-name=\"your-message\"><textarea cols=\"40\" rows=\"10\" maxlength=\"2000\" class=\"wpcf7-form-control wpcf7-textarea wpcf7-validates-as-required\" aria-required=\"true\" aria-invalid=\"false\" name=\"your-message\"><\/textarea><\/span> <\/label>\n<\/p>\n<p><span class=\"wpcf7-form-control-wrap\" data-name=\"hozzajarulok\"><span class=\"wpcf7-form-control wpcf7-acceptance\"><span class=\"wpcf7-list-item\"><label><input type=\"checkbox\" name=\"hozzajarulok\" value=\"1\" aria-invalid=\"false\" \/><span class=\"wpcf7-list-item-label\">Hozz\u00e1j\u00e1rulok ahhoz, hogy a Semmelweis Egyetem T\u00e1mogat\u00f3 Szolg\u00e1ltat\u00e1sok \u00e9s Hallgat\u00f3i Kapcsolatok Igazgat\u00f3s\u00e1ga a rendezv\u00e9ny\u00e9r\u0151l a fent megadott el\u00e9rhet\u0151s\u00e9geimen \u00e9rtes\u00edtsen mindaddig, am\u00edg ezt a hozz\u00e1j\u00e1rul\u00e1somat vissza nem vonom.<\/span><\/label><\/span><\/span><\/span>\n<\/p>\n<p><span class=\"wpcf7-form-control-wrap\" data-name=\"kijelentem\"><span class=\"wpcf7-form-control wpcf7-acceptance\"><span class=\"wpcf7-list-item\"><label><input type=\"checkbox\" name=\"kijelentem\" value=\"1\" aria-invalid=\"false\" \/><span class=\"wpcf7-list-item-label\">Ez \u00faton kijelentem, \u00e9s a k\u00fcld\u00e9s gomb megnyom\u00e1s\u00e1val elfogadom, hogy elolvastam \u00e9s meg\u00e9rtettem az <a href=\"https:\/\/semmelweis.hu\/studentservices\/files\/2024\/01\/Adatkezelesi-tajekoztato-2024.pdf\">adatkezel\u00e9si t\u00e1j\u00e9koztat\u00f3t<\/a> \u00e9s az abban foglalt jogaim ismeret\u00e9ben hozz\u00e1j\u00e1rulok ahhoz, hogy a Semmelweis Egyetem T\u00e1mogat\u00f3 Szolg\u00e1ltat\u00e1sok \u00e9s Hallgat\u00f3i Kapcsolatok Igazgat\u00f3s\u00e1ga (sz\u00e9khely: 1085 Budapest \u00dcll\u0151i \u00fat 26.; ad\u00f3sz\u00e1ma: 19308674-2-44) szem\u00e9lyes adataimat az adatkezel\u00e9si t\u00e1j\u00e9koztat\u00f3ban foglaltak szerint kezelje, \u00e9s felhatalmaz\u00e1st adok a Semmelweis Egyetem T\u00e1mogat\u00f3 Szolg\u00e1ltat\u00e1sok \u00e9s Hallgat\u00f3i Kapcsolatok Igazgat\u00f3s\u00e1ga r\u00e9sz\u00e9re a k\u00f6z\u00f6lt adatok helyess\u00e9g\u00e9nek ellen\u0151rz\u00e9s\u00e9re. Kijelentem, hogy hozz\u00e1j\u00e1rul\u00e1som \u00f6nk\u00e9ntes \u00e9s megfelel\u0151 t\u00e1j\u00e9koztat\u00e1son alapul. Tudom\u00e1sul veszem, hogy hozz\u00e1j\u00e1rul\u00e1somat b\u00e1rmikor h\u00e1tr\u00e1nyos k\u00f6vetkezm\u00e9ny n\u00e9lk\u00fcl visszavonhatom, tov\u00e1bb\u00e1, hogy a hozz\u00e1j\u00e1rul\u00e1som visszavon\u00e1sa nem \u00e9rinti a visszavon\u00e1st megel\u0151z\u0151 adatkezel\u00e9s jogszer\u0171s\u00e9g\u00e9t.<\/span><\/label><\/span><\/span><\/span>\n<\/p>\n<p><input class=\"wpcf7-form-control wpcf7-submit has-spinner\" type=\"submit\" value=\"Bek\u00fcld\u00e9s\" \/>\n<\/p><div class=\"wpcf7-response-output\" aria-hidden=\"true\"><\/div>\n<\/form>\n<\/div>\n\n","protected":false},"excerpt":{"rendered":"","protected":false},"author":102237,"featured_media":0,"parent":0,"menu_order":0,"comment_status":"closed","ping_status":"closed","template":"","meta":{"_acf_changed":false,"footnotes":""},"categories":[],"tags":[],"class_list":["post-423","page","type-page","status-publish","hentry"],"acf":[],"_links":{"self":[{"href":"https:\/\/semmelweis.hu\/studentsupport\/wp-json\/wp\/v2\/pages\/423","targetHints":{"allow":["GET"]}}],"collection":[{"href":"https:\/\/semmelweis.hu\/studentsupport\/wp-json\/wp\/v2\/pages"}],"about":[{"href":"https:\/\/semmelweis.hu\/studentsupport\/wp-json\/wp\/v2\/types\/page"}],"author":[{"embeddable":true,"href":"https:\/\/semmelweis.hu\/studentsupport\/wp-json\/wp\/v2\/users\/102237"}],"replies":[{"embeddable":true,"href":"https:\/\/semmelweis.hu\/studentsupport\/wp-json\/wp\/v2\/comments?post=423"}],"version-history":[{"count":1,"href":"https:\/\/semmelweis.hu\/studentsupport\/wp-json\/wp\/v2\/pages\/423\/revisions"}],"predecessor-version":[{"id":424,"href":"https:\/\/semmelweis.hu\/studentsupport\/wp-json\/wp\/v2\/pages\/423\/revisions\/424"}],"wp:attachment":[{"href":"https:\/\/semmelweis.hu\/studentsupport\/wp-json\/wp\/v2\/media?parent=423"}],"wp:term":[{"taxonomy":"category","embeddable":true,"href":"https:\/\/semmelweis.hu\/studentsupport\/wp-json\/wp\/v2\/categories?post=423"},{"taxonomy":"post_tag","embeddable":true,"href":"https:\/\/semmelweis.hu\/studentsupport\/wp-json\/wp\/v2\/tags?post=423"}],"curies":[{"name":"wp","href":"https:\/\/api.w.org\/{rel}","templated":true}]}}