{"id":393,"date":"2024-04-10T10:14:40","date_gmt":"2024-04-10T08:14:40","guid":{"rendered":"https:\/\/semmelweis.hu\/studentservices\/?page_id=393"},"modified":"2026-02-16T13:10:29","modified_gmt":"2026-02-16T12:10:29","slug":"karriertanacsadas","status":"publish","type":"page","link":"https:\/\/semmelweis.hu\/studentsupport\/karriertanacsadas\/","title":{"rendered":"Karriertan\u00e1csad\u00e1s"},"content":{"rendered":"<p>&nbsp;<\/p>\n<p><span style=\"color: #1e2326;font-family: 'PT serif', serif;font-size: 1rem;font-weight: 400\"><div class=\"responsive-tabs\">\n<h2 class=\"tabtitle\">Jelentkez\u00e9s karriertan\u00e1csad\u00f3nak<\/h2>\n<div class=\"tabcontent\">\n<\/span><\/p>\n            <div class=\"qae-faqs-container qae-faqs-toggle-container\">\n\t\t\t\t\t\t\t<ul class=\"qe-faqs-filters-container\">\n\t\t\t\t<li class=\"active\"><a class=\"qe-faqs-filter all-faqs\" href=\"#\" data-filter=\"*\">All<\/a><\/li>\n\t\t\t\t<li><a class=\"qe-faqs-filter\" href=\"#gyakori-kerdesek\" data-filter=\".gyakori-kerdesek\">Gyakori k\u00e9rd\u00e9sek<\/a><\/li>\t\t\t<\/ul>\n\t\t\t\t\t<div id=\"qaef-449\" class=\"qe-faq-toggle gyakori-kerdesek\">\n\t\t\t<div class=\"qe-toggle-title\">\n\t\t\t\t<h4>\n\t\t\t\t\t<i class=\"fa fa-minus-circle\"><\/i> Havonta k\u00f6r\u00fclbel\u00fcl mennyi elfoglalts\u00e1got jelent?\t\t\t\t<\/h4>\n\t\t\t<\/div>\n\t\t\t<div class=\"qe-toggle-content\">\n\t\t\t\t<p>Ez att\u00f3l f\u00fcgg, h\u00e1nyan jelentkeznek be hozz\u00e1d karrier tan\u00e1csad\u00e1sra, melyet neh\u00e9z el\u0151re megj\u00f3solni. Mivel az igazgat\u00f3s\u00e1gunk v\u00edzi\u00f3ja, hogy a hallgat\u00f3k sz\u00e1m\u00e1ra folyamatosan, v\u00e1r\u00f3lista n\u00e9lk\u00fcl biztos\u00edtva legyen ez a lehet\u0151s\u00e9g, \u00e9s a hallgat\u00f3k sz\u00e1m\u00e1ra akt\u00edvan hirdetve is lesz, \u00edgy mi azzal kalkul\u00e1lunk, hogy egy melll\u00e9k\u00e1ll\u00e1snyi id\u0151r\u00e1ford\u00edt\u00e1ssal \u00e9rdemes kalkul\u00e1lni. Ezt viszont j\u00f3r\u00e9szt magad oszthatod be, hogy mely napokon, mely id\u0151pontban szeretn\u00e9d r\u00e1ford\u00edtani az id\u0151t.<\/p>\n\t\t\t<\/div>\n\t\t<\/div>\n\t\t\t\t<div id=\"qaef-450\" class=\"qe-faq-toggle gyakori-kerdesek\">\n\t\t\t<div class=\"qe-toggle-title\">\n\t\t\t\t<h4>\n\t\t\t\t\t<i class=\"fa fa-minus-circle\"><\/i> Milyen beoszt\u00e1sban sz\u00fcks\u00e9ges rendelkez\u00e9sre \u00e1llni?\t\t\t\t<\/h4>\n\t\t\t<\/div>\n\t\t\t<div class=\"qe-toggle-content\">\n\t\t\t\t<p>A karriertan\u00e1csad\u00f3 a hozz\u00e1 jelentkez\u0151 hallgat\u00f3kkal egyeztetve rugalmasan osztja be, hogy mikor szeretne vel\u00fck tal\u00e1lkozni, besz\u00e9lni.<\/p>\n\t\t\t<\/div>\n\t\t<\/div>\n\t\t\t\t<div id=\"qaef-451\" class=\"qe-faq-toggle gyakori-kerdesek\">\n\t\t\t<div class=\"qe-toggle-title\">\n\t\t\t\t<h4>\n\t\t\t\t\t<i class=\"fa fa-minus-circle\"><\/i> Milyen feladatokkal j\u00e1r karriertan\u00e1csad\u00f3nak lenni?\t\t\t\t<\/h4>\n\t\t\t<\/div>\n\t\t\t<div class=\"qe-toggle-content\">\n\t\t\t\t<div>\n<p>A karriertan\u00e1csad\u00f3k munk\u00e1ja rendk\u00edv\u00fcl v\u00e1ltozatos, \u00e9s nagym\u00e9rt\u00e9kben hozz\u00e1j\u00e1rul a hallgat\u00f3k szakmai \u00e9s szem\u00e9lyes fejl\u0151d\u00e9s\u00e9hez. Az al\u00e1bbiakban p\u00e1r p\u00e9lda a feladatokra, melyek seg\u00edthetik a hallgat\u00f3kat \u00e9s melyekre legink\u00e1bb ig\u00e9nyt szoktak tartani a jelentkez\u0151 hallgat\u00f3k:<\/p>\n<\/div>\n<div>\n<ol start=\"1\" type=\"1\">\n<li><strong>Szem\u00e9lyes konzult\u00e1ci\u00f3k tart\u00e1sa<\/strong>: Karriertan\u00e1csad\u00f3k egy\u00e9ni besz\u00e9lget\u00e9seket folytatnak a hallgat\u00f3kkal, hogy meg\u00e9rts\u00e9k \u0151ket \u00e9rdekl\u0151 karrierlehet\u0151s\u00e9geket, k\u00e9pess\u00e9geiket \u00e9s c\u00e9ljaikat.<\/li>\n<li><strong>Szakmai \u00fatmutat\u00e1s ny\u00fajt\u00e1sa<\/strong>: Tan\u00e1csad\u00e1st ny\u00fajtanak a k\u00fcl\u00f6nb\u00f6z\u0151 karrierutak \u00e9s az azokhoz sz\u00fcks\u00e9ges k\u00e9pzetts\u00e9gek, v\u00e9gzetts\u00e9gek kapcs\u00e1n. Seg\u00edtenek a hallgat\u00f3knak a megfelel\u0151 munkak\u00f6r\u00f6k \u00e9s \u00e1gazatok azonos\u00edt\u00e1s\u00e1ban.<\/li>\n<li><strong>\u00d6n\u00e9letrajz \u00e9s motiv\u00e1ci\u00f3s lev\u00e9l k\u00e9sz\u00edt\u00e9s\u00e9ben val\u00f3 seg\u00edts\u00e9gny\u00fajt\u00e1s<\/strong>: Tan\u00e1csokat adnak az \u00f6n\u00e9letrajz \u00e9s motiv\u00e1ci\u00f3s lev\u00e9l hat\u00e9kony elk\u00e9sz\u00edt\u00e9s\u00e9hez, kiemelve a hallgat\u00f3k er\u0151ss\u00e9geit \u00e9s relev\u00e1ns tapasztalatait.<\/li>\n<li><strong>Interj\u00fafelk\u00e9sz\u00edt\u00e9s<\/strong>: Felk\u00e9sz\u00edtik a hallgat\u00f3kat a munkainterj\u00fakra, bele\u00e9rtve a gyakori k\u00e9rd\u00e9sek megv\u00e1laszol\u00e1s\u00e1t, a testbesz\u00e9d finom\u00edt\u00e1s\u00e1t \u00e9s a stresszkezel\u00e9s technik\u00e1it.<\/li>\n<li><strong>K\u00e9pz\u00e9si \u00e9s tov\u00e1bbk\u00e9pz\u00e9si lehet\u0151s\u00e9gek bemutat\u00e1sa<\/strong>: Inform\u00e1ci\u00f3t ny\u00fajtanak a relev\u00e1ns k\u00e9pz\u00e9sekr\u0151l \u00e9s tanfolyamokr\u00f3l, amelyek seg\u00edthetnek a hallgat\u00f3k szakmai k\u00e9szs\u00e9geik fejleszt\u00e9s\u00e9ben.<\/li>\n<li><strong>H\u00e1l\u00f3zat\u00e9p\u00edt\u00e9si strat\u00e9gi\u00e1k kidolgoz\u00e1sa<\/strong>: Tan\u00e1csokat adnak arr\u00f3l, hogyan \u00e9p\u00edthetik ki \u00e9s tarthatj\u00e1k karban szakmai kapcsolataikat, amelyek el\u0151seg\u00edthetik karrierj\u00fck el\u0151rehalad\u00e1s\u00e1t.<\/li>\n<li><strong>P\u00e1lyav\u00e1lt\u00e1s t\u00e1mogat\u00e1sa<\/strong>: Seg\u00edts\u00e9get ny\u00fajtanak azoknak, akik \u00faj karrierir\u00e1nyt szeretn\u00e9nek kipr\u00f3b\u00e1lni, bele\u00e9rtve az \u00e1tmenet strat\u00e9gi\u00e1j\u00e1nak kialak\u00edt\u00e1s\u00e1t \u00e9s az \u00faj ter\u00fcleten sz\u00fcks\u00e9ges k\u00e9szs\u00e9gek elsaj\u00e1t\u00edt\u00e1s\u00e1t.<\/li>\n<li><strong>Karrierfejleszt\u00e9si terv k\u00e9sz\u00edt\u00e9se<\/strong>: Egy\u00fcttm\u0171k\u00f6dnek a hallgat\u00f3kkal a hossz\u00fa t\u00e1v\u00fa karriertervek kidolgoz\u00e1s\u00e1ban, bele\u00e9rtve a c\u00e9lok meghat\u00e1roz\u00e1s\u00e1t, l\u00e9p\u00e9sek \u00fctemez\u00e9s\u00e9t \u00e9s az el\u00e9r\u00e9s\u00fckh\u00f6z sz\u00fcks\u00e9ges er\u0151forr\u00e1sok felkutat\u00e1s\u00e1t.<\/li>\n<li><strong>Munkahelyi konfliktusok \u00e9s kih\u00edv\u00e1sok kezel\u00e9se<\/strong>: Tan\u00e1csokat adnak arra vonatkoz\u00f3an, hogyan kezelhetik a hallgat\u00f3k a munkahelyi stresszt, konfliktusokat \u00e9s m\u00e1s szakmai kih\u00edv\u00e1sokat.<\/li>\n<li><strong>Folyamatos t\u00e1mogat\u00e1s \u00e9s k\u00f6vet\u00e9s<\/strong>: A karriertan\u00e1csad\u00f3k rendszeresen k\u00f6vetik nyomon a hallgat\u00f3k el\u0151rehalad\u00e1s\u00e1t, \u00e9s sz\u00fcks\u00e9g eset\u00e9n tov\u00e1bbi seg\u00edts\u00e9get ny\u00fajtanak a karrierj\u00fck sor\u00e1n.<\/li>\n<\/ol>\n<\/div>\n\t\t\t<\/div>\n\t\t<\/div>\n\t\t\t\t<div id=\"qaef-452\" class=\"qe-faq-toggle gyakori-kerdesek\">\n\t\t\t<div class=\"qe-toggle-title\">\n\t\t\t\t<h4>\n\t\t\t\t\t<i class=\"fa fa-minus-circle\"><\/i> J\u00e1r-e valamilyen juttat\u00e1ssal a sz\u00e1momra karriertan\u00e1ncsad\u00f3nak lenni?\t\t\t\t<\/h4>\n\t\t\t<\/div>\n\t\t\t<div class=\"qe-toggle-content\">\n\t\t\t\t<div>\n<p>Igen, ez azonban a rendelkez\u00e9sre \u00e1ll\u00e1st\u00f3l, valamint a jelentkez\u0151 hallgat\u00f3k sz\u00e1m\u00e1t\u00f3l is f\u00fcgg, egy\u00e9ni megegyez\u00e9st ig\u00e9nyel.<\/p>\n<\/div>\n\t\t\t<\/div>\n\t\t<\/div>\n\t\t            <\/div>\n\t\t\n<h4 style=\"text-align: center\"><span style=\"font-size: 24pt\">\u00a0<\/span><\/h4>\n<h4 style=\"text-align: center\"><span style=\"font-size: 24pt\"><strong><a href=\"https:\/\/semmelweis.hu\/studentsupport\/jelentkezes-karriertanacsadonak\/\">Jelentkez\u00e9si form<\/a><\/strong><\/span><\/h4>\n\n<\/div><h2 class=\"tabtitle\">Kari kisokosok<\/h2>\n<div class=\"tabcontent\">\n\n<p><a href=\"https:\/\/semmelweis.hu\/studentsupport\/files\/2025\/10\/Konduktor_kisokos.pdf\">KONDUKTOR KISOKOS &#8211; PAK<\/a><\/p>\n<\/div><\/div>\n<p>&nbsp;<\/p>\n","protected":false},"excerpt":{"rendered":"<p>Igen, ez azonban a rendelkez\u00e9sre \u00e1ll\u00e1st\u00f3l, valamint a jelentkez\u0151 hallgat\u00f3k sz\u00e1m\u00e1t\u00f3l is f\u00fcgg, egy\u00e9ni megegyez\u00e9st ig\u00e9nyel.<\/p>\n","protected":false},"author":102237,"featured_media":0,"parent":0,"menu_order":9,"comment_status":"closed","ping_status":"closed","template":"","meta":{"_acf_changed":false,"footnotes":""},"categories":[],"tags":[],"class_list":["post-393","page","type-page","status-publish","hentry"],"acf":[],"_links":{"self":[{"href":"https:\/\/semmelweis.hu\/studentsupport\/wp-json\/wp\/v2\/pages\/393","targetHints":{"allow":["GET"]}}],"collection":[{"href":"https:\/\/semmelweis.hu\/studentsupport\/wp-json\/wp\/v2\/pages"}],"about":[{"href":"https:\/\/semmelweis.hu\/studentsupport\/wp-json\/wp\/v2\/types\/page"}],"author":[{"embeddable":true,"href":"https:\/\/semmelweis.hu\/studentsupport\/wp-json\/wp\/v2\/users\/102237"}],"replies":[{"embeddable":true,"href":"https:\/\/semmelweis.hu\/studentsupport\/wp-json\/wp\/v2\/comments?post=393"}],"version-history":[{"count":10,"href":"https:\/\/semmelweis.hu\/studentsupport\/wp-json\/wp\/v2\/pages\/393\/revisions"}],"predecessor-version":[{"id":1006,"href":"https:\/\/semmelweis.hu\/studentsupport\/wp-json\/wp\/v2\/pages\/393\/revisions\/1006"}],"wp:attachment":[{"href":"https:\/\/semmelweis.hu\/studentsupport\/wp-json\/wp\/v2\/media?parent=393"}],"wp:term":[{"taxonomy":"category","embeddable":true,"href":"https:\/\/semmelweis.hu\/studentsupport\/wp-json\/wp\/v2\/categories?post=393"},{"taxonomy":"post_tag","embeddable":true,"href":"https:\/\/semmelweis.hu\/studentsupport\/wp-json\/wp\/v2\/tags?post=393"}],"curies":[{"name":"wp","href":"https:\/\/api.w.org\/{rel}","templated":true}]}}