{"id":333,"date":"2024-02-04T19:14:33","date_gmt":"2024-02-04T18:14:33","guid":{"rendered":"https:\/\/semmelweis.hu\/studentservices\/?page_id=333"},"modified":"2026-03-20T09:31:31","modified_gmt":"2026-03-20T08:31:31","slug":"colleagues","status":"publish","type":"page","link":"https:\/\/semmelweis.hu\/studentsupport\/en\/colleagues\/","title":{"rendered":"Colleagues"},"content":{"rendered":"<h2><strong>Dr. P\u00e9ter V\u00e1mosi<br \/>\n<\/strong><strong>director<\/strong><\/h2>\n<h4>+36 1 459 1500 \/ 62327<\/h4>\n<hr \/>\n<h2>Andr\u00e1s Ritzl<\/h2>\n<h2><span style=\"font-size: 18pt\">deputy director<\/span><\/h2>\n<h4>+36 20 666 2327\u00a0<\/h4>\n<p><a href=\"mailto:ritzl.andras@semmelweis.hu\">E-mail<\/a><\/p>\n<hr \/>\n<h2>Ildik\u00f3 Zelen\u00e1kn\u00e9 Baranyai\u00a0<\/h2>\n<h3>administrative officer<\/h3>\n<h4>+36 30 878 3227<\/h4>\n<h4>+36 20 666 2327<\/h4>\n<p><a href=\"mailto:zelenakne.baranyai.ildiko@semmelweis.hu\">E-mail<\/a><\/p>\n<hr style=\"font-family: 'PT serif', serif;font-size: 1rem;font-weight: 400\" \/>\n<p>&nbsp;<\/p>\n<h2>S\u00e1ra N\u00f3ra Horv\u00e1th<\/h2>\n<h3>project manager<\/h3>\n<h4>+36 30 877 2941<\/h4>\n<h4>+36 20 666 2327<\/h4>\n<p><a href=\"mailto:horvath.sara.nora@semmelweis.hu\">E-mail<\/a><\/p>\n<hr style=\"font-family: 'PT serif', serif;font-size: 1rem;font-weight: 400\" \/>\n<h2>Judit \u00c9va Kov\u00e1cs<\/h2>\n<h3>finance officer<\/h3>\n<h4>+36 20 825 8787<\/h4>\n<p><a href=\"mailto:kovacs.judit@semmelweis.hu\">E-mail<\/a><\/p>\n","protected":false},"excerpt":{"rendered":"<p>Dr. P\u00e9ter V\u00e1mosi director +36 1 459 1500 \/ 62327 Andr\u00e1s Ritzl deputy director +36 20 666 2327\u00a0 <a href=\"mailto:ritzl.andras@semmelweis.hu\">E-mail<\/a> Ildik\u00f3 Zelen\u00e1kn\u00e9 Baranyai\u00a0 administrative officer +36 30 878 3227 +36 20 666 2327 <a href=\"mailto:zelenakne.baranyai.ildiko@semmelweis.hu\">E-mail<\/a> &nbsp; S\u00e1ra N\u00f3ra Horv\u00e1th project manager +36 30 877 2941 +36 20 666 2327 <a href=\"mailto:horvath.sara.nora@semmelweis.hu\">E-mail<\/a> Judit \u00c9va Kov\u00e1cs finance officer +36 20 825 8787 &hellip;<\/p>\n","protected":false},"author":102237,"featured_media":0,"parent":0,"menu_order":1,"comment_status":"closed","ping_status":"closed","template":"","meta":{"_acf_changed":false,"footnotes":""},"categories":[],"tags":[],"class_list":["post-333","page","type-page","status-publish","hentry"],"acf":[],"_links":{"self":[{"href":"https:\/\/semmelweis.hu\/studentsupport\/wp-json\/wp\/v2\/pages\/333","targetHints":{"allow":["GET"]}}],"collection":[{"href":"https:\/\/semmelweis.hu\/studentsupport\/wp-json\/wp\/v2\/pages"}],"about":[{"href":"https:\/\/semmelweis.hu\/studentsupport\/wp-json\/wp\/v2\/types\/page"}],"author":[{"embeddable":true,"href":"https:\/\/semmelweis.hu\/studentsupport\/wp-json\/wp\/v2\/users\/102237"}],"replies":[{"embeddable":true,"href":"https:\/\/semmelweis.hu\/studentsupport\/wp-json\/wp\/v2\/comments?post=333"}],"version-history":[{"count":10,"href":"https:\/\/semmelweis.hu\/studentsupport\/wp-json\/wp\/v2\/pages\/333\/revisions"}],"predecessor-version":[{"id":1069,"href":"https:\/\/semmelweis.hu\/studentsupport\/wp-json\/wp\/v2\/pages\/333\/revisions\/1069"}],"wp:attachment":[{"href":"https:\/\/semmelweis.hu\/studentsupport\/wp-json\/wp\/v2\/media?parent=333"}],"wp:term":[{"taxonomy":"category","embeddable":true,"href":"https:\/\/semmelweis.hu\/studentsupport\/wp-json\/wp\/v2\/categories?post=333"},{"taxonomy":"post_tag","embeddable":true,"href":"https:\/\/semmelweis.hu\/studentsupport\/wp-json\/wp\/v2\/tags?post=333"}],"curies":[{"name":"wp","href":"https:\/\/api.w.org\/{rel}","templated":true}]}}