{"id":325,"date":"2024-02-04T18:47:50","date_gmt":"2024-02-04T17:47:50","guid":{"rendered":"https:\/\/semmelweis.hu\/studentservices\/?page_id=325"},"modified":"2026-01-27T12:32:48","modified_gmt":"2026-01-27T11:32:48","slug":"gdpr","status":"publish","type":"page","link":"https:\/\/semmelweis.hu\/studentsupport\/en\/gdpr\/","title":{"rendered":"GDPR"},"content":{"rendered":"<p><a href=\"https:\/\/semmelweis.hu\/studentsupport\/files\/2026\/01\/Adatkezelesi-tajekoztato-2026.pdf\">Adatkezel\u00e9si t\u00e1j\u00e9koztat\u00f3-2026.pdf<\/a><\/p>\n<p><a href=\"https:\/\/semmelweis.hu\/studentsupport\/files\/2026\/01\/Adatkezelesi-nyilvantartas-ADL-2026.xlsx\">Adatkezele\u0301si-nyilva\u0301ntarta\u0301s-ADL-2026.xlsx<\/a><\/p>\n<p>&nbsp;<\/p>\n<p><strong>Archive:<\/strong><\/p>\n<p><a href=\"https:\/\/semmelweis.hu\/studentsupport\/files\/2025\/03\/31642-3_HASZOI_2025_Adatkezelesi-tajekoztato_jo.pdf\">Adatkezel\u00e9si t\u00e1j\u00e9koztato-2025.pdf<\/a><\/p>\n<p><a href=\"https:\/\/semmelweis.hu\/studentsupport\/files\/2025\/03\/31642_HASZOI_2025_1.-Adatkezelesi-nyilvantartas-ADL-2025-HSZI.xlsx\">Adatkezele\u0301si-nyilva\u0301ntarta\u0301s-ADL-2025.xlsx<\/a><\/p>\n<p><a href=\"https:\/\/semmelweis.hu\/studentsupport\/files\/2024\/01\/Adatkezele\u0301si-nyilva\u0301ntarta\u0301s-ADL-2024.xlsx\" target=\"_blank\" rel=\"noopener\">Adatkezele\u0301si-nyilva\u0301ntarta\u0301s-ADL-2024.xlsx<\/a><\/p>\n<p><a href=\"https:\/\/semmelweis.hu\/studentsupport\/files\/2024\/01\/Adatkezelesi-tajekoztato-2024.pdf\" target=\"_blank\" rel=\"noopener\">Adatkezelesi-tajekoztato-2024.pdf<\/a><\/p>\n","protected":false},"excerpt":{"rendered":"<p><a href=\"https:\/\/semmelweis.hu\/studentsupport\/files\/2026\/01\/Adatkezelesi-tajekoztato-2026.pdf\">Adatkezel\u00e9si t\u00e1j\u00e9koztat\u00f3-2026.pdf<\/a><br \/>\n<a href=\"https:\/\/semmelweis.hu\/studentsupport\/files\/2026\/01\/Adatkezelesi-nyilvantartas-ADL-2026.xlsx\">Adatkezele\u0301si-nyilva\u0301ntarta\u0301s-ADL-2026.xlsx<\/a><br \/>\n&nbsp;<br \/>\nArchive:<br \/>\n<a href=\"https:\/\/semmelweis.hu\/studentsupport\/files\/2025\/03\/31642-3_HASZOI_2025_Adatkezelesi-tajekoztato_jo.pdf\">Adatkezel\u00e9si t\u00e1j\u00e9koztato-2025.pdf<\/a><br \/>\n<a href=\"https:\/\/semmelweis.hu\/studentsupport\/files\/2025\/03\/31642_HASZOI_2025_1.-Adatkezelesi-nyilvantartas-ADL-2025-HSZI.xlsx\">Adatkezele\u0301si-nyilva\u0301ntarta\u0301s-ADL-2025.xlsx<\/a><br \/>\n<a href=\"https:\/\/semmelweis.hu\/studentsupport\/files\/2024\/01\/Adatkezele\u0301si-nyilva\u0301ntarta\u0301s-ADL-2024.xlsx\" target=\"_blank\" rel=\"noopener\">Adatkezele\u0301si-nyilva\u0301ntarta\u0301s-ADL-2024.xlsx<\/a><br \/>\n<a href=\"https:\/\/semmelweis.hu\/studentsupport\/files\/2024\/01\/Adatkezelesi-tajekoztato-2024.pdf\" target=\"_blank\" rel=\"noopener\">Adatkezelesi-tajekoztato-2024.pdf<\/a><\/p>\n","protected":false},"author":102237,"featured_media":0,"parent":0,"menu_order":0,"comment_status":"closed","ping_status":"closed","template":"","meta":{"_acf_changed":false,"footnotes":""},"categories":[],"tags":[],"class_list":["post-325","page","type-page","status-publish","hentry"],"acf":[],"_links":{"self":[{"href":"https:\/\/semmelweis.hu\/studentsupport\/wp-json\/wp\/v2\/pages\/325","targetHints":{"allow":["GET"]}}],"collection":[{"href":"https:\/\/semmelweis.hu\/studentsupport\/wp-json\/wp\/v2\/pages"}],"about":[{"href":"https:\/\/semmelweis.hu\/studentsupport\/wp-json\/wp\/v2\/types\/page"}],"author":[{"embeddable":true,"href":"https:\/\/semmelweis.hu\/studentsupport\/wp-json\/wp\/v2\/users\/102237"}],"replies":[{"embeddable":true,"href":"https:\/\/semmelweis.hu\/studentsupport\/wp-json\/wp\/v2\/comments?post=325"}],"version-history":[{"count":4,"href":"https:\/\/semmelweis.hu\/studentsupport\/wp-json\/wp\/v2\/pages\/325\/revisions"}],"predecessor-version":[{"id":966,"href":"https:\/\/semmelweis.hu\/studentsupport\/wp-json\/wp\/v2\/pages\/325\/revisions\/966"}],"wp:attachment":[{"href":"https:\/\/semmelweis.hu\/studentsupport\/wp-json\/wp\/v2\/media?parent=325"}],"wp:term":[{"taxonomy":"category","embeddable":true,"href":"https:\/\/semmelweis.hu\/studentsupport\/wp-json\/wp\/v2\/categories?post=325"},{"taxonomy":"post_tag","embeddable":true,"href":"https:\/\/semmelweis.hu\/studentsupport\/wp-json\/wp\/v2\/tags?post=325"}],"curies":[{"name":"wp","href":"https:\/\/api.w.org\/{rel}","templated":true}]}}