{"id":32,"date":"2023-09-21T10:04:37","date_gmt":"2023-09-21T08:04:37","guid":{"rendered":"https:\/\/semmelweis.hu\/studentservices\/?page_id=32"},"modified":"2026-03-20T09:29:36","modified_gmt":"2026-03-20T08:29:36","slug":"munkatarsak","status":"publish","type":"page","link":"https:\/\/semmelweis.hu\/studentsupport\/munkatarsak\/","title":{"rendered":"Munkat\u00e1rsak"},"content":{"rendered":"<h2 style=\"text-align: left\"><strong><span style=\"font-size: 24pt\">Dr. V\u00e1mosi P\u00e9ter<\/span><\/strong><br \/>\n<strong>igazgat\u00f3<\/strong><\/h2>\n<h4>+36 1 459 1500 \/ 62327<\/h4>\n<hr \/>\n<h2>Ritzl Andr\u00e1s<\/h2>\n<h2><span style=\"font-size: 18pt\">igazgat\u00f3helyettes<\/span><\/h2>\n<h4>+36 20 666 2327<\/h4>\n<p><a href=\"mailto:ritzl.andras@semmelweis.hu\">E-mail<\/a><\/p>\n<hr \/>\n<h2>Zelen\u00e1kn\u00e9 Baranyai Ildik\u00f3<\/h2>\n<h3>igazgat\u00e1si \u00fcgyint\u00e9z\u0151<\/h3>\n<h4>+36 30 878 3227<\/h4>\n<h4>+36 20 666 2327<\/h4>\n<p><a href=\"mailto:zelenakne.baranyai.ildiko@semmelweis.hu\">E-mail<\/a><\/p>\n<hr \/>\n<h2>Horv\u00e1th S\u00e1ra N\u00f3ra<\/h2>\n<h3>projektmenedzser<\/h3>\n<h4>+36 30 877 2941<\/h4>\n<h4>+36 20 666 2327<\/h4>\n<p><a href=\"mailto:horvath.sara.nora@semmelweis.hu\">E-mail<\/a><\/p>\n<hr \/>\n<h2>Kov\u00e1cs Judit \u00c9va<\/h2>\n<h3>gazdas\u00e1gi \u00fcgyint\u00e9z\u0151<\/h3>\n<h4>+36 20 825 8787<\/h4>\n<p><a href=\"mailto:kovacs.judit@semmelweis.hu\">E-mail<\/a><\/p>\n","protected":false},"excerpt":{"rendered":"<p>Dr. V\u00e1mosi P\u00e9ter<br \/>\nigazgat\u00f3<br \/>\n+36 1 459 1500 \/ 62327<\/p>\n<p>Ritzl Andr\u00e1s<br \/>\nigazgat\u00f3helyettes<br \/>\n+36 20 666 2327<br \/>\n<a href=\"mailto:ritzl.andras@semmelweis.hu\">E-mail<\/a><\/p>\n<p>Zelen\u00e1kn\u00e9 Baranyai Ildik\u00f3<br \/>\nigazgat\u00e1si \u00fcgyint\u00e9z\u0151<br \/>\n+36 30 878 3227<br \/>\n+36 20 666 2327<br \/>\n<a href=\"mailto:zelenakne.baranyai.ildiko@semmelweis.hu\">E-mail<\/a><\/p>\n<p>Horv\u00e1th S\u00e1ra N\u00f3ra<br \/>\nprojektmenedzser<br \/>\n+36 30 877 2941<br \/>\n+36 20 666 2327<br \/>\n<a href=\"mailto:horvath.sara.nora@semmelweis.hu\">E-mail<\/a><\/p>\n<p>Kov\u00e1cs Judit \u00c9va<br \/>\ngazdas\u00e1gi \u00fcgyint\u00e9z\u0151<br \/>\n+36 20 825 8787<br \/>\n<a href=\"mailto:kovacs.judit@semmelweis.hu\">E-mail<\/a><\/p>\n","protected":false},"author":102237,"featured_media":0,"parent":0,"menu_order":1,"comment_status":"closed","ping_status":"closed","template":"","meta":{"_acf_changed":false,"footnotes":""},"categories":[],"tags":[],"class_list":["post-32","page","type-page","status-publish","hentry"],"acf":[],"_links":{"self":[{"href":"https:\/\/semmelweis.hu\/studentsupport\/wp-json\/wp\/v2\/pages\/32","targetHints":{"allow":["GET"]}}],"collection":[{"href":"https:\/\/semmelweis.hu\/studentsupport\/wp-json\/wp\/v2\/pages"}],"about":[{"href":"https:\/\/semmelweis.hu\/studentsupport\/wp-json\/wp\/v2\/types\/page"}],"author":[{"embeddable":true,"href":"https:\/\/semmelweis.hu\/studentsupport\/wp-json\/wp\/v2\/users\/102237"}],"replies":[{"embeddable":true,"href":"https:\/\/semmelweis.hu\/studentsupport\/wp-json\/wp\/v2\/comments?post=32"}],"version-history":[{"count":13,"href":"https:\/\/semmelweis.hu\/studentsupport\/wp-json\/wp\/v2\/pages\/32\/revisions"}],"predecessor-version":[{"id":1067,"href":"https:\/\/semmelweis.hu\/studentsupport\/wp-json\/wp\/v2\/pages\/32\/revisions\/1067"}],"wp:attachment":[{"href":"https:\/\/semmelweis.hu\/studentsupport\/wp-json\/wp\/v2\/media?parent=32"}],"wp:term":[{"taxonomy":"category","embeddable":true,"href":"https:\/\/semmelweis.hu\/studentsupport\/wp-json\/wp\/v2\/categories?post=32"},{"taxonomy":"post_tag","embeddable":true,"href":"https:\/\/semmelweis.hu\/studentsupport\/wp-json\/wp\/v2\/tags?post=32"}],"curies":[{"name":"wp","href":"https:\/\/api.w.org\/{rel}","templated":true}]}}