{"id":1091,"date":"2026-05-06T14:47:36","date_gmt":"2026-05-06T12:47:36","guid":{"rendered":"https:\/\/semmelweis.hu\/studentsupport\/?page_id=1091"},"modified":"2026-05-06T14:53:35","modified_gmt":"2026-05-06T12:53:35","slug":"egyeb","status":"publish","type":"page","link":"https:\/\/semmelweis.hu\/studentsupport\/egyeb\/","title":{"rendered":"Egy\u00e9b"},"content":{"rendered":"<p><span style=\"font-size: 24pt\"><strong>TARTALOM<\/strong><\/span><\/p>\n<ul>\n<li><a href=\"https:\/\/semmelweis.hu\/studentsupport\/tudogyogyaszati-osztondij-lehetoseg\/\" target=\"_blank\" rel=\"noopener\">T\u00fcd\u0151gy\u00f3gy\u00e1szati \u00f6szt\u00f6nd\u00edj-lehet\u0151s\u00e9g<\/a><\/li>\n<\/ul>\n","protected":false},"excerpt":{"rendered":"<p>TARTALOM<\/p>\n<p><a href=\"https:\/\/semmelweis.hu\/studentsupport\/tudogyogyaszati-osztondij-lehetoseg\/\" target=\"_blank\" rel=\"noopener\">T\u00fcd\u0151gy\u00f3gy\u00e1szati \u00f6szt\u00f6nd\u00edj-lehet\u0151s\u00e9g<\/a><\/p>\n","protected":false},"author":102383,"featured_media":0,"parent":0,"menu_order":0,"comment_status":"closed","ping_status":"closed","template":"","meta":{"_acf_changed":false,"footnotes":""},"categories":[],"tags":[],"class_list":["post-1091","page","type-page","status-publish","hentry"],"acf":[],"_links":{"self":[{"href":"https:\/\/semmelweis.hu\/studentsupport\/wp-json\/wp\/v2\/pages\/1091","targetHints":{"allow":["GET"]}}],"collection":[{"href":"https:\/\/semmelweis.hu\/studentsupport\/wp-json\/wp\/v2\/pages"}],"about":[{"href":"https:\/\/semmelweis.hu\/studentsupport\/wp-json\/wp\/v2\/types\/page"}],"author":[{"embeddable":true,"href":"https:\/\/semmelweis.hu\/studentsupport\/wp-json\/wp\/v2\/users\/102383"}],"replies":[{"embeddable":true,"href":"https:\/\/semmelweis.hu\/studentsupport\/wp-json\/wp\/v2\/comments?post=1091"}],"version-history":[{"count":4,"href":"https:\/\/semmelweis.hu\/studentsupport\/wp-json\/wp\/v2\/pages\/1091\/revisions"}],"predecessor-version":[{"id":1097,"href":"https:\/\/semmelweis.hu\/studentsupport\/wp-json\/wp\/v2\/pages\/1091\/revisions\/1097"}],"wp:attachment":[{"href":"https:\/\/semmelweis.hu\/studentsupport\/wp-json\/wp\/v2\/media?parent=1091"}],"wp:term":[{"taxonomy":"category","embeddable":true,"href":"https:\/\/semmelweis.hu\/studentsupport\/wp-json\/wp\/v2\/categories?post=1091"},{"taxonomy":"post_tag","embeddable":true,"href":"https:\/\/semmelweis.hu\/studentsupport\/wp-json\/wp\/v2\/tags?post=1091"}],"curies":[{"name":"wp","href":"https:\/\/api.w.org\/{rel}","templated":true}]}}