{"id":1088,"date":"2026-05-06T14:45:37","date_gmt":"2026-05-06T12:45:37","guid":{"rendered":"https:\/\/semmelweis.hu\/studentsupport\/?page_id=1088"},"modified":"2026-05-06T14:45:37","modified_gmt":"2026-05-06T12:45:37","slug":"tudogyogyaszati-osztondij-lehetoseg","status":"publish","type":"page","link":"https:\/\/semmelweis.hu\/studentsupport\/tudogyogyaszati-osztondij-lehetoseg\/","title":{"rendered":"T\u00fcd\u0151gy\u00f3gy\u00e1szati \u00f6szt\u00f6nd\u00edj-lehet\u0151s\u00e9g"},"content":{"rendered":"<h2 style=\"text-align: center\" data-section-id=\"rqickh\" data-start=\"52\" data-end=\"117\"><strong><span style=\"font-family: Montserrat\">T\u00fcd\u0151gy\u00f3gy\u00e1szati \u00f6szt\u00f6nd\u00edj-lehet\u0151s\u00e9g egyetemi hallgat\u00f3k sz\u00e1m\u00e1ra<\/span><\/strong><\/h2>\n<p data-start=\"119\" data-end=\"230\"><span style=\"font-family: Montserrat\">A Magyar T\u00fcd\u0151gy\u00f3gy\u00e1sz T\u00e1rsas\u00e1g (MTT) Ifj\u00fas\u00e1gi Szekci\u00f3ja <strong>\u00f6szt\u00f6nd\u00edj p\u00e1ly\u00e1zatot hirdet<\/strong> egyetemi hallgat\u00f3k sz\u00e1m\u00e1ra.<\/span><\/p>\n<p data-start=\"232\" data-end=\"638\"><span style=\"font-family: Montserrat\">A p\u00e1ly\u00e1zat c\u00e9lja, hogy t\u00e1mogassa azokat a hallgat\u00f3kat, akik a <strong>t\u00fcd\u0151gy\u00f3gy\u00e1szat ter\u00fclet\u00e9n kiemelked\u0151 tanulm\u00e1nyi eredm\u00e9nyt \u00e9rnek el<\/strong>, \u00e9s szeretn\u00e9k tov\u00e1bb m\u00e9ly\u00edteni szakmai tud\u00e1sukat. A nyertes p\u00e1ly\u00e1z\u00f3k lehet\u0151s\u00e9get kapnak arra, hogy egy speci\u00e1lis gyakorlati k\u00e9pz\u0151helyen vegyenek r\u00e9szt <strong>szakmai gyakorlaton<\/strong>, amely kiv\u00e1l\u00f3 alkalmat biztos\u00edt a gyakorlati tapasztalatszerz\u00e9sre \u00e9s a szakter\u00fclet alaposabb megismer\u00e9s\u00e9re.<\/span><\/p>\n<p data-start=\"640\" data-end=\"741\"><span style=\"font-family: Montserrat\">Az \u00f6szt\u00f6nd\u00edj <strong>\u00f6sszege 100 000\u2013200 000 forint<\/strong>, amely egy 4 hetes ny\u00e1ri gyakorlat id\u0151tartam\u00e1t t\u00e1mogatja.<\/span><\/p>\n<p data-start=\"743\" data-end=\"911\"><span style=\"font-family: Montserrat\">A p\u00e1ly\u00e1zati <strong>felt\u00e9telekr\u0151l \u00e9s a jelentkez\u00e9s<\/strong> r\u00e9szleteir\u0151l az <strong><a href=\"https:\/\/tudogyogyasz.hu\/Tenders?t=15679\" target=\"_blank\" rel=\"noopener\">al\u00e1bbi oldalon<\/a><\/strong> olvashatnak (a p\u00e1ly\u00e1zatok k\u00f6z\u00f6tt a negyedik ki\u00edr\u00e1s).<\/span><\/p>\n<p data-start=\"913\" data-end=\"1077\"><span style=\"font-family: Montserrat\">Amennyiben k\u00e9rd\u00e9s mer\u00fcl fel a p\u00e1ly\u00e1zattal kapcsolatban, az <em><strong>MTT titk\u00e1rs\u00e1ga \u00e9s az Ifj\u00fas\u00e1gi Szekci\u00f3 vezet\u0151s\u00e9ge<\/strong><\/em> k\u00e9szs\u00e9ggel \u00e1ll rendelkez\u00e9sre az al\u00e1bbi e-mail c\u00edmeken:<\/span><\/p>\n<p data-start=\"913\" data-end=\"1077\">\u00a0<\/p>\n<div class=\"fontos_div\">\n<p><span style=\"font-family: Montserrat\"><a href=\"mailto:mtt.titkarsag@koranyi.hu\">Titk\u00e1rs\u00e1g<\/a><\/span><\/p>\n<p>&nbsp;<\/p>\n<p><span style=\"font-family: Montserrat\"><a href=\"mailto:czibulaeszter@gmail.com\">Czibula Eszter<\/a><\/span><\/p>\n<p>&nbsp;<\/p>\n<p><span style=\"font-family: Montserrat\"><a href=\"mailto:ifjusagiszekciomtt@gmail.com\">Ifj\u00fas\u00e1gi szekci\u00f3<\/a><\/span><\/p>\n<\/div>\n<p data-start=\"1169\" data-end=\"1262\">\u00a0<\/p>\n<p data-start=\"1169\" data-end=\"1262\"><span style=\"font-family: Montserrat\">Kedvcsin\u00e1l\u00f3k\u00e9nt az <strong><a href=\"https:\/\/vimeo.com\/427769534\" target=\"_blank\" rel=\"noopener\">al\u00e1bbi linken<\/a><\/strong> \u00e9rhet\u0151 el a bemutatkoz\u00f3 vide\u00f3.<\/span><br data-start=\"1232\" data-end=\"1235\" \/><br \/>\n\n<\/p>\n<p data-start=\"1264\" data-end=\"1287\"><span style=\"font-family: Montserrat\">V\u00e1rjuk a jelentkez\u0151ket!<\/span><\/p>\n","protected":false},"excerpt":{"rendered":"<p>T\u00fcd\u0151gy\u00f3gy\u00e1szati \u00f6szt\u00f6nd\u00edj-lehet\u0151s\u00e9g egyetemi hallgat\u00f3k sz\u00e1m\u00e1ra A Magyar T\u00fcd\u0151gy\u00f3gy\u00e1sz T\u00e1rsas\u00e1g (MTT) Ifj\u00fas\u00e1gi Szekci\u00f3ja \u00f6szt\u00f6nd\u00edj p\u00e1ly\u00e1zatot hirdet egyetemi hallgat\u00f3k sz\u00e1m\u00e1ra. A p\u00e1ly\u00e1zat c\u00e9lja, hogy t\u00e1mogassa azokat a hallgat\u00f3kat, akik a t\u00fcd\u0151gy\u00f3gy\u00e1szat ter\u00fclet\u00e9n kiemelked\u0151 tanulm\u00e1nyi eredm\u00e9nyt \u00e9rnek el, \u00e9s szeretn\u00e9k tov\u00e1bb m\u00e9ly\u00edteni szakmai tud\u00e1sukat. A nyertes p\u00e1ly\u00e1z\u00f3k lehet\u0151s\u00e9get kapnak arra, hogy egy speci\u00e1lis gyakorlati k\u00e9pz\u0151helyen vegyenek r\u00e9szt szakmai &hellip;<\/p>\n","protected":false},"author":102383,"featured_media":0,"parent":0,"menu_order":0,"comment_status":"closed","ping_status":"closed","template":"","meta":{"_acf_changed":false,"footnotes":""},"categories":[],"tags":[],"class_list":["post-1088","page","type-page","status-publish","hentry"],"acf":[],"_links":{"self":[{"href":"https:\/\/semmelweis.hu\/studentsupport\/wp-json\/wp\/v2\/pages\/1088","targetHints":{"allow":["GET"]}}],"collection":[{"href":"https:\/\/semmelweis.hu\/studentsupport\/wp-json\/wp\/v2\/pages"}],"about":[{"href":"https:\/\/semmelweis.hu\/studentsupport\/wp-json\/wp\/v2\/types\/page"}],"author":[{"embeddable":true,"href":"https:\/\/semmelweis.hu\/studentsupport\/wp-json\/wp\/v2\/users\/102383"}],"replies":[{"embeddable":true,"href":"https:\/\/semmelweis.hu\/studentsupport\/wp-json\/wp\/v2\/comments?post=1088"}],"version-history":[{"count":2,"href":"https:\/\/semmelweis.hu\/studentsupport\/wp-json\/wp\/v2\/pages\/1088\/revisions"}],"predecessor-version":[{"id":1090,"href":"https:\/\/semmelweis.hu\/studentsupport\/wp-json\/wp\/v2\/pages\/1088\/revisions\/1090"}],"wp:attachment":[{"href":"https:\/\/semmelweis.hu\/studentsupport\/wp-json\/wp\/v2\/media?parent=1088"}],"wp:term":[{"taxonomy":"category","embeddable":true,"href":"https:\/\/semmelweis.hu\/studentsupport\/wp-json\/wp\/v2\/categories?post=1088"},{"taxonomy":"post_tag","embeddable":true,"href":"https:\/\/semmelweis.hu\/studentsupport\/wp-json\/wp\/v2\/tags?post=1088"}],"curies":[{"name":"wp","href":"https:\/\/api.w.org\/{rel}","templated":true}]}}