{"id":1057,"date":"2026-03-19T10:03:03","date_gmt":"2026-03-19T09:03:03","guid":{"rendered":"https:\/\/semmelweis.hu\/studentsupport\/?page_id=1057"},"modified":"2026-03-19T10:06:21","modified_gmt":"2026-03-19T09:06:21","slug":"1057-2","status":"publish","type":"page","link":"https:\/\/semmelweis.hu\/studentsupport\/sikereink\/1057-2\/","title":{"rendered":"Semmelweis Online Ny\u00edlt Nap 2026"},"content":{"rendered":"<h1 style=\"text-align: center\" data-section-id=\"1medcos\" data-start=\"87\" data-end=\"179\">Online ny\u00edlt nap t\u00f6bb mint 4000 \u00e9rdekl\u0151d\u0151vel \u2013 sikeres rendezv\u00e9ny a Semmelweis Egyetemen<\/h1>\n<p data-start=\"181\" data-end=\"406\">T\u00f6bb mint n\u00e9gyezer \u00e9rdekl\u0151d\u0151 r\u00e9szv\u00e9tel\u00e9vel zajlott a Semmelweis Egyetem <strong>hatodik alkalommal<\/strong> megrendezett <strong>online ny\u00edlt napja<\/strong>, amely h\u00e1rom napon kereszt\u00fcl ny\u00fajtott \u00e1tfog\u00f3 betekint\u00e9st az int\u00e9zm\u00e9ny k\u00e9pz\u00e9seibe \u00e9s hallgat\u00f3i \u00e9let\u00e9be.<\/p>\n<p data-start=\"408\" data-end=\"717\">A rendezv\u00e9nyen <strong>az egyetem mind a hat kara, valamint szakk\u00e9pz\u0151 int\u00e9zm\u00e9nyei \u00e9s tehets\u00e9ggondoz\u00f3 programjai is bemutatkoztak<\/strong>.<\/p>\n<div class=\"fontos_div\">\n<p data-start=\"408\" data-end=\"717\">A program k\u00fcl\u00f6nlegess\u00e9ge egy \u00e9l\u0151 podcastbesz\u00e9lget\u00e9s volt, amely sor\u00e1n az egyetem vezet\u0151i &#8211; r\u00e9szt vett dr. Merkely B\u00e9la rektor, Feket\u00e9n\u00e9 dr. Szab\u00f3 \u00c9va strat\u00e9giai \u00e9s fejleszt\u00e9si rektorhelyettes, valamint Nagy Imre Rich\u00e1rd, a Hallgat\u00f3i \u00d6nkorm\u00e1nyzat (H\u00d6K) eln\u00f6ke &#8211; k\u00f6zvetlen\u00fcl sz\u00f3l\u00edtott\u00e1k meg a felv\u00e9teli el\u0151tt \u00e1ll\u00f3 di\u00e1kokat, \u00e9s v\u00e1laszoltak a be\u00e9rkez\u0151 k\u00e9rd\u00e9sekre.<\/p>\n<\/div>\n<p data-start=\"719\" data-end=\"1025\">Az online esem\u00e9ny sor\u00e1n a r\u00e9sztvev\u0151k r\u00e9szletes t\u00e1j\u00e9koztat\u00e1st kaptak a k\u00e9pz\u00e9sekr\u0151l, a felv\u00e9teli folyamatr\u00f3l, az \u00f6szt\u00f6nd\u00edj- \u00e9s kutat\u00e1si lehet\u0151s\u00e9gekr\u0151l, valamint a hallgat\u00f3i szolg\u00e1ltat\u00e1sokr\u00f3l. Az interakt\u00edv f\u00f3rumok \u00e9s \u00e9l\u0151 besz\u00e9lget\u00e9sek seg\u00edtett\u00e9k az eligazod\u00e1st az orvos- \u00e9s eg\u00e9szs\u00e9gtudom\u00e1nyi k\u00e9pz\u00e9sek k\u00f6z\u00f6tt.<\/p>\n<p data-start=\"1027\" data-end=\"1260\">Kiemelt figyelmet kaptak a tehets\u00e9ggondoz\u00e1si lehet\u0151s\u00e9gek is, amelyek hozz\u00e1j\u00e1rulnak a hallgat\u00f3k szakmai fejl\u0151d\u00e9s\u00e9hez \u00e9s p\u00e1lyafut\u00e1suk megalapoz\u00e1s\u00e1hoz. A nemzetk\u00f6zi \u00e9rdekl\u0151d\u0151k sz\u00e1m\u00e1ra <strong>angol \u00e9s n\u00e9met nyelv\u0171 programok<\/strong> is el\u00e9rhet\u0151k voltak.<\/p>\n<p data-start=\"1262\" data-end=\"1434\">A sikeres online ny\u00edlt nap folytat\u00e1sak\u00e9nt az egyetem szem\u00e9lyes kampuszbej\u00e1r\u00e1st is szervezett, ahol a jelentkez\u0151k k\u00f6zvetlen\u00fcl is megismerhett\u00e9k az oktat\u00e1si \u00e9s k\u00f6z\u00f6ss\u00e9gi tereket.<\/p>\n<p data-start=\"1436\" data-end=\"1607\">A magas r\u00e9szv\u00e9teli sz\u00e1m \u00e9s az akt\u00edv \u00e9rdekl\u0151d\u00e9s egy\u00e9rtelm\u0171en jelzi a rendezv\u00e9ny sikeress\u00e9g\u00e9t, valamint a Semmelweis Egyetem ir\u00e1nti t\u00f6retlen hazai \u00e9s nemzetk\u00f6zi \u00e9rdekl\u0151d\u00e9st.<\/p>\n<p data-start=\"1436\" data-end=\"1607\">Olvasd el az <strong><a href=\"https:\/\/semmelweis.hu\/hirek\/2026\/01\/27\/semmelweis-online-nyilt-nap-elo-podcast-es-forumok-is-vartak-a-felvetelizoket\/\" target=\"_blank\" rel=\"noopener\">eredeti cikket<\/a><\/strong> is.<\/p>\n<p data-start=\"1436\" data-end=\"1607\">\u00a0<\/p>\n\r\n        [slb_exclude]\r\n        <div class=\"row galeria-wrapper mx-0 h-auto\">\r\n            <div class=\"col-9 pl-0 pr-2\">\r\n            <span class=\"gallery-item frame\">\r\n\t\t\t\t<div class=\"galeria-left-img\"><a href=\"https:\/\/semmelweis.hu\/studentsupport\/files\/2026\/03\/RS231070_GV5A8851_scl.jpg\"><img src=https:\/\/semmelweis.hu\/studentsupport\/files\/2026\/03\/RS231070_GV5A8851_scl.jpg  \r\n                            alt=\"\" \r\n                            class=\"attachment-sote-gallery-big size-sote-gallery-big\" \r\n                            srcset=\"https:\/\/semmelweis.hu\/studentsupport\/files\/2026\/03\/RS231070_GV5A8851_scl-400x267.jpg 400w, https:\/\/semmelweis.hu\/studentsupport\/files\/2026\/03\/RS231070_GV5A8851_scl-1024x683.jpg 1024w, https:\/\/semmelweis.hu\/studentsupport\/files\/2026\/03\/RS231070_GV5A8851_scl-768x512.jpg 768w, https:\/\/semmelweis.hu\/studentsupport\/files\/2026\/03\/RS231070_GV5A8851_scl-753x502.jpg 753w, https:\/\/semmelweis.hu\/studentsupport\/files\/2026\/03\/RS231070_GV5A8851_scl-203x135.jpg 203w, https:\/\/semmelweis.hu\/studentsupport\/files\/2026\/03\/RS231070_GV5A8851_scl.jpg 1200w\" ><\/a><\/div>\r\n            <\/span>\r\n\r\n            <\/div>\r\n\r\n\t\t\t<div class=\"col-3 pl-0 pr-0\">\r\n\t\t\t\t<div class=\"galeria-right-img d-flex justify-content-between flex-column h-100 w-100 px-0 mx-0 \">\r\n                <div class=\"galeria-box\">\r\n\t\t\t\t\t<h3 class=\"galeria-title\">Gal\u00e9ria<\/h3>\r\n\t\t\t\t\t<div class=\"galeria-subtitle\">\r\n\r\n\t\t\t\t\t\t<div class=\"galeria-page-counter\"><span>3<\/span>k\u00e9p<\/div>\r\n                    <\/div> <\/div>\r\n                    <span class=\"gallery-item frame d-none d-md-flex\">\r\n\t\t\t\t\t<div class=\"galeria-small-img mt-0\"><a href=\"https:\/\/semmelweis.hu\/studentsupport\/files\/2026\/03\/RS231071_GV5A8856_scl.jpg\"><img src=https:\/\/semmelweis.hu\/studentsupport\/files\/2026\/03\/RS231071_GV5A8856_scl.jpg \r\n                                alt=\"\"  \r\n                                class=\"attachment-sote-gallery-small size-sote-gallery-small\" \r\n                                srcset=\"https:\/\/semmelweis.hu\/studentsupport\/files\/2026\/03\/RS231071_GV5A8856_scl-400x267.jpg 400w, https:\/\/semmelweis.hu\/studentsupport\/files\/2026\/03\/RS231071_GV5A8856_scl-1024x683.jpg 1024w, https:\/\/semmelweis.hu\/studentsupport\/files\/2026\/03\/RS231071_GV5A8856_scl-768x512.jpg 768w, https:\/\/semmelweis.hu\/studentsupport\/files\/2026\/03\/RS231071_GV5A8856_scl-753x502.jpg 753w, https:\/\/semmelweis.hu\/studentsupport\/files\/2026\/03\/RS231071_GV5A8856_scl-203x135.jpg 203w, https:\/\/semmelweis.hu\/studentsupport\/files\/2026\/03\/RS231071_GV5A8856_scl.jpg 1200w\" ><\/a><\/div>\r\n                    <\/span>\r\n                    <span class=\"gallery-item frame d-none d-md-flex\">\r\n\t\t\t\t\t<div class=\"galeria-small-img mt-0\"><a href=\"https:\/\/semmelweis.hu\/studentsupport\/files\/2026\/03\/RS231289_0E1A0971_scl.jpg\"><img src=https:\/\/semmelweis.hu\/studentsupport\/files\/2026\/03\/RS231289_0E1A0971_scl.jpg \r\n                                alt=\"\" \r\n                                class=\"attachment-sote-gallery-small size-sote-gallery-small\" \r\n                                srcset=\"https:\/\/semmelweis.hu\/studentsupport\/files\/2026\/03\/RS231289_0E1A0971_scl-400x267.jpg 400w, https:\/\/semmelweis.hu\/studentsupport\/files\/2026\/03\/RS231289_0E1A0971_scl-1024x683.jpg 1024w, https:\/\/semmelweis.hu\/studentsupport\/files\/2026\/03\/RS231289_0E1A0971_scl-768x512.jpg 768w, https:\/\/semmelweis.hu\/studentsupport\/files\/2026\/03\/RS231289_0E1A0971_scl-753x502.jpg 753w, https:\/\/semmelweis.hu\/studentsupport\/files\/2026\/03\/RS231289_0E1A0971_scl-203x135.jpg 203w, https:\/\/semmelweis.hu\/studentsupport\/files\/2026\/03\/RS231289_0E1A0971_scl.jpg 1200w\" ><\/a><\/div>\r\n                    <\/span>\r\n\r\n                <\/div>\r\n\r\n            <\/div>\r\n\r\n            \r\n            <\/div>\r\n\r\n            [\/slb_exclude]\r\n\t\n<p data-start=\"1436\" data-end=\"1607\">\u00a0Az Online Ny\u00edlt napok visszan\u00e9zhet\u0151ek <strong><a href=\"https:\/\/semmelweis.hu\/felvetelizoknek\/nyiltnap\/\" target=\"_blank\" rel=\"noopener\">ITT<\/a><\/strong>, az adott, \u00e9rdekelt karra kattintva.<\/p>\n","protected":false},"excerpt":{"rendered":"<p>Online ny\u00edlt nap t\u00f6bb mint 4000 \u00e9rdekl\u0151d\u0151vel \u2013 sikeres rendezv\u00e9ny a Semmelweis Egyetemen T\u00f6bb mint n\u00e9gyezer \u00e9rdekl\u0151d\u0151 r\u00e9szv\u00e9tel\u00e9vel zajlott a Semmelweis Egyetem hatodik alkalommal megrendezett online ny\u00edlt napja, amely h\u00e1rom napon kereszt\u00fcl ny\u00fajtott \u00e1tfog\u00f3 betekint\u00e9st az int\u00e9zm\u00e9ny k\u00e9pz\u00e9seibe \u00e9s hallgat\u00f3i \u00e9let\u00e9be. A rendezv\u00e9nyen az egyetem mind a hat kara, valamint szakk\u00e9pz\u0151 int\u00e9zm\u00e9nyei \u00e9s tehets\u00e9ggondoz\u00f3 programjai &hellip;<\/p>\n","protected":false},"author":102383,"featured_media":1060,"parent":511,"menu_order":1,"comment_status":"closed","ping_status":"closed","template":"","meta":{"_acf_changed":false,"footnotes":""},"categories":[],"tags":[40],"class_list":["post-1057","page","type-page","status-publish","has-post-thumbnail","hentry","tag-siker"],"acf":[],"_links":{"self":[{"href":"https:\/\/semmelweis.hu\/studentsupport\/wp-json\/wp\/v2\/pages\/1057","targetHints":{"allow":["GET"]}}],"collection":[{"href":"https:\/\/semmelweis.hu\/studentsupport\/wp-json\/wp\/v2\/pages"}],"about":[{"href":"https:\/\/semmelweis.hu\/studentsupport\/wp-json\/wp\/v2\/types\/page"}],"author":[{"embeddable":true,"href":"https:\/\/semmelweis.hu\/studentsupport\/wp-json\/wp\/v2\/users\/102383"}],"replies":[{"embeddable":true,"href":"https:\/\/semmelweis.hu\/studentsupport\/wp-json\/wp\/v2\/comments?post=1057"}],"version-history":[{"count":4,"href":"https:\/\/semmelweis.hu\/studentsupport\/wp-json\/wp\/v2\/pages\/1057\/revisions"}],"predecessor-version":[{"id":1064,"href":"https:\/\/semmelweis.hu\/studentsupport\/wp-json\/wp\/v2\/pages\/1057\/revisions\/1064"}],"up":[{"embeddable":true,"href":"https:\/\/semmelweis.hu\/studentsupport\/wp-json\/wp\/v2\/pages\/511"}],"wp:featuredmedia":[{"embeddable":true,"href":"https:\/\/semmelweis.hu\/studentsupport\/wp-json\/wp\/v2\/media\/1060"}],"wp:attachment":[{"href":"https:\/\/semmelweis.hu\/studentsupport\/wp-json\/wp\/v2\/media?parent=1057"}],"wp:term":[{"taxonomy":"category","embeddable":true,"href":"https:\/\/semmelweis.hu\/studentsupport\/wp-json\/wp\/v2\/categories?post=1057"},{"taxonomy":"post_tag","embeddable":true,"href":"https:\/\/semmelweis.hu\/studentsupport\/wp-json\/wp\/v2\/tags?post=1057"}],"curies":[{"name":"wp","href":"https:\/\/api.w.org\/{rel}","templated":true}]}}