{"id":1049,"date":"2026-03-17T19:05:02","date_gmt":"2026-03-17T18:05:02","guid":{"rendered":"https:\/\/semmelweis.hu\/studentsupport\/?page_id=1049"},"modified":"2026-03-17T19:05:02","modified_gmt":"2026-03-17T18:05:02","slug":"kiemelt-egyetemi-esemenyek-es-tevekenysegek-osztondija","status":"publish","type":"page","link":"https:\/\/semmelweis.hu\/studentsupport\/kiemelt-egyetemi-esemenyek-es-tevekenysegek-osztondija\/","title":{"rendered":"Kiemelt egyetemi esem\u00e9nyek \u00e9s tev\u00e9kenys\u00e9gek \u00f6szt\u00f6nd\u00edja"},"content":{"rendered":"<h1 class=\"lead\" style=\"text-align: center\">Kiemelt egyetemi esem\u00e9nyek \u00e9s tev\u00e9kenys\u00e9gek \u00f6szt\u00f6nd\u00edja<\/h1>\n<p><strong>P\u00e1ly\u00e1zati felh\u00edv\u00e1s<\/strong><\/p>\n<p>kiemelt egyetemi esem\u00e9nyek \u00e9s tev\u00e9kenys\u00e9gek \u00f6szt\u00f6nd\u00edja elnyer\u00e9s\u00e9re a\u00a0Semmelweis Egyetem K\u00f6z\u00e9leti \u00d6szt\u00f6nd\u00edj Bizotts\u00e1ga a Szervezeti \u00e9s M\u0171k\u00f6d\u00e9si Szab\u00e1lyzat III.4. R\u00e9sz \u2013 T\u00e9r\u00edt\u00e9si \u00e9s Juttat\u00e1si Szab\u00e1lyzat 8\/B. \u00a7-a foglaltak alapj\u00e1n p\u00e1ly\u00e1zatot \u00edr ki \u201eKiemelt egyetemi esem\u00e9nyek \u00e9s tev\u00e9kenys\u00e9gek \u00f6szt\u00f6nd\u00edja\u201d elnyer\u00e9s\u00e9re.<\/p>\n<ol>\n<li>P\u00e1ly\u00e1zati felt\u00e9telek:<\/li>\n<\/ol>\n<p>Az \u00f6szt\u00f6nd\u00edjban a 2025\/2026. \u00e9v tavaszi f\u00e9l\u00e9v\u00e9ben a Semmelweis Egyetemen akt\u00edv jogviszonnyal rendelkez\u0151 jogosult p\u00e1ly\u00e1zat alapj\u00e1n az al\u00e1bbi megk\u00f6t\u00e9sekkel:<\/p>\n<ol>\n<li><u>Kiemelt egyetemi esem\u00e9nyek<\/u> \u00f6szt\u00f6nd\u00edj\u00e1ra jogosult az a teljes vagy r\u00e9szidej\u0171 alapk\u00e9pz\u00e9sben, egys\u00e9ges, osztatlan k\u00e9pz\u00e9sben, mesterk\u00e9pz\u00e9sben, fels\u0151oktat\u00e1si szakk\u00e9pz\u00e9sben \u00e9s doktori k\u00e9pz\u00e9sben r\u00e9szt vev\u0151 hallgat\u00f3 hallgat\u00f3, aki az<\/li>\n<\/ol>\n<ul>\n<li><strong>Educatio 2026 Ki\u00e1ll\u00edt\u00e1s <\/strong><\/li>\n<li><strong>Semmelweis Egyetem Tudom\u00e1nyos Di\u00e1kk\u00f6ri Konferencia 2026 <\/strong><\/li>\n<li><strong>az Egyetemi Eg\u00e9szs\u00e9gnap\/Prevent\u00edv Sz\u0171r\u0151programok <\/strong><\/li>\n<\/ul>\n<p>rendezv\u00e9nyek k\u00f6z\u00fcl legal\u00e1bb egy rendezv\u00e9nyen szervez\u0151k\u00e9nt, rendez\u0151k\u00e9nt, vagy seg\u00edt\u0151k\u00e9nt igazoltan (pl. jelenl\u00e9ti \u00edv) r\u00e9szt vett.<\/p>\n<ol>\n<li><u>Kiemelt egyetemi tev\u00e9kenys\u00e9gek<\/u> \u00f6szt\u00f6nd\u00edj\u00e1ra jogosult a hallgat\u00f3k \u00e9rdekk\u00e9pviselet\u00e9ben tev\u00e9kenys\u00e9get v\u00e9gz\u0151, r\u00e9szidej\u0171 alapk\u00e9pz\u00e9sben, egys\u00e9ges, osztatlan k\u00e9pz\u00e9sben, mesterk\u00e9pz\u00e9sben, fels\u0151oktat\u00e1si szakk\u00e9pz\u00e9sben \u00e9s doktori k\u00e9pz\u00e9sben r\u00e9szt vev\u0151 hallgat\u00f3.<\/li>\n<\/ol>\n<p>A p\u00e1ly\u00e1zathoz csatolni kell az \u00e9rdekk\u00e9pviseleti tev\u00e9kenys\u00e9gr\u0151l k\u00e9sz\u00fclt besz\u00e1mol\u00f3t.<\/p>\n<p>A p\u00e1ly\u00e1zatok elb\u00edr\u00e1l\u00e1s\u00e1ra \u00e9s az \u00f6szt\u00f6nd\u00edjak \u00f6sszeg\u00e9re a hallgat\u00f3i \u00f6nkorm\u00e1nyzat eln\u00f6ke tesz javaslatot. A maxim\u00e1lis \u00f6sszegeket tipikus feladatokhoz, feladatk\u00f6r\u00f6kh\u00f6z, tev\u00e9kenys\u00e9gekhez rendelten a H\u00d6K K\u00fcld\u00f6ttgy\u0171l\u00e9s hat\u00e1rozza meg \u00e9s a K\u00f6z\u00e9leti \u00d6szt\u00f6nd\u00edj Bizotts\u00e1g hagyja j\u00f3v\u00e1<\/p>\n<p>A P\u00e1ly\u00e1z\u00f3 azonos\u00edt\u00e1s\u00e1hoz, \u00e9s a jogosults\u00e1gi felt\u00e9telek vizsg\u00e1lat\u00e1hoz sz\u00fcks\u00e9ges adatok megad\u00e1sa k\u00f6telez\u0151, azok hi\u00e1ny\u00e1ban a p\u00e1ly\u00e1zat nem ny\u00fajthat\u00f3 be.<\/p>\n<p>Nem ny\u00fajthat be p\u00e1ly\u00e1zatot, akir\u0151l a b\u00edr\u00e1latra jogosult szerv vagy egy\u00e9b jogs\u00e9rt\u00e9s vizsg\u00e1lat\u00e1ra jogosult egyetemi szem\u00e9ly vagy test\u00fclet (pl.: etikai bizotts\u00e1g) a megel\u0151z\u0151 p\u00e1ly\u00e1zati ki\u00edr\u00e1s sor\u00e1n beny\u00fajtott p\u00e1ly\u00e1zata kapcs\u00e1n meg\u00e1llap\u00edtotta, hogy a p\u00e1ly\u00e1z\u00f3 a p\u00e1ly\u00e1zat elb\u00edr\u00e1l\u00e1s\u00e1hoz val\u00f3tlan adatot szolg\u00e1ltatott, vagy a b\u00edr\u00e1l\u00f3kat egy\u00e9b m\u00f3don megt\u00e9vesztette.<\/p>\n<h2>II. A P\u00c1LY\u00c1ZAT BENY\u00daJT\u00c1S\u00c1NAK M\u00d3DJA:<\/h2>\n<ol>\n<li>A P\u00e1ly\u00e1zat beny\u00fajt\u00e1s\u00e1nak helye:<\/li>\n<\/ol>\n<p>A\u00a0p\u00e1ly\u00e1zatokat\u00a0a\u00a0Neptun\u00a0rendszeren kereszt\u00fcl\u00a0kell beny\u00fajtani\u00a0a k\u00e9rv\u00e9nyek men\u00fcpont alatt.<\/p>\n<p>Amennyiben a NEPTUN rendszeren nincs megfelel\u0151 id\u0151ben erre vonatkoz\u00f3 k\u00e9rd\u0151\u00edv, \u00fagy a p\u00e1ly\u00e1zatot az egyetem honlapj\u00e1n, a felh\u00edv\u00e1s mell\u00e9kletek\u00e9nt k\u00f6zz\u00e9tett \u0171rlapon kell beadni.<\/p>\n<ol start=\"2\">\n<li>A P\u00e1ly\u00e1zat lead\u00e1si hat\u00e1rideje:<\/li>\n<\/ol>\n<p>janu\u00e1r-m\u00e1rcius h\u00f3napban v\u00e9gzett kiemelt egyetemi esem\u00e9nyek \u00e9s tev\u00e9kenys\u00e9gek p\u00e1ly\u00e1zati id\u0151szaka:<\/p>\n<div class=\"fontos_div\">\n<p><strong style=\"font-size: 1rem\">2026. \u00e1prilis 1-7.<\/strong><\/p>\n<\/div>\n<p>2026 \u00e1prilis h\u00f3napban v\u00e9gzett kiemelt egyetemi esem\u00e9nyek \u00e9s tev\u00e9kenys\u00e9gek p\u00e1ly\u00e1zati id\u0151szaka:<\/p>\n<div class=\"fontos_div\">\n<p><strong style=\"font-size: 1rem\">2026. m\u00e1jus 1-7.<\/strong><\/p>\n<\/div>\n<p>2026 m\u00e1jus h\u00f3napban v\u00e9gzett kiemelt egyetemi esem\u00e9nyek \u00e9s tev\u00e9kenys\u00e9gek p\u00e1ly\u00e1zati id\u0151szaka:<\/p>\n<div class=\"fontos_div\">\n<p><strong style=\"font-size: 1rem\">2026. j\u00fanius 1-7.<\/strong><\/p>\n<\/div>\n<p>j\u00fanius h\u00f3napban v\u00e9gzett kiemelt egyetemi esem\u00e9nyek \u00e9s tev\u00e9kenys\u00e9gek p\u00e1ly\u00e1zati id\u0151szaka:<\/p>\n<div class=\"fontos_div\">\n<p><strong style=\"font-size: 1rem\">2026. j\u00falius 1-7.<\/strong><\/p>\n<\/div>\n<p>&nbsp;<\/p>\n<p>A p\u00e1ly\u00e1zat sor\u00e1n hi\u00e1nyp\u00f3tl\u00e1snak, hat\u00e1rid\u0151 elmulaszt\u00e1sa miatt igazol\u00e1si k\u00e9relem beny\u00fajt\u00e1s\u00e1nak nincs helye. A hi\u00e1nyos, elk\u00e9sett, p\u00e1ly\u00e1zati felt\u00e9teleknek meg nem felel\u0151 p\u00e1ly\u00e1zatok elutas\u00edt\u00e1sra ker\u00fclnek. A P\u00e1ly\u00e1z\u00f3 nev\u00e9nek, kapcsolattart\u00e1sra szolg\u00e1l\u00f3 adatainak, banksz\u00e1mlasz\u00e1m\u00e1nak el\u00edr\u00e1sa, vagy az adatok id\u0151k\u00f6zi v\u00e1ltoz\u00e1sa eset\u00e9n azonban a p\u00e1ly\u00e1z\u00f3nak joga van a p\u00e1ly\u00e1zat\u00e1nak m\u00f3dos\u00edt\u00e1s\u00e1ra \/ kieg\u00e9sz\u00edt\u00e9s\u00e9re \/helyesb\u00edt\u00e9s\u00e9re. A p\u00e1ly\u00e1z\u00e1s egy\u00e9ni, \u00edgy a csoportos tev\u00e9kenys\u00e9gben r\u00e9szt vev\u0151 hallgat\u00f3k mindegyik\u00e9nek saj\u00e1t p\u00e1ly\u00e1zatot kell beny\u00fajtani.<\/p>\n<h2>III. AZ ELB\u00cdR\u00c1L\u00c1S SZEMPONTJA \u00c9S HAT\u00c1RIDEJE, ELB\u00cdR\u00c1L\u00c1SRA JOGOSULT TEST\u00dcLET VAGY SZEM\u00c9LY:<\/h2>\n<p>Az \u00d6szt\u00f6nd\u00edj oda\u00edt\u00e9l\u00e9s\u00e9r\u0151l \u00e9s az \u00f6szt\u00f6nd\u00edjak m\u00e9rt\u00e9k\u00e9r\u0151l a K\u00f6z\u00e9leti \u00d6szt\u00f6nd\u00edj Bizotts\u00e1g d\u00f6nt, figyelembe v\u00e9ve a rendelkez\u00e9sre \u00e1ll\u00f3 p\u00e9nz\u00fcgyi keretet is.<\/p>\n<p>Az \u00d6szt\u00f6nd\u00edj \u00f6sszege:<\/p>\n<div class=\"fontos_div\">\n<p>Kiemelt egyetemi esem\u00e9nyek eset\u00e9n pontonk\u00e9nt 1500 Ft,<\/p>\n<p>Kiemelt egyetemi tev\u00e9kenys\u00e9gek eset\u00e9n pontonk\u00e9nt 1500 Ft<\/p>\n<\/div>\n<p>B\u00edr\u00e1lati hat\u00e1rid\u0151: a p\u00e1ly\u00e1zati hat\u00e1rid\u0151 v\u00e9g\u00e9t\u0151l sz\u00e1m\u00edtott 1 h\u00f3nap.<\/p>\n<p>A p\u00e1ly\u00e1z\u00f3 nem jogosult \u00f6szt\u00f6nd\u00edjra olyan tev\u00e9kenys\u00e9g ut\u00e1n, amely ut\u00e1n m\u00e1s, a K\u00f6z\u00e9leti \u00d6szt\u00f6nd\u00edj Bizotts\u00e1g \u00e1ltal elb\u00edr\u00e1lt \u00f6szt\u00f6np\u00e1ly\u00e1zata alapj\u00e1n m\u00e1r t\u00e1mogat\u00e1sban r\u00e9szes\u00fclt.<\/p>\n<ol>\n<li>A kifizet\u00e9sre vonatkoz\u00f3 rendelkez\u00e9sek:<\/li>\n<\/ol>\n<p>A nyertes p\u00e1ly\u00e1z\u00f3 eset\u00e9ben a kifizet\u00e9s felt\u00e9tele, hogy a jogosult rendelkezzen a Neptun rendszerben alap\u00e9rtelmezettk\u00e9nt be\u00e1ll\u00edtott, forint fogad\u00e1s\u00e1ra alkalmas banksz\u00e1mlasz\u00e1mmal. A banksz\u00e1mlasz\u00e1m r\u00f6gz\u00edt\u00e9s\u00e9re \u00e9s a kifizet\u00e9sre a szemeszter v\u00e9g\u00e9ig van lehet\u0151s\u00e9g.<\/p>\n<p>Az elnyert \u00f6szt\u00f6nd\u00edj, mint juttat\u00e1s adatai (a juttat\u00e1s jogc\u00edme, meg\u00edt\u00e9lt \u00f6szt\u00f6nd\u00edj \u00f6sszege) a Neptun elektronikus tanulm\u00e1nyi rendszerben r\u00f6gz\u00edt\u00e9sre ker\u00fclnek.<\/p>\n<ol>\n<li>Az \u00f6szt\u00f6nd\u00edj visszafizet\u00e9se:<\/li>\n<\/ol>\n<p>A p\u00e1ly\u00e1zati felh\u00edv\u00e1sban foglaltakat nem teljes\u00edt\u0151, vagy csak r\u00e9szben teljes\u00edt\u0151 \u00f6szt\u00f6nd\u00edjas k\u00f6teles a sz\u00e1m\u00e1ra foly\u00f3s\u00edtott \u00f6szt\u00f6nd\u00edj teljes \u00f6sszeg\u00e9t, illetve a szerz\u0151d\u00e9sszeg\u00e9ssel \u00e9rintett r\u00e9sz\u00e9t az Egyetem erre vonatkoz\u00f3 felh\u00edv\u00e1sa k\u00e9zhezv\u00e9tel\u00e9t\u0151l sz\u00e1m\u00edtott 8 napon bel\u00fcl a Ptk. szerinti k\u00e9sedelmi kamattal n\u00f6velt \u00f6sszegben visszafizetni.<\/p>\n<p>Az \u00f6szt\u00f6nd\u00edjas akkor k\u00f6teles a t\u00e1mogat\u00e1s teljes \u00f6sszeg\u00e9t visszafizetni, amennyiben meg\u00e1llap\u00edt\u00e1sra ker\u00fclt, hogy a p\u00e1ly\u00e1zat elb\u00edr\u00e1l\u00e1s\u00e1hoz val\u00f3tlan adatokat szolg\u00e1ltatott.<\/p>\n<h2>VI. EGY\u00c9B TUDNIVAL\u00d3K:<\/h2>\n<p><strong>Adatkezel\u00e9s\u00a0<\/strong><\/p>\n<p>A p\u00e1ly\u00e1z\u00f3 p\u00e1ly\u00e1zat\u00e1nak beny\u00fajt\u00e1s\u00e1val beleegyezik, hogy a p\u00e1ly\u00e1zatban megadott adatait a p\u00e1ly\u00e1z\u00f3 azonos\u00edt\u00e1sa, p\u00e1ly\u00e1zat feldolgoz\u00e1sa, \u00e9rt\u00e9kel\u00e9se, a p\u00e1ly\u00e1z\u00f3val val\u00f3 kapcsolattart\u00e1s, valamint az \u00f6szt\u00f6nd\u00edj kifizet\u00e9se \u00e9rdek\u00e9ben a III. pontban meghat\u00e1rozott bizotts\u00e1g, a jogorvoslatot v\u00e9gz\u0151 szem\u00e9ly vagy test\u00fclet valamint a b\u00edr\u00e1latban, illetve a kifog\u00e1s elb\u00edr\u00e1l\u00e1s\u00e1ban, a kifizet\u00e9sek kezel\u00e9s\u00e9ben \u00e9s az Egyetem iratmeg\u0151rz\u00e9si k\u00f6telezetts\u00e9ge teljes\u00edt\u00e9s\u00e9ben elj\u00e1r\u00f3, az Egyetem bels\u0151 szab\u00e1lyzataiban erre feljogos\u00edtott foglalkoztatottai kezelj\u00e9k. A p\u00e1ly\u00e1z\u00f3 szem\u00e9lyes adatait csak azok ismerhetik meg, akiknek ez a fenti feladatuk ell\u00e1t\u00e1s\u00e1hoz sz\u00fcks\u00e9ges.<\/p>\n<p>A p\u00e1ly\u00e1zathoz kapcsol\u00f3d\u00f3 adatkezel\u00e9s r\u00e9szletes szab\u00e1lyait a Semmelweis Egyetem Hallgat\u00f3k r\u00e9sz\u00e9re sz\u00f3l\u00f3 adatkezel\u00e9si t\u00e1j\u00e9koztat\u00f3ja tartalmazza, amely az al\u00e1bbi linken \u00e9rhet\u0151 el:<\/p>\n<p><a href=\"https:\/\/semmelweis.hu\/jogigfoig\/files\/2019\/03\/Adatkezelesi-tajekoztato_hallgato.pdf\" target=\"_blank\" rel=\"noopener\">Adatkezel\u00e9si t\u00e1j\u00e9koztat\u00f3<\/a><\/p>\n<p><strong>\u00c1tl\u00e1that\u00f3s\u00e1g\u00a0<\/strong><\/p>\n<p>A Semmelweis Egyetem Hallgat\u00f3i \u00d6nkorm\u00e1nyzat Alapszab\u00e1lya 35. \u00a7 rendelkez\u00e9sei alapj\u00e1n a H\u00d6K valamennyi jelen felh\u00edv\u00e1s szerinti \u00f6szt\u00f6nd\u00edjra p\u00e1ly\u00e1z\u00f3 tiszts\u00e9gvisel\u0151je, \u00fcgyviv\u0151je, test\u00fcleti, bizotts\u00e1gi tagja k\u00f6teles a\u202fNeptun\u202frendszerben t\u00f6rt\u00e9n\u0151 p\u00e1ly\u00e1zatlead\u00e1st k\u00f6vet\u0151en halad\u00e9ktalanul felt\u00f6lteni a beny\u00fajtott p\u00e1ly\u00e1zat adatlapj\u00e1t a saj\u00e1t SharePoint mapp\u00e1j\u00e1ba, a szervezeti \u00e1tl\u00e1that\u00f3s\u00e1g biztos\u00edt\u00e1sa \u00e9rdek\u00e9ben.<\/p>\n<p>Amennyiben a p\u00e1ly\u00e1z\u00f3 kor\u00e1bban nem rendelkezett saj\u00e1t\u202fmegfelel\u0151 drive\u202fmapp\u00e1val, ennek t\u00e9ny\u00e9t k\u00f6teles\u202fhalad\u00e9ktalanul jelezni\u202fa szervezet Titk\u00e1ra r\u00e9sz\u00e9re a hok.secretary@semmelweis.hu e-mail c\u00edmen.<\/p>\n<p><strong>Jogorvoslat<\/strong><\/p>\n<p>A p\u00e1ly\u00e1z\u00f3 az \u00f6szt\u00f6nd\u00edj-d\u00f6nt\u00e9s k\u00f6zl\u00e9s\u00e9t\u0151l sz\u00e1m\u00edtott 15 napon bel\u00fcl a Fel\u00fclb\u00edr\u00e1lati Bizotts\u00e1ghoz c\u00edmzett, tanulm\u00e1nyi oszt\u00e1lyon beny\u00fajtott jogorvoslattal \u00e9lhet.<\/p>\n","protected":false},"excerpt":{"rendered":"<p>Kiemelt egyetemi esem\u00e9nyek \u00e9s tev\u00e9kenys\u00e9gek \u00f6szt\u00f6nd\u00edja P\u00e1ly\u00e1zati felh\u00edv\u00e1s kiemelt egyetemi esem\u00e9nyek \u00e9s tev\u00e9kenys\u00e9gek \u00f6szt\u00f6nd\u00edja elnyer\u00e9s\u00e9re a\u00a0Semmelweis Egyetem K\u00f6z\u00e9leti \u00d6szt\u00f6nd\u00edj Bizotts\u00e1ga a Szervezeti \u00e9s M\u0171k\u00f6d\u00e9si Szab\u00e1lyzat III.4. R\u00e9sz \u2013 T\u00e9r\u00edt\u00e9si \u00e9s Juttat\u00e1si Szab\u00e1lyzat 8\/B. \u00a7-a foglaltak alapj\u00e1n p\u00e1ly\u00e1zatot \u00edr ki \u201eKiemelt egyetemi esem\u00e9nyek \u00e9s tev\u00e9kenys\u00e9gek \u00f6szt\u00f6nd\u00edja\u201d elnyer\u00e9s\u00e9re. P\u00e1ly\u00e1zati felt\u00e9telek: Az \u00f6szt\u00f6nd\u00edjban a 2025\/2026. \u00e9v tavaszi f\u00e9l\u00e9v\u00e9ben &hellip;<\/p>\n","protected":false},"author":102383,"featured_media":0,"parent":0,"menu_order":0,"comment_status":"closed","ping_status":"closed","template":"","meta":{"_acf_changed":false,"footnotes":""},"categories":[],"tags":[],"class_list":["post-1049","page","type-page","status-publish","hentry"],"acf":[],"_links":{"self":[{"href":"https:\/\/semmelweis.hu\/studentsupport\/wp-json\/wp\/v2\/pages\/1049","targetHints":{"allow":["GET"]}}],"collection":[{"href":"https:\/\/semmelweis.hu\/studentsupport\/wp-json\/wp\/v2\/pages"}],"about":[{"href":"https:\/\/semmelweis.hu\/studentsupport\/wp-json\/wp\/v2\/types\/page"}],"author":[{"embeddable":true,"href":"https:\/\/semmelweis.hu\/studentsupport\/wp-json\/wp\/v2\/users\/102383"}],"replies":[{"embeddable":true,"href":"https:\/\/semmelweis.hu\/studentsupport\/wp-json\/wp\/v2\/comments?post=1049"}],"version-history":[{"count":3,"href":"https:\/\/semmelweis.hu\/studentsupport\/wp-json\/wp\/v2\/pages\/1049\/revisions"}],"predecessor-version":[{"id":1052,"href":"https:\/\/semmelweis.hu\/studentsupport\/wp-json\/wp\/v2\/pages\/1049\/revisions\/1052"}],"wp:attachment":[{"href":"https:\/\/semmelweis.hu\/studentsupport\/wp-json\/wp\/v2\/media?parent=1049"}],"wp:term":[{"taxonomy":"category","embeddable":true,"href":"https:\/\/semmelweis.hu\/studentsupport\/wp-json\/wp\/v2\/categories?post=1049"},{"taxonomy":"post_tag","embeddable":true,"href":"https:\/\/semmelweis.hu\/studentsupport\/wp-json\/wp\/v2\/tags?post=1049"}],"curies":[{"name":"wp","href":"https:\/\/api.w.org\/{rel}","templated":true}]}}