{"id":1013,"date":"2026-03-11T12:19:26","date_gmt":"2026-03-11T11:19:26","guid":{"rendered":"https:\/\/semmelweis.hu\/studentsupport\/?page_id=1013"},"modified":"2026-03-31T16:16:42","modified_gmt":"2026-03-31T14:16:42","slug":"bokay-janos-osztondij","status":"publish","type":"page","link":"https:\/\/semmelweis.hu\/studentsupport\/bokay-janos-osztondij\/","title":{"rendered":"B\u00f3kay J\u00e1nos \u00d6szt\u00f6nd\u00edj"},"content":{"rendered":"<h1 style=\"text-align: center\"><span style=\"font-size: 18pt\">A SEMMELWeIS EGYETEM B\u00f3kay J\u00e1nos \u00d6szt\u00f6nd\u00edjA<\/span><\/h1>\n<p>A <strong>B\u00f3kay J\u00e1nos \u00d6szt\u00f6nd\u00edj<\/strong> a Semmelweis Egyetem tanulm\u00e1nyi alapon oda\u00edt\u00e9lt \u00f6szt\u00f6nd\u00edja, amelyben az <strong>\u00e1llamilag t\u00e1mogatott<\/strong>, teljes idej\u0171 alapk\u00e9pz\u00e9sben, mesterk\u00e9pz\u00e9sben, egys\u00e9ges osztatlan k\u00e9pz\u00e9sben vagy fels\u0151fok\u00fa szakk\u00e9pz\u00e9sben r\u00e9szt vev\u0151 hallgat\u00f3k r\u00e9szes\u00fclhetnek kiemelked\u0151 tanulm\u00e1nyi eredm\u00e9ny\u00fck alapj\u00e1n.<\/p>\n<p>Az \u00f6szt\u00f6nd\u00edjat <strong>egy f\u00e9l\u00e9vre \u00edt\u00e9li oda az oktat\u00e1si rektorhelyettes <\/strong>a T\u00e1mogat\u00f3 Szolg\u00e1lat\u00e1sok \u00e9s Hallgat\u00f3i Kapcsolatok Igazgat\u00f3s\u00e1g\u00e1nak el\u0151k\u00e9sz\u00edt\u00e9se alapj\u00e1n, \u00e9s az egyetem p\u00e9nzbeli juttat\u00e1sk\u00e9nt <strong>havonta foly\u00f3s\u00edtja<\/strong>. A f\u00e9l\u00e9v els\u0151 h\u00f3napj\u00e1ra es\u0151 \u00f6szt\u00f6nd\u00edjat is a f\u00e9l\u00e9v m\u00e1sodik h\u00f3napj\u00e1ban (m\u00e1rcius, ill. okt\u00f3ber) fizetj\u00fck ki, ekkor a hallgat\u00f3 egyszerre 2 havi \u00f6sszeget kap meg. Az \u00f6szt\u00f6nd\u00edj oda\u00edt\u00e9l\u00e9s\u00e9nek alapja a <strong>kreditekkel s\u00falyozott tanulm\u00e1nyi \u00e1tlag<\/strong>, \u00e9s szakonk\u00e9nt\/szakir\u00e1nyonk\u00e9nt, valamint \u00e9vfolyamonk\u00e9nt \u2013 \u00fagynevezett homog\u00e9n hallgat\u00f3i csoportokban \u2013 ker\u00fcl meghat\u00e1roz\u00e1sra, amely biztos\u00edtja a hasonl\u00f3 tanulm\u00e1nyi teljes\u00edtm\u00e9nyek \u00f6sszehasonl\u00edthat\u00f3 \u00e9rt\u00e9kel\u00e9s\u00e9t.<\/p>\n<p>A B\u00f3kay \u00d6szt\u00f6nd\u00edjat <strong>t\u00f6bb fokozatban<\/strong> \u2013 <strong>gy\u00e9m\u00e1nt, arany, ez\u00fcst, bronz<\/strong>, illetve r\u00e9szleges \u00f6szt\u00f6nd\u00edj form\u00e1j\u00e1ban \u2013 osztjuk ki. Az \u00f6szt\u00f6nd\u00edjr\u00f3l szakonk\u00e9nt \u00e9s \u00e9vfolyamonk\u00e9nt az oktat\u00e1si rektorhelyettes d\u00f6nt, a szab\u00e1lyzatban meghat\u00e1rozott el\u0151\u00edr\u00e1sok, pl. az el\u0151\u00edrt hallgat\u00f3i ar\u00e1nyok figyelembev\u00e9tel\u00e9vel.<\/p>\n<p>A <strong>gy\u00e9m\u00e1nt fokozat<\/strong> az 5,0-s tanulm\u00e1nyi \u00e1tlaghoz tartoz\u00f3, kiemelt kateg\u00f3ria, melynek \u00f6sszege havi 50.000 Ft.<br \/>\nAz <strong>arany fokozat<\/strong> hat\u00e1r\u00e9rt\u00e9k\u00e9t \u00fagy kell meg\u00e1llap\u00edtani, hogy azt legal\u00e1bb a hallgat\u00f3k 10%-a el\u00e9rje. \u00d6sszege havi <strong>33.200 Ft<\/strong>.<br \/>\nAz <strong>ez\u00fcst fokozat <\/strong>hat\u00e1r\u00e9rt\u00e9k\u00e9t \u00fagy kell meg\u00e1llap\u00edtani, hogy azt legal\u00e1bb a hallgat\u00f3k 22,5%-a el\u00e9rje. \u00d6sszege <strong>havi 20.000 Ft<\/strong>.\u00a0<br \/>\nA <strong>bronz\u00a0fokozat <\/strong>hat\u00e1r\u00e9rt\u00e9k\u00e9t \u00fagy kell meg\u00e1llap\u00edtani, hogy azt legal\u00e1bb a hallgat\u00f3k 42,5%-a el\u00e9rje, \u00edgy a B\u00f3kay \u00d6szt\u00f6nd\u00edj valamelyik fokozat\u00e1ban legal\u00e1bb a hallgat\u00f3k 42,5% r\u00e9szes\u00fcl. \u00d6sszege <strong>havi 10.500 Ft<\/strong>.\u00a0<\/p>\n<p>Ha valaki 23-n\u00e1l kevesebb kreditet teljes\u00edtett csak a f\u00e9l\u00e9vben, akkor az \u00f6szt\u00f6nd\u00edj \u00f6sszege lecs\u00f6kkent\u00e9sre ker\u00fcl, vagy a hallgat\u00f3 egy\u00e1ltal\u00e1n nem jogosult az \u00f6szt\u00f6nd\u00edjra.<\/p>\n<h1 style=\"text-align: center\"><span style=\"font-size: 18pt\">A SEMMELWIS EGYETEM B\u00f3kay J\u00e1nos \u00d6szt\u00f6nd\u00edj\u00c1NAK ODA\u00cdT\u00c9L\u00c9SE A 2025\/2026-os tan\u00e9v tavaszi f\u00e9l\u00e9vre vonatkoz\u00f3an\u00a0<\/span><\/h1>\n<p>Az oktat\u00e1si rektorhelyettes 2026. m\u00e1rcius 10-\u00e9n meg\u00e1llap\u00edtotta az \u00f6szt\u00f6nd\u00edj egyes fokozataihoz tartoz\u00f3 hat\u00e1r\u00e9rt\u00e9keket, amelyeket el kellett \u00e9rni az \u00f6szt\u00f6nd\u00edj elnyer\u00e9s\u00e9hez, tov\u00e1bb\u00e1 d\u00f6nt\u00f6tt az ezeket el\u00e9r\u0151 hallgat\u00f3k r\u00e9sz\u00e9re az \u00f6szt\u00f6nd\u00edj oda\u00edt\u00e9l\u00e9s\u00e9r\u0151l.<\/p>\n<p>Az el\u0151z\u0151 f\u00e9l\u00e9vben minden eddigin\u00e9l t\u00f6bb, mintegy 660 hallgat\u00f3 \u00e9rt el 5,0-s tanulm\u00e1nyi \u00e1tlagot, \u00e9s a jelent\u0151sen megn\u00f6vekedett l\u00e9tsz\u00e1mok mellett is az egyetem c\u00e9lja volt, hogy valamennyi kit\u0171n\u0151 eredm\u00e9nyt el\u00e9r\u0151 hallgat\u00f3 ebben a f\u00e9l\u00e9vben is a maxim\u00e1lis, 50.000 Ft-os \u00f6szt\u00f6nd\u00edjban r\u00e9szes\u00fclhessen, \u00e9s erre elegend\u0151 forr\u00e1st tudjunk biztos\u00edtani.<\/p>\n<p>A hat\u00e1r\u00e9rt\u00e9kek meg\u00e1llap\u00edt\u00e1sa az idei \u00e9vben els\u0151 alkalommal valamennyi szakra\/szakir\u00e1nyra \u00e9s \u00e9vfolyamra kiterjed\u0151, egys\u00e9ges szempontrendszer szerint t\u00f6rt\u00e9nt, mely biztos\u00edtja minden hallgat\u00f3nk es\u00e9lyegyenl\u0151s\u00e9g\u00e9t \u00e9s a kiv\u00e1l\u00f3s\u00e1g elismer\u00e9s\u00e9t:<\/p>\n<ul>\n<li>A gy\u00e9m\u00e1nt fokozat hat\u00e1r\u00e9rt\u00e9ke az eg\u00e9sz egyetemen <strong>egys\u00e9gesen 5,0-s<\/strong> \u00e9rt\u00e9kben ker\u00fclt meg\u00e1llap\u00edt\u00e1sra.<\/li>\n<li>Az arany fokozat hat\u00e1r\u00e9rt\u00e9ke az adott szak\/szakir\u00e1ny-\u00e9vfolyam <strong>10. percentilis\u00e9hez tartoz\u00f3 \u00e1tlag<\/strong>, k\u00e9t tizedes jegyre lefel\u00e9 kerek\u00edtve, <strong>de nem lehet magasabb 4,97-n\u00e9l<\/strong>, aminek c\u00e9lja az volt, hogy aki maximum 1 kredit \u00e9rt\u00e9kben szerzett 4-es \u00e9rdemjegyet, az mindenk\u00e9pp el\u00e9re az arany fokozatot.<\/li>\n<li>Az arany fokozat hat\u00e1r\u00e9rt\u00e9ke az adott szak\/szakir\u00e1ny-\u00e9vfolyam <strong>22,5. percentilis\u00e9hez tartoz\u00f3 \u00e1tlag<\/strong>, k\u00e9t tizedes jegyre lefel\u00e9 kerek\u00edtve, <strong>de nem lehet magasabb 4,93-n\u00e1l<\/strong>, aminek c\u00e9lja az volt, hogy aki maximum 2 kredit \u00e9rt\u00e9kben szerzett 4-es \u00e9rdemjegyet, az mindenk\u00e9pp el\u00e9rje legal\u00e1bb az ez\u00fcst fokozatot.<\/li>\n<li>A bronz fokozat hat\u00e1r\u00e9rt\u00e9ke az adott szak\/szakir\u00e1ny-\u00e9vfolyam 42,5. percentilis\u00e9hez tartoz\u00f3 \u00e1tlag, k\u00e9t tizedes jegyre lefel\u00e9 kerek\u00edtve.<\/li>\n<\/ul>\n<p>Az oktat\u00e1si rektorhelyettes <span style=\"font-size: 14pt\"><a href=\"https:\/\/semmelweis.hu\/studentsupport\/files\/2026\/03\/Altalanos-hatarozat.pdf\" target=\"_blank\" rel=\"noopener\">hat\u00e1rozata itt<\/a> <\/span>olvashat\u00f3, annak <a href=\"https:\/\/semmelweis.hu\/studentsupport\/files\/2026\/03\/Atlag-hatarertek-tablazat.pdf\" target=\"_blank\" rel=\"noopener\">mell\u00e9klete tartalmazza \u00e9vfolyamonk\u00e9nt az egyes fokozatok meg\u00e1llap\u00edtott hat\u00e1r\u00e9rt\u00e9keit<\/a>.<\/p>\n<p>Azok a hallgat\u00f3k, akik teljes\u00edtett\u00e9k az oda\u00edt\u00e9l\u00e9s felt\u00e9teleit, a NEPTUN-rendszerben ki\u00edrt t\u00e9telek k\u00f6z\u00f6tt l\u00e1tj\u00e1k az \u00f6szt\u00f6nd\u00edj \u00f6sszeg\u00e9t.<\/p>\n<p>Aki a felt\u00e9teleket teljes\u00edti, de nem l\u00e1tja az \u00f6sszeget, vagy t\u00e9ves \u00f6sszeget l\u00e1t, vagy m\u00e1s okb\u00f3l szab\u00e1lytalannak tartja a r\u00e1 vonatkoz\u00f3 d\u00f6nt\u00e9st, <span class=\"TextRun SCXW174048029 BCX0\" lang=\"HU-HU\" xml:lang=\"HU-HU\" data-contrast=\"auto\"><span class=\"NormalTextRun SCXW174048029 BCX0\">az jogorvoslati k\u00e9relmet ny\u00fajthat be 15 napon bel\u00fcl. A k\u00e9relmet a Semmelweis Egyetem Fel\u00fclb\u00edr\u00e1lati Bizotts\u00e1g\u00e1hoz kell c\u00edmezni \u00e9s azt<\/span><span class=\"NormalTextRun SCXW174048029 BCX0\">\u00a0pap\u00edr\u00a0<\/span><span class=\"NormalTextRun ContextualSpellingAndGrammarErrorV2Themed SCXW174048029 BCX0\">alap<\/span><span class=\"NormalTextRun ContextualSpellingAndGrammarErrorV2Themed SCXW174048029 BCX0\">on\u00a0<\/span><span class=\"NormalTextRun ContextualSpellingAndGrammarErrorV2Themed SCXW174048029 BCX0\">\u00a0a<\/span><span class=\"NormalTextRun SCXW174048029 BCX0\">\u00a0Kar Hallgat\u00f3i Inform\u00e1ci\u00f3s Irod\u00e1j\u00e1ban \/ a Kar D\u00e9k\u00e1ni Hivatal\u00e1ban \/ a Kar Tanulm\u00e1nyi Oszt\u00e1ly\u00e1<\/span><span class=\"NormalTextRun SCXW174048029 BCX0\">ra<\/span><span class=\"NormalTextRun SCXW174048029 BCX0\">\u00a0<\/span><span class=\"NormalTextRun SCXW174048029 BCX0\">lehet beny\u00fajtani, ahonnan tov\u00e1bb\u00edtj\u00e1k azt a THI, illetve a Fel\u00fclb\u00edr\u00e1lati Bizotts\u00e1g r\u00e9sz\u00e9re<\/span><span class=\"NormalTextRun SCXW174048029 BCX0\">.<\/span><\/span><span class=\"EOP SCXW174048029 BCX0\" data-ccp-props=\"{&quot;201341983&quot;:0,&quot;335551550&quot;:6,&quot;335551620&quot;:6,&quot;335559739&quot;:200,&quot;335559740&quot;:276}\">\u00a0<\/span><\/p>\n<p>Budapest, 2026.03.11.<\/p>\n","protected":false},"excerpt":{"rendered":"<p>A SEMMELWeIS EGYETEM B\u00f3kay J\u00e1nos \u00d6szt\u00f6nd\u00edjA A B\u00f3kay J\u00e1nos \u00d6szt\u00f6nd\u00edj a Semmelweis Egyetem tanulm\u00e1nyi alapon oda\u00edt\u00e9lt \u00f6szt\u00f6nd\u00edja, amelyben az \u00e1llamilag t\u00e1mogatott, teljes idej\u0171 alapk\u00e9pz\u00e9sben, mesterk\u00e9pz\u00e9sben, egys\u00e9ges osztatlan k\u00e9pz\u00e9sben vagy fels\u0151fok\u00fa szakk\u00e9pz\u00e9sben r\u00e9szt vev\u0151 hallgat\u00f3k r\u00e9szes\u00fclhetnek kiemelked\u0151 tanulm\u00e1nyi eredm\u00e9ny\u00fck alapj\u00e1n. Az \u00f6szt\u00f6nd\u00edjat egy f\u00e9l\u00e9vre \u00edt\u00e9li oda az oktat\u00e1si rektorhelyettes a T\u00e1mogat\u00f3 Szolg\u00e1lat\u00e1sok \u00e9s Hallgat\u00f3i Kapcsolatok Igazgat\u00f3s\u00e1g\u00e1nak &hellip;<\/p>\n","protected":false},"author":102383,"featured_media":0,"parent":0,"menu_order":0,"comment_status":"closed","ping_status":"closed","template":"","meta":{"_acf_changed":false,"footnotes":""},"categories":[],"tags":[],"class_list":["post-1013","page","type-page","status-publish","hentry"],"acf":[],"_links":{"self":[{"href":"https:\/\/semmelweis.hu\/studentsupport\/wp-json\/wp\/v2\/pages\/1013","targetHints":{"allow":["GET"]}}],"collection":[{"href":"https:\/\/semmelweis.hu\/studentsupport\/wp-json\/wp\/v2\/pages"}],"about":[{"href":"https:\/\/semmelweis.hu\/studentsupport\/wp-json\/wp\/v2\/types\/page"}],"author":[{"embeddable":true,"href":"https:\/\/semmelweis.hu\/studentsupport\/wp-json\/wp\/v2\/users\/102383"}],"replies":[{"embeddable":true,"href":"https:\/\/semmelweis.hu\/studentsupport\/wp-json\/wp\/v2\/comments?post=1013"}],"version-history":[{"count":10,"href":"https:\/\/semmelweis.hu\/studentsupport\/wp-json\/wp\/v2\/pages\/1013\/revisions"}],"predecessor-version":[{"id":1072,"href":"https:\/\/semmelweis.hu\/studentsupport\/wp-json\/wp\/v2\/pages\/1013\/revisions\/1072"}],"wp:attachment":[{"href":"https:\/\/semmelweis.hu\/studentsupport\/wp-json\/wp\/v2\/media?parent=1013"}],"wp:term":[{"taxonomy":"category","embeddable":true,"href":"https:\/\/semmelweis.hu\/studentsupport\/wp-json\/wp\/v2\/categories?post=1013"},{"taxonomy":"post_tag","embeddable":true,"href":"https:\/\/semmelweis.hu\/studentsupport\/wp-json\/wp\/v2\/tags?post=1013"}],"curies":[{"name":"wp","href":"https:\/\/api.w.org\/{rel}","templated":true}]}}