{"id":197,"date":"2020-06-17T12:54:06","date_gmt":"2020-06-17T10:54:06","guid":{"rendered":"https:\/\/semmelweis.hu\/stressgroup\/?page_id=197"},"modified":"2023-07-11T14:43:22","modified_gmt":"2023-07-11T12:43:22","slug":"reviews","status":"publish","type":"page","link":"https:\/\/semmelweis.hu\/stressgroup\/reviews\/","title":{"rendered":"Reviews"},"content":{"rendered":"<p>Gyurk\u00f3 MD, Stet\u00e1k A, <u>S\u0151ti C<\/u>, Csermely P. (2015) Multitarget network strategies to influence memory and forgetting: the Ras\/MAPK pathway as a novel option. <em>Mini Rev. Med. Chem.<\/em> 15, 696-704. PDF<\/p>\n<ul id=\"full-view-identifiers\" class=\"identifiers\">\n<li><span class=\"identifier doi\"><a class=\"id-link\" href=\"https:\/\/doi.org\/10.2174\/1389557515666150219144336\" target=\"_blank\" rel=\"noopener\">10.2174\/1389557515666150219144336<\/a><\/span><\/li>\n<\/ul>\n<p>&nbsp;<\/p>\n<p>Dancs\u00f3 B, Spir\u00f3 Z, Arslan MA, Nguyen MT, Papp D, Csermely P, <u>S\u0151ti C<\/u>. (2010) The heat shock connection of metabolic stress and dietary restriction. <em>Curr. Pharm. Biotechnol.<\/em>, 11, 139-145. PDF<\/p>\n<ul id=\"full-view-identifiers\" class=\"identifiers\">\n<li><span class=\"identifier doi\"><a class=\"id-link\" href=\"https:\/\/doi.org\/10.2174\/138920110790909704\" target=\"_blank\" rel=\"noopener\">10.2174\/138920110790909704<\/a><\/span><\/li>\n<\/ul>\n<p>&nbsp;<\/p>\n<p>S\u0151ti C, Nagy E, Giricz Z, V\u00edgh L, Csermely P, Ferdin\u00e1ndy P. Heat shock proteins as emerging therapeutic targets. <em>Br. J. Pharmacol.<\/em> 2005, <strong>146: <\/strong>769-780. PDF<\/p>\n<p><a href=\"https:\/\/bpspubs.onlinelibrary.wiley.com\/doi\/pdf\/10.1038\/sj.bjp.0706396\">https:\/\/bpspubs.onlinelibrary.wiley.com\/doi\/pdf\/10.1038\/sj.bjp.0706396<\/a><\/p>\n<p><strong>\u00a0<\/strong><\/p>\n<p><a href=\"http:\/\/www.ncbi.nlm.nih.gov\/entrez\/query.fcgi?cmd=Retrieve&amp;db=pubmed&amp;dopt=Abstract&amp;list_uids=15780599\">S\u0151ti C, P\u00e1l Cs, Papp B, Csermely P<\/a>: Molecular chaperones as regulatory elements of cellular networks. <em>Curr. Opin. Cell Biol.<\/em> 2005, <strong>17: <\/strong>210-215. PDF<\/p>\n<p><a href=\"https:\/\/reader.elsevier.com\/reader\/sd\/pii\/S0955067405000256?token=B84FA59775AA271566EEF0AFE28E3557199EDA005F673E8E0506961200ECD5FCB0C12DBFE81BD5DBA6966FCCDFE7FE48\">https:\/\/reader.elsevier.com\/reader\/sd\/pii\/S0955067405000256?token=B84FA59775AA271566EEF0AFE28E3557199EDA005F673E8E0506961200ECD5FCB0C12DBFE81BD5DBA6966FCCDFE7FE48<\/a><\/p>\n<p><u>\u00a0<\/u><\/p>\n<p>S\u0151ti C, Csermely P: Aging and molecular chaperones. <em>Exp. Gerontol.<\/em> 2003, <strong>10:<\/strong> 1037-1040. PDF<\/p>\n<p><a href=\"https:\/\/reader.elsevier.com\/reader\/sd\/pii\/S0531556503001852?token=8B976055D6DB34929FB04E069F51D4536C73776E57EA75E5D1DA5EB08ED0932CCB4B670522DFA9FB79A6950AB06BD5BD\">https:\/\/reader.elsevier.com\/reader\/sd\/pii\/S0531556503001852?token=8B976055D6DB34929FB04E069F51D4536C73776E57EA75E5D1DA5EB08ED0932CCB4B670522DFA9FB79A6950AB06BD5BD<\/a><\/p>\n<p><strong>\u00a0<\/strong><\/p>\n<p>S\u0151ti C, Csermely P: Chaperones and aging: their role in neurodegeneration and other civilizational diseases. <em>Neurochem. International<\/em> 2002; <strong>41:<\/strong> 383-389. PDF<\/p>\n<p><a href=\"https:\/\/reader.elsevier.com\/reader\/sd\/pii\/S0197018602000438?token=BF61AFF204BBE263B7D6006868366D108903BC274330923CC2960FD5B704F711BBD0E362A5BFAA68EC1929A7F2D43096\">https:\/\/reader.elsevier.com\/reader\/sd\/pii\/S0197018602000438?token=BF61AFF204BBE263B7D6006868366D108903BC274330923CC2960FD5B704F711BBD0E362A5BFAA68EC1929A7F2D43096<\/a><\/p>\n","protected":false},"excerpt":{"rendered":"<p>Gyurk\u00f3 MD, Stet\u00e1k A, S\u0151ti C, Csermely P. (2015) Multitarget network strategies to influence memory and forgetting: the Ras\/MAPK pathway as a novel option. Mini Rev. Med. Chem. 15, 696-704. PDF <a class=\"id-link\" href=\"https:\/\/doi.org\/10.2174\/1389557515666150219144336\" target=\"_blank\" rel=\"noopener\">10.2174\/1389557515666150219144336<\/a> &nbsp; Dancs\u00f3 B, Spir\u00f3 Z, Arslan MA, Nguyen MT, Papp D, Csermely P, S\u0151ti C. (2010) The heat shock connection of metabolic stress and &hellip;<\/p>\n","protected":false},"author":101588,"featured_media":0,"parent":0,"menu_order":0,"comment_status":"closed","ping_status":"closed","template":"","meta":{"_acf_changed":false,"footnotes":""},"categories":[],"tags":[],"class_list":["post-197","page","type-page","status-publish","hentry"],"acf":[],"_links":{"self":[{"href":"https:\/\/semmelweis.hu\/stressgroup\/wp-json\/wp\/v2\/pages\/197","targetHints":{"allow":["GET"]}}],"collection":[{"href":"https:\/\/semmelweis.hu\/stressgroup\/wp-json\/wp\/v2\/pages"}],"about":[{"href":"https:\/\/semmelweis.hu\/stressgroup\/wp-json\/wp\/v2\/types\/page"}],"author":[{"embeddable":true,"href":"https:\/\/semmelweis.hu\/stressgroup\/wp-json\/wp\/v2\/users\/101588"}],"replies":[{"embeddable":true,"href":"https:\/\/semmelweis.hu\/stressgroup\/wp-json\/wp\/v2\/comments?post=197"}],"version-history":[{"count":4,"href":"https:\/\/semmelweis.hu\/stressgroup\/wp-json\/wp\/v2\/pages\/197\/revisions"}],"predecessor-version":[{"id":232,"href":"https:\/\/semmelweis.hu\/stressgroup\/wp-json\/wp\/v2\/pages\/197\/revisions\/232"}],"wp:attachment":[{"href":"https:\/\/semmelweis.hu\/stressgroup\/wp-json\/wp\/v2\/media?parent=197"}],"wp:term":[{"taxonomy":"category","embeddable":true,"href":"https:\/\/semmelweis.hu\/stressgroup\/wp-json\/wp\/v2\/categories?post=197"},{"taxonomy":"post_tag","embeddable":true,"href":"https:\/\/semmelweis.hu\/stressgroup\/wp-json\/wp\/v2\/tags?post=197"}],"curies":[{"name":"wp","href":"https:\/\/api.w.org\/{rel}","templated":true}]}}