{"id":195,"date":"2020-06-17T12:53:07","date_gmt":"2020-06-17T10:53:07","guid":{"rendered":"https:\/\/semmelweis.hu\/stressgroup\/?page_id=195"},"modified":"2023-07-11T12:03:41","modified_gmt":"2023-07-11T10:03:41","slug":"aging","status":"publish","type":"page","link":"https:\/\/semmelweis.hu\/stressgroup\/aging\/","title":{"rendered":"Aging"},"content":{"rendered":"<p>Somogyv\u00e1ri M, Gecse E, S\u0151ti C. (2018) DAF-21\/Hsp90 is required for <em>C. elegans<\/em> longevity by ensuring DAF-16\/FOXO isoform A function. <em>Sci Rep<\/em><em>.<\/em> <strong>8<\/strong><strong>,<\/strong> 12048. PDF<\/p>\n<p><a href=\"https:\/\/www.nature.com\/articles\/s41598-018-30592-6.pdf?draft=marketing\">https:\/\/www.nature.com\/articles\/s41598-018-30592-6.pdf?draft=marketing<\/a><\/p>\n<p>&nbsp;<\/p>\n<p>Nguyen MT, Csermely P, S\u0151ti C. (2013) Hsp90 chaperones PPAR\u03b3 and regulates differentiation and survival of 3T3-L1 adipocytes. <em>Cell Death Differ.<\/em> 20, 1654-1663. PDF<\/p>\n<p><a href=\"https:\/\/www.nature.com\/articles\/cdd2013129.pdf\">https:\/\/www.nature.com\/articles\/cdd2013129.pdf<\/a><\/p>\n<p>EDITORIAL HIGHLIGHT: <a href=\"https:\/\/www.nature.com\/articles\/cdd2013151.pdf\">https:\/\/www.nature.com\/articles\/cdd2013151.pdf<\/a><\/p>\n<p>&nbsp;<\/p>\n<p>Papp D, Csermely P, S\u0151ti C. (2012) A role for SKN-1\/Nrf in pathogen resistance and immunosenescence in <em>Caenorhabditis elegans<\/em>. <em>PLoS Pathog.<\/em> 8, e1002673. PDF<\/p>\n<p><a href=\"https:\/\/journals.plos.org\/plospathogens\/article\/file?id=10.1371\/journal.ppat.1002673&amp;type=printable\">https:\/\/journals.plos.org\/plospathogens\/article\/file?id=10.1371\/journal.ppat.1002673&amp;type=printable<\/a><\/p>\n<p><strong>\u00a0<\/strong><\/p>\n<p>Spir\u00f3 Z, Arslan MA, Somogyv\u00e1ri M, Nguyen MT, Smolders A, Dancs\u00f3 B, N\u00e9meth N, Elek Z, Braeckman B, Csermely P, S\u0151ti C. (2012) RNA interference links oxidative stress to the inhibition of heat stress adaptation. <em>Antiox. Redox. Signal.<\/em> 17, 890-901. COVER IMAGE. PDF<\/p>\n<p><a href=\"https:\/\/doi.org\/10.1089%2Fars.2011.4161\" target=\"_blank\" rel=\"noopener noreferrer\">10.1089\/ars.2011.4161<\/a><\/p>\n<p>&nbsp;<\/p>\n<p>Burnett C, Valentini S, Cabreiro F, Goss M, Somogyv\u00e1ri M, Piper MD, Hoddinott M, Stutphin GL, Leko V, McElwee JJ, Vazquez-Manrique RP, Orfila A-M, Ackerman D, Au C, Vinti G, Riesen M, Howard K, Neri K, Bedalov A, Kaeberlein M, S\u0151ti C, Partridge L, Gems D. (2011) Absence of effects of Sir2 overexpression on lifespan in C. elegans and Drosophila. <em>Nature<\/em> 477, 482-485. PDF<\/p>\n<p><a href=\"https:\/\/www.nature.com\/articles\/nature10296.pdf?draft=marketing\">https:\/\/www.nature.com\/articles\/nature10296.pdf?draft=marketing<\/a><\/p>\n","protected":false},"excerpt":{"rendered":"<p>Somogyv\u00e1ri M, Gecse E, S\u0151ti C. (2018) DAF-21\/Hsp90 is required for C. elegans longevity by ensuring DAF-16\/FOXO isoform A function. Sci Rep. 8, 12048. PDF <a href=\"https:\/\/www.nature.com\/articles\/s41598-018-30592-6.pdf?draft=marketing\">https:\/\/www.nature.com\/articles\/s41598-018-30592-6.pdf?draft=marketing<\/a> &nbsp; Nguyen MT, Csermely P, S\u0151ti C. (2013) Hsp90 chaperones PPAR\u03b3 and regulates differentiation and survival of 3T3-L1 adipocytes. Cell Death Differ. 20, 1654-1663. PDF <a href=\"https:\/\/www.nature.com\/articles\/cdd2013129.pdf\">https:\/\/www.nature.com\/articles\/cdd2013129.pdf<\/a> EDITORIAL HIGHLIGHT: <a href=\"https:\/\/www.nature.com\/articles\/cdd2013151.pdf\">https:\/\/www.nature.com\/articles\/cdd2013151.pdf<\/a> &nbsp; Papp D, &hellip;<\/p>\n","protected":false},"author":101588,"featured_media":0,"parent":0,"menu_order":0,"comment_status":"closed","ping_status":"closed","template":"","meta":{"_acf_changed":false,"footnotes":""},"categories":[],"tags":[],"class_list":["post-195","page","type-page","status-publish","hentry"],"acf":[],"_links":{"self":[{"href":"https:\/\/semmelweis.hu\/stressgroup\/wp-json\/wp\/v2\/pages\/195","targetHints":{"allow":["GET"]}}],"collection":[{"href":"https:\/\/semmelweis.hu\/stressgroup\/wp-json\/wp\/v2\/pages"}],"about":[{"href":"https:\/\/semmelweis.hu\/stressgroup\/wp-json\/wp\/v2\/types\/page"}],"author":[{"embeddable":true,"href":"https:\/\/semmelweis.hu\/stressgroup\/wp-json\/wp\/v2\/users\/101588"}],"replies":[{"embeddable":true,"href":"https:\/\/semmelweis.hu\/stressgroup\/wp-json\/wp\/v2\/comments?post=195"}],"version-history":[{"count":3,"href":"https:\/\/semmelweis.hu\/stressgroup\/wp-json\/wp\/v2\/pages\/195\/revisions"}],"predecessor-version":[{"id":228,"href":"https:\/\/semmelweis.hu\/stressgroup\/wp-json\/wp\/v2\/pages\/195\/revisions\/228"}],"wp:attachment":[{"href":"https:\/\/semmelweis.hu\/stressgroup\/wp-json\/wp\/v2\/media?parent=195"}],"wp:term":[{"taxonomy":"category","embeddable":true,"href":"https:\/\/semmelweis.hu\/stressgroup\/wp-json\/wp\/v2\/categories?post=195"},{"taxonomy":"post_tag","embeddable":true,"href":"https:\/\/semmelweis.hu\/stressgroup\/wp-json\/wp\/v2\/tags?post=195"}],"curies":[{"name":"wp","href":"https:\/\/api.w.org\/{rel}","templated":true}]}}