{"id":191,"date":"2020-06-17T12:51:53","date_gmt":"2020-06-17T10:51:53","guid":{"rendered":"https:\/\/semmelweis.hu\/stressgroup\/?page_id=191"},"modified":"2023-07-11T12:35:45","modified_gmt":"2023-07-11T10:35:45","slug":"learning-and-memory","status":"publish","type":"page","link":"https:\/\/semmelweis.hu\/stressgroup\/learning-and-memory\/","title":{"rendered":"Learning and Memory"},"content":{"rendered":"<p>Hajd\u00fa G, Gecse E, Taisz I, M\u00f3ra I, S\u0151ti C (2020): Toxic stress-specific cytoprotective responses regulate learned behavioral decisions in C. elegans. biorXiv preprint. PDF<\/p>\n<p><a href=\"https:\/\/bmcbiol.biomedcentral.com\/articles\/10.1186\/s12915-021-00956-y\">https:\/\/bmcbiol.biomedcentral.com\/articles\/10.1186\/s12915-021-00956-y<\/a><\/p>\n<p>&nbsp;<\/p>\n<p>Gecse E, Gil\u00e1nyi B, Csaba M, Hajd\u00fa G, S\u0151ti C. (2019) A cellular defense memory imprinted by early life toxic stress. <em>Sci Rep<\/em>. 9, 18935. PDF<\/p>\n<p><a href=\"https:\/\/www.nature.com\/articles\/s41598-019-55198-4.pdf\">https:\/\/www.nature.com\/articles\/s41598-019-55198-4.pdf<\/a> \u00a0<\/p>\n<p>&nbsp;<\/p>\n<p>Gyurk\u00f3 MD, Csermely P, <u>S\u0151ti C<\/u>, Stet\u00e1k A. Distinct roles of the RasGAP family proteins in <em>C. elegans<\/em> associative learning and memory. (2015) <em>Sci Rep.<\/em> 15, 15084. PDF<\/p>\n<p><a href=\"https:\/\/www.nature.com\/articles\/srep15084.pdf\">https:\/\/www.nature.com\/articles\/srep15084.pdf<\/a><\/p>\n<p>&nbsp;<\/p>\n","protected":false},"excerpt":{"rendered":"<p>Hajd\u00fa G, Gecse E, Taisz I, M\u00f3ra I, S\u0151ti C (2020): Toxic stress-specific cytoprotective responses regulate learned behavioral decisions in C. elegans. biorXiv preprint. PDF <a href=\"https:\/\/bmcbiol.biomedcentral.com\/articles\/10.1186\/s12915-021-00956-y\">https:\/\/bmcbiol.biomedcentral.com\/articles\/10.1186\/s12915-021-00956-y<\/a> &nbsp; Gecse E, Gil\u00e1nyi B, Csaba M, Hajd\u00fa G, S\u0151ti C. (2019) A cellular defense memory imprinted by early life toxic stress. Sci Rep. 9, 18935. PDF <a href=\"https:\/\/www.nature.com\/articles\/s41598-019-55198-4.pdf\">https:\/\/www.nature.com\/articles\/s41598-019-55198-4.pdf<\/a> \u00a0 &nbsp; Gyurk\u00f3 &hellip;<\/p>\n","protected":false},"author":101588,"featured_media":0,"parent":0,"menu_order":0,"comment_status":"closed","ping_status":"closed","template":"","meta":{"_acf_changed":false,"footnotes":""},"categories":[],"tags":[],"class_list":["post-191","page","type-page","status-publish","hentry"],"acf":[],"_links":{"self":[{"href":"https:\/\/semmelweis.hu\/stressgroup\/wp-json\/wp\/v2\/pages\/191","targetHints":{"allow":["GET"]}}],"collection":[{"href":"https:\/\/semmelweis.hu\/stressgroup\/wp-json\/wp\/v2\/pages"}],"about":[{"href":"https:\/\/semmelweis.hu\/stressgroup\/wp-json\/wp\/v2\/types\/page"}],"author":[{"embeddable":true,"href":"https:\/\/semmelweis.hu\/stressgroup\/wp-json\/wp\/v2\/users\/101588"}],"replies":[{"embeddable":true,"href":"https:\/\/semmelweis.hu\/stressgroup\/wp-json\/wp\/v2\/comments?post=191"}],"version-history":[{"count":4,"href":"https:\/\/semmelweis.hu\/stressgroup\/wp-json\/wp\/v2\/pages\/191\/revisions"}],"predecessor-version":[{"id":230,"href":"https:\/\/semmelweis.hu\/stressgroup\/wp-json\/wp\/v2\/pages\/191\/revisions\/230"}],"wp:attachment":[{"href":"https:\/\/semmelweis.hu\/stressgroup\/wp-json\/wp\/v2\/media?parent=191"}],"wp:term":[{"taxonomy":"category","embeddable":true,"href":"https:\/\/semmelweis.hu\/stressgroup\/wp-json\/wp\/v2\/categories?post=191"},{"taxonomy":"post_tag","embeddable":true,"href":"https:\/\/semmelweis.hu\/stressgroup\/wp-json\/wp\/v2\/tags?post=191"}],"curies":[{"name":"wp","href":"https:\/\/api.w.org\/{rel}","templated":true}]}}