{"id":699,"date":"2022-06-28T14:50:50","date_gmt":"2022-06-28T12:50:50","guid":{"rendered":"https:\/\/semmelweis.hu\/stemcell\/?page_id=699"},"modified":"2024-10-31T16:00:00","modified_gmt":"2024-10-31T15:00:00","slug":"stem-cell-seminars","status":"publish","type":"page","link":"https:\/\/semmelweis.hu\/stemcell\/en\/stem-cell-seminars\/","title":{"rendered":"Stem Cell Seminars"},"content":{"rendered":"<div><a href=\"https:\/\/danio.elte.hu\/index.html\">M\u00e1t\u00e9 Varga<\/a><\/div>\n<div>ELTE Fishgenetics Group<\/div>\n<div><span style=\"text-decoration: underline\">Zebrafish disease models in developmental biology<\/span><\/div>\n<div>June 12th, 2024.<\/div>\n<div>\u00a0<\/div>\n<div><a href=\"https:\/\/www.ttk.hu\/ei\/en\/laboratory-of-molecular-cell-biology\/\">\u00c1gota Ap\u00e1ti\u00a0<\/a><\/div>\n<div><em>Human Pluripotent Stem Cell Lab, Institute of Molecular Life Sciences, Budapest<\/em><\/div>\n<div><span style=\"text-decoration: underline\">Study of complex diseases using human pluripotent stem cells<\/span><\/div>\n<div>November 22nd, 2023.<\/div>\n<div>\u00a0<\/div>\n<div><a href=\"https:\/\/www.researchgate.net\/profile\/Sonja-Haertle-2\">Sonja H\u00e4rtle<\/a><\/div>\n<div><em>M\u00fcnich Avian Immunology Group, Department of Veterinary Sciences, Ludwig-Maximilians-Universit\u00e4t M\u00fcnchen, Munich, Germany<\/em><\/div>\n<div><span style=\"text-decoration: underline\">Chicken B-cell differentiation and development<\/span><\/div>\n<div>November 13th, 2023.<\/div>\n<div>\u00a0<\/div>\n<div><a href=\"https:\/\/adameykolab.eu\/\">Igor Adameyko<\/a><\/div>\n<div><em>Department of Neuroimmunology (Center for Brain Research), Medical University of Vienna, Austria<\/em><\/div>\n<div><em> Department of Physiology and Pharmacology, Karolinska Institute, Stockholm, Sweden<\/em><\/div>\n<div><span style=\"text-decoration: underline\">Developmental states, clones and fate choices in the neural crest lineage and beyond<\/span><\/div>\n<div>November 29th, 2022.<\/div>\n<div>\u00a0<\/div>\n<div><a href=\"https:\/\/semmelweis.hu\/hirek\/2021\/12\/16\/ossejtekkel-segitik-a-crohn-betegek-gyogyulasat-a-semmelweis-egyetemen\/\">G\u00e1bor Ferreira<\/a><\/div>\n<div><em>Department of Surgery, Transplantation and Gastroenterology, Semmelweis University, Budapest, Hungary<\/em><\/div>\n<div><span style=\"text-decoration: underline\">Stem cell therapy for the treatment of Crohn&#8217;s disease<\/span><\/div>\n<div>November 22nd, 2022.<\/div>\n<div>\u00a0<\/div>\n<div><a href=\"https:\/\/kpircs.com\/\">Karolina Pircs<\/a><\/div>\n<div><em>Institute of Translational Medicine, Semmelweis University, Budapest, Hungary<\/em><\/div>\n<div><span style=\"text-decoration: underline\">New<em> in vitro<\/em> models of neurodegenerative diseases<\/span><\/div>\n<div>October 25th, 2022.<\/div>\n<div>\u00a0<\/div>\n<p><a href=\"https:\/\/goldsteinlab.mgh.harvard.edu\/ryo-hotta-md-phd\/\">Ryo Hotta<\/a><br \/>\n<em>Pediatric Surgical Research Laboratories, Massachusetts General Hospital, Harvard Medical School, Boston, USA<\/em><br \/>\n<span style=\"text-decoration: underline\">Isolation and expansion of enteric neural progenitors for cell based therapy to treat Hirschsprung disease<\/span><br \/>\nMarch 24th, 2022.<\/p>\n<p><a href=\"https:\/\/loop.frontiersin.org\/people\/17702\/overview\">Donald Newgreen<\/a><br \/>\n<em>Murdoch Children&#8217;s Research Institute, Royal Children&#8217;s Hospital, Parkville, VIC, Australia<\/em><br \/>\n<span style=\"text-decoration: underline\">Why are developmental defects in the enteric nervous system so variably penetrant?<\/span><br \/>\nApril 26th, 2019.<\/p>\n<p><a href=\"https:\/\/neuropsi.cnrs.fr\/en\/departments\/decs\/group-leader-sophie-creuzet\/\">Sophie Creuzet<\/a><br \/>\n<em>Institut des Neurosciences Paris-Saclay, Neuro-PSI CNRS UMR 9197, Gif-sur-Yvette, France<\/em><br \/>\n<span style=\"text-decoration: underline\">The neural crest is a brain organaizer: from development to pathophysiology<\/span><br \/>\nMarch 25th, 2019.<\/p>\n<p><a href=\"https:\/\/cvscience.aviesan.fr\/cv\/378\/pascal-de-santa-barbara\">Pascal de Santa Barbara<\/a><br \/>\n<em>PhyMedExp, Universit\u00e9 de Montpellier, INSERM, CNRS, Montpellier, France<\/em><br \/>\n<span style=\"text-decoration: underline\">Development of visceral smooth muscle cells and\u00a0associated pathologies<\/span><br \/>\nJanuary 15th, 2019<\/p>\n<p><a href=\"http:\/\/gsi.semmelweis.hu\/index.php\/en\/about-us\/staff\/229-visnovitztamas\">Tam\u00e1s<\/a><a href=\"http:\/\/gsi.semmelweis.hu\/index.php\/en\/about-us\/staff\/229-visnovitztamas\"> Visnovitz\u00a0<\/a><br \/>\n<em>Department of Genetics, Cell- and Immunobiology, Semmelweis University, Budapest, Hungary<\/em><br \/>\n<span style=\"text-decoration: underline\">Examination of extracellular vesicles from cardiomyocytes<\/span><br \/>\nNovember 19th, 2018.<\/p>\n<div><a href=\"https:\/\/openscholar.huji.ac.il\/nahums\">Nahum Shpigel<\/a><br \/>\n<em>The Koret School of Veterinary Medicine, The Hebrew University of Jerusalem, The Robert H. Smith Faculty of Agriculture, Food and Environment, Rehovot, Israel<\/em><br \/>\n<span style=\"text-decoration: underline\">Transplantation of Human Intestine into the Mouse: A Platform for Study of the Human Enteric Nervous System<\/span><br \/>\nFebruary 14th, 2018<\/div>\n<div>\u00a0<\/div>\n<div>\n<div><a href=\"https:\/\/www.kumc.edu\/aczirok.html\">Andr\u00e1s <\/a><a href=\"https:\/\/www.kumc.edu\/aczirok.html\">Czir\u00f3k<\/a><br \/>\n<em>Department of Anatomy and Cell Biology, University of Kansas Medical Center, Kansas City<\/em><br \/>\n<span style=\"text-decoration: underline\">Extracellular matrix macro-assembly dynamics in early vertebrate embryos<\/span><br \/>\nJanuary 8th, 2018.<\/div>\n<div>\u00a0<\/div>\n<\/div>\n<div><a href=\"https:\/\/www.ed.ac.uk\/profile\/dr-adam-balic\">Adam Balic<\/a><br \/>\n<em>The Roslin Institute, University of Edinburgh, United Kingdom<\/em><br \/>\n<span style=\"text-decoration: underline\">Developing and exploiting new technologies to advance understanding of the avian immune system<\/span><br \/>\nNovember 24th, 2017.<\/div>\n","protected":false},"excerpt":{"rendered":"<p><a href=\"https:\/\/danio.elte.hu\/index.html\">M\u00e1t\u00e9 Varga<\/a> ELTE Fishgenetics Group Zebrafish disease models in developmental biology June 12th, 2024. \u00a0 <a href=\"https:\/\/www.ttk.hu\/ei\/en\/laboratory-of-molecular-cell-biology\/\">\u00c1gota Ap\u00e1ti\u00a0<\/a> Human Pluripotent Stem Cell Lab, Institute of Molecular Life Sciences, Budapest Study of complex diseases using human pluripotent stem cells November 22nd, 2023. \u00a0 <a href=\"https:\/\/www.researchgate.net\/profile\/Sonja-Haertle-2\">Sonja H\u00e4rtle<\/a> M\u00fcnich Avian Immunology Group, Department of Veterinary Sciences, Ludwig-Maximilians-Universit\u00e4t M\u00fcnchen, Munich, Germany Chicken B-cell differentiation and development November &hellip;<\/p>\n","protected":false},"author":102017,"featured_media":0,"parent":0,"menu_order":0,"comment_status":"closed","ping_status":"closed","template":"","meta":{"_acf_changed":false,"footnotes":""},"categories":[],"tags":[],"class_list":["post-699","page","type-page","status-publish","hentry"],"acf":[],"_links":{"self":[{"href":"https:\/\/semmelweis.hu\/stemcell\/wp-json\/wp\/v2\/pages\/699","targetHints":{"allow":["GET"]}}],"collection":[{"href":"https:\/\/semmelweis.hu\/stemcell\/wp-json\/wp\/v2\/pages"}],"about":[{"href":"https:\/\/semmelweis.hu\/stemcell\/wp-json\/wp\/v2\/types\/page"}],"author":[{"embeddable":true,"href":"https:\/\/semmelweis.hu\/stemcell\/wp-json\/wp\/v2\/users\/102017"}],"replies":[{"embeddable":true,"href":"https:\/\/semmelweis.hu\/stemcell\/wp-json\/wp\/v2\/comments?post=699"}],"version-history":[{"count":10,"href":"https:\/\/semmelweis.hu\/stemcell\/wp-json\/wp\/v2\/pages\/699\/revisions"}],"predecessor-version":[{"id":702,"href":"https:\/\/semmelweis.hu\/stemcell\/wp-json\/wp\/v2\/pages\/699\/revisions\/702"}],"wp:attachment":[{"href":"https:\/\/semmelweis.hu\/stemcell\/wp-json\/wp\/v2\/media?parent=699"}],"wp:term":[{"taxonomy":"category","embeddable":true,"href":"https:\/\/semmelweis.hu\/stemcell\/wp-json\/wp\/v2\/categories?post=699"},{"taxonomy":"post_tag","embeddable":true,"href":"https:\/\/semmelweis.hu\/stemcell\/wp-json\/wp\/v2\/tags?post=699"}],"curies":[{"name":"wp","href":"https:\/\/api.w.org\/{rel}","templated":true}]}}