{"id":694,"date":"2022-06-22T15:55:03","date_gmt":"2022-06-22T13:55:03","guid":{"rendered":"https:\/\/semmelweis.hu\/stemcell\/?page_id=694"},"modified":"2024-02-13T18:31:28","modified_gmt":"2024-02-13T17:31:28","slug":"stem-cell-and-embryology-seminars","status":"publish","type":"page","link":"https:\/\/semmelweis.hu\/stemcell\/stem-cell-and-embryology-seminars\/","title":{"rendered":"Stem Cell Seminars"},"content":{"rendered":"<div>\n<div>\n<div><a href=\"https:\/\/www.ttk.hu\/ei\/en\/laboratory-of-molecular-cell-biology\/\">Ap\u00e1ti \u00c1gota\u00a0<\/a><\/div>\n<div><em>Human Pluripotent Stem Cell Lab, Institute of Molecular Life Sciences, Budapest<\/em><\/div>\n<div><span style=\"text-decoration: underline\">Study of complex diseases using human pluripotent stem cells<\/span><\/div>\n<div>2023. november 22.<\/div>\n<div>\u00a0<\/div>\n<div><a href=\"https:\/\/www.researchgate.net\/profile\/Sonja-Haertle-2\">Sonja H\u00e4rtle<\/a><\/div>\n<div><em>M\u00fcnich Avian Immunology Group, Department of Veterinary Sciences, Ludwig-Maximilians-Universit\u00e4t M\u00fcnchen, Munich, Germany<\/em><\/div>\n<div><span style=\"text-decoration: underline\">Chicken B-cell differentiation and development<\/span><\/div>\n<div>2023. november 13.<\/div>\n<\/div>\n<div>\u00a0<\/div>\n<div><a href=\"https:\/\/adameykolab.eu\/\">Igor Adameyko<\/a><\/div>\n<div><em>Department of Neuroimmunology (Center for Brain Research), Medical University of Vienna, Austria<\/em><\/div>\n<div><em> Department of Physiology and Pharmacology, Karolinska Institute, Stockholm, Sweden<\/em><\/div>\n<div><span style=\"text-decoration: underline\">Developmental states, clones and fate choices in the neural crest lineage and beyond<\/span><\/div>\n<div>2022. november 29.<\/div>\n<\/div>\n<div>\u00a0<\/div>\n<div><a href=\"https:\/\/semmelweis.hu\/hirek\/2021\/12\/16\/ossejtekkel-segitik-a-crohn-betegek-gyogyulasat-a-semmelweis-egyetemen\/\">Ferreira G\u00e1bor<\/a><\/div>\n<div><em>Department of Surgery, Transplantation and Gastroenterology, Semmelweis University, Budapest, Hungary<\/em><\/div>\n<div><span style=\"text-decoration: underline\">Crohn betegs\u00e9g gy\u00f3gy\u00edt\u00e1sa \u0151ssejtekkel<\/span><\/div>\n<div>2022. november 22.<\/div>\n<div>\u00a0<\/div>\n<div>\n<div><a href=\"https:\/\/kpircs.com\/\">Pircs Karolina<\/a><\/div>\n<div><em>Institute of Translational Medicine, Semmelweis University, Budapest, Hungary<\/em><\/div>\n<div><span style=\"text-decoration: underline\">\u00daj lehet\u0151s\u00e9gek a neurodegenerat\u00edv betegs\u00e9gek modellez\u00e9s\u00e9re<\/span><\/div>\n<div>2022. okt\u00f3ber 25.\u00a0<\/div>\n<\/div>\n<div>\u00a0<\/div>\n<p><a href=\"https:\/\/goldsteinlab.mgh.harvard.edu\/ryo-hotta-md-phd\/\">Ryo Hotta<\/a><br \/>\n<em>Pediatric Surgical Research Laboratories, Massachusetts General Hospital, Harvard Medical School, Boston, USA<\/em><br \/>\n<span style=\"text-decoration: underline\">Isolation and expansion of enteric neural progenitors for cell based therapy to treat Hirschsprung disease<\/span><br \/>\n2022. m\u00e1rcius 24.<\/p>\n<p><a href=\"https:\/\/loop.frontiersin.org\/people\/17702\/overview\">Donald Newgreen<\/a><br \/>\n<em>Murdoch Children&#8217;s Research Institute, Royal Children&#8217;s Hospital, Parkville, VIC, Australia<\/em><br \/>\n<span style=\"text-decoration: underline\">Why are developmental defects in the enteric nervous system so variably penetrant?<\/span><br \/>\n2019. \u00e1prilis 26.<\/p>\n<p><a href=\"https:\/\/neuropsi.cnrs.fr\/en\/departments\/decs\/group-leader-sophie-creuzet\/\">Sophie Creuzet<\/a><br \/>\n<em>Institut des Neurosciences Paris-Saclay, Neuro-PSI CNRS UMR 9197, Gif-sur-Yvette, France<\/em><br \/>\n<span style=\"text-decoration: underline\">The neural crest is a brain organaizer: from development to pathophysiology<\/span><br \/>\n2019. m\u00e1rcius 25.<\/p>\n<p><a href=\"https:\/\/cvscience.aviesan.fr\/cv\/378\/pascal-de-santa-barbara\">Pascal de Santa Barbara<\/a><br \/>\n<em>PhyMedExp, Universit\u00e9 de Montpellier, INSERM, CNRS, Montpellier, France<\/em><br \/>\n<span style=\"text-decoration: underline\">Development of visceral smooth muscle cells and\u00a0associated pathologies<\/span><br \/>\n2019. janu\u00e1r 15.<\/p>\n<p><a href=\"http:\/\/gsi.semmelweis.hu\/index.php\/en\/about-us\/staff\/229-visnovitztamas\">Visnovitz Tam\u00e1s<\/a><br \/>\n<em>Department of Genetics, Cell- and Immunobiology, Semmelweis University, Budapest, Hungary<\/em><br \/>\n<span style=\"text-decoration: underline\">Examination of extracellular vesicles from cardiomyocytes<\/span><br \/>\n2018. november 19.<\/p>\n<p><a href=\"https:\/\/openscholar.huji.ac.il\/nahums\">Nahum Shpigel<\/a><br \/>\n<em>The Koret School of Veterinary Medicine, The Hebrew University of Jerusalem, The Robert H. Smith Faculty of Agriculture, Food and Environment, Rehovot, Israel<\/em><br \/>\n<span style=\"text-decoration: underline\">Transplantation of Human Intestine into the Mouse: A Platform for Study of the Human Enteric Nervous System<\/span><br \/>\n2018. febru\u00e1r 14.<\/p>\n<p><a href=\"https:\/\/www.kumc.edu\/aczirok.html\">Czir\u00f3k Andr\u00e1s<\/a><br \/>\n<em>Department of Anatomy and Cell Biology, University of Kansas Medical Center, Kansas City<\/em><br \/>\n<span style=\"text-decoration: underline\">Extracellular matrix macro-assembly dynamics in early vertebrate embryos<\/span><br \/>\n2018. janu\u00e1r 8.<\/p>\n<div><a href=\"https:\/\/www.ed.ac.uk\/profile\/dr-adam-balic\">Adam Balic<\/a><br \/>\n<em>The Roslin Institute, University of Edinburgh, United Kingdom<\/em><br \/>\n<span style=\"text-decoration: underline\">Developing and exploiting new technologies to advance understanding of the avian immune system<\/span><br \/>\n2017. november 24.<\/div>\n","protected":false},"excerpt":{"rendered":"<p><a href=\"https:\/\/www.ttk.hu\/ei\/en\/laboratory-of-molecular-cell-biology\/\">Ap\u00e1ti \u00c1gota\u00a0<\/a> Human Pluripotent Stem Cell Lab, Institute of Molecular Life Sciences, Budapest Study of complex diseases using human pluripotent stem cells 2023. november 22. \u00a0 <a href=\"https:\/\/www.researchgate.net\/profile\/Sonja-Haertle-2\">Sonja H\u00e4rtle<\/a> M\u00fcnich Avian Immunology Group, Department of Veterinary Sciences, Ludwig-Maximilians-Universit\u00e4t M\u00fcnchen, Munich, Germany Chicken B-cell differentiation and development 2023. november 13. \u00a0 <a href=\"https:\/\/adameykolab.eu\/\">Igor Adameyko<\/a> Department of Neuroimmunology (Center for Brain Research), Medical University of &hellip;<\/p>\n","protected":false},"author":102017,"featured_media":0,"parent":0,"menu_order":1,"comment_status":"closed","ping_status":"closed","template":"","meta":{"_acf_changed":false,"footnotes":""},"categories":[],"tags":[],"class_list":["post-694","page","type-page","status-publish","hentry"],"acf":[],"_links":{"self":[{"href":"https:\/\/semmelweis.hu\/stemcell\/wp-json\/wp\/v2\/pages\/694","targetHints":{"allow":["GET"]}}],"collection":[{"href":"https:\/\/semmelweis.hu\/stemcell\/wp-json\/wp\/v2\/pages"}],"about":[{"href":"https:\/\/semmelweis.hu\/stemcell\/wp-json\/wp\/v2\/types\/page"}],"author":[{"embeddable":true,"href":"https:\/\/semmelweis.hu\/stemcell\/wp-json\/wp\/v2\/users\/102017"}],"replies":[{"embeddable":true,"href":"https:\/\/semmelweis.hu\/stemcell\/wp-json\/wp\/v2\/comments?post=694"}],"version-history":[{"count":10,"href":"https:\/\/semmelweis.hu\/stemcell\/wp-json\/wp\/v2\/pages\/694\/revisions"}],"predecessor-version":[{"id":990,"href":"https:\/\/semmelweis.hu\/stemcell\/wp-json\/wp\/v2\/pages\/694\/revisions\/990"}],"wp:attachment":[{"href":"https:\/\/semmelweis.hu\/stemcell\/wp-json\/wp\/v2\/media?parent=694"}],"wp:term":[{"taxonomy":"category","embeddable":true,"href":"https:\/\/semmelweis.hu\/stemcell\/wp-json\/wp\/v2\/categories?post=694"},{"taxonomy":"post_tag","embeddable":true,"href":"https:\/\/semmelweis.hu\/stemcell\/wp-json\/wp\/v2\/tags?post=694"}],"curies":[{"name":"wp","href":"https:\/\/api.w.org\/{rel}","templated":true}]}}