{"id":515,"date":"2020-12-29T07:57:38","date_gmt":"2020-12-29T06:57:38","guid":{"rendered":"https:\/\/semmelweis.hu\/stemcell\/?page_id=515"},"modified":"2020-12-29T08:00:10","modified_gmt":"2020-12-29T07:00:10","slug":"dendritikus-sejtek-ontogenezise","status":"publish","type":"page","link":"https:\/\/semmelweis.hu\/stemcell\/projektek\/dendritikus-sejtek-ontogenezise\/","title":{"rendered":"Dendritikus sejtek ontogenezise"},"content":{"rendered":"<p style=\"text-align: justify\"><strong>Dendritikus sejtek karakteriz\u00e1l\u00e1sa \u00e9s ontogenezise<\/strong><\/p>\n<p style=\"text-align: justify\">\u00a0\u00a0\u00a0\u00a0\u00a0\u00a0\u00a0\u00a0\u00a0\u00a0\u00a0 A bursa Fabricii a madarak primer nyirokszerve, benne zajlik a B-limfocit\u00e1k differenci\u00e1l\u00f3d\u00e1sa \u00e9s \u00e9r\u00e9se, itt tanulj\u00e1k meg a saj\u00e1t strukt\u00far\u00e1k felismer\u00e9s\u00e9t. Bursab\u00f3l az \u00e9rett limfocit\u00e1k a szekunder nyirokszervekbe ker\u00fclnek, ahol k\u00e9pesek felismerni a szervezetbe ker\u00fcl\u0151 idegen antig\u00e9neket. A bursa az immunol\u00f3giai kutat\u00e1sok fontos r\u00e9sz\u00e9v\u00e9 v\u00e1lt, hiszen a B-sejtekr\u0151l alkotott mai k\u00e9p\u00fcnk r\u00e9szben a madarak burs\u00e1j\u00e1n elv\u00e9gzett kutat\u00e1sok nyom\u00e1n alakult ki.<\/p>\n<p style=\"text-align: justify\">A bursa Fabricii limfoid follikulusaiban tal\u00e1lhat\u00f3 dendritikus sejtek (BSDC), egy\u00fctt a retikul\u00e1ris h\u00e1msejtekkel, olyan mikrok\u00f6rnyezetet hoznak l\u00e9tre, amely n\u00e9lk\u00fcl\u00f6zhetetlen a B-sejtek fejl\u0151d\u00e9s\u00e9hez, termin\u00e1lis differenci\u00e1l\u00f3d\u00e1s\u00e1hoz. A fert\u0151z\u0151 bursitis a fiatal csirk\u00e9ket \u00e9rint\u0151 s\u00falyos immunszupressz\u00edv betegs\u00e9g, amelyet az IBD (infectious bursal disease) v\u00edrus okoz. A fert\u0151z\u00e9s c\u00e9lszerve a bursa Fabricii, ahol az IBDV fert\u0151z\u00e9s hat\u00e1s\u00e1ra a follikulusok vel\u0151\u00e1llom\u00e1ny\u00e1nak le\u00e9p\u00fcl\u00e9se, a sz\u00f6veti szerkezet megv\u00e1ltoz\u00e1sa \u00e9s a B-limfocit\u00e1k fokozott pusztul\u00e1sa figyelhet\u0151 meg. Kor\u00e1bbi k\u00eds\u00e9rleteink alapj\u00e1n felt\u00e9telezz\u00fck, hogy a BSDC-k az els\u0151dleges c\u00e9lpontjai a v\u00edrusnak, s ez\u00e9rt fontos szerepet j\u00e1tszanak az IBDV fert\u0151z\u00e9sben.<\/p>\n<p style=\"text-align: justify\">A bursai mikrok\u00f6rnyezet kialak\u00edt\u00e1s\u00e1\u00e9rt felel\u0151s BSDC-k ontogen\u00e9zis\u00e9r\u0151l, differenci\u00e1l\u00f3d\u00e1s\u00e1r\u00f3l \u00e9s funkci\u00f3j\u00e1r\u00f3l nagyon kev\u00e9s inform\u00e1ci\u00f3val rendelkez\u00fcnk, holott szerep\u00fck a B-sejt \u00e9r\u00e9s\u00e9ben, \u00e9s az antig\u00e9nek kezel\u00e9s\u00e9ben megker\u00fclhetetlen. Munk\u00e1nk sor\u00e1n a BSDC-k szerep\u00e9t \u00e9s v\u00e1ltoz\u00e1sait k\u00edv\u00e1njuk k\u00f6vetni a bursa Fabricii norm\u00e1lis \u00e9s patol\u00f3gi\u00e1s fejl\u0151d\u00e9se sor\u00e1n. Jelenleg h\u00e1rom olyan, feltehet\u0151leg membr\u00e1nantig\u00e9nt felismer\u0151 ellenanyagunk van, melyek a BSDC-t \u00e9s m\u00e1s dendritikus sejteket jel\u00f6lnek. Ezen antitestek \u00e1ltal felismert feh\u00e9rj\u00e9k sz\u00f6veti eloszl\u00e1s\u00e1t, sejtbeli lokaliz\u00e1ci\u00f3j\u00e1t, molekulat\u00f6meg\u00e9nek meghat\u00e1roz\u00e1s\u00e1t, ontogenetikai megjelen\u00e9s\u00e9t, v\u00edrusfert\u0151z\u00e9sek sor\u00e1n, illetve az akut involuci\u00f3 ut\u00e1ni regener\u00e1ci\u00f3ban val\u00f3 viselked\u00e9s\u00e9t k\u00edv\u00e1njuk megismerni<\/p>\n<p style=\"text-align: justify\">C\u00e9lkit\u0171z\u00e9sek:<\/p>\n<ol>\n<li style=\"text-align: justify\">A bursa Fabricii szekr\u00e9ci\u00f3s dendritikus sejtjeit (BSDC) felismer\u0151, \u00faj specifikus markerek karakteriz\u00e1l\u00e1s. Follikul\u00e1ris dendritikus sejetek \u00e9s Langerhans sejtek ontogenezis\u00e9nek tanulm\u00e1nyoz\u00e1sa mad\u00e1r embryon\u00e1lis modellekben.<br \/>\n(<em>M\u00f3dszerek: immuncitok\u00e9mia, immunelektronmikroszk\u00f3pia, Western blot.<\/em>)<\/li>\n<li style=\"text-align: justify\">A mad\u00e1r dendritikus sejtek izol\u00e1l\u00e1sa \u00e9s teny\u00e9szt\u00e9se, fenot\u00edpusos \u00e9s funkcion\u00e1lis vizsg\u00e1latok elv\u00e9gz\u00e9se.<br \/>\n(<em>M\u00f3dszerek: sejtteny\u00e9szt\u00e9s, immuncitok\u00e9mia, \u00e1raml\u00e1si citometria, in situ hibridiz\u00e1ci\u00f3<\/em>)<\/li>\n<li style=\"text-align: justify\">BSDC-k nyomon k\u00f6vet\u00e9se \u00e9s szerep\u00fck tiszt\u00e1z\u00e1sa az immunszupressz\u00edv fert\u0151z\u00e9sek sor\u00e1n, v\u00edruspartikulumok dendritikus sejtekben t\u00f6rt\u00e9n\u0151 internaliz\u00e1ci\u00f3j\u00e1nak jellemz\u00e9se<br \/>\n(<em>M\u00f3dszerek: immuncitok\u00e9mia, konfok\u00e1lis es elektronmikroszk\u00f3pia<\/em>)<\/li>\n<\/ol>\n","protected":false},"excerpt":{"rendered":"<p>Dendritikus sejtek karakteriz\u00e1l\u00e1sa \u00e9s ontogenezise \u00a0\u00a0\u00a0\u00a0\u00a0\u00a0\u00a0\u00a0\u00a0\u00a0\u00a0 A bursa Fabricii a madarak primer nyirokszerve, benne zajlik a B-limfocit\u00e1k differenci\u00e1l\u00f3d\u00e1sa \u00e9s \u00e9r\u00e9se, itt tanulj\u00e1k meg a saj\u00e1t strukt\u00far\u00e1k felismer\u00e9s\u00e9t. Bursab\u00f3l az \u00e9rett limfocit\u00e1k a szekunder nyirokszervekbe ker\u00fclnek, ahol k\u00e9pesek felismerni a szervezetbe ker\u00fcl\u0151 idegen antig\u00e9neket. A bursa az immunol\u00f3giai kutat\u00e1sok fontos r\u00e9sz\u00e9v\u00e9 v\u00e1lt, hiszen a B-sejtekr\u0151l alkotott &hellip;<\/p>\n","protected":false},"author":101681,"featured_media":0,"parent":224,"menu_order":0,"comment_status":"closed","ping_status":"closed","template":"template-fullwidth.php","meta":{"_acf_changed":false,"footnotes":""},"categories":[],"tags":[],"class_list":["post-515","page","type-page","status-publish","hentry"],"acf":[],"_links":{"self":[{"href":"https:\/\/semmelweis.hu\/stemcell\/wp-json\/wp\/v2\/pages\/515","targetHints":{"allow":["GET"]}}],"collection":[{"href":"https:\/\/semmelweis.hu\/stemcell\/wp-json\/wp\/v2\/pages"}],"about":[{"href":"https:\/\/semmelweis.hu\/stemcell\/wp-json\/wp\/v2\/types\/page"}],"author":[{"embeddable":true,"href":"https:\/\/semmelweis.hu\/stemcell\/wp-json\/wp\/v2\/users\/101681"}],"replies":[{"embeddable":true,"href":"https:\/\/semmelweis.hu\/stemcell\/wp-json\/wp\/v2\/comments?post=515"}],"version-history":[{"count":3,"href":"https:\/\/semmelweis.hu\/stemcell\/wp-json\/wp\/v2\/pages\/515\/revisions"}],"predecessor-version":[{"id":520,"href":"https:\/\/semmelweis.hu\/stemcell\/wp-json\/wp\/v2\/pages\/515\/revisions\/520"}],"up":[{"embeddable":true,"href":"https:\/\/semmelweis.hu\/stemcell\/wp-json\/wp\/v2\/pages\/224"}],"wp:attachment":[{"href":"https:\/\/semmelweis.hu\/stemcell\/wp-json\/wp\/v2\/media?parent=515"}],"wp:term":[{"taxonomy":"category","embeddable":true,"href":"https:\/\/semmelweis.hu\/stemcell\/wp-json\/wp\/v2\/categories?post=515"},{"taxonomy":"post_tag","embeddable":true,"href":"https:\/\/semmelweis.hu\/stemcell\/wp-json\/wp\/v2\/tags?post=515"}],"curies":[{"name":"wp","href":"https:\/\/api.w.org\/{rel}","templated":true}]}}