{"id":486,"date":"2020-12-28T12:23:01","date_gmt":"2020-12-28T11:23:01","guid":{"rendered":"https:\/\/semmelweis.hu\/stemcell\/?page_id=486"},"modified":"2020-12-28T12:34:39","modified_gmt":"2020-12-28T11:34:39","slug":"tdk-eredmenyeink","status":"publish","type":"page","link":"https:\/\/semmelweis.hu\/stemcell\/tdk\/tdk-eredmenyeink\/","title":{"rendered":"TDK eredm\u00e9nyeink"},"content":{"rendered":"<p><strong><u>Kor\u00e1bbi TDK hallgat\u00f3k eredm\u00e9nyei (t\u00e9mavezet\u0151: Dr Nagy N\u00e1ndor)<\/u><\/strong><\/p>\n<p>&nbsp;<\/p>\n<p style=\"text-align: justify\">Az \u0151ssejtek karakteriz\u00e1l\u00e1s\u00e1val \u00e9s az embryomanipul\u00e1ci\u00f3s technik\u00e1knak alkalmaz\u00e1s\u00e1val t\u00f6bb, mint m\u00e1sf\u00e9l \u00e9vtizede, hogy tudom\u00e1nyos szakdolgozatok, rektori p\u00e1lyam\u0171vek t\u00e9mavezet\u0151jek\u00e9nt ir\u00e1ny\u00edtom a laborat\u00f3riumban dolgoz\u00f3 hallgat\u00f3k munk\u00e1j\u00e1t. <u>TDK hallgat\u00f3im<\/u> munk\u00e1j\u00e1nak elismer\u00e9sek\u00e9nt a Semmelweis Egyetem TDK konferenci\u00e1in, valamint OTDK konferenci\u00e1kon <strong>30 alkalommal nyertek valamilyen d\u00edjaz\u00e1st<\/strong>. A jelenlegi PhD hallgat\u00f3knak kor\u00e1bban TDK t\u00e9mavezet\u0151k\u00e9nt is \u00e9n ir\u00e1ny\u00edtottam a tudom\u00e1nyos munk\u00e1j\u00e1t. K\u00e9tszer (2009, 2020) kaptam meg a Semmelweis Egyetem Kiv\u00e1l\u00f3 Di\u00e1kk\u00f6r\u00f6s Oktat\u00f3ja c\u00edmet.<\/p>\n<p>&nbsp;<\/p>\n<p><strong><u>T\u00e9mavezet\u00e9semmel az al\u00e1bbi PhD \u00e9s TDK hallgat\u00f3k szakmai \u00e9s metodikai tev\u00e9kenys\u00e9g\u00e9t ir\u00e1ny\u00edtottam:<\/u><\/strong><\/p>\n<p>&nbsp;<\/p>\n<p>Foglalkoztatott TDK-sok sz\u00e1ma \u00f6sszesen: \u00a0\u00a0\u00a0\u00a0\u00a0 <span style=\"font-size: 18pt\"><strong>27<\/strong><\/span><\/p>\n<p>TDK Konferenci\u00e1kon elnyert d\u00edjak sz\u00e1ma:<\/p>\n<ol>\n<li>d\u00edj:\u00a0\u00a0\u00a0\u00a0\u00a0\u00a0\u00a0\u00a0\u00a0\u00a0\u00a0\u00a0\u00a0\u00a0\u00a0\u00a0\u00a0\u00a0\u00a0\u00a0\u00a0\u00a0 \u00a0\u00a0 \u00a0 \u00a0\u00a0\u00a0\u00a0\u00a0\u00a0\u00a0 \u00a0 \u00a0 <span style=\"font-size: 18pt\"><strong>9<\/strong><\/span> db<\/li>\n<li>d\u00edj:\u00a0\u00a0\u00a0\u00a0\u00a0\u00a0\u00a0\u00a0\u00a0\u00a0\u00a0\u00a0\u00a0\u00a0\u00a0\u00a0\u00a0\u00a0\u00a0 \u00a0 \u00a0 \u00a0\u00a0\u00a0\u00a0\u00a0\u00a0\u00a0\u00a0 \u00a0 \u00a0 <span style=\"font-size: 18pt\"><strong>11<\/strong><\/span> db<\/li>\n<li>d\u00edj \u00e9s Rektori dics\u00e9ret:\u00a0\u00a0\u00a0 <span style=\"font-size: 18pt\"><strong>6<\/strong><\/span>\u00a0 db<\/li>\n<\/ol>\n<p>&nbsp;<\/p>\n<hr \/>\n<p>&nbsp;<\/p>\n<p><strong><u>TDK hallgat\u00f3k, d\u00edjak, szakdolgozatok:<\/u><\/strong><\/p>\n<p>&nbsp;<\/p>\n<p><u>Sz\u0151cs Em\u0151ke \u00e9s S\u00f3os \u00c1d\u00e1m (2017-2019, Babes-Bolyai Tudom\u00e1nyegyetem, Kolozsv\u00e1r), (2019-2021, ELTE)<\/u><\/p>\n<ul>\n<li>2020. SE TDK konferencia I. d\u00edj, OTDK nevez\u00e9s<\/li>\n<li>2019. ETDK konferencia (Kolozsv\u00e1r) II. d\u00edj, OTDK nevez\u00e9s<\/li>\n<\/ul>\n<p><strong><u>Szakdolgozat:<\/u><\/strong> A limfoid follikulusok cortex\u00e9nek karakteriz\u00e1l\u00e1sa \u00e9s kialakul\u00e1sa a bursa Fabriciiben<\/p>\n<hr \/>\n<p>&nbsp;<\/p>\n<p><u>Kov\u00e1cs Tam\u00e1s (2016-2019, ELTE)<\/u><\/p>\n<ul>\n<li>2019. SE TDK konferencia II. d\u00edj, OTDK nevez\u00e9s<\/li>\n<li>2018. SE TDK konferencia II. d\u00edj<\/li>\n<li>2017. ELTE TDK konferencia OTDK nevez\u00e9s<\/li>\n<li>2019. Molecular Life Science Meeting, Eger, HU poszter d\u00edj, II. helyez\u00e9s<\/li>\n<\/ul>\n<p><strong><u>Szakdolgozat:<\/u> <\/strong>A coecum szerepe a b\u00e9lidegrendszer fejl\u0151d\u00e9s\u00e9ben<\/p>\n<hr \/>\n<p>&nbsp;<\/p>\n<p><u>Kugler Szilvia (2013-2017, AOK)<\/u><\/p>\n<p>TDK munka: A hum\u00e1n extracardialis ingervezet\u0151 rendszer mikroszk\u00f3pos morfol\u00f3gi\u00e1ja \u00e9s immunhisztok\u00e9miai karakteriz\u00e1l\u00e1sa<\/p>\n<ul>\n<li>2018. EHRA Congress, <em>Young Investigator Awards<\/em>,\u00a0Barcelona II. d\u00edj<\/li>\n<li>2017. V In4Med AstraZeneca Competition, Coimbra, <em>Poster section <\/em>k\u00fcl\u00f6nd\u00edj<\/li>\n<li>2016. Kor\u00e1nyi Frigyes Tud. F\u00f3rum, <em>Alapkutat\u00e1s-Patol\u00f3gia szekci\u00f3 <\/em>II.d\u00edj<\/li>\n<li>2015. XXXII. OTDK, <em>Anat\u00f3mia, patol\u00f3gia, fejl\u0151d\u00e9sbiol\u00f3gia IV<\/em> <em>szekci\u00f3<\/em> k\u00fcl\u00f6nd\u00edj<\/li>\n<li>2015. TDK konferencia I. d\u00edj<\/li>\n<li>2014. TDK konferencia II. D\u00edj<\/li>\n<\/ul>\n<p><strong><u>Tudom\u00e1nyos k\u00f6zlem\u00e9ny<\/u><\/strong>: Kugler S, Nagy N, et al. \u201ePresence of cardiomyocytes exhibiting Purkinje-type morphology and prominent connexin 45 immunoreactivity in the myocardial sleeves of cardiac veins\u201d <a href=\"http:\/\/dx.doi.org\/10.1016\/j.hrthm.2017.09.044\">http:\/\/dx.doi.org\/10.1016\/j.hrthm.2017.09.044<\/a>) <em>Heart Rhythm<\/em> IF (2016): 4.866<\/p>\n<p><strong><u>Rektori p\u00e1lyamunka<\/u><\/strong>: 2017. A hum\u00e1n extracardialis ingervezet\u0151 rendszer mikroszk\u00f3pos morfol\u00f3gi\u00e1ja \u00e9s immunhisztok\u00e9miai karakteriz\u00e1l\u00e1sa &#8211; els\u0151 hely\u00a0(konzulensek: Dr. Nemesk\u00e9ri \u00c1gnes, Dr. Nagy N\u00e1ndor)<\/p>\n<hr \/>\n<p>&nbsp;<\/p>\n<p><u>Harmati Petra (2013-2016, Babes-Bolyai Tudom\u00e1nyegyetem, Kolozsv\u00e1r)<\/u><\/p>\n<p><strong><u>Szakdolgozat:<\/u><\/strong> A Bursa Fabricii dendritikus sejtjeinek karakteriz\u00e1l\u00e1sa egy \u00faj monoklon\u00e1lis ellenanyaggal<\/p>\n<ul>\n<li>2014. ETDK konferencia (Kolozsv\u00e1r) I. D\u00edj<\/li>\n<\/ul>\n<hr \/>\n<p>&nbsp;<\/p>\n<p><u>Ivy Maina (2015),<\/u> University of Pennsylvania Perelman School of Medicine, USA<\/p>\n<p><strong><u>Szakdolgozat:<\/u><\/strong> The Role of Smooth Muscle Differentiation in the Development of ENS. <em>\u00a0Journal of Anatomy (2017)<\/em><\/p>\n<hr \/>\n<p>&nbsp;<\/p>\n<p><u>Barad Csilla (2009-2014, AOK)<\/u><\/p>\n<p><strong><u>Szakdolgozat:<\/u><\/strong> A Sonic hedgehog n\u00f6veked\u00e9si faktor hat\u00e1sa a vastagb\u00e9l idegrendszer fejl\u0151d\u00e9s\u00e9re<\/p>\n<ul>\n<li>2014. TDK konferencia I. d\u00edj<\/li>\n<li>2014. Kor\u00e1nyi Frigyes F\u00f3rum I. d\u00edj<\/li>\n<li>2013. Kor\u00e1nyi Frigyes F\u00f3rum II. d\u00edj<\/li>\n<li>2012. TDK konferencia II. d\u00edj<\/li>\n<\/ul>\n<hr \/>\n<p>&nbsp;<\/p>\n<p><u>Putnoki-Csics\u00f3 Zolt\u00e1n (2013-2014, AOK, Marosv\u00e1s\u00e1rhelyi Orvosegyetem)<\/u><\/p>\n<ul>\n<li>2014. Marosv\u00e1s\u00e1rhelyi TDK konferencia III. d\u00edj<\/li>\n<\/ul>\n<hr \/>\n<p>&nbsp;<\/p>\n<p><u>Moln\u00e1r Attila (2011-2014, AOK)<\/u><\/p>\n<p><strong><u>Szakdolgozat:<\/u><\/strong> A k\u00f6r\u00f6mperc csontosod\u00e1sa a hum\u00e1n embryoban<\/p>\n<hr \/>\n<p>&nbsp;<\/p>\n<p><u>D\u00f3ra D\u00e1vid (2007-2011, AOK)<\/u><\/p>\n<p><strong><u>Szakdolgozat:<\/u><\/strong> Hemopoietikus sejtek fejl\u0151d\u00e9se a korai mad\u00e1r embryoban<\/p>\n<ul>\n<li>2011. TDK konferencia II. d\u00edj<\/li>\n<li>2010. TDK konferencia II. d\u00edj<\/li>\n<\/ul>\n<hr \/>\n<p>&nbsp;<\/p>\n<p><u>Fejsz\u00e1k N\u00f3ra (2008- 2011, ELTE)<\/u><\/p>\n<p><strong><u>Szakdolgozat:<\/u><\/strong> Hemopoietikus antig\u00e9n T \u00e9s szelekt\u00edv B lymphocyt\u00e1kon<\/p>\n<hr \/>\n<p>&nbsp;<\/p>\n<p><u>Olaithan Ijitimelin (2007-2011, angol, AOK)<\/u><\/p>\n<p><strong><u>Szakdolgozat:<\/u><\/strong> Development of cecal tonsils in the birds<\/p>\n<hr \/>\n<p>&nbsp;<\/p>\n<p><u>Csik\u00f3s Gergely (2007-2010, AOK)<\/u><\/p>\n<ul>\n<li>2010. TDK konferencia III. d\u00edj<\/li>\n<\/ul>\n<hr \/>\n<p>&nbsp;<\/p>\n<p><u>P\u00e1sti Kamilla (2006- 2009, AOK)<\/u><\/p>\n<p><strong><u>Szakdolgozat:<\/u><\/strong> A m\u00e1j str\u00f3m\u00e1lis sejtjeinek karakteriz\u00e1l\u00e1sa a mad\u00e1r embryoban<\/p>\n<ul>\n<li>2007. TDK konferencia III. d\u00edj<\/li>\n<\/ul>\n<hr \/>\n<p>&nbsp;<\/p>\n<p><u>Moln\u00e1r D\u00e1vid (2004- 2008, AOK)<\/u><\/p>\n<p><strong><u>Szakdolgozat:<\/u><\/strong> A k\u00f6zponti idegrendszer hemopoietikus sejtjeinek karakteriz\u00e1l\u00e1sa<\/p>\n<ul>\n<li>2008. TDK konferencia I. d\u00edj<\/li>\n<li>2007. OTDK Magyar Idegtudom\u00e1nyi T\u00e1rsas\u00e1g k\u00fcl\u00f6nd\u00edja<\/li>\n<li>2007. TDK konferencia I. d\u00edj<\/li>\n<li>2006. TDK konferencia III. d\u00edj<\/li>\n<\/ul>\n<hr \/>\n<p>&nbsp;<\/p>\n<p><u>B\u00f3di Ildik\u00f3 (2006-2008, ELTE)<\/u><\/p>\n<p><strong><u>Szakdolgozat:<\/u><\/strong> A csirke thymus dendritikus sejtjei<\/p>\n<ul>\n<li>2007. TDK konferencia III. d\u00edj<\/li>\n<\/ul>\n<hr \/>\n<p>&nbsp;<\/p>\n<p><u>Lack\u00f3 Erzs\u00e9bet (2005-2007, ELTE)<\/u><\/p>\n<p><strong><u>Szakdolgozat:<\/u><\/strong> Egy \u00faj mad\u00e1r epithelium specifikus monoklon\u00e1lis ellenanyag karakteriz\u00e1l\u00e1sa<\/p>\n<hr \/>\n<p>&nbsp;<\/p>\n<p><u>Pint\u00e9r Tam\u00e1s \u00e9s \u00dajv\u00e1ri Fruzsina (2006-2006, AOK<\/u><\/p>\n<p><strong><u>Rektori dolgozat: <\/u><\/strong>\u00daj monoklon\u00e1lis antitest karakteriz\u00e1l\u00e1sa \u00e9s a k\u00f6z\u00f6s antig\u00e9n expresszi\u00f3ja<br \/>\nmad\u00e1r primordi\u00e1lis cs\u00edrasejtjein \u00e9s egyes hum\u00e1n daganatokban<\/p>\n<ul>\n<li>2006. TDK konferencia III. d\u00edj<\/li>\n<\/ul>\n<hr \/>\n<p>&nbsp;<\/p>\n<p><u>Sinka L\u00eddia (2000-2006, AOK)<\/u><\/p>\n<p><strong><u>Szakdolgozat:<\/u><\/strong> Egy \u00faj thrombocyta specifikus monoklon\u00e1lis ellenanyag karakteriz\u00e1l\u00e1sa<\/p>\n<hr \/>\n<p>&nbsp;<\/p>\n<p><u>Bir\u00f3 \u00c9va (2001-2005, AOK)<\/u><\/p>\n<p><strong><u>Szakdolgozat: <\/u><\/strong>Peripheral blood fibrocytes contribute to the formation of the avian spleen.<\/p>\n<ul>\n<li>2002. TDK konferencia I. d\u00edj<\/li>\n<li>2003. TDK konferencia II. d\u00edj<\/li>\n<\/ul>\n<hr \/>\n<p>&nbsp;<\/p>\n<p><u>Tak\u00e1cs \u00c1gnes (2001-2005, AOK)<\/u><\/p>\n<ul>\n<li>2002. TDK konferencia I. d\u00edj<\/li>\n<li>2003. TDK Konferencia II. d\u00edj<\/li>\n<\/ul>\n<hr \/>\n<p>&nbsp;<\/p>\n<p><u>P\u00f3los Mikl\u00f3s (2001-2005, AOK)<\/u><\/p>\n<ul>\n<li>2004. XII. Sejt- \u00e9s Fejl\u0151d\u00e9sbiol\u00f3giai Napok, P\u00e9cs I. d\u00edj<\/li>\n<li>2004. Kor\u00e1nyi Frigyes Szakkoll\u00e9gium IX. Tud. F\u00f3rum I. d\u00edj<\/li>\n<li>2004. Rektori P\u00e1ly\u00e1zat I. d\u00edj<\/li>\n<li>2003. TDK Konferencia I. d\u00edj<\/li>\n<\/ul>\n<hr \/>\n<p>&nbsp;<\/p>\n<p><u>Pro Scientia Arany\u00e9rmet elnyert hallgat\u00f3k:<\/u><\/p>\n<p><strong>Dr. Moln\u00e1r D\u00e1vid<\/strong><\/p>\n<p><strong>\u00a0<\/strong><\/p>\n<p>&nbsp;<\/p>\n","protected":false},"excerpt":{"rendered":"<p>Kor\u00e1bbi TDK hallgat\u00f3k eredm\u00e9nyei (t\u00e9mavezet\u0151: Dr Nagy N\u00e1ndor) &nbsp; Az \u0151ssejtek karakteriz\u00e1l\u00e1s\u00e1val \u00e9s az embryomanipul\u00e1ci\u00f3s technik\u00e1knak alkalmaz\u00e1s\u00e1val t\u00f6bb, mint m\u00e1sf\u00e9l \u00e9vtizede, hogy tudom\u00e1nyos szakdolgozatok, rektori p\u00e1lyam\u0171vek t\u00e9mavezet\u0151jek\u00e9nt ir\u00e1ny\u00edtom a laborat\u00f3riumban dolgoz\u00f3 hallgat\u00f3k munk\u00e1j\u00e1t. TDK hallgat\u00f3im munk\u00e1j\u00e1nak elismer\u00e9sek\u00e9nt a Semmelweis Egyetem TDK konferenci\u00e1in, valamint OTDK konferenci\u00e1kon 30 alkalommal nyertek valamilyen d\u00edjaz\u00e1st. A jelenlegi PhD hallgat\u00f3knak kor\u00e1bban &hellip;<\/p>\n","protected":false},"author":101681,"featured_media":0,"parent":143,"menu_order":0,"comment_status":"closed","ping_status":"closed","template":"template-fullwidth.php","meta":{"_acf_changed":false,"footnotes":""},"categories":[],"tags":[],"class_list":["post-486","page","type-page","status-publish","hentry"],"acf":[],"_links":{"self":[{"href":"https:\/\/semmelweis.hu\/stemcell\/wp-json\/wp\/v2\/pages\/486","targetHints":{"allow":["GET"]}}],"collection":[{"href":"https:\/\/semmelweis.hu\/stemcell\/wp-json\/wp\/v2\/pages"}],"about":[{"href":"https:\/\/semmelweis.hu\/stemcell\/wp-json\/wp\/v2\/types\/page"}],"author":[{"embeddable":true,"href":"https:\/\/semmelweis.hu\/stemcell\/wp-json\/wp\/v2\/users\/101681"}],"replies":[{"embeddable":true,"href":"https:\/\/semmelweis.hu\/stemcell\/wp-json\/wp\/v2\/comments?post=486"}],"version-history":[{"count":10,"href":"https:\/\/semmelweis.hu\/stemcell\/wp-json\/wp\/v2\/pages\/486\/revisions"}],"predecessor-version":[{"id":506,"href":"https:\/\/semmelweis.hu\/stemcell\/wp-json\/wp\/v2\/pages\/486\/revisions\/506"}],"up":[{"embeddable":true,"href":"https:\/\/semmelweis.hu\/stemcell\/wp-json\/wp\/v2\/pages\/143"}],"wp:attachment":[{"href":"https:\/\/semmelweis.hu\/stemcell\/wp-json\/wp\/v2\/media?parent=486"}],"wp:term":[{"taxonomy":"category","embeddable":true,"href":"https:\/\/semmelweis.hu\/stemcell\/wp-json\/wp\/v2\/categories?post=486"},{"taxonomy":"post_tag","embeddable":true,"href":"https:\/\/semmelweis.hu\/stemcell\/wp-json\/wp\/v2\/tags?post=486"}],"curies":[{"name":"wp","href":"https:\/\/api.w.org\/{rel}","templated":true}]}}