{"id":420,"date":"2020-12-14T21:29:32","date_gmt":"2020-12-14T20:29:32","guid":{"rendered":"https:\/\/semmelweis.hu\/stemcell\/?page_id=420"},"modified":"2024-10-31T15:54:37","modified_gmt":"2024-10-31T14:54:37","slug":"lab-members","status":"publish","type":"page","link":"https:\/\/semmelweis.hu\/stemcell\/en\/lab-members\/","title":{"rendered":"Lab members"},"content":{"rendered":"<p>Principal investigator:<\/p>\n<ul>\n<li><a href=\"https:\/\/semmelweis.hu\/telefonkonyv\/?act=mt&amp;inst_id=8&amp;emp_id=998\" target=\"_blank\" rel=\"noopener noreferrer\">Prof. Dr. Nandor Nagy<\/a><\/li>\n<li>E-mail: <a href=\"mailto:nagy.nandor@med.semmelweis-univ.hu\">nagy.nandor@semmelweis.hu<\/a><\/li>\n<li>Phone: +36-1-2156920 \/ 53667 ext.<\/li>\n<li>Fax: +36-1-2153064<\/li>\n<\/ul>\n<p>Lab members:<\/p>\n<ul>\n<li style=\"list-style-type: none\">\n<ul>\n<li>Dr. Imre Ol\u00e1h, prof. emeritus<\/li>\n<li><a href=\"https:\/\/semmelweis.hu\/telefonkonyv\/?act=mt&amp;inst_id=8&amp;emp_id=9805\" target=\"_blank\" rel=\"noopener noreferrer\">Dr. Ildik\u00f3 B\u00f3di<\/a>, senior lecturer<\/li>\n<li><a href=\"https:\/\/semmelweis.hu\/anatomia\/szemelyes-oldalak-personal-pages\/dora-david-dr\/\" target=\"_blank\" rel=\"noopener noreferrer\">Dr. D\u00e1vid D\u00f3ra<\/a>, senior lecturer<\/li>\n<li><a href=\"https:\/\/semmelweis.hu\/telefonkonyv\/?act=mt&amp;inst_id=8&amp;emp_id=999\" target=\"_blank\" rel=\"noopener noreferrer\">Dr. Krisztina <\/a><a href=\"https:\/\/semmelweis.hu\/telefonkonyv\/?act=mt&amp;inst_id=8&amp;emp_id=999\" target=\"_blank\" rel=\"noopener noreferrer\">Herberth-Mink\u00f3<\/a>, senior lecturer<\/li>\n<li><a href=\"https:\/\/semmelweis.hu\/telefonkonyv\/?act=mt&amp;inst_id=8&amp;emp_id=5477\" target=\"_blank\" rel=\"noopener noreferrer\">Dr. Katalin Kocsis<\/a>, senior lecturer<\/li>\n<li><a href=\"https:\/\/semmelweis.hu\/telefonkonyv\/?act=mt&amp;inst_id=8&amp;emp_id=9804\" target=\"_blank\" rel=\"noopener noreferrer\">N\u00f3ra <\/a><a href=\"https:\/\/semmelweis.hu\/telefonkonyv\/?act=mt&amp;inst_id=8&amp;emp_id=9804\" target=\"_blank\" rel=\"noopener noreferrer\">Pecsenye-Fejsz\u00e1k<\/a>, assistant lecturer<\/li>\n<li>Vikt\u00f3ria Halasy, assistant lecturer<\/li>\n<li>Tam\u00e1s Kov\u00e1cs, PhD student<\/li>\n<li>\u00c1d\u00e1m So\u00f3s, PhD student<\/li>\n<li>Em\u0151ke Sz\u0151cs, PhD student<\/li>\n<li>Fruzsina M\u00f3gor, PhD student<\/li>\n<li>Lili Orb\u00e1n, laboratory technician<\/li>\n<li><a href=\"https:\/\/semmelweis.hu\/telefonkonyv\/?act=mt&amp;inst_id=8&amp;emp_id=10310\" target=\"_blank\" rel=\"noopener noreferrer\">Gy\u00f6rgyn\u00e9 Vidra<\/a>, laboratory technician<\/li>\n<\/ul>\n<\/li>\n<\/ul>\n","protected":false},"excerpt":{"rendered":"<p>Principal investigator: <a href=\"https:\/\/semmelweis.hu\/telefonkonyv\/?act=mt&amp;inst_id=8&amp;emp_id=998\" target=\"_blank\" rel=\"noopener noreferrer\">Prof. Dr. Nandor Nagy<\/a> E-mail: <a href=\"mailto:nagy.nandor@med.semmelweis-univ.hu\">nagy.nandor@semmelweis.hu<\/a> Phone: +36-1-2156920 \/ 53667 ext. Fax: +36-1-2153064 Lab members: Dr. Imre Ol\u00e1h, prof. emeritus <a href=\"https:\/\/semmelweis.hu\/telefonkonyv\/?act=mt&amp;inst_id=8&amp;emp_id=9805\" target=\"_blank\" rel=\"noopener noreferrer\">Dr. Ildik\u00f3 B\u00f3di<\/a> , senior lecturer <a href=\"https:\/\/semmelweis.hu\/anatomia\/szemelyes-oldalak-personal-pages\/dora-david-dr\/\" target=\"_blank\" rel=\"noopener noreferrer\">Dr. D\u00e1vid D\u00f3ra<\/a> , senior lecturer <a href=\"https:\/\/semmelweis.hu\/telefonkonyv\/?act=mt&amp;inst_id=8&amp;emp_id=999\" target=\"_blank\" rel=\"noopener noreferrer\">Dr. Krisztina <\/a> <a href=\"https:\/\/semmelweis.hu\/telefonkonyv\/?act=mt&amp;inst_id=8&amp;emp_id=999\" target=\"_blank\" rel=\"noopener noreferrer\">Herberth-Mink\u00f3<\/a> , senior lecturer <a href=\"https:\/\/semmelweis.hu\/telefonkonyv\/?act=mt&amp;inst_id=8&amp;emp_id=5477\" target=\"_blank\" rel=\"noopener noreferrer\">Dr. Katalin Kocsis<\/a> , senior lecturer <a href=\"https:\/\/semmelweis.hu\/telefonkonyv\/?act=mt&amp;inst_id=8&amp;emp_id=9804\" target=\"_blank\" rel=\"noopener noreferrer\">N\u00f3ra <\/a> <a href=\"https:\/\/semmelweis.hu\/telefonkonyv\/?act=mt&amp;inst_id=8&amp;emp_id=9804\" target=\"_blank\" rel=\"noopener noreferrer\">Pecsenye-Fejsz\u00e1k<\/a> , assistant lecturer Vikt\u00f3ria Halasy, assistant lecturer Tam\u00e1s Kov\u00e1cs, PhD student \u00c1d\u00e1m So\u00f3s, PhD student Em\u0151ke Sz\u0151cs, PhD student Fruzsina M\u00f3gor, PhD student Lili Orb\u00e1n, laboratory &hellip;<\/p>\n","protected":false},"author":101681,"featured_media":0,"parent":0,"menu_order":2,"comment_status":"closed","ping_status":"closed","template":"","meta":{"_acf_changed":false,"footnotes":""},"categories":[],"tags":[],"class_list":["post-420","page","type-page","status-publish","hentry"],"acf":[],"_links":{"self":[{"href":"https:\/\/semmelweis.hu\/stemcell\/wp-json\/wp\/v2\/pages\/420","targetHints":{"allow":["GET"]}}],"collection":[{"href":"https:\/\/semmelweis.hu\/stemcell\/wp-json\/wp\/v2\/pages"}],"about":[{"href":"https:\/\/semmelweis.hu\/stemcell\/wp-json\/wp\/v2\/types\/page"}],"author":[{"embeddable":true,"href":"https:\/\/semmelweis.hu\/stemcell\/wp-json\/wp\/v2\/users\/101681"}],"replies":[{"embeddable":true,"href":"https:\/\/semmelweis.hu\/stemcell\/wp-json\/wp\/v2\/comments?post=420"}],"version-history":[{"count":9,"href":"https:\/\/semmelweis.hu\/stemcell\/wp-json\/wp\/v2\/pages\/420\/revisions"}],"predecessor-version":[{"id":1045,"href":"https:\/\/semmelweis.hu\/stemcell\/wp-json\/wp\/v2\/pages\/420\/revisions\/1045"}],"wp:attachment":[{"href":"https:\/\/semmelweis.hu\/stemcell\/wp-json\/wp\/v2\/media?parent=420"}],"wp:term":[{"taxonomy":"category","embeddable":true,"href":"https:\/\/semmelweis.hu\/stemcell\/wp-json\/wp\/v2\/categories?post=420"},{"taxonomy":"post_tag","embeddable":true,"href":"https:\/\/semmelweis.hu\/stemcell\/wp-json\/wp\/v2\/tags?post=420"}],"curies":[{"name":"wp","href":"https:\/\/api.w.org\/{rel}","templated":true}]}}