{"id":295,"date":"2020-01-27T12:49:24","date_gmt":"2020-01-27T12:49:24","guid":{"rendered":"http:\/\/semmelweis.hu\/stemcell\/?page_id=295"},"modified":"2020-12-28T11:35:47","modified_gmt":"2020-12-28T10:35:47","slug":"oktatas","status":"publish","type":"page","link":"https:\/\/semmelweis.hu\/stemcell\/oktatas\/","title":{"rendered":"Oktat\u00e1s"},"content":{"rendered":"<p><strong><u>Oktat\u00e1s (magyar, angol nyelven rendszeres gyakorlatvezet\u00e9s, el\u0151ad\u00e1sok): <\/u><\/strong><\/p>\n<ol>\n<li>A laborat\u00f3rium valamennyi diplom\u00e1s munkat\u00e1rsa r\u00e9szt vesz az els\u0151 \u00e9s m\u00e1sod\u00e9ves orvostanhallgat\u00f3k (magyar, angol, n\u00e9met) makroszk\u00f3pos anat\u00f3mia, sz\u00f6vettan, fejl\u0151d\u00e9sbiol\u00f3gia \u00e9s neuroanat\u00f3mia oktat\u00e1s\u00e1ban (alapk\u00e9pz\u00e9s, k\u00f6telez\u0151).<br \/>\nheti 6-9 \u00f3ra gyakorlat (boncterem) \u00e9s 2-3 tantermi el\u0151ad\u00e1s\/f\u00e9l\u00e9v\/oktat\u00f3<\/p>\n<hr \/>\n<\/li>\n<li>Gy\u00f3gyszer\u00e9sz hallgat\u00f3knak (magyar, angol) anat\u00f3mia, sz\u00f6vettan \u00e9s fejl\u0151d\u00e9stan el\u0151ad\u00e1s \u00e9s gyakorlat r\u00e9sz\u00e9re (alapk\u00e9pz\u00e9s, k\u00f6telez\u0151)<br \/>\n<hr \/>\n<\/li>\n<li>Biom\u00e9rn\u00f6k \u00e9s eg\u00e9szs\u00e9g\u00fcgyi informatikus hallgat\u00f3knak (magyar) anat\u00f3mia, sz\u00f6vettan \u00e9s fejl\u0151d\u00e9stan el\u0151ad\u00e1sokat, gyakorlatokat tartunk (alapk\u00e9pz\u00e9s, k\u00f6telez\u0151)<br \/>\n<hr \/>\n<\/li>\n<li>Doktori k\u00e9pz\u00e9s, amely alapk\u00e9pz\u00e9sben k\u00f6telez\u0151en v\u00e1laszthat\u00f3 t\u00e1rgyk\u00e9nt szerepel: Fejl\u0151d\u00e9sbiol\u00f3gia PhD kurzus<br \/>\nI. f\u00e9l\u00e9v, \u0150ssejtek: 10-12 \u00f3ra el\u0151ad\u00e1s\/ f\u00e9l\u00e9v<br \/>\nII. f\u00e9l\u00e9v, Organogenezis: 10-12 \u00f3ra el\u0151ad\u00e1s\/ f\u00e9l\u00e9v<\/p>\n<hr \/>\n<\/li>\n<li>\u00c1llatk\u00eds\u00e9rletek PhD kurzus (2 \u00f3ra el\u0151ad\u00e1s\/kurzus)<br \/>\n<hr \/>\n<\/li>\n<li>Klinikai Embryologia (2 \u00f3ra el\u0151ad\u00e1s\/kurzus)<br \/>\n<hr \/>\n<\/li>\n<\/ol>\n\r\n        [slb_exclude]\r\n        <div class=\"row galeria-wrapper mx-0 h-auto\">\r\n            <div class=\"col-9 pl-0 pr-2\">\r\n            <span class=\"gallery-item frame\">\r\n\t\t\t\t<div class=\"galeria-left-img\"><a href=\"https:\/\/semmelweis.hu\/stemcell\/files\/2020\/12\/oktatas-3.jpg\"><img src=https:\/\/semmelweis.hu\/stemcell\/files\/2020\/12\/oktatas-3.jpg  \r\n                            alt=\"\" \r\n                            class=\"attachment-sote-gallery-big size-sote-gallery-big\" \r\n                            srcset=\"https:\/\/semmelweis.hu\/stemcell\/files\/2020\/12\/oktatas-3-400x219.jpg 400w, https:\/\/semmelweis.hu\/stemcell\/files\/2020\/12\/oktatas-3-1024x561.jpg 1024w, https:\/\/semmelweis.hu\/stemcell\/files\/2020\/12\/oktatas-3-768x421.jpg 768w, https:\/\/semmelweis.hu\/stemcell\/files\/2020\/12\/oktatas-3-753x413.jpg 753w, https:\/\/semmelweis.hu\/stemcell\/files\/2020\/12\/oktatas-3.jpg 1102w\" ><\/a><\/div>\r\n            <\/span>\r\n\r\n            <\/div>\r\n\r\n\t\t\t<div class=\"col-3 pl-0 pr-0\">\r\n\t\t\t\t<div class=\"galeria-right-img d-flex justify-content-between flex-column h-100 w-100 px-0 mx-0 \">\r\n                <div class=\"galeria-box\">\r\n\t\t\t\t\t<h3 class=\"galeria-title\">Gal\u00e9ria<\/h3>\r\n\t\t\t\t\t<div class=\"galeria-subtitle\">\r\n\r\n\t\t\t\t\t\t<div class=\"galeria-page-counter\"><span>6<\/span>k\u00e9p<\/div>\r\n                    <\/div> <\/div>\r\n                    <span class=\"gallery-item frame d-none d-md-flex\">\r\n\t\t\t\t\t<div class=\"galeria-small-img mt-0\"><a href=\"https:\/\/semmelweis.hu\/stemcell\/files\/2020\/01\/RS44269_KA-20160202-IMG_3874-scr.jpg\"><img src=https:\/\/semmelweis.hu\/stemcell\/files\/2020\/01\/RS44269_KA-20160202-IMG_3874-scr.jpg \r\n                                alt=\"\"  \r\n                                class=\"attachment-sote-gallery-small size-sote-gallery-small\" \r\n                                srcset=\"https:\/\/semmelweis.hu\/stemcell\/files\/2020\/01\/RS44269_KA-20160202-IMG_3874-scr-400x267.jpg 400w, https:\/\/semmelweis.hu\/stemcell\/files\/2020\/01\/RS44269_KA-20160202-IMG_3874-scr-768x512.jpg 768w, https:\/\/semmelweis.hu\/stemcell\/files\/2020\/01\/RS44269_KA-20160202-IMG_3874-scr-753x502.jpg 753w, https:\/\/semmelweis.hu\/stemcell\/files\/2020\/01\/RS44269_KA-20160202-IMG_3874-scr-203x135.jpg 203w, https:\/\/semmelweis.hu\/stemcell\/files\/2020\/01\/RS44269_KA-20160202-IMG_3874-scr.jpg 950w\" ><\/a><\/div>\r\n                    <\/span>\r\n                    <span class=\"gallery-item frame d-none d-md-flex\">\r\n\t\t\t\t\t<div class=\"galeria-small-img mt-0\"><a href=\"https:\/\/semmelweis.hu\/stemcell\/files\/2020\/12\/oktatas-2.jpg\"><img src=https:\/\/semmelweis.hu\/stemcell\/files\/2020\/12\/oktatas-2.jpg \r\n                                alt=\"\" \r\n                                class=\"attachment-sote-gallery-small size-sote-gallery-small\" \r\n                                srcset=\"https:\/\/semmelweis.hu\/stemcell\/files\/2020\/12\/oktatas-2-291x400.jpg 291w, https:\/\/semmelweis.hu\/stemcell\/files\/2020\/12\/oktatas-2-745x1024.jpg 745w, https:\/\/semmelweis.hu\/stemcell\/files\/2020\/12\/oktatas-2-768x1056.jpg 768w, https:\/\/semmelweis.hu\/stemcell\/files\/2020\/12\/oktatas-2-753x1036.jpg 753w, https:\/\/semmelweis.hu\/stemcell\/files\/2020\/12\/oktatas-2.jpg 1007w\" ><\/a><\/div>\r\n                    <\/span>\r\n\r\n                <\/div>\r\n\r\n            <\/div>\r\n\r\n            <span class=\"gallery-item\"><div class=\"hidden\"><a href=\"https:\/\/semmelweis.hu\/stemcell\/files\/2020\/12\/IMG-1125.gif\">\r\n        <img src=https:\/\/semmelweis.hu\/stemcell\/files\/2020\/12\/IMG-1125.gif alt=\"\" class=\"attachment-sote-gallery-big size-sote-gallery-big\" srcset=\"https:\/\/semmelweis.hu\/stemcell\/files\/2020\/12\/IMG-1125-400x267.gif 400w, https:\/\/semmelweis.hu\/stemcell\/files\/2020\/12\/IMG-1125-203x135.gif 203w\" >\r\n        <\/a><\/div><\/span><span class=\"gallery-item\"><div class=\"hidden\"><a href=\"https:\/\/semmelweis.hu\/stemcell\/files\/2020\/12\/oktatas-4-scaled.jpg\">\r\n        <img src=https:\/\/semmelweis.hu\/stemcell\/files\/2020\/12\/oktatas-4-scaled.jpg alt=\"\" class=\"attachment-sote-gallery-big size-sote-gallery-big\" srcset=\"https:\/\/semmelweis.hu\/stemcell\/files\/2020\/12\/oktatas-4-400x211.jpg 400w, https:\/\/semmelweis.hu\/stemcell\/files\/2020\/12\/oktatas-4-1024x540.jpg 1024w, https:\/\/semmelweis.hu\/stemcell\/files\/2020\/12\/oktatas-4-768x405.jpg 768w, https:\/\/semmelweis.hu\/stemcell\/files\/2020\/12\/oktatas-4-1536x810.jpg 1536w, https:\/\/semmelweis.hu\/stemcell\/files\/2020\/12\/oktatas-4-2048x1080.jpg 2048w, https:\/\/semmelweis.hu\/stemcell\/files\/2020\/12\/oktatas-4-753x397.jpg 753w\" >\r\n        <\/a><\/div><\/span><span class=\"gallery-item\"><div class=\"hidden\"><a href=\"https:\/\/semmelweis.hu\/stemcell\/files\/2020\/01\/44257_transform.jpg\">\r\n        <img src=https:\/\/semmelweis.hu\/stemcell\/files\/2020\/01\/44257_transform.jpg alt=\"\" class=\"attachment-sote-gallery-big size-sote-gallery-big\" srcset=\"https:\/\/semmelweis.hu\/stemcell\/files\/2020\/01\/44257_transform-400x131.jpg 400w, https:\/\/semmelweis.hu\/stemcell\/files\/2020\/01\/44257_transform-768x252.jpg 768w, https:\/\/semmelweis.hu\/stemcell\/files\/2020\/01\/44257_transform-1024x336.jpg 1024w, https:\/\/semmelweis.hu\/stemcell\/files\/2020\/01\/44257_transform-753x247.jpg 753w, https:\/\/semmelweis.hu\/stemcell\/files\/2020\/01\/44257_transform.jpg 1280w\" >\r\n        <\/a><\/div><\/span>\r\n            <\/div>\r\n\r\n            [\/slb_exclude]\r\n\t\n<p>&nbsp;<\/p>\n","protected":false},"excerpt":{"rendered":"<p>Oktat\u00e1s (magyar, angol nyelven rendszeres gyakorlatvezet\u00e9s, el\u0151ad\u00e1sok): A laborat\u00f3rium valamennyi diplom\u00e1s munkat\u00e1rsa r\u00e9szt vesz az els\u0151 \u00e9s m\u00e1sod\u00e9ves orvostanhallgat\u00f3k (magyar, angol, n\u00e9met) makroszk\u00f3pos anat\u00f3mia, sz\u00f6vettan, fejl\u0151d\u00e9sbiol\u00f3gia \u00e9s neuroanat\u00f3mia oktat\u00e1s\u00e1ban (alapk\u00e9pz\u00e9s, k\u00f6telez\u0151). heti 6-9 \u00f3ra gyakorlat (boncterem) \u00e9s 2-3 tantermi el\u0151ad\u00e1s\/f\u00e9l\u00e9v\/oktat\u00f3 Gy\u00f3gyszer\u00e9sz hallgat\u00f3knak (magyar, angol) anat\u00f3mia, sz\u00f6vettan \u00e9s fejl\u0151d\u00e9stan el\u0151ad\u00e1s \u00e9s gyakorlat r\u00e9sz\u00e9re (alapk\u00e9pz\u00e9s, k\u00f6telez\u0151) Biom\u00e9rn\u00f6k &hellip;<\/p>\n","protected":false},"author":101681,"featured_media":0,"parent":0,"menu_order":2,"comment_status":"closed","ping_status":"closed","template":"","meta":{"_acf_changed":false,"footnotes":""},"categories":[],"tags":[],"class_list":["post-295","page","type-page","status-publish","hentry"],"acf":[],"_links":{"self":[{"href":"https:\/\/semmelweis.hu\/stemcell\/wp-json\/wp\/v2\/pages\/295","targetHints":{"allow":["GET"]}}],"collection":[{"href":"https:\/\/semmelweis.hu\/stemcell\/wp-json\/wp\/v2\/pages"}],"about":[{"href":"https:\/\/semmelweis.hu\/stemcell\/wp-json\/wp\/v2\/types\/page"}],"author":[{"embeddable":true,"href":"https:\/\/semmelweis.hu\/stemcell\/wp-json\/wp\/v2\/users\/101681"}],"replies":[{"embeddable":true,"href":"https:\/\/semmelweis.hu\/stemcell\/wp-json\/wp\/v2\/comments?post=295"}],"version-history":[{"count":8,"href":"https:\/\/semmelweis.hu\/stemcell\/wp-json\/wp\/v2\/pages\/295\/revisions"}],"predecessor-version":[{"id":482,"href":"https:\/\/semmelweis.hu\/stemcell\/wp-json\/wp\/v2\/pages\/295\/revisions\/482"}],"wp:attachment":[{"href":"https:\/\/semmelweis.hu\/stemcell\/wp-json\/wp\/v2\/media?parent=295"}],"wp:term":[{"taxonomy":"category","embeddable":true,"href":"https:\/\/semmelweis.hu\/stemcell\/wp-json\/wp\/v2\/categories?post=295"},{"taxonomy":"post_tag","embeddable":true,"href":"https:\/\/semmelweis.hu\/stemcell\/wp-json\/wp\/v2\/tags?post=295"}],"curies":[{"name":"wp","href":"https:\/\/api.w.org\/{rel}","templated":true}]}}