{"id":251,"date":"2020-01-26T17:28:11","date_gmt":"2020-01-26T17:28:11","guid":{"rendered":"http:\/\/semmelweis.hu\/stemcell\/?page_id=251"},"modified":"2020-01-27T13:01:17","modified_gmt":"2020-01-27T13:01:17","slug":"palyazatok","status":"publish","type":"page","link":"https:\/\/semmelweis.hu\/stemcell\/palyazatok\/","title":{"rendered":"P\u00e1ly\u00e1zatok"},"content":{"rendered":"<p>T\u00e1mogat\u00f3 \/ Fund: <a href=\"http:\/\/nyilvanos.otka-palyazat.hu\/index.php?menuid=920&amp;keyword=124740#results\" target=\"_blank\" rel=\"noopener noreferrer\">NKFI K-124740<\/a>: \u201cExtracellul\u00e1ris m\u00e1trix funkci\u00f3ja a fejl\u0151d\u0151 b\u00e9lidegrendszerben \u00e9s a neurointestinalis betegs\u00e9gek \u0151ssejtes kezel\u00e9s\u00e9ben\u201d \/ \u201cExtracellular matrix in enteric nervous system development and stem cell transplantation for neurointestinal diseases\u201d<\/p>\n","protected":false},"excerpt":{"rendered":"<p>T\u00e1mogat\u00f3 \/ Fund: <a href=\"http:\/\/nyilvanos.otka-palyazat.hu\/index.php?menuid=920&amp;keyword=124740#results\" target=\"_blank\" rel=\"noopener noreferrer\">NKFI K-124740<\/a>: \u201cExtracellul\u00e1ris m\u00e1trix funkci\u00f3ja a fejl\u0151d\u0151 b\u00e9lidegrendszerben \u00e9s a neurointestinalis betegs\u00e9gek \u0151ssejtes kezel\u00e9s\u00e9ben\u201d \/ \u201cExtracellular matrix in enteric nervous system development and stem cell transplantation for neurointestinal diseases\u201d<\/p>\n","protected":false},"author":101681,"featured_media":0,"parent":0,"menu_order":2,"comment_status":"closed","ping_status":"closed","template":"","meta":{"_acf_changed":false,"footnotes":""},"categories":[],"tags":[],"class_list":["post-251","page","type-page","status-publish","hentry"],"acf":[],"_links":{"self":[{"href":"https:\/\/semmelweis.hu\/stemcell\/wp-json\/wp\/v2\/pages\/251","targetHints":{"allow":["GET"]}}],"collection":[{"href":"https:\/\/semmelweis.hu\/stemcell\/wp-json\/wp\/v2\/pages"}],"about":[{"href":"https:\/\/semmelweis.hu\/stemcell\/wp-json\/wp\/v2\/types\/page"}],"author":[{"embeddable":true,"href":"https:\/\/semmelweis.hu\/stemcell\/wp-json\/wp\/v2\/users\/101681"}],"replies":[{"embeddable":true,"href":"https:\/\/semmelweis.hu\/stemcell\/wp-json\/wp\/v2\/comments?post=251"}],"version-history":[{"count":2,"href":"https:\/\/semmelweis.hu\/stemcell\/wp-json\/wp\/v2\/pages\/251\/revisions"}],"predecessor-version":[{"id":302,"href":"https:\/\/semmelweis.hu\/stemcell\/wp-json\/wp\/v2\/pages\/251\/revisions\/302"}],"wp:attachment":[{"href":"https:\/\/semmelweis.hu\/stemcell\/wp-json\/wp\/v2\/media?parent=251"}],"wp:term":[{"taxonomy":"category","embeddable":true,"href":"https:\/\/semmelweis.hu\/stemcell\/wp-json\/wp\/v2\/categories?post=251"},{"taxonomy":"post_tag","embeddable":true,"href":"https:\/\/semmelweis.hu\/stemcell\/wp-json\/wp\/v2\/tags?post=251"}],"curies":[{"name":"wp","href":"https:\/\/api.w.org\/{rel}","templated":true}]}}