{"id":250,"date":"2020-01-26T17:28:11","date_gmt":"2020-01-26T17:28:11","guid":{"rendered":"http:\/\/semmelweis.hu\/stemcell\/?page_id=250"},"modified":"2025-02-18T14:08:44","modified_gmt":"2025-02-18T13:08:44","slug":"publikaciok","status":"publish","type":"page","link":"https:\/\/semmelweis.hu\/stemcell\/publikaciok\/","title":{"rendered":"Publik\u00e1ci\u00f3k"},"content":{"rendered":"<div>\n<p><span style=\"font-size: 18pt\">Dr. Nagy N\u00e1ndor &#8211; Akad\u00e9miai Doktori \u00c9rtekez\u00e9s<\/span><\/p>\n<p><a href=\"https:\/\/semmelweis.hu\/stemcell\/files\/2022\/01\/MTA-Nagydoktori.pdf\">https:\/\/semmelweis.hu\/stemcell\/files\/2022\/01\/MTA-Nagydoktori.pdf<\/a><\/p>\n<\/div>\n<div class=\"lead\"><span style=\"font-size: 18pt\">Legfrisebb publik\u00e1ci\u00f3k (Nagy Labor):<\/span><\/div>\n<div><span style=\"text-decoration: underline\">Sz\u0151cs E.<\/span>, Balic A., So\u00f3s \u00c1., Halasy V., Nagy N. (2024) <strong>Characterization and ontogeny of a novel lymphoid follicle inducer cell during development of the bursa of Fabricius.<\/strong> <i>Front. Immunol.<\/i>\u00a015:1449117. <a href=\"https:\/\/www.frontiersin.org\/journals\/immunology\/articles\/10.3389\/fimmu.2024.1449117\/full\">doi: 10.3389\/fimmu.2024.1449117<\/a><\/div>\n<div>\u00a0<\/div>\n<div>\n<div><span style=\"text-decoration: underline\">Kov\u00e1cs T.<\/span>, Halasy V., Peth\u0151 Cs., Sz\u0151cs E., So\u00f3s \u00c1., D\u00f3ra D., de Santa Barbara P., Faure S., Stavely R., Goldstein AM., Nagy N. (2023) <strong>Essential Role of BMP4 Signaling in the Avian Ceca in Colorectal Enteric Nervous System Development.<\/strong> <em>Int J Mol Sci.<\/em> 24(21):15664. <a href=\"https:\/\/www.mdpi.com\/1422-0067\/24\/21\/15664\">doi: 10.3390\/ijms242115664.<\/a><\/div>\n<div>\u00a0<\/div>\n<div><span style=\"text-decoration: underline\">Halasy V.<\/span>, Sz\u0151cs E., So\u00f3s \u00c1., Kov\u00e1cs T., Pecsenye-Fejsz\u00e1k N., Hotta R., Goldstein AM., Nagy N. (2023) <strong>CXCR4 and CXCL12 signaling regulates the development of extrinsic innervation to the colorectum.<\/strong> <em>Development<\/em>. 150(8):dev201289. <a href=\"https:\/\/journals.biologists.com\/dev\/article\/150\/8\/dev201289\/307118\/CXCR4-and-CXCL12-signaling-regulates-the\">doi: 10.1242\/dev.201289<\/a>.\u00a0<\/div>\n<div>\u00a0<\/div>\n<div><span style=\"text-decoration: underline\">Stavely R.<\/span>, Hotta R., Guyer RA., Picard N., Rahman AA., Omer M., Soos A., Szocs E., Mueller J., Goldstein AM., Nagy N. (2023) <strong>A distinct transcriptome characterizes neural crest-derived cells at the migratory wavefront during enteric nervous system development.<\/strong> <em>Development<\/em>. 150(5):dev201090. <a href=\"https:\/\/journals.biologists.com\/dev\/article\/150\/5\/dev201090\/294627\/A-distinct-transcriptome-characterizes-neural?searchresult=1\">doi: 10.1242\/dev.201090.<\/a><\/div>\n<div>\u00a0<\/div>\n<\/div>\n<div><span style=\"text-decoration: underline\">Fejsz\u00e1k N.<\/span>, Kocsis K., Halasy V., Sz\u0151cs E., So\u00f3s A., von LaRoche D., H\u00e4rtle S. and Nagy N. (2022) <strong>Characterization and functional properties of a novel monoclonal antibody which identifies a B cell subpopulation in bursa of Fabricius.<\/strong> <em>Poultry Science, <\/em>101(4), <a href=\"https:\/\/doi.org\/10.1016\/j.psj.2022.101711\">https:\/\/doi.org\/10.1016\/j.psj.2022.101711<\/a><\/div>\n<div>\u00a0<\/div>\n<p><span style=\"text-decoration: underline\">Nagy N.<\/span>, Kovacs T., Stavely R., Halasy V., Soos A., Szocs E., Hotta R., Graham H. and Goldstein A. M. (2021). <strong>Avian ceca are indispensable for hindgut enteric nervous system development.<\/strong> <em>Development<\/em>, 148(22):dev199825. <a href=\"10.1242\/dev.199825.\">doi: 10.1242\/dev.199825.<\/a><\/p>\n<p><u>Nagy N<\/u>, Richard A. Guyer, Ryo Hotta, Dongcheng Zhang, Donald F. Newgreen, Viktoria Halasy, Tamas Kovacs, and Goldstein AM (2020). <strong>RET overactivation leads to concurrent Hirschsprung disease and intestinal ganglioneuromas<\/strong><em><strong>.<\/strong> Development 5;147(21):dev190900. <a href=\"10.1242\/dev.190900.\">doi: 10.1242\/dev.190900.<\/a><\/em><\/p>\n<p><u>Nagy, N., <\/u>Busalt, F., Halasy, V., Kohn, M., Schmieder, S., Fejszak, N., Kaspers, B., &amp; H\u00e4rtle, S. (2020). <strong>In and Out of the Bursa-The Role of CXCR4 in Chicken B Cell Development.<\/strong> <em>Frontiers in Immunology<\/em>, <em>11<\/em>, 1468. <a href=\"https:\/\/doi.org\/10.3389\/fimmu.2020.01468\">https:\/\/doi.org\/10.3389\/fimmu.2020.01468<\/a><\/p>\n<p><u>Nagy, N.<\/u>, Barad, C., Hotta, R., Bhave, S., Arciero, E., Dora, D., &amp; Goldstein, A. M. (2018). <strong>Collagen 18 and agrin are secreted by neural crest cells to remodel their microenvironment and regulate their migration during enteric nervous system development.<\/strong> <em>Development<\/em>, <em>145<\/em>(9), dev160317. <a href=\"https:\/\/doi.org\/10.1242\/dev.160317\">https:\/\/doi.org\/10.1242\/dev.160317<\/a><\/p>\n<p><u>Nagy, N., <\/u>&amp; Goldstein, A. M. (2017). <strong>Enteric nervous system development: A crest cell&#8217;s journey from neural tube to colon.<\/strong> <em>Seminars in Cell &amp; Developmental Biology<\/em>, 66: 94\u2013106. <a href=\"10.1016\/j.semcdb.2017.01.006\">10.1016\/j.semcdb.2017.01.006<\/a><\/p>\n<p><span style=\"font-size: 18pt\"><strong>Tov\u00e1bbi publik\u00e1ci\u00f3k:<\/strong><\/span><\/p>\n<p>Nagy N\u00e1ndor: <a href=\"https:\/\/orcid.org\/0000-0002-6223-5214\">https:\/\/orcid.org\/0000-0002-6223-5214<\/a><br \/>\nKocsis Katalin: <a href=\"https:\/\/orcid.org\/0000-0001-7033-6552\">https:\/\/orcid.org\/0000-0001-7033-6552<\/a><br \/>\nFejsz\u00e1k N\u00f3ra: <a href=\"https:\/\/orcid.org\/0000-0002-0988-0310\">https:\/\/orcid.org\/0000-0002-0988-0310<\/a><br \/>\nHalasy Vikt\u00f3ria: <a href=\"https:\/\/orcid.org\/0000-0002-1713-5986\">https:\/\/orcid.org\/0000-0002-1713-5986<\/a><br \/>\nSo\u00f3s \u00c1d\u00e1m: <a href=\"https:\/\/orcid.org\/0000-0002-1660-3303\" target=\"null\" rel=\"noopener\">https:\/\/orcid.org\/0000-0002-1660-3303<\/a><br \/>\nSz\u0151cs Em\u0151ke: <a href=\"https:\/\/orcid.org\/0000-0002-7724-5474\">https:\/\/orcid.org\/0000-0002-7724-5474<\/a><\/p>\n","protected":false},"excerpt":{"rendered":"<p>Dr. Nagy N\u00e1ndor &#8211; Akad\u00e9miai Doktori \u00c9rtekez\u00e9s <a href=\"https:\/\/semmelweis.hu\/stemcell\/files\/2022\/01\/MTA-Nagydoktori.pdf\">https:\/\/semmelweis.hu\/stemcell\/files\/2022\/01\/MTA-Nagydoktori.pdf<\/a> Legfrisebb publik\u00e1ci\u00f3k (Nagy Labor): Sz\u0151cs E., Balic A., So\u00f3s \u00c1., Halasy V., Nagy N. (2024) Characterization and ontogeny of a novel lymphoid follicle inducer cell during development of the bursa of Fabricius. Front. Immunol.\u00a015:1449117. <a href=\"https:\/\/www.frontiersin.org\/journals\/immunology\/articles\/10.3389\/fimmu.2024.1449117\/full\">doi: 10.3389\/fimmu.2024.1449117<\/a> \u00a0 Kov\u00e1cs T., Halasy V., Peth\u0151 Cs., Sz\u0151cs E., So\u00f3s \u00c1., D\u00f3ra D., de &hellip;<\/p>\n","protected":false},"author":101681,"featured_media":0,"parent":0,"menu_order":2,"comment_status":"closed","ping_status":"closed","template":"","meta":{"_acf_changed":false,"footnotes":""},"categories":[],"tags":[],"class_list":["post-250","page","type-page","status-publish","hentry"],"acf":[],"_links":{"self":[{"href":"https:\/\/semmelweis.hu\/stemcell\/wp-json\/wp\/v2\/pages\/250","targetHints":{"allow":["GET"]}}],"collection":[{"href":"https:\/\/semmelweis.hu\/stemcell\/wp-json\/wp\/v2\/pages"}],"about":[{"href":"https:\/\/semmelweis.hu\/stemcell\/wp-json\/wp\/v2\/types\/page"}],"author":[{"embeddable":true,"href":"https:\/\/semmelweis.hu\/stemcell\/wp-json\/wp\/v2\/users\/101681"}],"replies":[{"embeddable":true,"href":"https:\/\/semmelweis.hu\/stemcell\/wp-json\/wp\/v2\/comments?post=250"}],"version-history":[{"count":11,"href":"https:\/\/semmelweis.hu\/stemcell\/wp-json\/wp\/v2\/pages\/250\/revisions"}],"predecessor-version":[{"id":1113,"href":"https:\/\/semmelweis.hu\/stemcell\/wp-json\/wp\/v2\/pages\/250\/revisions\/1113"}],"wp:attachment":[{"href":"https:\/\/semmelweis.hu\/stemcell\/wp-json\/wp\/v2\/media?parent=250"}],"wp:term":[{"taxonomy":"category","embeddable":true,"href":"https:\/\/semmelweis.hu\/stemcell\/wp-json\/wp\/v2\/categories?post=250"},{"taxonomy":"post_tag","embeddable":true,"href":"https:\/\/semmelweis.hu\/stemcell\/wp-json\/wp\/v2\/tags?post=250"}],"curies":[{"name":"wp","href":"https:\/\/api.w.org\/{rel}","templated":true}]}}