{"id":246,"date":"2020-01-26T17:25:20","date_gmt":"2020-01-26T17:25:20","guid":{"rendered":"http:\/\/semmelweis.hu\/stemcell\/?page_id=246"},"modified":"2020-12-28T12:54:03","modified_gmt":"2020-12-28T11:54:03","slug":"modszerek","status":"publish","type":"page","link":"https:\/\/semmelweis.hu\/stemcell\/projektek\/modszerek\/","title":{"rendered":"Eszk\u00f6z\u00f6k, m\u00f3dszerek"},"content":{"rendered":"<div class=\"exp-col-content-holder\"><a class=\"expand-cnt-link\" href=\"#\">\u0150ssejt-teny\u00e9szt\u00e9s<\/a><\/p>\n<div class=\"hidden-content\">\n<p class=\"hiddenContentp\">A tartalom felt\u00f6lt\u00e9s alatt.<\/p>\n<\/div>\n<\/div>\n<div class=\"exp-col-content-holder\"><a class=\"expand-cnt-link\" href=\"#\">Enter\u00e1lis neurosphere teny\u00e9szt\u00e9s<\/a><\/p>\n<div class=\"hidden-content\">\n<p class=\"hiddenContentp\">A tartalom felt\u00f6lt\u00e9s alatt.<\/p>\n<\/div>\n<\/div>\n<div class=\"exp-col-content-holder\"><a class=\"expand-cnt-link\" href=\"#\">LMMP k\u00e9sz\u00edt\u00e9s<\/a><\/p>\n<div class=\"hidden-content\">\n<p class=\"hiddenContentp\">A tartalom felt\u00f6lt\u00e9s alatt.<\/p>\n<\/div>\n<\/div>\n<div class=\"exp-col-content-holder\"><a class=\"expand-cnt-link\" href=\"#\">Transzgenikus eg\u00e9r \u00e9s csirke embri\u00f3k<\/a><\/p>\n<div class=\"hidden-content\">\n<p class=\"hiddenContentp\">A tartalom felt\u00f6lt\u00e9s alatt.<\/p>\n<\/div>\n<\/div>\n<div class=\"exp-col-content-holder\"><a class=\"expand-cnt-link\" href=\"#\">Embri\u00f3manipul\u00e1ci\u00f3<\/a><\/p>\n<div class=\"hidden-content\">\n<div class=\"exp-col-content-holder\"><a class=\"expand-cnt-link\" href=\"#\">Vel\u0151cs\u0151 transzplant\u00e1ci\u00f3<\/a><\/p>\n<div class=\"hidden-content\">\n<p class=\"hiddenContentp\">A tartalom felt\u00f6lt\u00e9s alatt.<\/p>\n<\/div>\n<\/div>\n<div class=\"exp-col-content-holder\"><a class=\"expand-cnt-link\" href=\"#\">Gerinch\u00far abl\u00e1ci\u00f3<\/a><\/p>\n<div class=\"hidden-content\">\n<p class=\"hiddenContentp\">A tartalom felt\u00f6lt\u00e9s alatt.<\/p>\n<\/div>\n<\/div>\n<div class=\"exp-col-content-holder\"><a class=\"expand-cnt-link\" href=\"#\">Test\u00fcreg kim\u00e9r\u00e1k<\/a><\/p>\n<div class=\"hidden-content\">\n<p class=\"hiddenContentp\">A tartalom felt\u00f6lt\u00e9s alatt.<\/p>\n<\/div>\n<\/div>\n<div class=\"exp-col-content-holder\"><a class=\"expand-cnt-link\" href=\"#\">Chorioallantois transzplant\u00e1ci\u00f3<\/a><\/p>\n<div class=\"hidden-content\">\n<p class=\"hiddenContentp\">A tartalom felt\u00f6lt\u00e9s alatt.<\/p>\n<\/div>\n<\/div>\n<div class=\"exp-col-content-holder\"><a class=\"expand-cnt-link\" href=\"#\">Parabi\u00f3zis<\/a><\/p>\n<div class=\"hidden-content\">\n<p class=\"hiddenContentp\">A tartalom felt\u00f6lt\u00e9s alatt.<\/p>\n<\/div>\n<\/div>\n<\/div>\n<\/div>\n<div class=\"exp-col-content-holder\"><a class=\"expand-cnt-link\" href=\"#\"><em>Ex vivo<\/em> \u00e9s <em>in ovo<\/em> szervteny\u00e9szt\u00e9s<\/a><\/p>\n<div class=\"hidden-content\">\n<p class=\"hiddenContentp\">A tartalom felt\u00f6lt\u00e9s alatt.<\/p>\n<\/div>\n<\/div>\n<div class=\"exp-col-content-holder\"><a class=\"expand-cnt-link\" href=\"#\">Retrov\u00edrusos g\u00e9nexpresszi\u00f3 szab\u00e1lyoz\u00e1s<\/a><\/p>\n<div class=\"hidden-content\">\n<p class=\"hiddenContentp\">A tartalom felt\u00f6lt\u00e9s alatt.<\/p>\n<\/div>\n<\/div>\n<div class=\"exp-col-content-holder\"><a class=\"expand-cnt-link\" href=\"#\">Mikroszk\u00f3pia<\/a><\/p>\n<div class=\"hidden-content\">\n<div class=\"exp-col-content-holder\"><a class=\"expand-cnt-link\" href=\"#\">F\u00e9nymikroszk\u00f3pia<\/a><\/p>\n<div class=\"hidden-content\">\n<p class=\"hiddenContentp\">A tartalom felt\u00f6lt\u00e9s alatt.<\/p>\n<\/div>\n<\/div>\n<div class=\"exp-col-content-holder\"><a class=\"expand-cnt-link\" href=\"#\">Fluoreszcens mikroszk\u00f3pia<\/a><\/p>\n<div class=\"hidden-content\">\n<p class=\"hiddenContentp\">A tartalom felt\u00f6lt\u00e9s alatt.<\/p>\n<\/div>\n<\/div>\n<div class=\"exp-col-content-holder\"><a class=\"expand-cnt-link\" href=\"#\">Konfok\u00e1lis l\u00e9zer scanning mikroszk\u00f3pia<\/a><\/p>\n<div class=\"hidden-content\">\n<p class=\"hiddenContentp\">A tartalom felt\u00f6lt\u00e9s alatt.<\/p>\n<\/div>\n<\/div>\n<div class=\"exp-col-content-holder\"><a class=\"expand-cnt-link\" href=\"#\">Elektronmikroszk\u00f3pia<\/a><\/p>\n<div class=\"hidden-content\">\n<p class=\"hiddenContentp\">A tartalom felt\u00f6lt\u00e9s alatt.<\/p>\n<p>&nbsp;<\/p>\n<\/div>\n<\/div>\n<div class=\"exp-col-content-holder\"><a class=\"expand-cnt-link\" href=\"#\">Fluoreszcens sztereomikroszk\u00f3pia<\/a><\/p>\n<div class=\"hidden-content\">\n<p class=\"hiddenContentp\">A tartalom felt\u00f6lt\u00e9s alatt.<\/p>\n<p>&nbsp;<\/p>\n<\/div>\n<\/div>\n<\/div>\n<\/div>\n<div class=\"exp-col-content-holder\"><a class=\"expand-cnt-link\" href=\"#\">Immunhisztok\u00e9mia<\/a><\/p>\n<div class=\"hidden-content\">\n<p class=\"hiddenContentp\">A tartalom felt\u00f6lt\u00e9s alatt.<\/p>\n<div class=\"exp-col-content-holder\"><a class=\"expand-cnt-link\" href=\"#\">Lektin hisztok\u00e9mia<\/a><\/p>\n<div class=\"hidden-content\">\n<p class=\"hiddenContentp\">A tartalom felt\u00f6lt\u00e9s alatt.<\/p>\n<\/div>\n<\/div>\n<div class=\"exp-col-content-holder\"><a class=\"expand-cnt-link\" href=\"#\">Enzim hisztok\u00e9mia<\/a><\/p>\n<div class=\"hidden-content\">\n<p class=\"hiddenContentp\">A tartalom felt\u00f6lt\u00e9s alatt.<\/p>\n<\/div>\n<\/div>\n<\/div>\n<\/div>\n<div class=\"exp-col-content-holder\"><a class=\"expand-cnt-link\" href=\"#\">Monoklon\u00e1lis ellenanyag el\u0151\u00e1ll\u00edt\u00e1s<\/a><\/p>\n<div class=\"hidden-content\">\n<p class=\"hiddenContentp\">A tartalom felt\u00f6lt\u00e9s alatt.<\/p>\n<\/div>\n<\/div>\n<div class=\"exp-col-content-holder\"><a class=\"expand-cnt-link\" href=\"#\">Feh\u00e9rje- \u00e9s nukleinsav anal\u00edzis<\/a><\/p>\n<div class=\"hidden-content\">\n<div class=\"exp-col-content-holder\"><a class=\"expand-cnt-link\" href=\"#\">Western blotting<\/a><\/p>\n<div class=\"hidden-content\">\n<p class=\"hiddenContentp\">A tartalom felt\u00f6lt\u00e9s alatt.<\/p>\n<\/div>\n<\/div>\n<div class=\"exp-col-content-holder\"><a class=\"expand-cnt-link\" href=\"#\">PCR<\/a><\/p>\n<div class=\"hidden-content\">\n<p class=\"hiddenContentp\">A tartalom felt\u00f6lt\u00e9s alatt.<\/p>\n<\/div>\n<\/div>\n<\/div>\n<\/div>\n<div class=\"exp-col-content-holder\"><a class=\"expand-cnt-link\" href=\"#\">Sz\u00f6vettani mint\u00e1k feldolgoz\u00e1sa<\/a><\/p>\n<div class=\"hidden-content\">\n<div class=\"exp-col-content-holder\"><a class=\"expand-cnt-link\" href=\"#\">Fagyasztott blokkok k\u00e9sz\u00edt\u00e9se<\/a><\/p>\n<div class=\"hidden-content\">\n<p class=\"hiddenContentp\">A tartalom felt\u00f6lt\u00e9s alatt.<\/p>\n<\/div>\n<\/div>\n<\/div>\n<\/div>\n<p>&nbsp;<\/p>\n<hr \/>\n\r\n        [slb_exclude]\r\n        <div class=\"row galeria-wrapper mx-0 h-auto\">\r\n            <div class=\"col-9 pl-0 pr-2\">\r\n            <span class=\"gallery-item frame\">\r\n\t\t\t\t<div class=\"galeria-left-img\"><a href=\"https:\/\/semmelweis.hu\/stemcell\/files\/2020\/12\/Wnt1mTmG-scaled.jpg\"><img src=https:\/\/semmelweis.hu\/stemcell\/files\/2020\/12\/Wnt1mTmG-scaled.jpg  \r\n                            alt=\"\" \r\n                            class=\"attachment-sote-gallery-big size-sote-gallery-big\" \r\n                            srcset=\"https:\/\/semmelweis.hu\/stemcell\/files\/2020\/12\/Wnt1mTmG-400x250.jpg 400w, https:\/\/semmelweis.hu\/stemcell\/files\/2020\/12\/Wnt1mTmG-1024x640.jpg 1024w, https:\/\/semmelweis.hu\/stemcell\/files\/2020\/12\/Wnt1mTmG-768x480.jpg 768w, https:\/\/semmelweis.hu\/stemcell\/files\/2020\/12\/Wnt1mTmG-1536x960.jpg 1536w, https:\/\/semmelweis.hu\/stemcell\/files\/2020\/12\/Wnt1mTmG-2048x1280.jpg 2048w, https:\/\/semmelweis.hu\/stemcell\/files\/2020\/12\/Wnt1mTmG-753x471.jpg 753w\" ><\/a><\/div>\r\n            <\/span>\r\n\r\n            <\/div>\r\n\r\n\t\t\t<div class=\"col-3 pl-0 pr-0\">\r\n\t\t\t\t<div class=\"galeria-right-img d-flex justify-content-between flex-column h-100 w-100 px-0 mx-0 \">\r\n                <div class=\"galeria-box\">\r\n\t\t\t\t\t<h3 class=\"galeria-title\">Gal\u00e9ria<\/h3>\r\n\t\t\t\t\t<div class=\"galeria-subtitle\">\r\n\r\n\t\t\t\t\t\t<div class=\"galeria-page-counter\"><span>6<\/span>k\u00e9p<\/div>\r\n                    <\/div> <\/div>\r\n                    <span class=\"gallery-item frame d-none d-md-flex\">\r\n\t\t\t\t\t<div class=\"galeria-small-img mt-0\"><a href=\"https:\/\/semmelweis.hu\/stemcell\/files\/2020\/01\/galleria-3-1024x685.jpg\"><img src=https:\/\/semmelweis.hu\/stemcell\/files\/2020\/01\/galleria-3-1024x685.jpg \r\n                                alt=\"\"  \r\n                                class=\"attachment-sote-gallery-small size-sote-gallery-small\" \r\n                                srcset=\"https:\/\/semmelweis.hu\/stemcell\/files\/2020\/01\/galleria-3-1024x685-400x268.jpg 400w, https:\/\/semmelweis.hu\/stemcell\/files\/2020\/01\/galleria-3-1024x685-768x514.jpg 768w, https:\/\/semmelweis.hu\/stemcell\/files\/2020\/01\/galleria-3-1024x685.jpg 1024w, https:\/\/semmelweis.hu\/stemcell\/files\/2020\/01\/galleria-3-1024x685-753x504.jpg 753w, https:\/\/semmelweis.hu\/stemcell\/files\/2020\/01\/galleria-3-1024x685-203x135.jpg 203w\" ><\/a><\/div>\r\n                    <\/span>\r\n                    <span class=\"gallery-item frame d-none d-md-flex\">\r\n\t\t\t\t\t<div class=\"galeria-small-img mt-0\"><a href=\"https:\/\/semmelweis.hu\/stemcell\/files\/2020\/01\/galleria-4-1024x768.jpg\"><img src=https:\/\/semmelweis.hu\/stemcell\/files\/2020\/01\/galleria-4-1024x768.jpg \r\n                                alt=\"\" \r\n                                class=\"attachment-sote-gallery-small size-sote-gallery-small\" \r\n                                srcset=\"https:\/\/semmelweis.hu\/stemcell\/files\/2020\/01\/galleria-4-1024x768-400x300.jpg 400w, https:\/\/semmelweis.hu\/stemcell\/files\/2020\/01\/galleria-4-1024x768-768x576.jpg 768w, https:\/\/semmelweis.hu\/stemcell\/files\/2020\/01\/galleria-4-1024x768.jpg 1024w, https:\/\/semmelweis.hu\/stemcell\/files\/2020\/01\/galleria-4-1024x768-753x565.jpg 753w\" ><\/a><\/div>\r\n                    <\/span>\r\n\r\n                <\/div>\r\n\r\n            <\/div>\r\n\r\n            <span class=\"gallery-item\"><div class=\"hidden\"><a href=\"https:\/\/semmelweis.hu\/stemcell\/files\/2020\/12\/LMMP-scaled.jpg\">\r\n        <img src=https:\/\/semmelweis.hu\/stemcell\/files\/2020\/12\/LMMP-scaled.jpg alt=\"\" class=\"attachment-sote-gallery-big size-sote-gallery-big\" srcset=\"https:\/\/semmelweis.hu\/stemcell\/files\/2020\/12\/LMMP-400x284.jpg 400w, https:\/\/semmelweis.hu\/stemcell\/files\/2020\/12\/LMMP-1024x728.jpg 1024w, https:\/\/semmelweis.hu\/stemcell\/files\/2020\/12\/LMMP-768x546.jpg 768w, https:\/\/semmelweis.hu\/stemcell\/files\/2020\/12\/LMMP-1536x1092.jpg 1536w, https:\/\/semmelweis.hu\/stemcell\/files\/2020\/12\/LMMP-2048x1456.jpg 2048w, https:\/\/semmelweis.hu\/stemcell\/files\/2020\/12\/LMMP-753x535.jpg 753w\" >\r\n        <\/a><\/div><\/span><span class=\"gallery-item\"><div class=\"hidden\"><a href=\"https:\/\/semmelweis.hu\/stemcell\/files\/2020\/01\/galleria-2.jpg\">\r\n        <img src=https:\/\/semmelweis.hu\/stemcell\/files\/2020\/01\/galleria-2.jpg alt=\"\" class=\"attachment-sote-gallery-big size-sote-gallery-big\" srcset=\"https:\/\/semmelweis.hu\/stemcell\/files\/2020\/01\/galleria-2-400x268.jpg 400w, https:\/\/semmelweis.hu\/stemcell\/files\/2020\/01\/galleria-2-768x515.jpg 768w, https:\/\/semmelweis.hu\/stemcell\/files\/2020\/01\/galleria-2-753x505.jpg 753w, https:\/\/semmelweis.hu\/stemcell\/files\/2020\/01\/galleria-2-203x135.jpg 203w, https:\/\/semmelweis.hu\/stemcell\/files\/2020\/01\/galleria-2.jpg 1020w\" >\r\n        <\/a><\/div><\/span><span class=\"gallery-item\"><div class=\"hidden\"><a href=\"https:\/\/semmelweis.hu\/stemcell\/files\/2020\/12\/smz25_1-scaled.jpg\">\r\n        <img src=https:\/\/semmelweis.hu\/stemcell\/files\/2020\/12\/smz25_1-scaled.jpg alt=\"\" class=\"attachment-sote-gallery-big size-sote-gallery-big\" srcset=\"https:\/\/semmelweis.hu\/stemcell\/files\/2020\/12\/smz25_1-400x300.jpg 400w, https:\/\/semmelweis.hu\/stemcell\/files\/2020\/12\/smz25_1-1024x768.jpg 1024w, https:\/\/semmelweis.hu\/stemcell\/files\/2020\/12\/smz25_1-768x576.jpg 768w, https:\/\/semmelweis.hu\/stemcell\/files\/2020\/12\/smz25_1-1536x1152.jpg 1536w, https:\/\/semmelweis.hu\/stemcell\/files\/2020\/12\/smz25_1-2048x1536.jpg 2048w, https:\/\/semmelweis.hu\/stemcell\/files\/2020\/12\/smz25_1-753x565.jpg 753w\" >\r\n        <\/a><\/div><\/span>\r\n            <\/div>\r\n\r\n            [\/slb_exclude]\r\n\t\n","protected":false},"excerpt":{"rendered":"<p><a class=\"expand-cnt-link\" href=\"#\">\u0150ssejt-teny\u00e9szt\u00e9s<\/a> A tartalom felt\u00f6lt\u00e9s alatt. <a class=\"expand-cnt-link\" href=\"#\">Enter\u00e1lis neurosphere teny\u00e9szt\u00e9s<\/a> A tartalom felt\u00f6lt\u00e9s alatt. <a class=\"expand-cnt-link\" href=\"#\">LMMP k\u00e9sz\u00edt\u00e9s<\/a> A tartalom felt\u00f6lt\u00e9s alatt. <a class=\"expand-cnt-link\" href=\"#\">Transzgenikus eg\u00e9r \u00e9s csirke embri\u00f3k<\/a> A tartalom felt\u00f6lt\u00e9s alatt. <a class=\"expand-cnt-link\" href=\"#\">Embri\u00f3manipul\u00e1ci\u00f3<\/a> <a class=\"expand-cnt-link\" href=\"#\">Vel\u0151cs\u0151 transzplant\u00e1ci\u00f3<\/a> A tartalom felt\u00f6lt\u00e9s alatt. <a class=\"expand-cnt-link\" href=\"#\">Gerinch\u00far abl\u00e1ci\u00f3<\/a> A tartalom felt\u00f6lt\u00e9s alatt. <a class=\"expand-cnt-link\" href=\"#\">Test\u00fcreg kim\u00e9r\u00e1k<\/a> A tartalom felt\u00f6lt\u00e9s alatt. <a class=\"expand-cnt-link\" href=\"#\">Chorioallantois transzplant\u00e1ci\u00f3<\/a> A tartalom felt\u00f6lt\u00e9s alatt. <a class=\"expand-cnt-link\" href=\"#\">Parabi\u00f3zis<\/a> A tartalom felt\u00f6lt\u00e9s alatt. <a class=\"expand-cnt-link\" href=\"#\">Ex vivo \u00e9s in ovo szervteny\u00e9szt\u00e9s<\/a> A tartalom felt\u00f6lt\u00e9s alatt. <a class=\"expand-cnt-link\" href=\"#\">Retrov\u00edrusos g\u00e9nexpresszi\u00f3 szab\u00e1lyoz\u00e1s<\/a> A tartalom felt\u00f6lt\u00e9s alatt. <a class=\"expand-cnt-link\" href=\"#\">Mikroszk\u00f3pia<\/a> <a class=\"expand-cnt-link\" href=\"#\">F\u00e9nymikroszk\u00f3pia<\/a> A tartalom felt\u00f6lt\u00e9s alatt. <a class=\"expand-cnt-link\" href=\"#\">Fluoreszcens mikroszk\u00f3pia<\/a> A tartalom felt\u00f6lt\u00e9s alatt. <a class=\"expand-cnt-link\" href=\"#\">Konfok\u00e1lis l\u00e9zer scanning mikroszk\u00f3pia<\/a> A tartalom felt\u00f6lt\u00e9s &hellip;<\/p>\n","protected":false},"author":101681,"featured_media":0,"parent":224,"menu_order":0,"comment_status":"closed","ping_status":"closed","template":"template-fullwidth.php","meta":{"_acf_changed":false,"footnotes":""},"categories":[],"tags":[],"class_list":["post-246","page","type-page","status-publish","hentry"],"acf":[],"_links":{"self":[{"href":"https:\/\/semmelweis.hu\/stemcell\/wp-json\/wp\/v2\/pages\/246","targetHints":{"allow":["GET"]}}],"collection":[{"href":"https:\/\/semmelweis.hu\/stemcell\/wp-json\/wp\/v2\/pages"}],"about":[{"href":"https:\/\/semmelweis.hu\/stemcell\/wp-json\/wp\/v2\/types\/page"}],"author":[{"embeddable":true,"href":"https:\/\/semmelweis.hu\/stemcell\/wp-json\/wp\/v2\/users\/101681"}],"replies":[{"embeddable":true,"href":"https:\/\/semmelweis.hu\/stemcell\/wp-json\/wp\/v2\/comments?post=246"}],"version-history":[{"count":10,"href":"https:\/\/semmelweis.hu\/stemcell\/wp-json\/wp\/v2\/pages\/246\/revisions"}],"predecessor-version":[{"id":392,"href":"https:\/\/semmelweis.hu\/stemcell\/wp-json\/wp\/v2\/pages\/246\/revisions\/392"}],"up":[{"embeddable":true,"href":"https:\/\/semmelweis.hu\/stemcell\/wp-json\/wp\/v2\/pages\/224"}],"wp:attachment":[{"href":"https:\/\/semmelweis.hu\/stemcell\/wp-json\/wp\/v2\/media?parent=246"}],"wp:term":[{"taxonomy":"category","embeddable":true,"href":"https:\/\/semmelweis.hu\/stemcell\/wp-json\/wp\/v2\/categories?post=246"},{"taxonomy":"post_tag","embeddable":true,"href":"https:\/\/semmelweis.hu\/stemcell\/wp-json\/wp\/v2\/tags?post=246"}],"curies":[{"name":"wp","href":"https:\/\/api.w.org\/{rel}","templated":true}]}}