{"id":240,"date":"2020-01-26T17:24:46","date_gmt":"2020-01-26T17:24:46","guid":{"rendered":"http:\/\/semmelweis.hu\/stemcell\/?page_id=240"},"modified":"2025-09-25T15:43:39","modified_gmt":"2025-09-25T13:43:39","slug":"munkatarsaink","status":"publish","type":"page","link":"https:\/\/semmelweis.hu\/stemcell\/munkatarsaink\/","title":{"rendered":"Munkat\u00e1rsaink"},"content":{"rendered":"<p>Laborvezet\u0151:<\/p>\n<ul>\n<li><a href=\"https:\/\/semmelweis.hu\/telefonkonyv\/?act=mt&amp;inst_id=8&amp;emp_id=998\" target=\"_blank\" rel=\"noopener noreferrer\">Dr. Nagy N\u00e1ndor<\/a>, egyetemi tan\u00e1r<\/li>\n<li>E-mail:\u00a0 <a href=\"mailto:nagy.nandor@med.semmelweis-univ.hu\">nagy.nandor@med.semmelweis-univ.hu<\/a><\/li>\n<li>Telefon: +36-1-2156920 \/ 53667 mell\u00e9k<\/li>\n<li>Fax: +36-1-2153064<\/li>\n<\/ul>\n<p>Munkat\u00e1rsak:<\/p>\n<ul>\n<li style=\"list-style-type: none\">\n<ul>\n<li>Dr. Ol\u00e1h Imre, prof. emeritus<\/li>\n<li><a href=\"https:\/\/semmelweis.hu\/telefonkonyv\/?act=mt&amp;inst_id=8&amp;emp_id=9805\" target=\"_blank\" rel=\"noopener noreferrer\">Dr. B\u00f3di Ildik\u00f3<\/a>, egyetemi adjunktus<\/li>\n<li><a href=\"https:\/\/semmelweis.hu\/anatomia\/szemelyes-oldalak-personal-pages\/dora-david-dr\/\" target=\"_blank\" rel=\"noopener noreferrer\">Dr. D\u00f3ra D\u00e1vid<\/a>, egyetemi adjunktus<\/li>\n<li><a href=\"https:\/\/semmelweis.hu\/telefonkonyv\/?act=mt&amp;inst_id=8&amp;emp_id=999\" target=\"_blank\" rel=\"noopener noreferrer\">Dr. Herberth-Mink\u00f3 Krisztina<\/a>, egyetemi adjunktus<\/li>\n<li><a href=\"https:\/\/semmelweis.hu\/telefonkonyv\/?act=mt&amp;inst_id=8&amp;emp_id=5477\" target=\"_blank\" rel=\"noopener noreferrer\">Dr. Kocsis Katalin<\/a>, egyetemi adjunktus<\/li>\n<li><a href=\"https:\/\/semmelweis.hu\/telefonkonyv\/?act=mt&amp;inst_id=8&amp;emp_id=9804\" target=\"_blank\" rel=\"noopener noreferrer\">Dr. Pecsenye-Fejsz\u00e1k N\u00f3ra<\/a>, egyetemi adjunktus<\/li>\n<li>Dr. G\u00e1sp\u00e1r-Halasy Vikt\u00f3ria, egyetemi tan\u00e1rseg\u00e9d<\/li>\n<li>So\u00f3s \u00c1d\u00e1m, egyetemi tan\u00e1rseg\u00e9d<\/li>\n<li>Sz\u0151cs Em\u0151ke, egyetemi tan\u00e1rseg\u00e9d<\/li>\n<li>Kov\u00e1cs Tam\u00e1s, PhD hallgat\u00f3<\/li>\n<li>Kaczur Bettina, PhD hallgat\u00f3<\/li>\n<li>M\u00f3gor Fruzsina, PhD hallgat\u00f3<\/li>\n<li>Orb\u00e1n Lili, laborasszisztens<\/li>\n<li><a href=\"https:\/\/semmelweis.hu\/telefonkonyv\/?act=mt&amp;inst_id=8&amp;emp_id=10310\" target=\"_blank\" rel=\"noopener noreferrer\">Vidra Gy\u00f6rgyn\u00e9<\/a>, laborasszisztens<\/li>\n<\/ul>\n<\/li>\n<\/ul>\n","protected":false},"excerpt":{"rendered":"<p>Laborvezet\u0151: <a href=\"https:\/\/semmelweis.hu\/telefonkonyv\/?act=mt&amp;inst_id=8&amp;emp_id=998\" target=\"_blank\" rel=\"noopener noreferrer\">Dr. Nagy N\u00e1ndor<\/a> , egyetemi tan\u00e1r E-mail:\u00a0 <a href=\"mailto:nagy.nandor@med.semmelweis-univ.hu\">nagy.nandor@med.semmelweis-univ.hu<\/a> Telefon: +36-1-2156920 \/ 53667 mell\u00e9k Fax: +36-1-2153064 Munkat\u00e1rsak: Dr. Ol\u00e1h Imre, prof. emeritus <a href=\"https:\/\/semmelweis.hu\/telefonkonyv\/?act=mt&amp;inst_id=8&amp;emp_id=9805\" target=\"_blank\" rel=\"noopener noreferrer\">Dr. B\u00f3di Ildik\u00f3<\/a> , egyetemi adjunktus <a href=\"https:\/\/semmelweis.hu\/anatomia\/szemelyes-oldalak-personal-pages\/dora-david-dr\/\" target=\"_blank\" rel=\"noopener noreferrer\">Dr. D\u00f3ra D\u00e1vid<\/a> , egyetemi adjunktus <a href=\"https:\/\/semmelweis.hu\/telefonkonyv\/?act=mt&amp;inst_id=8&amp;emp_id=999\" target=\"_blank\" rel=\"noopener noreferrer\">Dr. Herberth-Mink\u00f3 Krisztina<\/a> , egyetemi adjunktus <a href=\"https:\/\/semmelweis.hu\/telefonkonyv\/?act=mt&amp;inst_id=8&amp;emp_id=5477\" target=\"_blank\" rel=\"noopener noreferrer\">Dr. Kocsis Katalin<\/a> , egyetemi adjunktus <a href=\"https:\/\/semmelweis.hu\/telefonkonyv\/?act=mt&amp;inst_id=8&amp;emp_id=9804\" target=\"_blank\" rel=\"noopener noreferrer\">Dr. Pecsenye-Fejsz\u00e1k N\u00f3ra<\/a> , egyetemi adjunktus Dr. G\u00e1sp\u00e1r-Halasy Vikt\u00f3ria, egyetemi tan\u00e1rseg\u00e9d So\u00f3s \u00c1d\u00e1m, egyetemi tan\u00e1rseg\u00e9d Sz\u0151cs Em\u0151ke, egyetemi tan\u00e1rseg\u00e9d Kov\u00e1cs Tam\u00e1s, PhD hallgat\u00f3 Kaczur Bettina, PhD hallgat\u00f3 M\u00f3gor &hellip;<\/p>\n","protected":false},"author":101681,"featured_media":0,"parent":0,"menu_order":2,"comment_status":"closed","ping_status":"closed","template":"","meta":{"_acf_changed":false,"footnotes":""},"categories":[],"tags":[],"class_list":["post-240","page","type-page","status-publish","hentry"],"acf":[],"_links":{"self":[{"href":"https:\/\/semmelweis.hu\/stemcell\/wp-json\/wp\/v2\/pages\/240","targetHints":{"allow":["GET"]}}],"collection":[{"href":"https:\/\/semmelweis.hu\/stemcell\/wp-json\/wp\/v2\/pages"}],"about":[{"href":"https:\/\/semmelweis.hu\/stemcell\/wp-json\/wp\/v2\/types\/page"}],"author":[{"embeddable":true,"href":"https:\/\/semmelweis.hu\/stemcell\/wp-json\/wp\/v2\/users\/101681"}],"replies":[{"embeddable":true,"href":"https:\/\/semmelweis.hu\/stemcell\/wp-json\/wp\/v2\/comments?post=240"}],"version-history":[{"count":10,"href":"https:\/\/semmelweis.hu\/stemcell\/wp-json\/wp\/v2\/pages\/240\/revisions"}],"predecessor-version":[{"id":1154,"href":"https:\/\/semmelweis.hu\/stemcell\/wp-json\/wp\/v2\/pages\/240\/revisions\/1154"}],"wp:attachment":[{"href":"https:\/\/semmelweis.hu\/stemcell\/wp-json\/wp\/v2\/media?parent=240"}],"wp:term":[{"taxonomy":"category","embeddable":true,"href":"https:\/\/semmelweis.hu\/stemcell\/wp-json\/wp\/v2\/categories?post=240"},{"taxonomy":"post_tag","embeddable":true,"href":"https:\/\/semmelweis.hu\/stemcell\/wp-json\/wp\/v2\/tags?post=240"}],"curies":[{"name":"wp","href":"https:\/\/api.w.org\/{rel}","templated":true}]}}