{"id":228,"date":"2020-01-26T17:20:35","date_gmt":"2020-01-26T17:20:35","guid":{"rendered":"http:\/\/semmelweis.hu\/stemcell\/?page_id=228"},"modified":"2021-03-20T14:09:35","modified_gmt":"2021-03-20T13:09:35","slug":"a-belhez-asszocialt-makrofagok-vizsgalata","status":"publish","type":"page","link":"https:\/\/semmelweis.hu\/stemcell\/projektek\/a-belhez-asszocialt-makrofagok-vizsgalata\/","title":{"rendered":"A b\u00e9lhez asszoci\u00e1lt makrof\u00e1gok vizsg\u00e1lata"},"content":{"rendered":"<p><strong>A gastrointestinalis rendszer neuroimmunol\u00f3gi\u00e1ja: az embryo-t\u00f3l a klinikumig<\/strong><\/p>\n<p style=\"text-align: justify\">Az elm\u00falt \u00e9vtizedben komoly tudom\u00e1nyos el\u0151rel\u00e9p\u00e9sek t\u00f6rt\u00e9ntek a neuroimmunol\u00f3gia ter\u00fclet\u00e9n \u00e9s siker\u00fclt megfejten\u00fcnk azt is, hogy a gyomor-b\u00e9l traktus immunsejtjei hogyan kommunik\u00e1lnak a b\u00e9lidegrendszerrel (Muller et al, 2014; Gabanyi et al, 2016). Az \u00fagynevezett b\u00e9l-agy tengelyt, vagy kiterjesztve a mikrobiom-b\u00e9l-agy tengelyt vizsg\u00e1l\u00f3 tanulm\u00e1nyok az elm\u00falt \u00e9vekben megsokszoroz\u00f3dtak, f\u00e9nyt der\u00edtve a b\u00e9lfl\u00f3ra, a muscularis makrof\u00e1gok \u00e9s a b\u00e9lidegrendszer (ENS) k\u00f6z\u00f6tti molekul\u00e1ris p\u00e1rbesz\u00e9dre (Schepper et al, 2018). A gyullad\u00e1sos b\u00e9lbetegs\u00e9gek, p\u00e9ld\u00e1ul a colitis ulcerosa \u00e9s a Crohn-betegs\u00e9g s\u00falyos terheket r\u00f3nak az eg\u00e9szs\u00e9g\u00fcgyi rendszerekre (450 milli\u00f3 beteg vil\u00e1gszerte). Ezek a betegek gyakran panaszkodnak az akut epiz\u00f3dok k\u00f6z\u00f6tti hossz\u00fa t\u00e1v\u00fa motilit\u00e1si rendelleness\u00e9gekr\u0151l (hasmen\u00e9s, sz\u00e9kreked\u00e9s) is. A mucosalis immunit\u00e1sban \u00e9s a gyullad\u00e1sos v\u00e1laszban r\u00e9szt vev\u0151 molekul\u00e1ris milieu \u00e9s szignaliz\u00e1ci\u00f3s \u00fatvonalak nagyr\u00e9szt karakteriz\u00e1l\u00e1sra ker\u00fcltek, de m\u00e9g mindig nem igaz\u00e1n \u00e9rtj\u00fck azt, hogy a ny\u00e1lkah\u00e1rtya gyullad\u00e1sa hogyan befoly\u00e1solja az ENS-t \u00e9s a motilit\u00e1st hossz\u00fa t\u00e1von.<\/p>\n<p style=\"text-align: justify\">Az \u0150ssejt- \u00e9s K\u00eds\u00e9rletes Embriol\u00f3gia Laborat\u00f3rium Makrof\u00e1g munkacsoportj\u00e1nak c\u00e9lja az, hogy kieg\u00e9sz\u00edts\u00fck a gastrointestinalis neuroimmunol\u00f3gia ter\u00fclet\u00e9n kialakult tudom\u00e1nyos konszenzust az IBD-kel kapcsolatos klinikai, patofiziol\u00f3giai perspekt\u00edv\u00e1kkal. A mikroszk\u00f3pos technik\u00e1k (fluoreszcens \u00e9s elektronmikroszk\u00f3pia) \u00e9s a morfol\u00f3gia ter\u00fclet\u00e9n kialakult er\u0151s h\u00e1tter\u00fcnk, valamint molekul\u00e1ris \u00e9s funkcion\u00e1lis vizsg\u00e1latok seg\u00edts\u00e9g\u00e9vel r\u00e9szletes betekint\u00e9st nyerhet\u00fcnk abba, hogy a ny\u00e1lkah\u00e1rtya gyullad\u00e1sa hogyan befoly\u00e1solja az ENS-t morfol\u00f3giai \u00e9s molekul\u00e1ris szinten.<\/p>\n<p style=\"text-align: justify\">Tekintettel arra, hogy laborat\u00f3riumunk komoly kutat\u00e1si m\u00falttal rendelkezik a nyirokszervek \u00e9s a b\u00e9lidegrendszer fejl\u0151d\u00e9se ter\u00fclet\u00e9n, lehet\u0151s\u00e9g\u00fcnk ny\u00edlik gerinces embryol\u00f3giai modell alkalmaz\u00e1s\u00e1ra a b\u00e9lfal myeloid sejtjeinek eredet\u00e9nek felt\u00e9rk\u00e9pez\u00e9s\u00e9hez. \u00cdgy a feln\u0151tt eml\u0151s \u00e9s hum\u00e1n modellek tanulm\u00e1nyoz\u00e1s\u00e1val p\u00e1rhuzamosan, szeretn\u00e9nk a b\u00e9l immunol\u00f3gi\u00e1j\u00e1nak fejl\u0151d\u00e9sbiol\u00f3giai aspektusait is felt\u00e1rni.<\/p>\n<p>&nbsp;<\/p>\n<p><strong><u>Haszn\u00e1lt technik\u00e1k:<\/u><\/strong><\/p>\n<ul>\n<li>Alapvet\u0151 szerv-izol\u00e1l\u00e1si technik\u00e1k \u00e9s m\u0171t\u00e9ttani beavatkoz\u00e1sok eg\u00e9ren \u00e9s csirke-embryon: vastagb\u00e9l elt\u00e1vol\u00edt\u00e1s, whole-mount prepar\u00e1tum k\u00e9sz\u00edt\u00e9se; retroorbit\u00e1lis v\u00e9rv\u00e9tel, farokv\u00e9na-injekci\u00f3; csirke embryo izol\u00e1l\u00e1s toj\u00e1sb\u00f3l, chorioallantois membr\u00e1n teny\u00e9szet, egyszer\u0171 embryo-manipul\u00e1ci\u00f3s technik\u00e1k<\/li>\n<li>Rutin sz\u00f6vettani technika: fix\u00e1l\u00e1s, fagyasztott zselatinos blokk k\u00e9sz\u00edt\u00e9se, paraffinba-\u00e1gyaz\u00e1s, fagyasztott metszetek k\u00e9sz\u00edt\u00e9se krioszt\u00e1ttal, mikrot\u00f3m haszn\u00e1lata<\/li>\n<li>Immunhisztok\u00e9mia \u00e9s immunfluoreszcencia fagyasztott \u00e9s paraffinos metszeten.<\/li>\n<li>Mintael\u0151k\u00e9sz\u00edt\u00e9s elektronmikroszk\u00f3pi\u00e1hoz, ultrav\u00e9kony metszetek k\u00e9sz\u00edt\u00e9se LR-white \u00e9s fagyasztott blokkokb\u00f3l. Pre- \u00e9s postembedding immun- elektronmikroszk\u00f3pia<\/li>\n<li>RNAscope dual-labeling, IHC-RNAscope multiplexing<\/li>\n<li>RNS izol\u00e1l\u00e1s szervekb\u0151l, qRT-PCR<\/li>\n<li>Fluoreszcens \u00e9s konfok\u00e1lis mikroszk\u00f3pia, szoftveres morfometria, sejtsz\u00e1ml\u00e1l\u00e1s \u00e9s k\u00e9panal\u00edzis ZEN \u00e9s ImageJ programokkal.<\/li>\n<li>Alapvet\u0151 statisztikai vizualiz\u00e1ci\u00f3k elk\u00e9sz\u00edt\u00e9se \u00e9s bioinformatikai adatfeldolgoz\u00e1s R fejleszt\u0151i k\u00f6rnyezetben (Volcano-plot, ggplot2 &#8211; heatmap k\u00e9sz\u00edt\u00e9s, fGSEA, String-map k\u00e9sz\u00edt\u00e9se)<\/li>\n<\/ul>\n<p>&nbsp;<\/p>\n<p><strong><u>Kollabor\u00e1ci\u00f3s partnereink:<\/u><\/strong><\/p>\n<ul>\n<li>Kov\u00e1cs Krisztina \u00e9s Ferenczi Szilam\u00e9r: MTA KOKI, Molekul\u00e1ris Neuroendokrinol\u00f3giai Munkacsoport: DSS-colitis indukci\u00f3, qRT-PCR<\/li>\n<li>Varga Zolt\u00e1n: Semmelweis Egyetem, Farmakol\u00f3giai \u00e9s Farmakoter\u00e1pi\u00e1s Int\u00e9zet, Kardiovaszkul\u00e1ris \u00e9s Metabolikus Kutat\u00f3csoport: RNAscope<\/li>\n<li>Semmelweis Egyetem I. Seb\u00e9szeti \u00e9s Intervenci\u00f3s Gasztroenterol\u00f3gia Klinika, Invaz\u00edv Endoszk\u00f3pia Oszt\u00e1ly: hum\u00e1n b\u00e9lbiopszi\u00e1k<\/li>\n<\/ul>\n<p>&nbsp;<\/p>\n<p>Muller, P. A., Koscs\u00f3, B., Rajani, G. M., Stevanovic, K., Berres, M. L., Hashimoto, D., \u2026 Bogunovic, M. (2014). Crosstalk between muscularis macrophages and enteric neurons regulates gastrointestinal motility. Cell, 158(2), 300\u2013313. <a href=\"https:\/\/doi.org\/10.1016\/j.cell.2014.04.050\">https:\/\/doi.org\/10.1016\/j.cell.2014.04.050<\/a><\/p>\n<p>Gabanyi, I., Muller, P. A., Feighery, L., Oliveira, T. Y., Costa-Pinto, F. A., &amp; Mucida, D. (2016). Neuro-immune Interactions Drive Tissue Programming in Intestinal Macrophages. Cell, 164(3), 378\u2013391. <a href=\"https:\/\/doi.org\/10.1016\/j.cell.2015.12.023\">https:\/\/doi.org\/10.1016\/j.cell.2015.12.023<\/a><\/p>\n<p>De Schepper, S., Verheijden, S., Aguilera-Lizarraga, J., Viola, M. F., Boesmans, W., Stakenborg, N., \u2026 Boeckxstaens, G. (2018). Self-Maintaining Gut Macrophages Are Essential for Intestinal Homeostasis. Cell, 175(2), 400-415.e13. <a href=\"https:\/\/doi.org\/10.1016\/j.cell.2018.07.048\">https:\/\/doi.org\/10.1016\/j.cell.2018.07.048<\/a><\/p>\n","protected":false},"excerpt":{"rendered":"<p>A gastrointestinalis rendszer neuroimmunol\u00f3gi\u00e1ja: az embryo-t\u00f3l a klinikumig Az elm\u00falt \u00e9vtizedben komoly tudom\u00e1nyos el\u0151rel\u00e9p\u00e9sek t\u00f6rt\u00e9ntek a neuroimmunol\u00f3gia ter\u00fclet\u00e9n \u00e9s siker\u00fclt megfejten\u00fcnk azt is, hogy a gyomor-b\u00e9l traktus immunsejtjei hogyan kommunik\u00e1lnak a b\u00e9lidegrendszerrel (Muller et al, 2014; Gabanyi et al, 2016). Az \u00fagynevezett b\u00e9l-agy tengelyt, vagy kiterjesztve a mikrobiom-b\u00e9l-agy tengelyt vizsg\u00e1l\u00f3 tanulm\u00e1nyok az elm\u00falt \u00e9vekben megsokszoroz\u00f3dtak, &hellip;<\/p>\n","protected":false},"author":101681,"featured_media":0,"parent":224,"menu_order":0,"comment_status":"closed","ping_status":"closed","template":"template-fullwidth.php","meta":{"_acf_changed":false,"footnotes":""},"categories":[],"tags":[],"class_list":["post-228","page","type-page","status-publish","hentry"],"acf":[],"_links":{"self":[{"href":"https:\/\/semmelweis.hu\/stemcell\/wp-json\/wp\/v2\/pages\/228","targetHints":{"allow":["GET"]}}],"collection":[{"href":"https:\/\/semmelweis.hu\/stemcell\/wp-json\/wp\/v2\/pages"}],"about":[{"href":"https:\/\/semmelweis.hu\/stemcell\/wp-json\/wp\/v2\/types\/page"}],"author":[{"embeddable":true,"href":"https:\/\/semmelweis.hu\/stemcell\/wp-json\/wp\/v2\/users\/101681"}],"replies":[{"embeddable":true,"href":"https:\/\/semmelweis.hu\/stemcell\/wp-json\/wp\/v2\/comments?post=228"}],"version-history":[{"count":3,"href":"https:\/\/semmelweis.hu\/stemcell\/wp-json\/wp\/v2\/pages\/228\/revisions"}],"predecessor-version":[{"id":545,"href":"https:\/\/semmelweis.hu\/stemcell\/wp-json\/wp\/v2\/pages\/228\/revisions\/545"}],"up":[{"embeddable":true,"href":"https:\/\/semmelweis.hu\/stemcell\/wp-json\/wp\/v2\/pages\/224"}],"wp:attachment":[{"href":"https:\/\/semmelweis.hu\/stemcell\/wp-json\/wp\/v2\/media?parent=228"}],"wp:term":[{"taxonomy":"category","embeddable":true,"href":"https:\/\/semmelweis.hu\/stemcell\/wp-json\/wp\/v2\/categories?post=228"},{"taxonomy":"post_tag","embeddable":true,"href":"https:\/\/semmelweis.hu\/stemcell\/wp-json\/wp\/v2\/tags?post=228"}],"curies":[{"name":"wp","href":"https:\/\/api.w.org\/{rel}","templated":true}]}}