{"id":224,"date":"2020-01-26T17:20:34","date_gmt":"2020-01-26T17:20:34","guid":{"rendered":"http:\/\/semmelweis.hu\/stemcell\/?page_id=224"},"modified":"2020-12-15T09:47:52","modified_gmt":"2020-12-15T08:47:52","slug":"projektek","status":"publish","type":"page","link":"https:\/\/semmelweis.hu\/stemcell\/projektek\/","title":{"rendered":"Kutat\u00e1s"},"content":{"rendered":"<p><strong>A kutat\u00e1s f\u0151 c\u00e9lja:<\/strong><\/p>\n<p><a href=\"https:\/\/semmelweis.hu\/hirek\/2017\/10\/09\/az-ossejtterapia-lehetosegeit-kutatja-a-belidegrendszer-fejlodesi-rendellenessegenek-gyogyitasaban-dr-nagy-nandor\/\" target=\"_blank\" rel=\"noopener noreferrer\">Az \u0151ssejtter\u00e1pia lehet\u0151s\u00e9geit kutatja a b\u00e9lidegrendszer fejl\u0151d\u00e9si rendelleness\u00e9g\u00e9nek gy\u00f3gy\u00edt\u00e1s\u00e1ban Dr. Nagy N\u00e1ndor\u201d \u2014 Semmelweis H\u00edrek<\/a><\/p>\n<p>Tudom\u00e1nyos kutat\u00e1sunk kiemelt c\u00e9lja a b\u00e9lidegrendszer fejl\u0151d\u00e9se \u00e9s a neurointestinalis betegs\u00e9gek kezel\u00e9s\u00e9nek el\u0151seg\u00edt\u00e9se \u0151ssejt alap\u00fa ter\u00e1pi\u00e1kkal.<\/p>\n<p><strong>Kutat\u00e1si t\u00e9m\u00e1k:<\/strong><\/p>\n<ul>\n<li>A Hirschsprung-k\u00f3r (congenitalis megacolon) fejl\u0151d\u00e9sbiol\u00f3gia alapjai.<\/li>\n<li>A fejl\u0151d\u0151 \u00e9s patol\u00f3gi\u00e1s b\u00e9lidegrendszer extracellul\u00e1ris k\u00f6rnyezet\u00e9nek ontogenezise.<\/li>\n<li>A b\u00e9lhez-asszoci\u00e1lt lymphoid szervek organogenezise.<\/li>\n<li>Primer nyirokszervek (thymus, bursa Fabricii) embryon\u00e1lis fejl\u0151d\u00e9se.<\/li>\n<\/ul>\n<p>A b\u00e9lidegrendszer vagy \u201em\u00e1sodik agy\u201d a perif\u00e9ri\u00e1s idegrendszer egyik \u00e9letfontoss\u00e1g\u00fa, nagym\u00e9rt\u00e9kben auton\u00f3m m\u00f3don m\u0171k\u00f6d\u0151 eleme, ami az em\u00e9szt\u00e9si folyamatok szab\u00e1lyoz\u00e1sa mellett fontos szerepet j\u00e1tszik az immunfolyamatokban \u00e9s az \u00e9rzelemi \u00e1llapotunk meghat\u00e1roz\u00e1s\u00e1ban. A funkcion\u00e1lis gasztrointesztin\u00e1lis rendelleness\u00e9gek sz\u00e9les spektruma tartozik a neurointestinalis betegs\u00e9gek k\u00f6z\u00e9. Ide soroljuk a velesz\u00fcletett Hirschsprung k\u00f3rt (HSCR) is, aminek h\u00e1tter\u00e9ben az d\u00facl\u00e9c eredet\u0171 idegi \u0151ssejtek b\u00e9lben t\u00f6rt\u00e9n\u0151 migr\u00e1ci\u00f3j\u00e1nak zavar \u00e1ll, s ami v\u00e1ltoz\u00f3 hossz\u00fas\u00e1g\u00fa diszt\u00e1lis intesztin\u00e1lis aganglion\u00f3zishoz vezet.<\/p>\n<p>A HSCR jelenlegi kezel\u00e9se az aganglionotikus vastagb\u00e9l seb\u00e9szi elt\u00e1vol\u00edt\u00e1s\u00e1b\u00f3l \u00e1ll, azonban sok gyermek szenved ut\u00f3lag konstip\u00e1ci\u00f3t\u00f3l \u00e9s enterocolitist\u0151l. Az elm\u00falt \u00e9vtizedben v\u00e9gzett \u0151ssejtkutat\u00e1sok felvetik annak a lehet\u0151s\u00e9g\u00e9t, hogy a b\u00e9l-eredet\u0171 neur\u00e1lis \u0151ssejteket\u00a0(ENSCs) HSCR-ban szenved\u0151 gyermekek kezel\u00e9se sor\u00e1n alkalmazz\u00e1k, s ebben a t\u00f6rekv\u00e9sben mi is akt\u00edvan r\u00e9szt vesz\u00fcnk.<\/p>\n<p><strong>Kiemelt c\u00e9lkit\u0171z\u00e9s\u00fcnk:<\/strong>\u00a0(1) az embrion\u00e1lis b\u00e9lsejtek \u00e9s a b\u00e9lidegrendszert alkot\u00f3 idegi eredet\u0171 sejtek extracellul\u00e1ris m\u00e1trix (ECM) feh\u00e9rj\u00e9inek azonos\u00edt\u00e1sa. (2) milyen hat\u00e1suk van a k\u00fcl\u00f6nb\u00f6z\u0151 ECM komponenseknek a posztnat\u00e1lis b\u00e9lidegrendszerb\u0151l izol\u00e1lt \u0151ssejtek \u00e9letk\u00e9pess\u00e9g\u00e9re, szaporod\u00e1s\u00e1ra \u00e9s differenci\u00e1l\u00f3d\u00e1s\u00e1ra. (3) m\u00f3dos\u00edtani az ECM-al \u00f6sszef\u00fcgg\u0151 komponenseket \u00e9s meghat\u00e1rozni, hogy ezek hogyan befoly\u00e1solj\u00e1k az \u00e1t\u00fcltetett \u0151ssejtek, v\u00e1ndorl\u00e1s\u00e1t, oszt\u00f3d\u00e1s\u00e1t \u00e9s sz\u00f6veti integr\u00e1ci\u00f3j\u00e1t.<\/p>\n<p>T\u00e1mogat\u00f3 \/ Fund:\u00a0<a href=\"http:\/\/nyilvanos.otka-palyazat.hu\/index.php?menuid=920&amp;keyword=124740#results\" target=\"_blank\" rel=\"noopener noreferrer\">NKFI K-124740<\/a>: \u201cExtracellul\u00e1ris m\u00e1trix funkci\u00f3ja a fejl\u0151d\u0151 b\u00e9lidegrendszerben \u00e9s a neurointestinalis betegs\u00e9gek \u0151ssejtes kezel\u00e9s\u00e9ben\u201d \/ \u201cExtracellular matrix in enteric nervous system development and stem cell transplantation for neurointestinal diseases\u201d<\/p>\n<p><a href=\"https:\/\/semmelweis.hu\/anatomia\/files\/2019\/05\/Dev-Biol-laboratory-Stem-cell-seminars.pdf\">Dev Biol laboratory\u2013Stem cell seminars 2018-2019<\/a><\/p>\n","protected":false},"excerpt":{"rendered":"<p>A kutat\u00e1s f\u0151 c\u00e9lja: <a href=\"https:\/\/semmelweis.hu\/hirek\/2017\/10\/09\/az-ossejtterapia-lehetosegeit-kutatja-a-belidegrendszer-fejlodesi-rendellenessegenek-gyogyitasaban-dr-nagy-nandor\/\" target=\"_blank\" rel=\"noopener noreferrer\">Az \u0151ssejtter\u00e1pia lehet\u0151s\u00e9geit kutatja a b\u00e9lidegrendszer fejl\u0151d\u00e9si rendelleness\u00e9g\u00e9nek gy\u00f3gy\u00edt\u00e1s\u00e1ban Dr. Nagy N\u00e1ndor\u201d \u2014 Semmelweis H\u00edrek<\/a> Tudom\u00e1nyos kutat\u00e1sunk kiemelt c\u00e9lja a b\u00e9lidegrendszer fejl\u0151d\u00e9se \u00e9s a neurointestinalis betegs\u00e9gek kezel\u00e9s\u00e9nek el\u0151seg\u00edt\u00e9se \u0151ssejt alap\u00fa ter\u00e1pi\u00e1kkal. Kutat\u00e1si t\u00e9m\u00e1k: A Hirschsprung-k\u00f3r (congenitalis megacolon) fejl\u0151d\u00e9sbiol\u00f3gia alapjai. A fejl\u0151d\u0151 \u00e9s patol\u00f3gi\u00e1s b\u00e9lidegrendszer extracellul\u00e1ris k\u00f6rnyezet\u00e9nek ontogenezise. A b\u00e9lhez-asszoci\u00e1lt lymphoid szervek organogenezise. Primer nyirokszervek (thymus, bursa Fabricii) embryon\u00e1lis fejl\u0151d\u00e9se. A b\u00e9lidegrendszer vagy \u201em\u00e1sodik agy\u201d a perif\u00e9ri\u00e1s &hellip;<\/p>\n","protected":false},"author":101681,"featured_media":0,"parent":0,"menu_order":2,"comment_status":"closed","ping_status":"closed","template":"","meta":{"_acf_changed":false,"footnotes":""},"categories":[],"tags":[],"class_list":["post-224","page","type-page","status-publish","hentry"],"acf":[],"_links":{"self":[{"href":"https:\/\/semmelweis.hu\/stemcell\/wp-json\/wp\/v2\/pages\/224","targetHints":{"allow":["GET"]}}],"collection":[{"href":"https:\/\/semmelweis.hu\/stemcell\/wp-json\/wp\/v2\/pages"}],"about":[{"href":"https:\/\/semmelweis.hu\/stemcell\/wp-json\/wp\/v2\/types\/page"}],"author":[{"embeddable":true,"href":"https:\/\/semmelweis.hu\/stemcell\/wp-json\/wp\/v2\/users\/101681"}],"replies":[{"embeddable":true,"href":"https:\/\/semmelweis.hu\/stemcell\/wp-json\/wp\/v2\/comments?post=224"}],"version-history":[{"count":3,"href":"https:\/\/semmelweis.hu\/stemcell\/wp-json\/wp\/v2\/pages\/224\/revisions"}],"predecessor-version":[{"id":444,"href":"https:\/\/semmelweis.hu\/stemcell\/wp-json\/wp\/v2\/pages\/224\/revisions\/444"}],"wp:attachment":[{"href":"https:\/\/semmelweis.hu\/stemcell\/wp-json\/wp\/v2\/media?parent=224"}],"wp:term":[{"taxonomy":"category","embeddable":true,"href":"https:\/\/semmelweis.hu\/stemcell\/wp-json\/wp\/v2\/categories?post=224"},{"taxonomy":"post_tag","embeddable":true,"href":"https:\/\/semmelweis.hu\/stemcell\/wp-json\/wp\/v2\/tags?post=224"}],"curies":[{"name":"wp","href":"https:\/\/api.w.org\/{rel}","templated":true}]}}