{"id":171,"date":"2019-12-16T10:33:02","date_gmt":"2019-12-16T10:33:02","guid":{"rendered":"http:\/\/semmelweis.hu\/ossejtlab\/?page_id=171"},"modified":"2020-12-28T12:30:07","modified_gmt":"2020-12-28T11:30:07","slug":"lymphocrest","status":"publish","type":"page","link":"https:\/\/semmelweis.hu\/stemcell\/projektek\/lymphocrest\/","title":{"rendered":"Lymphocrest munkacsoport"},"content":{"rendered":"<p><strong>Munkat\u00e1rsak:<\/strong><\/p>\n<ul>\n<li>Dr. B\u00f3di Ildik\u00f3 egyetemi adjunktus<\/li>\n<li>Dr. Herberth-Mink\u00f3 Krisztina egyetemi adjunktus<\/li>\n<li>Vidra Gy\u00f6rgyn\u00e9 Zsuzsi asszisztens<\/li>\n<li>Varga Dorottya asszisztens-tudom\u00e1nyos di\u00e1kk\u00f6r\u00f6s hallgat\u00f3 (ELTE)<\/li>\n<li>Husz\u00e1r Emese-tudom\u00e1nyos di\u00e1kk\u00f6r\u00f6s hallgat\u00f3 (ELTE)<\/li>\n<\/ul>\n<p><strong>T\u00e9ma:<\/strong><\/p>\n<p>Kutat\u00e1si t\u00e9m\u00e1nk k\u00f6z\u00e9ppontj\u00e1ban az immunrendszer k\u00f6zponti szerve, a csecsem\u0151mirigy\/thymus szerkezet\u00e9nek \u00e9s fejl\u0151d\u00e9s\u00e9nek megismer\u00e9se \u00e1ll. A thymus telepe az embrion\u00e1lis fejl\u0151d\u00e9s sor\u00e1n a garattasakok h\u00e1mj\u00e1b\u00f3l kezd fejl\u0151dni, majd ebbe a telepbe v\u00e1ndorolnak be k\u00e9s\u0151bb a T lymphocyt\u00e1k el\u0151alakjai. Mad\u00e1r embri\u00f3kkal v\u00e9gzett k\u00eds\u00e9rletekb\u0151l der\u00fclt f\u00e9ny arra, hogy a ganglionl\u00e9c sejtek is r\u00e9szt vesznek a thymus telep kialak\u00edt\u00e1s\u00e1ban, a tok, a s\u00f6v\u00e9nyek \u00e9s a vel\u0151\u00e1llom\u00e1ny fejl\u0151d\u00e9s\u00e9ben.<\/p>\n<p>Munkacsoportunk c\u00e9lja a ganglionl\u00e9c szerep\u00e9nek vizsg\u00e1lata a thymus szerkezet\u00e9nek kialak\u00edt\u00e1s\u00e1ban csirke modell \u00e1llaton valamint a hum\u00e1n thymus szerkezet\u00e9nek kialak\u00edt\u00e1s\u00e1ban. Jelen k\u00eds\u00e9rleteinkben embri\u00f3manipul\u00e1ci\u00f3s technik\u00e1kkal (ganglionl\u00e9c irt\u00e1sa, illetve csirke-f\u00fcrj kim\u00e9ra embri\u00f3k l\u00e9trehoz\u00e1sa) igyeksz\u00fcnk felder\u00edteni a ganglionl\u00e9c szerep\u00e9t a thymus fejl\u0151d\u00e9s\u00e9ben. Klinikai kollabor\u00e1ci\u00f3s munk\u00e1ban sz\u00edv rendelleness\u00e9g miatt m\u0171t\u00f6tt gyermekek csecsem\u0151mirigy\u00e9nek sz\u00f6vettani \u00e9s immuncitok\u00e9miai vizsg\u00e1lat\u00e1t v\u00e9gezz\u00fck, melynek sor\u00e1n pitvari s\u00f6v\u00e9nydefektussal sz\u00fcletett gyermekek thymus\u00e1ban eddig fel nem ismert morfol\u00f3giai elv\u00e1ltoz\u00e1st mutattunk ki. Felt\u00e9telez\u00e9s\u00fcnk szerint az abnorm\u00e1lisan fejl\u0151d\u0151 thymus kialakul\u00e1sa egy, a s\u00f6v\u00e9nydefektussal p\u00e1rhuzamosan megjelen\u0151 k\u00f3rk\u00e9p, melynek val\u00f3di oka a ganglionl\u00e9c sejtekben zajl\u00f3 jel\u00e1tviteli folyamatok hib\u00e1s szab\u00e1lyoz\u00e1s\u00e1ban keresend\u0151.<\/p>\n<p>Rem\u00e9nyeink szerint a thymus szerkezet\u00e9nek pontosabb ismerete alapot k\u00e9pezhet c\u00e9lzott ter\u00e1pi\u00e1s elj\u00e1r\u00e1sok kidolgoz\u00e1s\u00e1hoz.<\/p>\n<p><strong>Alkalmazott technik\u00e1k:<\/strong><\/p>\n<p>Eszk\u00f6zt\u00e1raink k\u00f6z\u00f6tt szerepelnek a hagyom\u00e1nyos morfol\u00f3giai technik\u00e1k (immuncitok\u00e9mia-f\u00e9ny-, konfok\u00e1lis l\u00e9zer szkenning- \u00e9s elektronmikroszk\u00f3pia), embri\u00f3manipul\u00e1ci\u00f3s technik\u00e1k (ganglionl\u00e9c sejtek fejl\u0151d\u00e9s\u00e9nek nyomonk\u00f6vet\u00e9se fluoreszcens nanokrist\u00e1lyokkal, csirke-f\u00fcrj \u00e9s z\u00f6ld fluoreszcens proteint expressz\u00e1l\u00f3 transzg\u00e9n csirke embri\u00f3kkal k\u00e9sz\u00edtett ganglionl\u00e9c kim\u00e9r\u00e1k k\u00e9sz\u00edt\u00e9se, ganglionl\u00e9c abl\u00e1ci\u00f3, g\u00e9ncsendes\u00edt\u00e9s\/er\u0151s\u00edt\u00e9s). Mindemellett rendelkez\u00e9s\u00fcnkre \u00e1ll sz\u00e1mos hum\u00e1n thymus minta is.<\/p>\n<p><strong>Kollabor\u00e1ci\u00f3k:<\/strong><\/p>\n<ul>\n<li>Gottsegen Gy\u00f6rgy Orsz\u00e1gos Kardiol\u00f3giai Int\u00e9zet (Budapest) (Dr. Prod\u00e1n Zsolt)<\/li>\n<li>Szent L\u00e1szl\u00f3 K\u00f3rh\u00e1z (Budapest) (Dr. Kriv\u00e1n Gergely)<\/li>\n<li>Semmelweis Egyetem II.sz Gyermekklinika (Dr. Haltrich Ir\u00e9n)<\/li>\n<li>Paris-Saclay Institute of Neuroscience, Department of Development and Evolution of the Neural Crest, P\u00e1rizs, Franciaorsz\u00e1g (Dr. Sophie Creuzet)<\/li>\n<li>Harvard University, Boston Children\u2019s Hospital (Dr. Sz\u00e1ll\u00e1si Zolt\u00e1n)<\/li>\n<li>Comenius University in Bratislava, Institute of Histology and Embryology, Pozsony, Szlov\u00e1kia (Dr. Iv\u00e1n Varga)<\/li>\n<\/ul>\n","protected":false},"excerpt":{"rendered":"<p>Munkat\u00e1rsak: Dr. B\u00f3di Ildik\u00f3 egyetemi adjunktus Dr. Herberth-Mink\u00f3 Krisztina egyetemi adjunktus Vidra Gy\u00f6rgyn\u00e9 Zsuzsi asszisztens Varga Dorottya asszisztens-tudom\u00e1nyos di\u00e1kk\u00f6r\u00f6s hallgat\u00f3 (ELTE) Husz\u00e1r Emese-tudom\u00e1nyos di\u00e1kk\u00f6r\u00f6s hallgat\u00f3 (ELTE) T\u00e9ma: Kutat\u00e1si t\u00e9m\u00e1nk k\u00f6z\u00e9ppontj\u00e1ban az immunrendszer k\u00f6zponti szerve, a csecsem\u0151mirigy\/thymus szerkezet\u00e9nek \u00e9s fejl\u0151d\u00e9s\u00e9nek megismer\u00e9se \u00e1ll. A thymus telepe az embrion\u00e1lis fejl\u0151d\u00e9s sor\u00e1n a garattasakok h\u00e1mj\u00e1b\u00f3l kezd fejl\u0151dni, majd ebbe &hellip;<\/p>\n","protected":false},"author":12,"featured_media":0,"parent":224,"menu_order":0,"comment_status":"closed","ping_status":"closed","template":"template-fullwidth.php","meta":{"_acf_changed":false,"footnotes":""},"categories":[],"tags":[],"class_list":["post-171","page","type-page","status-publish","hentry"],"acf":[],"_links":{"self":[{"href":"https:\/\/semmelweis.hu\/stemcell\/wp-json\/wp\/v2\/pages\/171","targetHints":{"allow":["GET"]}}],"collection":[{"href":"https:\/\/semmelweis.hu\/stemcell\/wp-json\/wp\/v2\/pages"}],"about":[{"href":"https:\/\/semmelweis.hu\/stemcell\/wp-json\/wp\/v2\/types\/page"}],"author":[{"embeddable":true,"href":"https:\/\/semmelweis.hu\/stemcell\/wp-json\/wp\/v2\/users\/12"}],"replies":[{"embeddable":true,"href":"https:\/\/semmelweis.hu\/stemcell\/wp-json\/wp\/v2\/comments?post=171"}],"version-history":[{"count":2,"href":"https:\/\/semmelweis.hu\/stemcell\/wp-json\/wp\/v2\/pages\/171\/revisions"}],"predecessor-version":[{"id":504,"href":"https:\/\/semmelweis.hu\/stemcell\/wp-json\/wp\/v2\/pages\/171\/revisions\/504"}],"up":[{"embeddable":true,"href":"https:\/\/semmelweis.hu\/stemcell\/wp-json\/wp\/v2\/pages\/224"}],"wp:attachment":[{"href":"https:\/\/semmelweis.hu\/stemcell\/wp-json\/wp\/v2\/media?parent=171"}],"wp:term":[{"taxonomy":"category","embeddable":true,"href":"https:\/\/semmelweis.hu\/stemcell\/wp-json\/wp\/v2\/categories?post=171"},{"taxonomy":"post_tag","embeddable":true,"href":"https:\/\/semmelweis.hu\/stemcell\/wp-json\/wp\/v2\/tags?post=171"}],"curies":[{"name":"wp","href":"https:\/\/api.w.org\/{rel}","templated":true}]}}