{"id":145,"date":"2019-12-16T10:23:30","date_gmt":"2019-12-16T10:23:30","guid":{"rendered":"http:\/\/semmelweis.hu\/ossejtlab\/?page_id=145"},"modified":"2025-01-14T18:16:27","modified_gmt":"2025-01-14T17:16:27","slug":"phd","status":"publish","type":"page","link":"https:\/\/semmelweis.hu\/stemcell\/phd\/","title":{"rendered":"PhD"},"content":{"rendered":"<p><strong>Semmelweis Egyetem Doktori Iskola, Molekul\u00e1ris Orvostudom\u00e1nyi Tagozat<br \/>\n<\/strong>Embriol\u00f3gia, \u0151ssejt \u00e9s fejl\u0151d\u00e9sbiol\u00f3gia\u00a0PhD program (7\/3).<\/p>\n<p><strong>Programvezet\u0151: Prof. Nagy N\u00e1ndor<\/strong><\/p>\n<p style=\"text-align: justify\">Az embryol\u00f3gi\u00e1nak az orvosk\u00e9pz\u00e9sben elm\u00e9leti \u00e9s a klinikai jelent\u0151s\u00e9ge van. Az el\u0151bbi a fejl\u0151d\u00e9si mechanizmusok molekul\u00e1ris szint\u0171 szab\u00e1lyoz\u00e1s\u00e1nak (indukci\u00f3, transzkripci\u00f3s faktorok hat\u00e1sa, homeobox g\u00e9nek stb.) megismer\u00e9s\u00e9t \u00e9s ebb\u0151l k\u00f6vetkez\u0151leg a kongenit\u00e1lis malform\u00e1ci\u00f3k kialakul\u00e1s\u00e1nak \u00e9rtelmez\u00e9s\u00e9t jelenti, az ut\u00f3bbi pedig ezen malform\u00e1ci\u00f3k kialakul\u00e1s\u00e1nak esetleges megel\u0151z\u00e9s\u00e9t, illetve korrekci\u00f3j\u00e1t foglalja mag\u00e1ba. Az embryol\u00f3gia felhaszn\u00e1lja a fiziol\u00f3gia, a genetika, az immunol\u00f3gia \u00e9s a morfol\u00f3gia m\u00f3dszereit \u00e9s a molekul\u00e1ris genetik\u00e1nak az embryol\u00f3gi\u00e1ba val\u00f3 bevonul\u00e1s\u00e1val fejl\u0151d\u00e9sbiol\u00f3gi\u00e1v\u00e1 tereb\u00e9lyesedett.<\/p>\n<p style=\"text-align: justify\">A program eredetileg a lymphomyeloid rendszer fejl\u0151d\u00e9sbiol\u00f3giai k\u00e9rd\u00e9seire \u00e9p\u00fclt,- ezen bel\u00fcl a dendritikus sejtek eredet\u00e9t a centr\u00e1lis \u00e9s perif\u00e9ri\u00e1s nyirokszervekben vizsg\u00e1lta de ma m\u00e1r ideg, izom, a sz\u00edv \u00e9s a v\u00e9gtag fejl\u0151d\u00e9si probl\u00e9m\u00e1k is szerepelnek a t\u00e9mak\u00edn\u00e1latban. Fel\u00f6leli tov\u00e1bb\u00e1 a retina fotoreceptorainak differenci\u00e1l\u00f3d\u00e1s\u00e1t, a l\u00e1t\u00f3pigmentek expresszi\u00f3j\u00e1t valamint a corpus pineale \u00e9s a fotorecepci\u00f3 kapcsolat\u00e1t is. Mivel a signal transzdukci\u00f3s mechanizmusok m\u0171k\u00f6d\u00e9se nem \u00e9rtelmezhet\u0151 az endocit\u00f3zis jelens\u00e9ge n\u00e9lk\u00fcl, \u00edgy a receptor-ligand kapcsolat is az endocit\u00f3zis jelens\u00e9ge is a kutat\u00e1s t\u00e1rgy\u00e1t k\u00e9pezi.<\/p>\n<p style=\"text-align: justify\">A programban alkalmazott metodik\u00e1k; rutin hisztol\u00f3giai elj\u00e1r\u00e1sok (paraffin \u00e9s f\u00e9lv\u00e9kony metszetek k\u00e9sz\u00edt\u00e9se, elektronmikroszk\u00f3pia), immuncitok\u00e9mia, fluoreszcensz technika, konfok\u00e1lis mikroszk\u00f3pia, sejt-\u00e9s sz\u00f6vetteny\u00e9szt\u00e9s, monoklon\u00e1lis antitestek el\u0151\u00e1ll\u00edt\u00e1sa, hybridoma kl\u00f3noz\u00e1s, fel\u00fcl\u00fasz\u00f3k k\u00e9miai tiszt\u00edt\u00e1sa, Western blotting, embryomanipul\u00e1ci\u00f3s technik\u00e1k (ablatio \u00e9s transzplant\u00e1ci\u00f3), csirke-f\u00fcrj kimera \u00e9s parabiozis , farmakol\u00f3giai hat\u00e1sok az embri\u00f3genezisre.<\/p>\n<p style=\"text-align: justify\"><a href=\"https:\/\/semmelweis.hu\/phd\/doktori-tagozatok\/molekularis-orvostudomanyi-tagozat\/\" target=\"_blank\" rel=\"noopener noreferrer\">B\u0151vebben a Doktori Iskola honlapj\u00e1n \u2192<\/a><\/p>\n<p style=\"text-align: justify\"><strong><span style=\"text-decoration: underline\">A laborat\u00f3riumban k\u00e9sz\u00fclt doktori \u00e9rtekez\u00e9sek:<\/span><\/strong><\/p>\n<p style=\"text-align: left\"><a href=\"https:\/\/semmelweis.hu\/stemcell\/files\/2025\/01\/gasparhalasyviktoria.d.pdf\" target=\"_blank\" rel=\"noopener\">G\u00e1sp\u00e1r Halasy Vikt\u00f3ria &#8211; A CXCL12 kemokin \u00e9s receptor\u00e1nak (CXCR4) szerepe az ut\u00f3b\u00e9lhez asszoci\u00e1lt sz\u00f6vetekben zajl\u00f3 sejtv\u00e1ndorl\u00e1si folyamatokban<\/a><\/p>\n<p style=\"text-align: left\"><a href=\"https:\/\/semmelweis.hu\/stemcell\/files\/2025\/01\/pecsenyefejszaknora.d.pdf\" target=\"_blank\" rel=\"noopener\">Pecsenye-Fejsz\u00e1k N\u00f3ra &#8211; A bursa Fabricii corticalis B lymphocyt\u00e1inak ontogenezise \u00e9s karakteriz\u00e1l\u00e1sa \u00faj monoklon\u00e1lis ellenanyagokkal<\/a><\/p>\n<p style=\"text-align: left\"><a href=\"https:\/\/semmelweis.hu\/stemcell\/files\/2025\/01\/baradcsillamaria.d_DOIs.pdf\" target=\"_blank\" rel=\"noopener\">Dr. Barad Csilla M\u00e1ria &#8211; Az epithelio-mesenchymalis k\u00f6lcs\u00f6nhat\u00e1sok \u00e9s az extracellul\u00e1ris m\u00e1trix szerepe a b\u00e9lidegrendszer fejl\u0151d\u00e9s\u00e9ben<\/a><\/p>\n<p style=\"text-align: left\"><a href=\"https:\/\/semmelweis.hu\/stemcell\/files\/2025\/01\/doradavidlaszlo.d_DOIs.pdf\" target=\"_blank\" rel=\"noopener\">Dr. D\u00f3ra D\u00e1vid L\u00e1szl\u00f3 &#8211; Ny\u00falv\u00e1nos CD45+ sejtek ontogenezise a mad\u00e1r embri\u00f3ban \u00e9s a b\u00e9lidegrendszer ganglionjaiban<\/a><\/p>\n","protected":false},"excerpt":{"rendered":"<p>Semmelweis Egyetem Doktori Iskola, Molekul\u00e1ris Orvostudom\u00e1nyi Tagozat Embriol\u00f3gia, \u0151ssejt \u00e9s fejl\u0151d\u00e9sbiol\u00f3gia\u00a0PhD program (7\/3). Programvezet\u0151: Prof. Nagy N\u00e1ndor Az embryol\u00f3gi\u00e1nak az orvosk\u00e9pz\u00e9sben elm\u00e9leti \u00e9s a klinikai jelent\u0151s\u00e9ge van. Az el\u0151bbi a fejl\u0151d\u00e9si mechanizmusok molekul\u00e1ris szint\u0171 szab\u00e1lyoz\u00e1s\u00e1nak (indukci\u00f3, transzkripci\u00f3s faktorok hat\u00e1sa, homeobox g\u00e9nek stb.) megismer\u00e9s\u00e9t \u00e9s ebb\u0151l k\u00f6vetkez\u0151leg a kongenit\u00e1lis malform\u00e1ci\u00f3k kialakul\u00e1s\u00e1nak \u00e9rtelmez\u00e9s\u00e9t jelenti, az ut\u00f3bbi pedig &hellip;<\/p>\n","protected":false},"author":12,"featured_media":0,"parent":0,"menu_order":12,"comment_status":"closed","ping_status":"closed","template":"","meta":{"_acf_changed":false,"footnotes":""},"categories":[],"tags":[],"class_list":["post-145","page","type-page","status-publish","hentry"],"acf":[],"_links":{"self":[{"href":"https:\/\/semmelweis.hu\/stemcell\/wp-json\/wp\/v2\/pages\/145","targetHints":{"allow":["GET"]}}],"collection":[{"href":"https:\/\/semmelweis.hu\/stemcell\/wp-json\/wp\/v2\/pages"}],"about":[{"href":"https:\/\/semmelweis.hu\/stemcell\/wp-json\/wp\/v2\/types\/page"}],"author":[{"embeddable":true,"href":"https:\/\/semmelweis.hu\/stemcell\/wp-json\/wp\/v2\/users\/12"}],"replies":[{"embeddable":true,"href":"https:\/\/semmelweis.hu\/stemcell\/wp-json\/wp\/v2\/comments?post=145"}],"version-history":[{"count":11,"href":"https:\/\/semmelweis.hu\/stemcell\/wp-json\/wp\/v2\/pages\/145\/revisions"}],"predecessor-version":[{"id":1103,"href":"https:\/\/semmelweis.hu\/stemcell\/wp-json\/wp\/v2\/pages\/145\/revisions\/1103"}],"wp:attachment":[{"href":"https:\/\/semmelweis.hu\/stemcell\/wp-json\/wp\/v2\/media?parent=145"}],"wp:term":[{"taxonomy":"category","embeddable":true,"href":"https:\/\/semmelweis.hu\/stemcell\/wp-json\/wp\/v2\/categories?post=145"},{"taxonomy":"post_tag","embeddable":true,"href":"https:\/\/semmelweis.hu\/stemcell\/wp-json\/wp\/v2\/tags?post=145"}],"curies":[{"name":"wp","href":"https:\/\/api.w.org\/{rel}","templated":true}]}}