{"id":97,"date":"2021-02-17T09:53:43","date_gmt":"2021-02-17T08:53:43","guid":{"rendered":"https:\/\/semmelweis.hu\/sportorvostan\/?page_id=97"},"modified":"2021-03-04T22:38:48","modified_gmt":"2021-03-04T21:38:48","slug":"oktatasi-tematika","status":"publish","type":"page","link":"https:\/\/semmelweis.hu\/sportorvostan\/oktatas\/oktatasi-tematika\/","title":{"rendered":"Oktat\u00e1si tematika"},"content":{"rendered":"<p><strong>A t\u00e1rgy r\u00e9szletes tematik\u00e1ja:<\/strong><\/p>\n<ul>\n<li style=\"text-align: justify\">Az izomm\u0171k\u00f6d\u00e9s \u00e9lettani alapjai, energiaforr\u00e1sai.<\/li>\n<li style=\"text-align: justify\">Mozg\u00e1sszab\u00e1lyoz\u00e1s, mozg\u00e1stanul\u00e1s. Bemeleg\u00edt\u00e9s, holtpont, f\u00e1rad\u00e1s, izoml\u00e1z.<\/li>\n<li style=\"text-align: justify\">Energiaforgalom, napi energia egyens\u00faly. Sportt\u00e1pl\u00e1lkoz\u00e1s. Leg\u00e1lis teljes\u00edtm\u00e9ny fokoz\u00f3 szerek, elj\u00e1r\u00e1sok. Dopping.<\/li>\n<li style=\"text-align: justify\">A v\u00e9r \u00f6sszet\u00e9tele, szerepe a sportban. A kering\u00e9s \u00e9s l\u00e9gz\u00e9s sportadapt\u00e1ci\u00f3s folyamatai. Sportsz\u00edv.<\/li>\n<li style=\"text-align: justify\">Er\u0151, gyorsas\u00e1g, \u00e1ll\u00f3k\u00e9pess\u00e9g. \u00c9letkori saj\u00e1toss\u00e1gok az akut \u00e9s kr\u00f3nikus sportadapt\u00e1ci\u00f3ban. A kond\u00edcion\u00e1lis \u00e1llapot ellen\u0151rz\u00e9se. Terhel\u00e9s\u00e9lettani vizsg\u00e1latok a sportteljes\u00edtm\u00e9ny jav\u00edt\u00e1s\u00e1ban.<\/li>\n<li style=\"text-align: justify\">Anamn\u00e9zis felv\u00e9tel, fizik\u00e1lis vizsg\u00e1lat, vizelet vizsg\u00e1lat: sportorvostani specialit\u00e1sok. Sportorvosi alkalmass\u00e1gi \u00e9s id\u0151szakos vizsg\u00e1lat ir\u00e1nyelvei. A sportorvosi enged\u00e9ly megtagad\u00e1s\u00e1nak\/megvon\u00e1s\u00e1nak indik\u00e1ci\u00f3i.<\/li>\n<li style=\"text-align: justify\">Fizikai aktivit\u00e1s szerepe belgy\u00f3gy\u00e1szati megbeteged\u00e9sek primer \u00e9s szekunder prevenci\u00f3j\u00e1ban, kezel\u00e9s\u00e9ben. Obesitas, hypertonia, diabetes \u00e9s sport.<\/li>\n<li style=\"text-align: justify\">Elektrokardiogr\u00e1fia a sportorvosi sz\u0171r\u00e9sben. Ritmuszavarok \u00e9s kezel\u00e9s\u00fck sportol\u00f3kban.<\/li>\n<li style=\"text-align: justify\">K\u00e9palkot\u00f3 elj\u00e1r\u00e1sok a sporttal \u00f6sszef\u00fcgg\u0151 cardialis remodell\u00e1ci\u00f3 vizsg\u00e1lat\u00e1ban.<\/li>\n<li style=\"text-align: justify\">A sportkardiol\u00f3giai sz\u0171r\u00e9s jelent\u0151s\u00e9ge. Hirtelen sz\u00edvhal\u00e1l sportol\u00f3kban.<\/li>\n<li style=\"text-align: justify\">Sports\u00e9r\u00fcl\u00e9sek fogalma, feloszt\u00e1sa, etiol\u00f3gi\u00e1ja, megel\u0151z\u00e9se, diagnosztik\u00e1ja. Akut \u00e9s t\u00falterhel\u00e9ses sports\u00e9r\u00fcl\u00e9sek ell\u00e1t\u00e1s\u00e1nak \u00e1ltal\u00e1nos elvei. A fej, a nyak, a mellkas \u00e9s a has sports\u00e9r\u00fcl\u00e9sei.<\/li>\n<li style=\"text-align: justify\">A fels\u0151 v\u00e9gtag jellemz\u0151 sports\u00e9r\u00fcl\u00e9sei \u00e9s \u00e1rtalmai.<\/li>\n<li style=\"text-align: justify\">Az als\u00f3 v\u00e9gtag jellemz\u0151 sports\u00e9r\u00fcl\u00e9sei \u00e9s \u00e1rtalmai.<\/li>\n<li style=\"text-align: justify\">Rehabilit\u00e1ci\u00f3, mozg\u00e1ster\u00e1pia, tudom\u00e1nyos m\u00f3dszerek a sports\u00e9r\u00fcl\u00e9sek konzervat\u00edv kezel\u00e9s\u00e9ben.<\/li>\n<\/ul>\n","protected":false},"excerpt":{"rendered":"<p>A t\u00e1rgy r\u00e9szletes tematik\u00e1ja: Az izomm\u0171k\u00f6d\u00e9s \u00e9lettani alapjai, energiaforr\u00e1sai. Mozg\u00e1sszab\u00e1lyoz\u00e1s, mozg\u00e1stanul\u00e1s. Bemeleg\u00edt\u00e9s, holtpont, f\u00e1rad\u00e1s, izoml\u00e1z. Energiaforgalom, napi energia egyens\u00faly. Sportt\u00e1pl\u00e1lkoz\u00e1s. Leg\u00e1lis teljes\u00edtm\u00e9ny fokoz\u00f3 szerek, elj\u00e1r\u00e1sok. Dopping. A v\u00e9r \u00f6sszet\u00e9tele, szerepe a sportban. A kering\u00e9s \u00e9s l\u00e9gz\u00e9s sportadapt\u00e1ci\u00f3s folyamatai. Sportsz\u00edv. Er\u0151, gyorsas\u00e1g, \u00e1ll\u00f3k\u00e9pess\u00e9g. \u00c9letkori saj\u00e1toss\u00e1gok az akut \u00e9s kr\u00f3nikus sportadapt\u00e1ci\u00f3ban. A kond\u00edcion\u00e1lis \u00e1llapot ellen\u0151rz\u00e9se. Terhel\u00e9s\u00e9lettani vizsg\u00e1latok &hellip;<\/p>\n","protected":false},"author":101857,"featured_media":0,"parent":14,"menu_order":0,"comment_status":"closed","ping_status":"closed","template":"","meta":{"_acf_changed":false,"footnotes":""},"categories":[],"tags":[],"class_list":["post-97","page","type-page","status-publish","hentry"],"acf":[],"_links":{"self":[{"href":"https:\/\/semmelweis.hu\/sportorvostan\/wp-json\/wp\/v2\/pages\/97","targetHints":{"allow":["GET"]}}],"collection":[{"href":"https:\/\/semmelweis.hu\/sportorvostan\/wp-json\/wp\/v2\/pages"}],"about":[{"href":"https:\/\/semmelweis.hu\/sportorvostan\/wp-json\/wp\/v2\/types\/page"}],"author":[{"embeddable":true,"href":"https:\/\/semmelweis.hu\/sportorvostan\/wp-json\/wp\/v2\/users\/101857"}],"replies":[{"embeddable":true,"href":"https:\/\/semmelweis.hu\/sportorvostan\/wp-json\/wp\/v2\/comments?post=97"}],"version-history":[{"count":6,"href":"https:\/\/semmelweis.hu\/sportorvostan\/wp-json\/wp\/v2\/pages\/97\/revisions"}],"predecessor-version":[{"id":361,"href":"https:\/\/semmelweis.hu\/sportorvostan\/wp-json\/wp\/v2\/pages\/97\/revisions\/361"}],"up":[{"embeddable":true,"href":"https:\/\/semmelweis.hu\/sportorvostan\/wp-json\/wp\/v2\/pages\/14"}],"wp:attachment":[{"href":"https:\/\/semmelweis.hu\/sportorvostan\/wp-json\/wp\/v2\/media?parent=97"}],"wp:term":[{"taxonomy":"category","embeddable":true,"href":"https:\/\/semmelweis.hu\/sportorvostan\/wp-json\/wp\/v2\/categories?post=97"},{"taxonomy":"post_tag","embeddable":true,"href":"https:\/\/semmelweis.hu\/sportorvostan\/wp-json\/wp\/v2\/tags?post=97"}],"curies":[{"name":"wp","href":"https:\/\/api.w.org\/{rel}","templated":true}]}}