{"id":61,"date":"2021-02-10T13:58:18","date_gmt":"2021-02-10T12:58:18","guid":{"rendered":"https:\/\/semmelweis.hu\/sportorvostan\/?page_id=61"},"modified":"2025-11-25T10:39:29","modified_gmt":"2025-11-25T09:39:29","slug":"helyszinek-szervezeti-egysegek","status":"publish","type":"page","link":"https:\/\/semmelweis.hu\/sportorvostan\/tanszekunkrol\/helyszinek-szervezeti-egysegek\/","title":{"rendered":"Helysz\u00ednek, szervezeti egys\u00e9gek"},"content":{"rendered":"<h4 style=\"text-align: justify\">V\u00e1rosmajori Sz\u00edv- \u00e9s \u00c9rgy\u00f3gy\u00e1szati Klinika<\/h4>\n<p style=\"text-align: justify\">\u00c9ves szinten t\u00f6bb ezer sportol\u00f3 sportkardiol\u00f3giai ell\u00e1t\u00e1s\u00e1t val\u00f3s\u00edtjuk meg. Munkat\u00e1rsaink sportesem\u00e9nyek eg\u00e9szs\u00e9g\u00fcgyi biztos\u00edt\u00e1s\u00e1ban is akt\u00edv szerepet v\u00e1llalnak (mind magyarorsz\u00e1gi versenyek, mind a magyar csapatok k\u00fclf\u00f6ldi szerepl\u00e9sei tekintet\u00e9ben).<\/p>\n<p style=\"text-align: justify\">Int\u00e9zm\u00e9ny\u00fcnkben a (sport)kardiol\u00f3giai diagnosztikai eszk\u00f6z\u00f6k rendk\u00edv\u00fcl sz\u00e9les t\u00e1rh\u00e1za el\u00e9rhet\u0151 a 12-elvezet\u00e9ses EKG vizsg\u00e1latt\u00f3l kezdve a legmodernebb sz\u00edv MR vizsg\u00e1latokig terjed\u0151en.<\/p>\n<p style=\"text-align: justify\">C\u00e9lunk:<\/p>\n<ul>\n<li style=\"text-align: justify\">az akt\u00edvan sportol\u00f3 emberek eg\u00e9szs\u00e9g\u00e9nek meg\u0151rz\u00e9se,<\/li>\n<li style=\"text-align: justify\">a biztons\u00e1gos sporttev\u00e9kenys\u00e9g t\u00e1mogat\u00e1sa,<\/li>\n<li style=\"text-align: justify\">az edz\u00e9sprogram optimaliz\u00e1l\u00e1s\u00e1ban seg\u00edts\u00e9gny\u00fajt\u00e1s,<\/li>\n<li style=\"text-align: justify\">az egyes sz\u00edvbetegs\u00e9gek korai diagnosztiz\u00e1l\u00e1sa, sz\u00fcks\u00e9g szerint ezek legkorszer\u0171bb m\u00f3don val\u00f3 ell\u00e1t\u00e1sa, k\u00f6vet\u00e9se.<\/li>\n<\/ul>\n<p style=\"text-align: justify\">Visszat\u00e9r\u0151 sportol\u00f3ink k\u00f6z\u00f6tt \u00fcdv\u00f6z\u00f6lhetj\u00fck t\u00f6bbek k\u00f6z\u00f6tt a Magyar \u00dasz\u00f3v\u00e1logatott, a Magyar V\u00edzilabda V\u00e1logatott \u00e9s a Magyar Orsz\u00e1gos Korcsoly\u00e1z\u00f3 Sz\u00f6vets\u00e9g, valamint sz\u00e1mos NB1-es k\u00e9zilabda \u00e9s labdar\u00fag\u00f3 csapat kiv\u00e1l\u00f3s\u00e1g\u00e1t is.<\/p>\n<p>Vizsg\u00e1latok:<\/p>\n<ul>\n<li>Alapvet\u0151 sportkardiol\u00f3giai vizsg\u00e1latok<\/li>\n<li>Terhel\u00e9ses vizsg\u00e1latok<\/li>\n<li>Laborvizsg\u00e1latok<\/li>\n<li>Sz\u00edvultrahang<\/li>\n<li>Sz\u00edv CT, invaziv coronarographia<\/li>\n<li>Sz\u00edv MR<\/li>\n<li>Holter (24 \u00f3r\u00e1s) EKG, ABPM<\/li>\n<li>Elektrofiziol\u00f3gia<\/li>\n<\/ul>\n<p>Forr\u00e1s \u00e9s tov\u00e1bbi inform\u00e1ci\u00f3k: <a href=\"https:\/\/semmelweis.hu\/varosmajor\/betegellatas\/sportkardiologia\/vizsgalatok\/\">https:\/\/semmelweis.hu\/varosmajor\/betegellatas\/sportkardiologia\/vizsgalatok\/<\/a><\/p>\n<hr \/>\n<h4>Orsz\u00e1gos Sporteg\u00e9szs\u00e9g\u00fcgyi Int\u00e9zet<\/h4>\n<p>Az OSEI &#8211; a hazai sporteg\u00e9szs\u00e9g\u00fcgy egyetlen orsz\u00e1gos int\u00e9zm\u00e9nye &#8211; az al\u00e1bbi feladatokat l\u00e1tja el:<\/p>\n<ul>\n<li>az ig\u00e9nyjogosultak, sportol\u00f3k j\u00e1r\u00f3- \u00e9s fekv\u0151beteg szakell\u00e1t\u00e1sa;<\/li>\n<li>az Orsz\u00e1gos Sporteg\u00e9szs\u00e9g\u00fcgyi H\u00e1l\u00f3zat m\u0171k\u00f6dtet\u00e9se, szakmai ir\u00e1ny\u00edt\u00e1sa, m\u00f3dszertani feladatainak ell\u00e1t\u00e1sa;<\/li>\n<li>a V\u00e1logatott Kereteket Ell\u00e1t\u00f3 Szolg\u00e1lat m\u0171k\u00f6dtet\u00e9se \u00e9s fejleszt\u00e9se,<\/li>\n<li>a Call Center m\u0171k\u00f6dtet\u00e9se, valamint a jogosultak soron k\u00edv\u00fcli, emelt szint\u0171 eg\u00e9szs\u00e9g\u00fcgyi ell\u00e1t\u00e1s\u00e1val \u00f6sszef\u00fcgg\u0151 beteg\u00fat-szervez\u00e9s;<\/li>\n<li>edz\u0151t\u00e1borok \u00e9s az olimpiai k\u00f6zpontok sportorvosi biztos\u00edt\u00e1sa, szakmai fel\u00fcgyelete, az ott t\u00f6rt\u00e9nt s\u00e9r\u00fcl\u00e9sek ell\u00e1t\u00e1s\u00e1nak biztos\u00edt\u00e1sa;<\/li>\n<li>az olimpiai \u00e9s nem olimpiai sport\u00e1gak v\u00e1logatott, ut\u00e1np\u00f3tl\u00e1s v\u00e1logatott kerettagjainak felk\u00e9sz\u00fcl\u00e9s\u00e9vel \u00f6sszef\u00fcgg\u0151 emelt szint\u0171 sz\u0171r\u0151vizsg\u00e1latok szervez\u00e9se (beteg\u00fat-szervez\u00e9s keret\u00e9ben), test\u00f6sszet\u00e9tel meghat\u00e1roz\u00e1ssal \u00e9s dietetikai tan\u00e1csad\u00e1ssal, valamint a kisz\u0171rt esetek gondoz\u00e1s\u00e1nak nyomon k\u00f6vet\u00e9se, sportorvosi szempontb\u00f3l monitoringja;<\/li>\n<li>a teljes\u00edtm\u00e9ny-\u00e9lettani laborat\u00f3rium vizsg\u00e1lataival kapcsolatos feladatok ell\u00e1t\u00e1sa (leg\u00e1lis teljes\u00edtm\u00e9nyfokoz\u00e1s el\u0151seg\u00edt\u00e9s\u00e9t biztos\u00edt\u00f3 m\u00f3dszerek kidolgoz\u00e1sa, a maxim\u00e1lis teljes\u00edt\u0151k\u00e9pess\u00e9g vizsg\u00e1lata);<\/li>\n<li>szakmai \u00e9rdekk\u00e9pviselet, sportorvosi k\u00e9pz\u00e9sek, tov\u00e1bbk\u00e9pz\u00e9sek m\u00f3dszertan\u00e1nak kidolgoz\u00e1sa, fel\u00fcgyelete;<br \/>\nnemzetk\u00f6zi kapcsolattart\u00e1s (FIMS);<\/li>\n<li>hazai kapcsolattart\u00e1s a sport tov\u00e1bbi \u00e1llami \u00e9s civil int\u00e9zm\u00e9nyrendszer\u00e9ben m\u0171k\u00f6d\u0151 jelent\u0151sebb szervezetekkel, sz\u00f6vets\u00e9gekkel;<\/li>\n<li>a sportorvosi enged\u00e9lyek online nyilv\u00e1ntart\u00f3 rendszer\u00e9nek, sportorvosi enged\u00e9lyez\u00e9si feladatk\u00f6r\u00e9nek szakmai fel\u00fcgyelete, az igazol\u00e1sok ki\u00e1ll\u00edt\u00e1sa, digit\u00e1lis rendszerben val\u00f3 feldolgoz\u00e1sa, vezet\u00e9se;<\/li>\n<li>a sportorvosi szakmai k\u00e9pz\u00e9s \u00e9s tov\u00e1bbk\u00e9pz\u00e9s, valamint az ehhez kapcsol\u00f3d\u00f3 tov\u00e1bbi t\u00e1rsszakm\u00e1k (massz\u0151r, dietetikus, gy\u00f3gytorn\u00e1sz) k\u00e9pz\u00e9seinek \u00e9s tov\u00e1bbk\u00e9pz\u00e9seinek biztos\u00edt\u00e1sa.<\/li>\n<\/ul>\n<p>Forr\u00e1s \u00e9s tov\u00e1bbi inform\u00e1ci\u00f3k:<a href=\"http:\/\/www.osei.hu\/\"> http:\/\/www.osei.hu\/<\/a><\/p>\n<hr \/>\n<h4>TESTNEVEL\u00c9SI EGYETEM<\/h4>\n<p>A mai int\u00e9zm\u00e9ny k\u00fcldet\u00e9se az elm\u00falt 75 esztend\u0151 alatt sokat v\u00e1ltozott, tartalmilag gyarapodott, eredeti k\u00fcldet\u00e9s\u00e9nek alapvet\u0151 magjak\u00e9nt azonban az egyetemi szint\u0171 testnevel\u0151 tan\u00e1rk\u00e9pz\u00e9st a k\u00f6z\u00e9p- \u00e9s fels\u0151fok\u00fa oktat\u00e1si int\u00e9zm\u00e9nyek sz\u00e1m\u00e1ra megtartotta. 1960 \u00f3ta l\u00e9trej\u00f6tt a tan\u00e1ri szak mellett a szakedz\u0151i, a hum\u00e1nkineziol\u00f3gia, a t\u00e1ncpedag\u00f3gusi, a gy\u00f3gytestnevel\u0151 tan\u00e1ri, az eg\u00e9szs\u00e9gtan-tan\u00e1ri, a sportmenedzser \u00e9s a ment\u00e1lhigi\u00e9n\u00e9 szak.<\/p>\n<p>Az egyetem \u00e1llami feladatk\u00e9nt ell\u00e1tott alaptev\u00e9kenys\u00e9ge<\/p>\n<ul>\n<li>a sporttudom\u00e1nynak mint interdiszciplin\u00e1ris tudom\u00e1nyter\u00fcletnek \u00e9s a hum\u00e1nkineziol\u00f3gi\u00e1nak a m\u0171vel\u00e9se, valamint az eg\u00e9szs\u00e9gtudom\u00e1nynak, els\u0151sorban a prevenci\u00f3nak a fejleszt\u00e9se;<\/li>\n<li>\u00a0testnevel\u00e9si \u00e9s sportszakemberek alap- \u00e9s tov\u00e1bbk\u00e9pz\u00e9se (idegen nyelven is);<\/li>\n<li>az alap-, k\u00f6z\u00e9p- \u00e9s fels\u0151fok\u00fa oktat\u00e1s teljes vertikum\u00e1ban,<br \/>\na sportmozgalom k\u00fcl\u00f6nb\u00f6z\u0151 ter\u00fcleteire, a szabadid\u0151, az iskolai \u00e9s a versenysport, valamint<br \/>\na n\u00e9peg\u00e9szs\u00e9g\u00fcgy sz\u00e1m\u00e1ra;<\/li>\n<li>az egyetem k\u00e9pes\u00edt\u00e9si k\u00f6vetelm\u00e9nyeiben meghat\u00e1rozott feladatok;<\/li>\n<\/ul>\n<p>&nbsp;<\/p>\n<ul>\n<li>az alapfok\u00fa k\u00e9pz\u00e9sben: sportoktat\u00f3k k\u00e9pz\u00e9se;<\/li>\n<li>a k\u00f6z\u00e9pfok\u00fa k\u00e9pz\u00e9sben: sportedz\u0151k, sportszervez\u0151k-sportmenedzserek \u00e9s rekre\u00e1ci\u00f3s szakemberek k\u00e9pz\u00e9se;<\/li>\n<li>a f\u0151iskolai szint\u0171 k\u00e9pz\u00e9sben: szakedz\u0151k, sportmenedzserek, t\u00e1ncpedag\u00f3gusok \u00e9s rekre\u00e1ci\u00f3ir\u00e1ny\u00edt\u00f3k k\u00e9pz\u00e9se;<\/li>\n<li>az alapk\u00e9pz\u00e9sben (BSc-n): sportszervez\u0151k, testnevel\u0151-edz\u0151k, hum\u00e1nkinezol\u00f3gusok \u00e9s rekre\u00e1ci\u00f3s szakemberek k\u00e9pz\u00e9se;<\/li>\n<li>az egyetemi szint\u0171 k\u00e9pz\u00e9sben: testnevel\u0151 tan\u00e1rok, hum\u00e1nkineziol\u00f3gusok, gy\u00f3gytestnevel\u0151 tan\u00e1rok \u00e9s eg\u00e9szs\u00e9gtantan\u00e1rok k\u00e9pz\u00e9se;<\/li>\n<li>a mesterk\u00e9pz\u00e9sben (MSc-n \u00e9s MA-n): testnevel\u0151 tan\u00e1rok, gy\u00f3gytestnevel\u0151 tan\u00e1rok, eg\u00e9szs\u00e9gfejleszt\u0151 tan\u00e1rok, hum\u00e1nkineziol\u00f3gusok, szakedz\u0151k, sportmenedzserek \u00e9s rekre\u00e1ci\u00f3s szakemberek k\u00e9pz\u00e9se;<\/li>\n<li>a fels\u0151fok\u00fa szakir\u00e1ny\u00fa tov\u00e1bbk\u00e9pz\u00e9si szakon: sportpszichol\u00f3gusok, lovaskult\u00fara oktat\u00f3k \u00e9s prevent\u00edv mozg\u00e1sterapeut\u00e1k k\u00e9pz\u00e9se;<\/li>\n<li>a posztgradu\u00e1lis szint\u0171 k\u00e9pz\u00e9sben: doktoranduszok k\u00e9pz\u00e9se;<br \/>\n&#8211; m\u0171k\u00f6d\u00e9si t\u00e1mogat\u00e1sb\u00f3l fedezett, a megalap\u00edtott szakok diszciplin\u00e1ihoz kapcsol\u00f3d\u00f3 tudom\u00e1nyos kutat\u00e1s, fejleszt\u00e9s \u00e9s tudom\u00e1nyszervez\u0151 tev\u00e9kenys\u00e9g.<\/li>\n<\/ul>\n<p>Az egyetem feladatai: A megalap\u00edtott akkredit\u00e1lt iskolai rendszer\u0171 fels\u0151fok\u00fa szakk\u00e9pz\u00e9s, f\u0151iskolai \u00e9s egyetemi szint\u0171 alap- \u00e9s mesterk\u00e9pz\u00e9s, f\u0151iskolai \u00e9s egyetemi szint\u0171 szakir\u00e1ny\u00fa tov\u00e1bbk\u00e9pz\u00e9s, doktori (PhD) k\u00e9pz\u00e9s.<br \/>\nForr\u00e1s \u00e9s tov\u00e1bbi inform\u00e1ci\u00f3k:<br \/>\n<a href=\"https:\/\/tf.hu\/\">https:\/\/tf.hu\/<\/a><br \/>\n<a href=\"https:\/\/sporttaplalkozas.tf.hu\">https:\/\/sporrtaplalkozas.tf.hu<\/a><\/p>\n<p>&nbsp;<\/p>\n","protected":false},"excerpt":{"rendered":"<p>V\u00e1rosmajori Sz\u00edv- \u00e9s \u00c9rgy\u00f3gy\u00e1szati Klinika \u00c9ves szinten t\u00f6bb ezer sportol\u00f3 sportkardiol\u00f3giai ell\u00e1t\u00e1s\u00e1t val\u00f3s\u00edtjuk meg. Munkat\u00e1rsaink sportesem\u00e9nyek eg\u00e9szs\u00e9g\u00fcgyi biztos\u00edt\u00e1s\u00e1ban is akt\u00edv szerepet v\u00e1llalnak (mind magyarorsz\u00e1gi versenyek, mind a magyar csapatok k\u00fclf\u00f6ldi szerepl\u00e9sei tekintet\u00e9ben). Int\u00e9zm\u00e9ny\u00fcnkben a (sport)kardiol\u00f3giai diagnosztikai eszk\u00f6z\u00f6k rendk\u00edv\u00fcl sz\u00e9les t\u00e1rh\u00e1za el\u00e9rhet\u0151 a 12-elvezet\u00e9ses EKG vizsg\u00e1latt\u00f3l kezdve a legmodernebb sz\u00edv MR vizsg\u00e1latokig terjed\u0151en. C\u00e9lunk: az akt\u00edvan &hellip;<\/p>\n","protected":false},"author":101857,"featured_media":0,"parent":5,"menu_order":0,"comment_status":"closed","ping_status":"closed","template":"","meta":{"_acf_changed":false,"footnotes":""},"categories":[],"tags":[],"class_list":["post-61","page","type-page","status-publish","hentry"],"acf":[],"_links":{"self":[{"href":"https:\/\/semmelweis.hu\/sportorvostan\/wp-json\/wp\/v2\/pages\/61","targetHints":{"allow":["GET"]}}],"collection":[{"href":"https:\/\/semmelweis.hu\/sportorvostan\/wp-json\/wp\/v2\/pages"}],"about":[{"href":"https:\/\/semmelweis.hu\/sportorvostan\/wp-json\/wp\/v2\/types\/page"}],"author":[{"embeddable":true,"href":"https:\/\/semmelweis.hu\/sportorvostan\/wp-json\/wp\/v2\/users\/101857"}],"replies":[{"embeddable":true,"href":"https:\/\/semmelweis.hu\/sportorvostan\/wp-json\/wp\/v2\/comments?post=61"}],"version-history":[{"count":10,"href":"https:\/\/semmelweis.hu\/sportorvostan\/wp-json\/wp\/v2\/pages\/61\/revisions"}],"predecessor-version":[{"id":467,"href":"https:\/\/semmelweis.hu\/sportorvostan\/wp-json\/wp\/v2\/pages\/61\/revisions\/467"}],"up":[{"embeddable":true,"href":"https:\/\/semmelweis.hu\/sportorvostan\/wp-json\/wp\/v2\/pages\/5"}],"wp:attachment":[{"href":"https:\/\/semmelweis.hu\/sportorvostan\/wp-json\/wp\/v2\/media?parent=61"}],"wp:term":[{"taxonomy":"category","embeddable":true,"href":"https:\/\/semmelweis.hu\/sportorvostan\/wp-json\/wp\/v2\/categories?post=61"},{"taxonomy":"post_tag","embeddable":true,"href":"https:\/\/semmelweis.hu\/sportorvostan\/wp-json\/wp\/v2\/tags?post=61"}],"curies":[{"name":"wp","href":"https:\/\/api.w.org\/{rel}","templated":true}]}}