{"id":533,"date":"2023-06-19T08:40:37","date_gmt":"2023-06-19T06:40:37","guid":{"rendered":"https:\/\/semmelweis.hu\/sportorvostan\/?page_id=533"},"modified":"2024-06-19T10:17:57","modified_gmt":"2024-06-19T08:17:57","slug":"tdk-rektori-szakdolgozat-temak","status":"publish","type":"page","link":"https:\/\/semmelweis.hu\/sportorvostan\/oktatas\/tdk-rektori-szakdolgozat-temak\/","title":{"rendered":"TDK, Rektori, Szakdolgozat t\u00e9m\u00e1k"},"content":{"rendered":"<p><strong>SPORTORVOSTAN TANSZ\u00c9K<\/strong><\/p>\n<p><strong>TDK, REKTORI, SZAKDOLGOZAT T\u00c9M\u00c1K <\/strong><\/p>\n<p><strong>\u00a0 \u00a0 1. Sz\u00edv MR vizsg\u00e1lat szerepe bal kamra hypertrophia differenci\u00e1l diagnosztik\u00e1j\u00e1ban<\/strong><\/p>\n<p>\u00a0\u00a0\u00a0\u00a0\u00a0 (Dr. V\u00e1g\u00f3 Hajnalka Ph.D., egyetemi docens; Dr. Dohy Zs\u00f3fia, PhD hallgat\u00f3)<\/p>\n<p><strong>\u00a0 \u00a0 2. Sz\u00edv m\u00e1gneses rezonanci\u00e1s vizsg\u00e1lat szerepe hypertrophi\u00e1s cardiomyopathia eset\u00e9n<\/strong><\/p>\n<p>\u00a0 \u00a0 \u00a0 (Dr. V\u00e1g\u00f3 Hajnalka Ph.D., egyetemi docens; Dr. Dohy Zs\u00f3fia, PhD hallgat\u00f3)<\/p>\n<p><strong>\u00a0 \u00a0 3. Kardiogenetika szerepe struktur\u00e1lis sz\u00edvbetegs\u00e9g \u00e9s hirtelen sz\u00edvhal\u00e1l eset\u00e9n<\/strong><\/p>\n<p>\u00a0 \u00a0 \u00a0(Dr. V\u00e1g\u00f3 Hajnalka Ph.D., egyetemi docens; Dr. B\u00f6d\u00f6r Csaba PhD egyetemi docens)<\/p>\n<p><strong>\u00a0 \u00a0 4. Struktur\u00e1lis sz\u00edvizombetegs\u00e9gek MR diagnosztik\u00e1ja sportol\u00f3kn\u00e1l<\/strong><\/p>\n<p>\u00a0 \u00a0 \u00a0(Dr. V\u00e1g\u00f3 Hajnalka Ph.D., egyetemi docens; Dr. Balla Dorottya, PhD hallgat\u00f3)<\/p>\n<p><strong>\u00a0 \u00a0 5. Sport \u00e9s struktur\u00e1lis sz\u00edvizombetegs\u00e9gek<\/strong><\/p>\n<p>\u00a0 \u00a0 (Dr. V\u00e1g\u00f3 Hajnalka Ph.D, egyetemi docens; Dr. Balla Dorottya, PhD hallgat\u00f3)<\/p>\n<p><strong>\u00a0 \u00a0 6. A sz\u00edv MR vizsg\u00e1lat szerepe a sportadapt\u00e1ci\u00f3 vizsg\u00e1lat\u00e1ban<\/strong><\/p>\n<p>\u00a0 \u00a0 (Dr. V\u00e1g\u00f3 Hajnalka\u00a0 Ph.D., egyetemi docens; Dr. Juh\u00e1sz Vencel, PhD hallgat\u00f3)<\/p>\n<ol start=\"7\">\n<li><strong>A sz\u00edv MR vizsg\u00e1lat szerepe a sportol\u00f3i hirtelen sz\u00edvhal\u00e1l etiol\u00f3gi\u00e1j\u00e1nak tiszt\u00e1z\u00e1s\u00e1ban<\/strong><\/li>\n<\/ol>\n<p>\u00a0 \u00a0 (Dr. V\u00e1g\u00f3 Hajnalka Ph.D, egyete,mi docens; Dr. Vincze Vikt\u00f3ria, szakorvosjel\u00f6lt)<\/p>\n<p>\u00a0 \u00a0<strong> \u00a08. Hirtelen sz\u00edvhal\u00e1l \u00e9s a sport<\/strong><\/p>\n<p>\u00a0 \u00a0 (Dr. Merkely B\u00e9la D.Sc., egyetemi tan\u00e1r; Dr. Syd\u00f3 N\u00f3ra egyetemi adjunktus, Dr. Csulak Emese szakorvos, Ph.D hallgat\u00f3)<\/p>\n<p><strong>\u00a0 \u00a0 9. A spiroergometri\u00e1s vizsg\u00e1lat szerepe ifj\u00fas\u00e1gi ut\u00e1np\u00f3tl\u00e1s sportol\u00f3kn\u00e1l<\/strong><\/p>\n<p>\u00a0 \u00a0 (Dr. Syd\u00f3 N\u00f3ra Ph.D, egyetemi adjunktus, Dr. Csulak Emese szakorvos, PhD hallgat\u00f3)<\/p>\n<p><strong>\u00a0 \u00a010. Sport \u00e9s kongenit\u00e1lis sz\u00edvbetegs\u00e9g<\/strong><\/p>\n<p>\u00a0 \u00a0 (Dr. Syd\u00f3 N\u00f3ra Ph.D, egyetemi adjunktus, Dr. Csulak Emese szakorvos, PhD hallgat\u00f3)<\/p>\n<p><strong>\u00a0 \u00a011. Edzetts\u00e9g vizsg\u00e1lata mesters\u00e9ges intelligenci\u00e1val<\/strong><\/p>\n<p>\u00a0 \u00a0 (Dr. Syd\u00f3 N\u00f3ra Ph.D, egyetemi adjunktus, Dr. Kiss Anna R\u00e9ka Ph.D, kardiol\u00f3gus rezidens)<\/p>\n<p><strong>\u00a0 \u00a012.Sportkardiol\u00f3giai \u00e9s teljes\u00edtm\u00e9nydiagnosztikai vizsg\u00e1latok<\/strong><\/p>\n<p>\u00a0 \u00a0 (Dr. Syd\u00f3 N\u00f3ra Ph.D, egyetemi adjunktus, Dr. Csulak Emese szakorvos, PhD hallgat\u00f3)<\/p>\n<p><strong>\u00a0 \u00a013. Sportteljes\u00edtm\u00e9nyt limit\u00e1l\u00f3 t\u00e9nyez\u0151k vizsg\u00e1lata<\/strong><\/p>\n<p>\u00a0 \u00a0 (Dr. Syd\u00f3 N\u00f3ra Ph.D, egyetemi adjunktus, Dr. Csulak Emese szakorvos, PhD hallgat\u00f3)<\/p>\n<p>\u00a0 <strong>\u00a014. Teljes\u00edtm\u00e9ny\u00e9lettani p\u00e1lyam\u00e9r\u00e9sek sportol\u00f3n\u00e1l<\/strong><\/p>\n<p>\u00a0 \u00a0 (Dr. Syd\u00f3 N\u00f3ra Ph.D, egyetemi adjunktus, Dr. Csulak Emese szakorvos, PhD hallgat\u00f3)<\/p>\n<p><strong>\u00a0 \u00a015. Terhel\u00e9s\u00e9lettani mutat\u00f3k \u00f6sszef\u00fcgg\u00e9se a mozg\u00e1smint\u00e1zattal spiroergometri\u00e1s vizsg\u00e1lat\u00a0 \u00a0 \u00a0 \u00a0 \u00a0sor\u00e1n<\/strong><\/p>\n<p>\u00a0 \u00a0 (Dr. Syd\u00f3 N\u00f3ra Ph.D, egyetemi adjunktus, Dr. Merkely Gerg\u0151 Ph.D)<\/p>\n<p>\u00a0 \u00a0<strong>16. \u00dasz\u00f3k sportadapt\u00e1ci\u00f3j\u00e1nak vizsg\u00e1lata<\/strong><\/p>\n<p>\u00a0 \u00a0(Dr. Syd\u00f3 N\u00f3ra Ph.D, egyetemi adjunktus, Petrov Iv\u00e1n Ph.D hallgat\u00f3)<\/p>\n<p>\u00a0 <strong>\u00a017. V\u00e9rcukor \u00e9s sportteljes\u00edtm\u00e9ny \u00f6sszef\u00fcgg\u00e9seinek vizsg\u00e1lata<\/strong><\/p>\n<p>\u00a0 \u00a0(Dr. Syd\u00f3 N\u00f3ra Ph.D, egyetemi adjunktus, Dr. Csulak Emese szakorvos, PhD hallgat\u00f3<\/p>\n<p><strong>\u00a0 \u00a0 18. A sz\u00edv \u00e9s a kering\u00e9si rendszer adapt\u00e1ci\u00f3ja a rendszeres sportterhel\u00e9shez<\/strong><\/p>\n<p>\u00a0 \u00a0(Demetern\u00e9 Dr. Kiss Orsolya egyetemi docens, Dr. Babity M\u00e1t\u00e9 PhD hallgat\u00f3)<\/p>\n<p><strong>\u00a0 \u00a0 19. Sportadapt\u00e1ci\u00f3s folyamatok \u00e9letkor szerinti alakul\u00e1sa \u00e9lsportol\u00f3kban<\/strong><\/p>\n<p>\u00a0 \u00a0(Demetern\u00e9 Dr. Kiss Orsolya egyetemi docens, Dr. Z\u00e1modics M\u00e1rk rezidens, PhD hallgat\u00f3)<\/p>\n<p><strong>\u00a0 \u00a0 20. T\u00e9rds\u00e9r\u00fcl\u00e9sek ut\u00e1ni sportba val\u00f3 visszat\u00e9r\u00e9s vizsg\u00e1lata<\/strong><\/p>\n<p>\u00a0 \u00a0(Dr. Pavlik Attila)<\/p>\n<p><strong>\u00a0 \u00a0 21. Dob\u00f3 sportol\u00f3k v\u00e1lls\u00e9r\u00fcl\u00e9sei<\/strong><\/p>\n<p>\u00a0 \u00a0 (Dr. Pavlik Attila)<\/p>\n<p>\u00a0 <strong>\u00a0 22. Rendszeres fizikai aktivit\u00e1s \u00e9s ment\u00e1lis eg\u00e9szs\u00e9g\u00a0<\/strong><\/p>\n<p>\u00a0 \u00a0 (Szeifert No\u00e9mi M\u00f3nika \u00a0klinikai sportpszichol\u00f3gus, pszichoterapeuta)<\/p>\n<p>&nbsp;<\/p>\n<p>&nbsp;<\/p>\n<p><strong>TDK, RECTOR COMPETITION, DIPLOMA WORK TOPICS <\/strong><\/p>\n<ol>\n<li><strong>The role of cardiac MR in the differential diagnosis of left ventricular hypertrophy<\/strong><\/li>\n<\/ol>\n<p>\u00a0 \u00a0 \u00a0(Dr. Hajnalka V\u00e1g\u00f3 Ph.D., Associate Professor; Dr. Zs\u00f3fia Dohy, PhD student)<\/p>\n<ol start=\"2\">\n<li><strong>Role of cardiac magnetic resonance imaging in hypertrophic cardiomyopathy<\/strong><\/li>\n<\/ol>\n<p>\u00a0 \u00a0 \u00a0(Dr. Hajnalka V\u00e1g\u00f3, Ph.D., Associate Professor; Dr. Zs\u00f3fia Dohy, PhD student)<\/p>\n<ol start=\"3\">\n<li><strong>The role of cardiogenetics in structural heart disease and sudden cardiac death<\/strong><\/li>\n<\/ol>\n<p>\u00a0 \u00a0 \u00a0(Dr. Hajnalka V\u00e1g\u00f3, Ph.D., Associate Professor; Dr. Csaba B\u00f6d\u00f6r, PhD, Associate Professor)<\/p>\n<ol start=\"4\">\n<li><strong>MR diagnosis of structural heart disease in athletes<\/strong><\/li>\n<\/ol>\n<p>\u00a0 \u00a0 \u00a0(Dr. Hajnalka V\u00e1g\u00f3, Ph.D., Associate Professor; Dr. Dorottya Balla, PhD student)<\/p>\n<ol start=\"5\">\n<li><strong>Sport and structural myocardial diseases<\/strong><\/li>\n<\/ol>\n<p>\u00a0 \u00a0 (Dr. Hajnalka V\u00e1g\u00f3, Ph.D., Associate Professor; Dr. Dorottya Balla, PhD student)<\/p>\n<ol start=\"6\">\n<li><strong>The role of cardiac MR imaging in the assessment of sports adaptation<\/strong><\/li>\n<\/ol>\n<p>\u00a0 \u00a0 \u00a0(Dr. Hajnalka V\u00e1g\u00f3 Ph.D., Associate Professor; Dr. Vencel Juh\u00e1sz, PhD student)<\/p>\n<ol start=\"7\">\n<li><strong>The role of cardiac MR in clarifying the aetiology of sudden cardiac death in athletes<\/strong><\/li>\n<\/ol>\n<p>\u00a0 \u00a0 \u00a0(Dr. Hajnalka V\u00e1g\u00f3, Ph.D., Associate Professor; Dr. Vikt\u00f3ria Vincze, Resident)<\/p>\n<p>\u00a0 \u00a0 \u00a08.<strong>Sudden cardiac death and sport.<\/strong><\/p>\n<p>\u00a0 \u00a0 \u00a0(Prof. B\u00e9la Merkely M.D., Ph.D., D.Sc.; N\u00f3ra Syd\u00f3 M.D., Ph.D, assistant lecturer, Emese Csulak M.D., clinical physician, Ph.D. student)<\/p>\n<ol start=\"9\">\n<li><strong>The role of cardiopulmonary exercise testing in youth athletes<\/strong><\/li>\n<\/ol>\n<p>\u00a0 \u00a0 \u00a0(N\u00f3ra Syd\u00f3 M.D., Ph.D, assistant lecturer Emese Csulak clinical physician, Ph.D. student)<\/p>\n<ol start=\"10\">\n<li><strong>Sport and congenital heart disease<\/strong><\/li>\n<\/ol>\n<p>\u00a0 \u00a0 \u00a0(N\u00f3ra Syd\u00f3 M.D., Ph.D assistant lecturer, Emese Csulak clinical physician, Ph.D. student)<\/p>\n<p>\u00a0 \u00a011.<strong>Physiological and pathological ECG changes in athletes<\/strong><\/p>\n<p>\u00a0 \u00a0 \u00a0(N\u00f3ra Syd\u00f3 M.D., Ph.D assistant lecturer, Emese Csulak clinical physician, Ph.D. student)<\/p>\n<p>\u00a0 \u00a012.<strong>Sport cardiology evaluation and performance assessment<\/strong><\/p>\n<p>\u00a0 \u00a0 (N\u00f3ra Syd\u00f3 M.D., Ph.D, Emese Csulak clinical physician, Ph.D. student)<\/p>\n<p>\u00a0 \u00a013.<strong>Limiting factors of sport performance<\/strong><\/p>\n<p>\u00a0 \u00a0 (N\u00f3ra Syd\u00f3 M.D., Ph.D assistant lecturer, Emese Csulak clinical physician, Ph.D. student)<\/p>\n<p>\u00a0 \u00a014.<strong>Field test\u2019 performance assessments<\/strong><\/p>\n<p>\u00a0 \u00a0(N\u00f3ra Syd\u00f3 M.D., Ph.D assistant lecturer, Emese Csulak clinical physician, Ph.D. student)<\/p>\n<p>\u00a0 \u00a0 <strong>15. Regular physical activity and mental health\u00a0<\/strong><\/p>\n<p>\u00a0 \u00a0(No\u00e9mi M\u00f3nika Szeifert clinical sport psychologist, psychotherapist)<\/p>\n<p>&nbsp;<\/p>\n<p><strong>KARDIOL\u00d3GIAI TANSZ\u00c9K<\/strong><\/p>\n<p><strong>TDK, REKTORI, SZAKDOLGOZAT T\u00c9M\u00c1K<\/strong><\/p>\n<p><a href=\"https:\/\/semmelweis.hu\/sportorvostan\/files\/2024\/03\/Kardiologia-Rektori-Palyatetelek-2023_24.pdf\">Kardiologia-Rektori-Palyatetelek-2023_24<\/a><\/p>\n<p><a href=\"https:\/\/semmelweis.hu\/sportorvostan\/files\/2024\/03\/Kardiolo\u0301gia-TDK-te\u0301ma\u0301k-2023_24.pdf\">Kardiolo\u0301gia-TDK-te\u0301ma\u0301k-2023_24<\/a><\/p>\n","protected":false},"excerpt":{"rendered":"<p>SPORTORVOSTAN TANSZ\u00c9K TDK, REKTORI, SZAKDOLGOZAT T\u00c9M\u00c1K \u00a0 \u00a0 1. Sz\u00edv MR vizsg\u00e1lat szerepe bal kamra hypertrophia differenci\u00e1l diagnosztik\u00e1j\u00e1ban \u00a0\u00a0\u00a0\u00a0\u00a0 (Dr. V\u00e1g\u00f3 Hajnalka Ph.D., egyetemi docens; Dr. Dohy Zs\u00f3fia, PhD hallgat\u00f3) \u00a0 \u00a0 2. Sz\u00edv m\u00e1gneses rezonanci\u00e1s vizsg\u00e1lat szerepe hypertrophi\u00e1s cardiomyopathia eset\u00e9n \u00a0 \u00a0 \u00a0 (Dr. V\u00e1g\u00f3 Hajnalka Ph.D., egyetemi docens; Dr. Dohy Zs\u00f3fia, PhD hallgat\u00f3) &hellip;<\/p>\n","protected":false},"author":101857,"featured_media":0,"parent":14,"menu_order":4,"comment_status":"closed","ping_status":"closed","template":"","meta":{"_acf_changed":false,"footnotes":""},"categories":[],"tags":[],"class_list":["post-533","page","type-page","status-publish","hentry"],"acf":[],"_links":{"self":[{"href":"https:\/\/semmelweis.hu\/sportorvostan\/wp-json\/wp\/v2\/pages\/533","targetHints":{"allow":["GET"]}}],"collection":[{"href":"https:\/\/semmelweis.hu\/sportorvostan\/wp-json\/wp\/v2\/pages"}],"about":[{"href":"https:\/\/semmelweis.hu\/sportorvostan\/wp-json\/wp\/v2\/types\/page"}],"author":[{"embeddable":true,"href":"https:\/\/semmelweis.hu\/sportorvostan\/wp-json\/wp\/v2\/users\/101857"}],"replies":[{"embeddable":true,"href":"https:\/\/semmelweis.hu\/sportorvostan\/wp-json\/wp\/v2\/comments?post=533"}],"version-history":[{"count":8,"href":"https:\/\/semmelweis.hu\/sportorvostan\/wp-json\/wp\/v2\/pages\/533\/revisions"}],"predecessor-version":[{"id":632,"href":"https:\/\/semmelweis.hu\/sportorvostan\/wp-json\/wp\/v2\/pages\/533\/revisions\/632"}],"up":[{"embeddable":true,"href":"https:\/\/semmelweis.hu\/sportorvostan\/wp-json\/wp\/v2\/pages\/14"}],"wp:attachment":[{"href":"https:\/\/semmelweis.hu\/sportorvostan\/wp-json\/wp\/v2\/media?parent=533"}],"wp:term":[{"taxonomy":"category","embeddable":true,"href":"https:\/\/semmelweis.hu\/sportorvostan\/wp-json\/wp\/v2\/categories?post=533"},{"taxonomy":"post_tag","embeddable":true,"href":"https:\/\/semmelweis.hu\/sportorvostan\/wp-json\/wp\/v2\/tags?post=533"}],"curies":[{"name":"wp","href":"https:\/\/api.w.org\/{rel}","templated":true}]}}