{"id":5,"date":"2021-01-04T08:49:24","date_gmt":"2021-01-04T07:49:24","guid":{"rendered":"https:\/\/semmelweis.hu\/sportorvostan\/?page_id=5"},"modified":"2024-04-26T18:58:15","modified_gmt":"2024-04-26T16:58:15","slug":"tanszekunkrol","status":"publish","type":"page","link":"https:\/\/semmelweis.hu\/sportorvostan\/tanszekunkrol\/","title":{"rendered":"Tansz\u00e9k\u00fcnkr\u0151l"},"content":{"rendered":"<p><img loading=\"lazy\" decoding=\"async\" class=\"alignright wp-image-394 \" style=\"text-align: justify\" src=\"https:\/\/semmelweis.hu\/sportorvostan\/files\/2021\/03\/semmelweis-logo-256px.png\" alt=\"\" width=\"165\" height=\"165\" srcset=\"https:\/\/semmelweis.hu\/sportorvostan\/files\/2021\/03\/semmelweis-logo-256px.png 240w, https:\/\/semmelweis.hu\/sportorvostan\/files\/2021\/03\/semmelweis-logo-256px-150x150.png 150w\" sizes=\"auto, (max-width: 165px) 100vw, 165px\" \/><\/p>\n<p style=\"text-align: justify\">A <strong>Sportorvostan Tansz\u00e9k<\/strong> a Semmelweis Egyetem egyik leg\u00fajabb szervezeti egys\u00e9ge, mely 2020-ban j\u00f6tt l\u00e9tre. Tansz\u00e9k\u00fcnk\u00f6n sz\u00e1mos tudom\u00e1nyos projekt, t\u00f6bb helysz\u00ednen orvostan hallgat\u00f3k gyakorlatorient\u00e1lt oktat\u00e1sa zajlik magyar, angol \u00e9s n\u00e9met nyelven. Munkat\u00e1rsaink a hazai sportorvostan k\u00fcl\u00f6nb\u00f6z\u0151 diszcipl\u00edn\u00e1inak elismert k\u00e9pvisel\u0151i. Tansz\u00e9k\u00fcnk megalak\u00edt\u00e1s\u00e1ban a V\u00e1rosmajori Sz\u00edv- \u00e9s \u00c9rgy\u00f3gy\u00e1szati Klinika, a Testnevel\u00e9si Egyetem, az Orsz\u00e1gos Sporteg\u00e9szs\u00e9g\u00fcgyi Int\u00e9zet dolgoz\u00f3i, illetve mag\u00e1nell\u00e1t\u00e1sban praktiz\u00e1l\u00f3 tapasztalt <span style=\"font-size: 1rem\">szakemberei seg\u00edtettek.<\/span><\/p>\n<p>K\u00fcl\u00f6nb\u00f6z\u0151 helysz\u00edneinken a korszer\u0171 eszk\u00f6zparkok \u00e1llnak rendelkez\u00e9sre, melyek seg\u00edts\u00e9g\u00e9vel a lehet\u0151 legmagasabb szinten biztos\u00edtjuk \u00e9lsportol\u00f3ink felk\u00e9sz\u00fcl\u00e9s\u00e9t, rehabilit\u00e1ci\u00f3j\u00e1t, kering\u00e9si \u00e9s mozg\u00e1sszervi diagnosztik\u00e1j\u00e1t, valamint ter\u00e1pi\u00e1j\u00e1t.<\/p>\n<p>&nbsp;<\/p>\n","protected":false},"excerpt":{"rendered":"<p>A Sportorvostan Tansz\u00e9k a Semmelweis Egyetem egyik leg\u00fajabb szervezeti egys\u00e9ge. Tansz\u00e9k\u00fcnk\u00f6n sz\u00e1mos tudom\u00e1nyos projekt, t\u00f6bb helysz\u00ednen orvostan hallgat\u00f3k gyakorlatorient\u00e1lt oktat\u00e1sa zajlik. Munkat\u00e1rsaink a hazai sportorvostan k\u00fcl\u00f6nb\u00f6z\u0151 diszcipl\u00edn\u00e1inak elismert k\u00e9pvisel\u0151i.  Tansz\u00e9k\u00fcnk megalakul\u00e1s\u00e1ban a V\u00e1rosmajori Sz\u00edv- \u00e9s \u00c9rgy\u00f3gy\u00e1szati Klinika, a Testnevel\u00e9si Egyetem, az Orsz\u00e1gos Sporteg\u00e9szs\u00e9g\u00fcgyi Int\u00e9zet dolgoz\u00f3i, illetve mag\u00e1nell\u00e1t\u00e1sban \u00e9s sportegyes\u00fcletekn\u00e9l praktiz\u00e1l\u00f3 tapasztalt szakemberei seg\u00edtettek.<\/p>\n","protected":false},"author":12,"featured_media":558,"parent":0,"menu_order":0,"comment_status":"closed","ping_status":"closed","template":"","meta":{"_acf_changed":false,"footnotes":""},"categories":[],"tags":[],"class_list":["post-5","page","type-page","status-publish","has-post-thumbnail","hentry"],"acf":[],"_links":{"self":[{"href":"https:\/\/semmelweis.hu\/sportorvostan\/wp-json\/wp\/v2\/pages\/5","targetHints":{"allow":["GET"]}}],"collection":[{"href":"https:\/\/semmelweis.hu\/sportorvostan\/wp-json\/wp\/v2\/pages"}],"about":[{"href":"https:\/\/semmelweis.hu\/sportorvostan\/wp-json\/wp\/v2\/types\/page"}],"author":[{"embeddable":true,"href":"https:\/\/semmelweis.hu\/sportorvostan\/wp-json\/wp\/v2\/users\/12"}],"replies":[{"embeddable":true,"href":"https:\/\/semmelweis.hu\/sportorvostan\/wp-json\/wp\/v2\/comments?post=5"}],"version-history":[{"count":10,"href":"https:\/\/semmelweis.hu\/sportorvostan\/wp-json\/wp\/v2\/pages\/5\/revisions"}],"predecessor-version":[{"id":619,"href":"https:\/\/semmelweis.hu\/sportorvostan\/wp-json\/wp\/v2\/pages\/5\/revisions\/619"}],"wp:featuredmedia":[{"embeddable":true,"href":"https:\/\/semmelweis.hu\/sportorvostan\/wp-json\/wp\/v2\/media\/558"}],"wp:attachment":[{"href":"https:\/\/semmelweis.hu\/sportorvostan\/wp-json\/wp\/v2\/media?parent=5"}],"wp:term":[{"taxonomy":"category","embeddable":true,"href":"https:\/\/semmelweis.hu\/sportorvostan\/wp-json\/wp\/v2\/categories?post=5"},{"taxonomy":"post_tag","embeddable":true,"href":"https:\/\/semmelweis.hu\/sportorvostan\/wp-json\/wp\/v2\/tags?post=5"}],"curies":[{"name":"wp","href":"https:\/\/api.w.org\/{rel}","templated":true}]}}