{"id":18,"date":"2021-01-04T09:47:42","date_gmt":"2021-01-04T08:47:42","guid":{"rendered":"https:\/\/semmelweis.hu\/sportorvostan\/?page_id=18"},"modified":"2025-08-29T10:29:16","modified_gmt":"2025-08-29T08:29:16","slug":"elerhetoseg","status":"publish","type":"page","link":"https:\/\/semmelweis.hu\/sportorvostan\/elerhetoseg\/","title":{"rendered":"El\u00e9rhet\u0151s\u00e9g"},"content":{"rendered":"<p><span style=\"color: #000080\"><strong><span style=\"font-size: 18pt\">SE &#8211; V\u00e1rosmajori Sz\u00edv- \u00e9s \u00c9rgy\u00f3gy\u00e1szati Klinika<\/span><\/strong><\/span><\/p>\n<ul>\n<li>C\u00edm: 1122 Budapest, Ga\u00e1l J\u00f3zsef utca 9-11.\u00a0<\/li>\n<li>Honlap: <a href=\"https:\/\/semmelweis.hu\/varosmajor\/\">https:\/\/semmelweis.hu\/varosmajor\/<\/a><\/li>\n<li>El\u0151ad\u00e1sok: III. emeleti el\u0151ad\u00f3terem, I. emeleti el\u0151ad\u00f3terem<\/li>\n<li>Tesztvizsga: III. emeleti el\u0151ad\u00f3terem<\/li>\n<li>Gyakorlatok: EKG\u00a0<\/li>\n<\/ul>\n\n<!-- iframe plugin v.4.9 wordpress.org\/plugins\/iframe\/ -->\n<iframe loading=\"lazy\" src=\"https:\/\/www.google.com\/maps\/embed?pb=!1m18!1m12!1m3!1d2695.1468189440952!2d19.0106811155045!3d47.506531879178105!2m3!1f0!2f0!3f0!3m2!1i1024!2i768!4f13.1!3m3!1m2!1s0x4741dea2b0edafab%3A0x7570c1db79308b95!2zQnVkYXBlc3QsIEdhw6FsIErDs3pzZWYgw7p0IDksIDExMjI!5e0!3m2!1shu!2shu!4v1613561909340!5m2!1shu!2shu\" width=\"100%\" height=\"200\" scrolling=\"yes\" class=\"iframe-class\" frameborder=\"0\"><\/iframe>\n\n<p>&nbsp;<\/p>\n<p><strong><span style=\"font-size: 18pt;color: #000080\">Sportkardiol\u00f3giai ambulancia<\/span><\/strong><\/p>\n<ul>\n<li>C\u00edm: 1122 Budapest, Hat\u00e1r\u0151r \u00fat 18.<\/li>\n<li>Honlap: <a href=\"https:\/\/semmelweis.hu\/varosmajor\/\">https:\/\/semmelweis.hu\/varosmajor\/<\/a><\/li>\n<li>Gyakorlatok: Spiroergometria, Sz\u00edv MR, Echokardiogr\u00e1fia, Betegvizsg\u00e1lat<\/li>\n<\/ul>\n\n<!-- iframe plugin v.4.9 wordpress.org\/plugins\/iframe\/ -->\n<iframe loading=\"lazy\" src=\"https:\/\/www.google.com\/maps\/embed?pb=!1m18!1m12!1m3!1d2695.1162884590144!2d19.00949191550451!3d47.50712647917823!2m3!1f0!2f0!3f0!3m2!1i1024!2i768!4f13.1!3m3!1m2!1s0x4741debd4d475649%3A0x27db9a6a7d9d9bf7!2zQnVkYXBlc3QsIEhhdMOhcsWRciDDunQgMTgsIDExMjI!5e0!3m2!1shu!2shu!4v1613562095256!5m2!1shu!2shu\" width=\"100%\" height=\"200\" scrolling=\"yes\" class=\"iframe-class\" frameborder=\"0\"><\/iframe>\n\n<p><span style=\"font-size: 18pt;color: #000080\"><strong>Orsz\u00e1gos Sporteg\u00e9szs\u00e9g\u00fcgyi Int\u00e9zet (OSEI)<\/strong><\/span><\/p>\n<ul>\n<li>C\u00edm:113 Budapest, Karolina \u00fat 27. (Bej\u00e1rat a Di\u00f3szegi \u00fat 64. fel\u0151l)<\/li>\n<li>Honlap: <a href=\"http:\/\/www.osei.hu\/\">http:\/\/www.osei.hu\/<\/a><\/li>\n<li>Gyakorlatok: M\u0171t\u0151, Seb\u00e9szet, Sportorvosi rendel\u00e9s, Fizikoter\u00e1pia, Rehabilit\u00e1ci\u00f3-gy\u00f3gytorna<\/li>\n<\/ul>\n\n<!-- iframe plugin v.4.9 wordpress.org\/plugins\/iframe\/ -->\n<iframe loading=\"lazy\" src=\"https:\/\/www.google.com\/maps\/embed?pb=!1m18!1m12!1m3!1d2696.537932812974!2d19.028239415503464!3d47.479433079176395!2m3!1f0!2f0!3f0!3m2!1i1024!2i768!4f13.1!3m3!1m2!1s0x4741ddcb874695ad%3A0xcdf0a1a648acda4b!2zQnVkYXBlc3QsIERpw7NzemVnaSDDunQgNjQsIDExMTM!5e0!3m2!1shu!2shu!4v1613562271192!5m2!1shu!2shu\" width=\"100%\" height=\"200\" scrolling=\"yes\" class=\"iframe-class\" frameborder=\"0\"><\/iframe>\n\n<p><span style=\"color: #000080\"><strong><span style=\"font-size: 18pt\">Testnevel\u00e9si Egyetem (TE) &#8211; Sport-t\u00e1pl\u00e1lkoz\u00e1studom\u00e1nyi K\u00f6zpont<\/span><\/strong><\/span><\/p>\n<ul>\n<li>C\u00edm: 1123 Budapest, Alkot\u00e1s utca 44.\u00a0<\/li>\n<li>Honlap: <a href=\"https:\/\/tf.hu\/\">https:\/\/tf.hu\/<\/a><\/li>\n<\/ul>\n\n<!-- iframe plugin v.4.9 wordpress.org\/plugins\/iframe\/ -->\n<iframe loading=\"lazy\" src=\"https:\/\/www.google.com\/maps\/embed?pb=!1m18!1m12!1m3!1d2695.831578511251!2d19.022758915503957!3d47.493194279177274!2m3!1f0!2f0!3f0!3m2!1i1024!2i768!4f13.1!3m3!1m2!1s0x4741dc2f55636f27%3A0x4c3d127f8f623b6f!2sTestnevel%C3%A9si%20Egyetem!5e0!3m2!1shu!2shu!4v1613562336808!5m2!1shu!2shu\" width=\"100%\" height=\"200\" scrolling=\"yes\" class=\"iframe-class\" frameborder=\"0\"><\/iframe>\n\n<p><span style=\"font-size: 18pt;color: #000080\"><strong>Oktat\u00e1si Titk\u00e1rs\u00e1g- gradu\u00e1lis oktat\u00e1s<\/strong><\/span><\/p>\n<ul>\n<li>Tansz\u00e9ki adminisztr\u00e1tor: Solymosi Katalin<\/li>\n<li>E-mail: cvc.oktatas2@gmail.com<\/li>\n<\/ul>\n<h3 class=\"iw\">\u00a0<\/h3>\n","protected":false},"excerpt":{"rendered":"<p>SE &#8211; V\u00e1rosmajori Sz\u00edv- \u00e9s \u00c9rgy\u00f3gy\u00e1szati Klinika C\u00edm: 1122 Budapest, Ga\u00e1l J\u00f3zsef utca 9-11.\u00a0 Honlap: <a href=\"https:\/\/semmelweis.hu\/varosmajor\/\">https:\/\/semmelweis.hu\/varosmajor\/<\/a> El\u0151ad\u00e1sok: III. emeleti el\u0151ad\u00f3terem, I. emeleti el\u0151ad\u00f3terem Tesztvizsga: III. emeleti el\u0151ad\u00f3terem Gyakorlatok: EKG\u00a0 &nbsp; Sportkardiol\u00f3giai ambulancia C\u00edm: 1122 Budapest, Hat\u00e1r\u0151r \u00fat 18. Honlap: <a href=\"https:\/\/semmelweis.hu\/varosmajor\/\">https:\/\/semmelweis.hu\/varosmajor\/<\/a> Gyakorlatok: Spiroergometria, Sz\u00edv MR, Echokardiogr\u00e1fia, Betegvizsg\u00e1lat Orsz\u00e1gos Sporteg\u00e9szs\u00e9g\u00fcgyi Int\u00e9zet (OSEI) C\u00edm:113 Budapest, Karolina \u00fat 27. (Bej\u00e1rat a &hellip;<\/p>\n","protected":false},"author":12,"featured_media":0,"parent":0,"menu_order":8,"comment_status":"closed","ping_status":"closed","template":"","meta":{"_acf_changed":false,"footnotes":""},"categories":[],"tags":[],"class_list":["post-18","page","type-page","status-publish","hentry"],"acf":[],"_links":{"self":[{"href":"https:\/\/semmelweis.hu\/sportorvostan\/wp-json\/wp\/v2\/pages\/18","targetHints":{"allow":["GET"]}}],"collection":[{"href":"https:\/\/semmelweis.hu\/sportorvostan\/wp-json\/wp\/v2\/pages"}],"about":[{"href":"https:\/\/semmelweis.hu\/sportorvostan\/wp-json\/wp\/v2\/types\/page"}],"author":[{"embeddable":true,"href":"https:\/\/semmelweis.hu\/sportorvostan\/wp-json\/wp\/v2\/users\/12"}],"replies":[{"embeddable":true,"href":"https:\/\/semmelweis.hu\/sportorvostan\/wp-json\/wp\/v2\/comments?post=18"}],"version-history":[{"count":10,"href":"https:\/\/semmelweis.hu\/sportorvostan\/wp-json\/wp\/v2\/pages\/18\/revisions"}],"predecessor-version":[{"id":711,"href":"https:\/\/semmelweis.hu\/sportorvostan\/wp-json\/wp\/v2\/pages\/18\/revisions\/711"}],"wp:attachment":[{"href":"https:\/\/semmelweis.hu\/sportorvostan\/wp-json\/wp\/v2\/media?parent=18"}],"wp:term":[{"taxonomy":"category","embeddable":true,"href":"https:\/\/semmelweis.hu\/sportorvostan\/wp-json\/wp\/v2\/categories?post=18"},{"taxonomy":"post_tag","embeddable":true,"href":"https:\/\/semmelweis.hu\/sportorvostan\/wp-json\/wp\/v2\/tags?post=18"}],"curies":[{"name":"wp","href":"https:\/\/api.w.org\/{rel}","templated":true}]}}