{"id":14,"date":"2021-01-04T09:47:16","date_gmt":"2021-01-04T08:47:16","guid":{"rendered":"https:\/\/semmelweis.hu\/sportorvostan\/?page_id=14"},"modified":"2021-03-05T19:52:11","modified_gmt":"2021-03-05T18:52:11","slug":"oktatas","status":"publish","type":"page","link":"https:\/\/semmelweis.hu\/sportorvostan\/oktatas\/","title":{"rendered":"Gradu\u00e1lis oktat\u00e1s &#8211; Sportorvostan"},"content":{"rendered":"<p style=\"text-align: justify\">A Sportorvostan, mint t\u00e1rgy <strong>az \u00e1ltal\u00e1nos orvosi k\u00e9pz\u00e9s V. \u00e9v\u00e9ben ker\u00fcl oktat\u00e1sra 1 hetes, t\u00f6mb\u00f6s\u00edtett kurzus form\u00e1j\u00e1ban<\/strong>. Minden oktat\u00e1si h\u00e9ten maximum 22 hallgat\u00f3 vesz r\u00e9szt a gyakorlatokon kiscsoportos kereteken bel\u00fcl. A \u00a0tant\u00e1rgy felv\u00e9tel\u00e9hez, illetve elsaj\u00e1t\u00edt\u00e1s\u00e1hoz sz\u00fcks\u00e9ges el\u0151tanulm\u00e1nyi felt\u00e9tel(ek):Belgy\u00f3gy\u00e1szat I., Kardiol\u00f3gia-Sz\u00edvseb\u00e9szet-Angiol\u00f3gia-\u00c9rseb\u00e9szet.<\/p>\n<p style=\"text-align: justify\">A gyakorlatokon \u00e9s az el\u0151ad\u00e1sokon a legfrissebb \u00e9s legrelev\u00e1nsabb \u00e9lettani, ortop\u00e9diai \u00e9s sportkardiol\u00f3giai tud\u00e1st adjuk \u00e1t a hallgat\u00f3knak, hiszen az oktat\u00e1s c\u00e9lja az \u00e1ltal\u00e1nos orvosk\u00e9pz\u00e9s keretein bel\u00fcl sz\u00e9lesk\u00f6r\u0171 naprak\u00e9sz, haszn\u00e1lhat\u00f3 gyakorlati sportorvosi alapismeretek ny\u00fajt\u00e1sa \u00e9s sz\u00e1monk\u00e9r\u00e9se a leend\u0151 orvosnemzed\u00e9kt\u0151l.<\/p>\n<p style=\"text-align: justify\">A k\u00e9pz\u00e9s t\u00f6bb helysz\u00ednen folyik (SE-VSz\u00c9K, Testnevel\u00e9si Egyetem, OSEI, sportegyes\u00fcletek edz\u0151k\u00f6zpontjai-FTC\/FRADI\/Torn\u00e1szok), ehhez minden h\u00e9ten az aktu\u00e1lisan sorra ker\u00fcl\u0151 turnus egyedileg kap t\u00e1j\u00e9koztat\u00e1st az adott heti \u00f3rarendr\u0151l, melyet az <a href=\"https:\/\/itc.semmelweis.hu\/moodle\/\">MOODLE<\/a>\u00a0oldalon r\u00e9szletesen megtal\u00e1lhatnak az \u00e9rintettek.<\/p>\n<p style=\"text-align: justify\">Az egyhetes kurzus p\u00e9ntekenk\u00e9nt 30 k\u00e9rd\u00e9ses tesztvizsg\u00e1val z\u00e1rul, mely a V\u00e1rosmajori Sz\u00edv- \u00e9s \u00c9rgy\u00f3gy\u00e1szati Klinika el\u0151ad\u00f3j\u00e1ban zajlik. A felk\u00e9sz\u00fcl\u00e9shez a gyakorlatokon elhangzottak, a kiadott oktat\u00e1si anyagok, illetve a &#8222;<a href=\"https:\/\/www.semmelweiskiado.hu\/termek\/1651\/sportorvostan\" target=\"_blank\" rel=\"noopener noreferrer\">Sportorvostan&#8221; szakk\u00f6nyv<\/a> (Szerk.: V\u00e1g\u00f3, Kiss, Merkely) ny\u00fajtanak seg\u00edts\u00e9get. A sportadapt\u00e1ci\u00f3s folyamatok, illetve a gyakorlati sportorvosi betegell\u00e1t\u00e1s alapvet\u0151 ismereteire k\u00e9rdez\u00fcnk r\u00e1. A vizsg\u00e1n kiemelt szerepet kap a sportol\u00f3t vesz\u00e9lyeztet\u0151 kardiol\u00f3giai k\u00f3rk\u00e9pek t\u00fcneteinek, klinikai jeleinek ismerete, valamint a sports\u00e9r\u00fcl\u00e9sek akut ell\u00e1t\u00e1s\u00e1nak alapvet\u0151 ismerete.<\/p>\n<h4>Orsz\u00e1gos Sporteg\u00e9szs\u00e9g\u00fcgyi Int\u00e9zet<\/h4>\n\r\n        [slb_exclude]\r\n        <div class=\"row galeria-wrapper mx-0 h-auto\">\r\n            <div class=\"col-9 pl-0 pr-2\">\r\n            <span class=\"gallery-item frame\">\r\n\t\t\t\t<div class=\"galeria-left-img\"><a href=\"https:\/\/semmelweis.hu\/sportorvostan\/files\/2021\/02\/SOTEoktk\u00e9p6-scaled.jpg\"><img src=https:\/\/semmelweis.hu\/sportorvostan\/files\/2021\/02\/SOTEoktk\u00e9p6-scaled.jpg  \r\n                            alt=\"\" \r\n                            class=\"attachment-sote-gallery-big size-sote-gallery-big\" \r\n                            srcset=\"https:\/\/semmelweis.hu\/sportorvostan\/files\/2021\/02\/SOTEoktk\u00e9p6-400x267.jpg 400w, https:\/\/semmelweis.hu\/sportorvostan\/files\/2021\/02\/SOTEoktk\u00e9p6-1024x683.jpg 1024w, https:\/\/semmelweis.hu\/sportorvostan\/files\/2021\/02\/SOTEoktk\u00e9p6-768x512.jpg 768w, https:\/\/semmelweis.hu\/sportorvostan\/files\/2021\/02\/SOTEoktk\u00e9p6-1536x1024.jpg 1536w, https:\/\/semmelweis.hu\/sportorvostan\/files\/2021\/02\/SOTEoktk\u00e9p6-2048x1365.jpg 2048w, https:\/\/semmelweis.hu\/sportorvostan\/files\/2021\/02\/SOTEoktk\u00e9p6-753x502.jpg 753w, https:\/\/semmelweis.hu\/sportorvostan\/files\/2021\/02\/SOTEoktk\u00e9p6-203x135.jpg 203w\" ><\/a><\/div>\r\n            <\/span>\r\n\r\n            <\/div>\r\n\r\n\t\t\t<div class=\"col-3 pl-0 pr-0\">\r\n\t\t\t\t<div class=\"galeria-right-img d-flex justify-content-between flex-column h-100 w-100 px-0 mx-0 \">\r\n                <div class=\"galeria-box\">\r\n\t\t\t\t\t<h3 class=\"galeria-title\">Gal\u00e9ria<\/h3>\r\n\t\t\t\t\t<div class=\"galeria-subtitle\">\r\n\r\n\t\t\t\t\t\t<div class=\"galeria-page-counter\"><span>5<\/span>k\u00e9p<\/div>\r\n                    <\/div> <\/div>\r\n                    <span class=\"gallery-item frame d-none d-md-flex\">\r\n\t\t\t\t\t<div class=\"galeria-small-img mt-0\"><a href=\"https:\/\/semmelweis.hu\/sportorvostan\/files\/2021\/02\/SOTEoktk\u00e9p5-scaled.jpg\"><img src=https:\/\/semmelweis.hu\/sportorvostan\/files\/2021\/02\/SOTEoktk\u00e9p5-scaled.jpg \r\n                                alt=\"\"  \r\n                                class=\"attachment-sote-gallery-small size-sote-gallery-small\" \r\n                                srcset=\"https:\/\/semmelweis.hu\/sportorvostan\/files\/2021\/02\/SOTEoktk\u00e9p5-400x267.jpg 400w, https:\/\/semmelweis.hu\/sportorvostan\/files\/2021\/02\/SOTEoktk\u00e9p5-1024x683.jpg 1024w, https:\/\/semmelweis.hu\/sportorvostan\/files\/2021\/02\/SOTEoktk\u00e9p5-768x512.jpg 768w, https:\/\/semmelweis.hu\/sportorvostan\/files\/2021\/02\/SOTEoktk\u00e9p5-1536x1024.jpg 1536w, https:\/\/semmelweis.hu\/sportorvostan\/files\/2021\/02\/SOTEoktk\u00e9p5-2048x1366.jpg 2048w, https:\/\/semmelweis.hu\/sportorvostan\/files\/2021\/02\/SOTEoktk\u00e9p5-753x502.jpg 753w, https:\/\/semmelweis.hu\/sportorvostan\/files\/2021\/02\/SOTEoktk\u00e9p5-203x135.jpg 203w\" ><\/a><\/div>\r\n                    <\/span>\r\n                    <span class=\"gallery-item frame d-none d-md-flex\">\r\n\t\t\t\t\t<div class=\"galeria-small-img mt-0\"><a href=\"https:\/\/semmelweis.hu\/sportorvostan\/files\/2021\/02\/SOTEoktk\u00e9p7-scaled.jpg\"><img src=https:\/\/semmelweis.hu\/sportorvostan\/files\/2021\/02\/SOTEoktk\u00e9p7-scaled.jpg \r\n                                alt=\"\" \r\n                                class=\"attachment-sote-gallery-small size-sote-gallery-small\" \r\n                                srcset=\"https:\/\/semmelweis.hu\/sportorvostan\/files\/2021\/02\/SOTEoktk\u00e9p7-400x267.jpg 400w, https:\/\/semmelweis.hu\/sportorvostan\/files\/2021\/02\/SOTEoktk\u00e9p7-1024x683.jpg 1024w, https:\/\/semmelweis.hu\/sportorvostan\/files\/2021\/02\/SOTEoktk\u00e9p7-768x512.jpg 768w, https:\/\/semmelweis.hu\/sportorvostan\/files\/2021\/02\/SOTEoktk\u00e9p7-1536x1024.jpg 1536w, https:\/\/semmelweis.hu\/sportorvostan\/files\/2021\/02\/SOTEoktk\u00e9p7-2048x1365.jpg 2048w, https:\/\/semmelweis.hu\/sportorvostan\/files\/2021\/02\/SOTEoktk\u00e9p7-753x502.jpg 753w, https:\/\/semmelweis.hu\/sportorvostan\/files\/2021\/02\/SOTEoktk\u00e9p7-203x135.jpg 203w\" ><\/a><\/div>\r\n                    <\/span>\r\n\r\n                <\/div>\r\n\r\n            <\/div>\r\n\r\n            <span class=\"gallery-item\"><div class=\"hidden\"><a href=\"https:\/\/semmelweis.hu\/sportorvostan\/files\/2021\/02\/SOTEoktk\u00e9p8-scaled.jpg\">\r\n        <img src=https:\/\/semmelweis.hu\/sportorvostan\/files\/2021\/02\/SOTEoktk\u00e9p8-scaled.jpg alt=\"\" class=\"attachment-sote-gallery-big size-sote-gallery-big\" srcset=\"https:\/\/semmelweis.hu\/sportorvostan\/files\/2021\/02\/SOTEoktk\u00e9p8-400x266.jpg 400w, https:\/\/semmelweis.hu\/sportorvostan\/files\/2021\/02\/SOTEoktk\u00e9p8-1024x681.jpg 1024w, https:\/\/semmelweis.hu\/sportorvostan\/files\/2021\/02\/SOTEoktk\u00e9p8-768x510.jpg 768w, https:\/\/semmelweis.hu\/sportorvostan\/files\/2021\/02\/SOTEoktk\u00e9p8-1536x1021.jpg 1536w, https:\/\/semmelweis.hu\/sportorvostan\/files\/2021\/02\/SOTEoktk\u00e9p8-2048x1361.jpg 2048w, https:\/\/semmelweis.hu\/sportorvostan\/files\/2021\/02\/SOTEoktk\u00e9p8-753x500.jpg 753w, https:\/\/semmelweis.hu\/sportorvostan\/files\/2021\/02\/SOTEoktk\u00e9p8-203x135.jpg 203w\" >\r\n        <\/a><\/div><\/span><span class=\"gallery-item\"><div class=\"hidden\"><a href=\"https:\/\/semmelweis.hu\/sportorvostan\/files\/2021\/02\/SOTEoktk\u00e9p9-scaled.jpg\">\r\n        <img src=https:\/\/semmelweis.hu\/sportorvostan\/files\/2021\/02\/SOTEoktk\u00e9p9-scaled.jpg alt=\"\" class=\"attachment-sote-gallery-big size-sote-gallery-big\" srcset=\"https:\/\/semmelweis.hu\/sportorvostan\/files\/2021\/02\/SOTEoktk\u00e9p9-400x267.jpg 400w, https:\/\/semmelweis.hu\/sportorvostan\/files\/2021\/02\/SOTEoktk\u00e9p9-1024x683.jpg 1024w, https:\/\/semmelweis.hu\/sportorvostan\/files\/2021\/02\/SOTEoktk\u00e9p9-768x512.jpg 768w, https:\/\/semmelweis.hu\/sportorvostan\/files\/2021\/02\/SOTEoktk\u00e9p9-1536x1024.jpg 1536w, https:\/\/semmelweis.hu\/sportorvostan\/files\/2021\/02\/SOTEoktk\u00e9p9-2048x1365.jpg 2048w, https:\/\/semmelweis.hu\/sportorvostan\/files\/2021\/02\/SOTEoktk\u00e9p9-753x502.jpg 753w, https:\/\/semmelweis.hu\/sportorvostan\/files\/2021\/02\/SOTEoktk\u00e9p9-203x135.jpg 203w\" >\r\n        <\/a><\/div><\/span>\r\n            <\/div>\r\n\r\n            [\/slb_exclude]\r\n\t\n<h4>V\u00e1rosmajori Sz\u00edv- \u00e9s \u00c9rgy\u00f3gy\u00e1szati Klinika<\/h4>\n\r\n        [slb_exclude]\r\n        <div class=\"row galeria-wrapper mx-0 h-auto\">\r\n            <div class=\"col-9 pl-0 pr-2\">\r\n            <span class=\"gallery-item frame\">\r\n\t\t\t\t<div class=\"galeria-left-img\"><a href=\"https:\/\/semmelweis.hu\/sportorvostan\/files\/2021\/01\/RS24802_IMG_4907-scr.jpg\"><img src=https:\/\/semmelweis.hu\/sportorvostan\/files\/2021\/01\/RS24802_IMG_4907-scr.jpg  \r\n                            alt=\"\" \r\n                            class=\"attachment-sote-gallery-big size-sote-gallery-big\" \r\n                            srcset=\"https:\/\/semmelweis.hu\/sportorvostan\/files\/2021\/01\/RS24802_IMG_4907-scr-400x267.jpg 400w, https:\/\/semmelweis.hu\/sportorvostan\/files\/2021\/01\/RS24802_IMG_4907-scr-768x512.jpg 768w, https:\/\/semmelweis.hu\/sportorvostan\/files\/2021\/01\/RS24802_IMG_4907-scr-753x502.jpg 753w, https:\/\/semmelweis.hu\/sportorvostan\/files\/2021\/01\/RS24802_IMG_4907-scr-203x135.jpg 203w, https:\/\/semmelweis.hu\/sportorvostan\/files\/2021\/01\/RS24802_IMG_4907-scr.jpg 950w\" ><\/a><\/div>\r\n            <\/span>\r\n\r\n            <\/div>\r\n\r\n\t\t\t<div class=\"col-3 pl-0 pr-0\">\r\n\t\t\t\t<div class=\"galeria-right-img d-flex justify-content-between flex-column h-100 w-100 px-0 mx-0 \">\r\n                <div class=\"galeria-box\">\r\n\t\t\t\t\t<h3 class=\"galeria-title\">Gal\u00e9ria<\/h3>\r\n\t\t\t\t\t<div class=\"galeria-subtitle\">\r\n\r\n\t\t\t\t\t\t<div class=\"galeria-page-counter\"><span>5<\/span>k\u00e9p<\/div>\r\n                    <\/div> <\/div>\r\n                    <span class=\"gallery-item frame d-none d-md-flex\">\r\n\t\t\t\t\t<div class=\"galeria-small-img mt-0\"><a href=\"https:\/\/semmelweis.hu\/sportorvostan\/files\/2021\/01\/RS109299_KT_20200208_0465-scr.jpg\"><img src=https:\/\/semmelweis.hu\/sportorvostan\/files\/2021\/01\/RS109299_KT_20200208_0465-scr.jpg \r\n                                alt=\"\"  \r\n                                class=\"attachment-sote-gallery-small size-sote-gallery-small\" \r\n                                srcset=\"https:\/\/semmelweis.hu\/sportorvostan\/files\/2021\/01\/RS109299_KT_20200208_0465-scr-400x267.jpg 400w, https:\/\/semmelweis.hu\/sportorvostan\/files\/2021\/01\/RS109299_KT_20200208_0465-scr-1024x683.jpg 1024w, https:\/\/semmelweis.hu\/sportorvostan\/files\/2021\/01\/RS109299_KT_20200208_0465-scr-768x512.jpg 768w, https:\/\/semmelweis.hu\/sportorvostan\/files\/2021\/01\/RS109299_KT_20200208_0465-scr-753x502.jpg 753w, https:\/\/semmelweis.hu\/sportorvostan\/files\/2021\/01\/RS109299_KT_20200208_0465-scr-203x135.jpg 203w, https:\/\/semmelweis.hu\/sportorvostan\/files\/2021\/01\/RS109299_KT_20200208_0465-scr.jpg 1200w\" ><\/a><\/div>\r\n                    <\/span>\r\n                    <span class=\"gallery-item frame d-none d-md-flex\">\r\n\t\t\t\t\t<div class=\"galeria-small-img mt-0\"><a href=\"https:\/\/semmelweis.hu\/sportorvostan\/files\/2021\/01\/RS109297_KT_20200208_0455-scr.jpg\"><img src=https:\/\/semmelweis.hu\/sportorvostan\/files\/2021\/01\/RS109297_KT_20200208_0455-scr.jpg \r\n                                alt=\"\" \r\n                                class=\"attachment-sote-gallery-small size-sote-gallery-small\" \r\n                                srcset=\"https:\/\/semmelweis.hu\/sportorvostan\/files\/2021\/01\/RS109297_KT_20200208_0455-scr-400x267.jpg 400w, https:\/\/semmelweis.hu\/sportorvostan\/files\/2021\/01\/RS109297_KT_20200208_0455-scr-1024x683.jpg 1024w, https:\/\/semmelweis.hu\/sportorvostan\/files\/2021\/01\/RS109297_KT_20200208_0455-scr-768x512.jpg 768w, https:\/\/semmelweis.hu\/sportorvostan\/files\/2021\/01\/RS109297_KT_20200208_0455-scr-753x502.jpg 753w, https:\/\/semmelweis.hu\/sportorvostan\/files\/2021\/01\/RS109297_KT_20200208_0455-scr-203x135.jpg 203w, https:\/\/semmelweis.hu\/sportorvostan\/files\/2021\/01\/RS109297_KT_20200208_0455-scr.jpg 1200w\" ><\/a><\/div>\r\n                    <\/span>\r\n\r\n                <\/div>\r\n\r\n            <\/div>\r\n\r\n            <span class=\"gallery-item\"><div class=\"hidden\"><a href=\"https:\/\/semmelweis.hu\/sportorvostan\/files\/2021\/02\/Terheleses_Labor_VSZEK-scaled-1-e1614256463442.jpg\">\r\n        <img src=https:\/\/semmelweis.hu\/sportorvostan\/files\/2021\/02\/Terheleses_Labor_VSZEK-scaled-1-e1614256463442.jpg alt=\"\" class=\"attachment-sote-gallery-big size-sote-gallery-big\" srcset=\"https:\/\/semmelweis.hu\/sportorvostan\/files\/2021\/02\/Terheleses_Labor_VSZEK-scaled-1-400x300.jpg 400w, https:\/\/semmelweis.hu\/sportorvostan\/files\/2021\/02\/Terheleses_Labor_VSZEK-scaled-1-1024x768.jpg 1024w, https:\/\/semmelweis.hu\/sportorvostan\/files\/2021\/02\/Terheleses_Labor_VSZEK-scaled-1-768x576.jpg 768w, https:\/\/semmelweis.hu\/sportorvostan\/files\/2021\/02\/Terheleses_Labor_VSZEK-scaled-1-1536x1152.jpg 1536w, https:\/\/semmelweis.hu\/sportorvostan\/files\/2021\/02\/Terheleses_Labor_VSZEK-scaled-1-2048x1536.jpg 2048w, https:\/\/semmelweis.hu\/sportorvostan\/files\/2021\/02\/Terheleses_Labor_VSZEK-scaled-1-753x565.jpg 753w\" >\r\n        <\/a><\/div><\/span><span class=\"gallery-item\"><div class=\"hidden\"><a href=\"https:\/\/semmelweis.hu\/sportorvostan\/files\/2021\/01\/RS98808_IMG_9523-scr-e1614256698610.jpg\">\r\n        <img src=https:\/\/semmelweis.hu\/sportorvostan\/files\/2021\/01\/RS98808_IMG_9523-scr-e1614256698610.jpg alt=\"\" class=\"attachment-sote-gallery-big size-sote-gallery-big\" srcset=\"https:\/\/semmelweis.hu\/sportorvostan\/files\/2021\/01\/RS98808_IMG_9523-scr-400x267.jpg 400w, https:\/\/semmelweis.hu\/sportorvostan\/files\/2021\/01\/RS98808_IMG_9523-scr-768x512.jpg 768w, https:\/\/semmelweis.hu\/sportorvostan\/files\/2021\/01\/RS98808_IMG_9523-scr-753x502.jpg 753w, https:\/\/semmelweis.hu\/sportorvostan\/files\/2021\/01\/RS98808_IMG_9523-scr-203x135.jpg 203w, https:\/\/semmelweis.hu\/sportorvostan\/files\/2021\/01\/RS98808_IMG_9523-scr-e1614256698610.jpg 950w\" >\r\n        <\/a><\/div><\/span>\r\n            <\/div>\r\n\r\n            [\/slb_exclude]\r\n\t\n<p>&nbsp;<\/p>\n","protected":false},"excerpt":{"rendered":"<p>A Sportorvostan, mint t\u00e1rgy az \u00e1ltal\u00e1nos orvosi k\u00e9pz\u00e9s V. \u00e9v\u00e9ben ker\u00fcl oktat\u00e1sra 1 hetes, t\u00f6mb\u00f6s\u00edtett kurzus form\u00e1j\u00e1ban. Minden oktat\u00e1si h\u00e9ten maximum 22 hallgat\u00f3 vesz r\u00e9szt a gyakorlatokon kiscsoportos kereteken bel\u00fcl. A \u00a0tant\u00e1rgy felv\u00e9tel\u00e9hez, illetve elsaj\u00e1t\u00edt\u00e1s\u00e1hoz sz\u00fcks\u00e9ges el\u0151tanulm\u00e1nyi felt\u00e9tel(ek):Belgy\u00f3gy\u00e1szat I., Kardiol\u00f3gia-Sz\u00edvseb\u00e9szet-Angiol\u00f3gia-\u00c9rseb\u00e9szet. A gyakorlatokon \u00e9s az el\u0151ad\u00e1sokon a legfrissebb \u00e9s legrelev\u00e1nsabb \u00e9lettani, ortop\u00e9diai \u00e9s sportkardiol\u00f3giai tud\u00e1st adjuk &hellip;<\/p>\n","protected":false},"author":12,"featured_media":0,"parent":0,"menu_order":1,"comment_status":"closed","ping_status":"closed","template":"","meta":{"_acf_changed":false,"footnotes":""},"categories":[],"tags":[],"class_list":["post-14","page","type-page","status-publish","hentry"],"acf":[],"_links":{"self":[{"href":"https:\/\/semmelweis.hu\/sportorvostan\/wp-json\/wp\/v2\/pages\/14","targetHints":{"allow":["GET"]}}],"collection":[{"href":"https:\/\/semmelweis.hu\/sportorvostan\/wp-json\/wp\/v2\/pages"}],"about":[{"href":"https:\/\/semmelweis.hu\/sportorvostan\/wp-json\/wp\/v2\/types\/page"}],"author":[{"embeddable":true,"href":"https:\/\/semmelweis.hu\/sportorvostan\/wp-json\/wp\/v2\/users\/12"}],"replies":[{"embeddable":true,"href":"https:\/\/semmelweis.hu\/sportorvostan\/wp-json\/wp\/v2\/comments?post=14"}],"version-history":[{"count":8,"href":"https:\/\/semmelweis.hu\/sportorvostan\/wp-json\/wp\/v2\/pages\/14\/revisions"}],"predecessor-version":[{"id":392,"href":"https:\/\/semmelweis.hu\/sportorvostan\/wp-json\/wp\/v2\/pages\/14\/revisions\/392"}],"wp:attachment":[{"href":"https:\/\/semmelweis.hu\/sportorvostan\/wp-json\/wp\/v2\/media?parent=14"}],"wp:term":[{"taxonomy":"category","embeddable":true,"href":"https:\/\/semmelweis.hu\/sportorvostan\/wp-json\/wp\/v2\/categories?post=14"},{"taxonomy":"post_tag","embeddable":true,"href":"https:\/\/semmelweis.hu\/sportorvostan\/wp-json\/wp\/v2\/tags?post=14"}],"curies":[{"name":"wp","href":"https:\/\/api.w.org\/{rel}","templated":true}]}}