{"id":112,"date":"2021-02-17T11:33:07","date_gmt":"2021-02-17T10:33:07","guid":{"rendered":"https:\/\/semmelweis.hu\/sportorvostan\/?page_id=112"},"modified":"2021-09-04T12:44:48","modified_gmt":"2021-09-04T10:44:48","slug":"gyakorlatok","status":"publish","type":"page","link":"https:\/\/semmelweis.hu\/sportorvostan\/oktatas\/gyakorlatok\/","title":{"rendered":"Gyakorlatok"},"content":{"rendered":"<div class=\"responsive-tabs\">\n<h2 class=\"tabtitle\">Csapatok<\/h2>\n<div class=\"tabcontent\">\n\n<h4>Csapatok<\/h4>\n<p style=\"text-align: justify\">Minden oktat\u00e1si h\u00e9ten sor ker\u00fcl egy \u00fagy nevezett &#8222;Csapatok&#8221; nev\u0171 gyakorlatra. A hallgat\u00f3k ilyenkor a k\u00e9s\u0151bb felsorolt 3 csapat valamelyik\u00e9t l\u00e1togatj\u00e1k meg: VASAS, FTC, illetve torn\u00e1sz v\u00e1logatottak. A di\u00e1kok ilyenkor betekint\u00e9st nyerhetnek a sportol\u00f3k edz\u00e9s\u00e9be, felk\u00e9sz\u00fcl\u00e9s\u00fck menet\u00e9be.<\/p>\n<p><strong><span style=\"color: #000080\">VASAS<\/span><\/strong><\/p>\n<p>C\u00edm: Budapest, Pasar\u00e9ti \u00fat 11, 1026.<\/p>\n\n<!-- iframe plugin v.4.9 wordpress.org\/plugins\/iframe\/ -->\n<iframe loading=\"lazy\" src=\"https:\/\/www.google.com\/maps\/embed?pb=!1m18!1m12!1m3!1d2694.8884713527514!2d19.007277315504652!3d47.51156317917851!2m3!1f0!2f0!3f0!3m2!1i1024!2i768!4f13.1!3m3!1m2!1s0x4741debc7ba10aa1%3A0x34286a2d1a26b0d5!2zQnVkYXBlc3QsIFBhc2Fyw6l0aSDDunQgMTEsIDEwMjY!5e0!3m2!1shu!2shu!4v1614078549834!5m2!1shu!2shu\" width=\"100%\" height=\"200\" scrolling=\"yes\" class=\"iframe-class\" frameborder=\"0\"><\/iframe>\n\n<p><strong><span style=\"color: #000080\">FTC<\/span><\/strong><\/p>\n<p>C\u00edm: Budapest, K\u0151b\u00e1nyai \u00fat 47a, 1101.<\/p>\n\n<!-- iframe plugin v.4.9 wordpress.org\/plugins\/iframe\/ -->\n<iframe loading=\"lazy\" src=\"https:\/\/www.google.com\/maps\/embed?pb=!1m18!1m12!1m3!1d2696.3753709463385!2d19.11568831562623!3d47.48260037917675!2m3!1f0!2f0!3f0!3m2!1i1024!2i768!4f13.1!3m3!1m2!1s0x4741dcc92babb2b3%3A0x9f76b2cf6bb41aad!2zQnVkYXBlc3QsIEvFkWLDoW55YWkgw7p0IDQ3YSwgMTEwMQ!5e0!3m2!1shu!2shu!4v1614078499621!5m2!1shu!2shu\" width=\"100%\" height=\"200\" scrolling=\"yes\" class=\"iframe-class\" frameborder=\"0\"><\/iframe>\n\n<p><strong><span style=\"color: #000080\">Torn\u00e1sz v\u00e1logatottak<\/span><\/strong><\/p>\n<p>C\u00edm: Budapest, Istv\u00e1nmezei \u00fat 1-3, 1146.<\/p>\n\n<!-- iframe plugin v.4.9 wordpress.org\/plugins\/iframe\/ -->\n<iframe loading=\"lazy\" src=\"https:\/\/www.google.com\/maps\/embed?pb=!1m18!1m12!1m3!1d2695.3266019792645!2d19.088249315626957!3d47.50303037917796!2m3!1f0!2f0!3f0!3m2!1i1024!2i768!4f13.1!3m3!1m2!1s0x4741dc8614f0d325%3A0xcb3ecfdd52ae83c1!2sBudapest%2C%20Istv%C3%A1nmezei%20%C3%BAt%201-3%2C%201146!5e0!3m2!1shu!2shu!4v1614078316601!5m2!1shu!2shu\" width=\"100%\" height=\"200\" scrolling=\"yes\" class=\"iframe-class\" frameborder=\"0\"><\/iframe>\n\n\n<\/div><h2 class=\"tabtitle\">OSEI<\/h2>\n<div class=\"tabcontent\">\n\n<h4>Orsz\u00e1gos Sporteg\u00e9szs\u00e9g\u00fcgyi Int\u00e9zet (OSEI)<\/h4>\n<p><strong>Gyakorlati helysz\u00ednei:<\/strong><\/p>\n<ul>\n<li>M\u0171t\u0151,<\/li>\n<li>Seb\u00e9szet,<\/li>\n<li>Sportorvosi rendel\u00e9s,<\/li>\n<li>Fizikoter\u00e1pia,<\/li>\n<li>Rehabilit\u00e1ci\u00f3-gy\u00f3gytorna.<\/li>\n<\/ul>\n<p>A hallgat\u00f3k 5 kis csoportra oszlanak \u00e9s gyakorlati forg\u00f3 rendszerben vesznek r\u00e9szt az egyes helysz\u00ednek \u00f3r\u00e1in. Minden gyakorlat egy \u00f3ra hossz\u00fas\u00e1g\u00fa.<\/p>\n\n<\/div><h2 class=\"tabtitle\">TE<\/h2>\n<div class=\"tabcontent\">\n\n<h4>Testnevel\u00e9si Egyetem<\/h4>\n<p>Energiaforgalom, napi energiaegyens\u00faly; Sportt\u00e1pl\u00e1lkoz\u00e1s \u00e9s Leg\u00e1lis teljes\u00edtm\u00e9nyfokoz\u00e1s alapelveinek \u00e1ttekint\u00e9se.<\/p>\n<p>A hallgat\u00f3k m\u00e1sf\u00e9l \u00f3r\u00e1ban kaphatnak betekint\u00e9st az el\u0151bb eml\u00edtett t\u00e9mak\u00f6r\u00f6kbe. Megismerik a sportteljes\u00edtm\u00e9nyt meghat\u00e1roz\u00f3 t\u00e9nyez\u0151ket(k\u00f6rnyezeti t\u00e9nyez\u0151k, edz\u00e9sintenzit\u00e1s, \u00f6r\u00f6kl\u00f6tt t\u00e9nyez\u0151k, \u00e9letkor, alkati tulajdons\u00e1gok, t\u00e1pl\u00e1lkoz\u00e1s, \u00e9letm\u00f3d..)<\/p>\n<p><strong>Gyakorlatok:<\/strong><\/p>\n<ul>\n<li>Test\u00f6sszet\u00e9tel m\u00e9r\u00e9s gyakorlat,<\/li>\n<li>\u00c9trendkieg\u00e9sz\u00edt\u0151k gyakorlat,<\/li>\n<li>Anal\u00edtikai laborat\u00f3rium gyakorlat.<\/li>\n<\/ul>\n\n<\/div><h2 class=\"tabtitle\">VSZEK<\/h2>\n<div class=\"tabcontent\">\n\n<h4>V\u00e1rosmajori Sz\u00edv-\u00e9s \u00c9rgy\u00f3gy\u00e1szati Klinika<\/h4>\n<p><strong>Gyakorlati helysz\u00ednei:<\/strong><\/p>\n<ul>\n<li>Spiroergometria: terhel\u00e9s\u00e9lettan,<\/li>\n<li>EKG ritmuszavarok,<\/li>\n<li>Echocardiographia: sportsz\u00edv, struktur\u00e1lis elt\u00e9r\u00e9sek, billenty\u0171betegs\u00e9gek,<\/li>\n<li>Reanim\u00e1ci\u00f3<\/li>\n<li>Sport MR\/CT: sportsz\u00edv, HSZH, struktur\u00e1lis elt\u00e9r\u00e9sek.<\/li>\n<\/ul>\n<p>A hallgat\u00f3k 4 csoportra oszlanak \u00e9s gyakorlati forg\u00f3 rendszerben vesznek r\u00e9szt az egyes helysz\u00ednek \u00f3r\u00e1in. Minden gyakorlat egy \u00e9s negyed \u00f3ra hossz\u00fa.<\/p>\n<\/div><\/div>\n","protected":false},"excerpt":{"rendered":"<p>Csapatok Minden oktat\u00e1si h\u00e9ten sor ker\u00fcl egy \u00fagy nevezett &#8222;Csapatok&#8221; nev\u0171 gyakorlatra. A hallgat\u00f3k ilyenkor a k\u00e9s\u0151bb felsorolt 3 csapat valamelyik\u00e9t l\u00e1togatj\u00e1k meg: VASAS, FTC, illetve torn\u00e1sz v\u00e1logatottak. A di\u00e1kok ilyenkor betekint\u00e9st nyerhetnek a sportol\u00f3k edz\u00e9s\u00e9be, felk\u00e9sz\u00fcl\u00e9s\u00fck menet\u00e9be. VASAS C\u00edm: Budapest, Pasar\u00e9ti \u00fat 11, 1026. FTC C\u00edm: Budapest, K\u0151b\u00e1nyai \u00fat 47a, 1101. Torn\u00e1sz v\u00e1logatottak C\u00edm: &hellip;<\/p>\n","protected":false},"author":101857,"featured_media":0,"parent":14,"menu_order":2,"comment_status":"closed","ping_status":"closed","template":"","meta":{"_acf_changed":false,"footnotes":""},"categories":[],"tags":[],"class_list":["post-112","page","type-page","status-publish","hentry"],"acf":[],"_links":{"self":[{"href":"https:\/\/semmelweis.hu\/sportorvostan\/wp-json\/wp\/v2\/pages\/112","targetHints":{"allow":["GET"]}}],"collection":[{"href":"https:\/\/semmelweis.hu\/sportorvostan\/wp-json\/wp\/v2\/pages"}],"about":[{"href":"https:\/\/semmelweis.hu\/sportorvostan\/wp-json\/wp\/v2\/types\/page"}],"author":[{"embeddable":true,"href":"https:\/\/semmelweis.hu\/sportorvostan\/wp-json\/wp\/v2\/users\/101857"}],"replies":[{"embeddable":true,"href":"https:\/\/semmelweis.hu\/sportorvostan\/wp-json\/wp\/v2\/comments?post=112"}],"version-history":[{"count":10,"href":"https:\/\/semmelweis.hu\/sportorvostan\/wp-json\/wp\/v2\/pages\/112\/revisions"}],"predecessor-version":[{"id":499,"href":"https:\/\/semmelweis.hu\/sportorvostan\/wp-json\/wp\/v2\/pages\/112\/revisions\/499"}],"up":[{"embeddable":true,"href":"https:\/\/semmelweis.hu\/sportorvostan\/wp-json\/wp\/v2\/pages\/14"}],"wp:attachment":[{"href":"https:\/\/semmelweis.hu\/sportorvostan\/wp-json\/wp\/v2\/media?parent=112"}],"wp:term":[{"taxonomy":"category","embeddable":true,"href":"https:\/\/semmelweis.hu\/sportorvostan\/wp-json\/wp\/v2\/categories?post=112"},{"taxonomy":"post_tag","embeddable":true,"href":"https:\/\/semmelweis.hu\/sportorvostan\/wp-json\/wp\/v2\/tags?post=112"}],"curies":[{"name":"wp","href":"https:\/\/api.w.org\/{rel}","templated":true}]}}