{"id":110,"date":"2021-02-17T11:32:28","date_gmt":"2021-02-17T10:32:28","guid":{"rendered":"https:\/\/semmelweis.hu\/sportorvostan\/?page_id=110"},"modified":"2021-03-04T22:39:12","modified_gmt":"2021-03-04T21:39:12","slug":"eloadasok","status":"publish","type":"page","link":"https:\/\/semmelweis.hu\/sportorvostan\/oktatas\/eloadasok\/","title":{"rendered":"El\u0151ad\u00e1sok"},"content":{"rendered":"<p><strong>A kurzus el\u0151ad\u00e1sai:<\/strong><\/p>\n<ol>\n<li style=\"text-align: justify\">Az izomm\u0171k\u00f6d\u00e9s \u00e9lettani alapjai, energiaforr\u00e1sai. Bemeleg\u00edt\u00e9s, holtpont, f\u00e1rad\u00e1s, izoml\u00e1z. Mozg\u00e1stanul\u00e1s, mozg\u00e1sszab\u00e1lyoz\u00e1s.A rendszeres edz\u00e9s hat\u00e1sai.<\/li>\n<li style=\"text-align: justify\">Sports\u00e9r\u00fcl\u00e9sek fogalma, feloszt\u00e1sa, etiol\u00f3gi\u00e1ja, diagnosztik\u00e1ja \u00e9s megel\u0151z\u00e9se.<\/li>\n<li style=\"text-align: justify\">A fels\u0151 v\u00e9gtag sports\u00e9r\u00fcl\u00e9sei \u00e9s sportk\u00e1rosod\u00e1sai<\/li>\n<li style=\"text-align: justify\">Sports\u00e9r\u00fcl\u00e9sek konzervat\u00edv kezel\u00e9se &#8211; (sportrehabilit\u00e1ci\u00f3, mozg\u00e1ster\u00e1pia)<\/li>\n<li style=\"text-align: justify\">Sports\u00e9r\u00fcl\u00e9sek ell\u00e1t\u00e1sa als\u00f3 v\u00e9gtag<\/li>\n<li>Dopping<\/li>\n<li>Sportol\u00f3 a kardiol\u00f3gia rendel\u0151ben &#8211; alapvizsg\u00e1latok<\/li>\n<li>\n<p>Sz\u00edvbeteg sportol\u00f3 a klinik\u00e1n<\/p>\n<\/li>\n<\/ol>\n<p>Az el\u0151ad\u00e1sokon k\u00edv\u00fcl sz\u00e1mos oktat\u00f3vide\u00f3 is el\u00e9rhet\u0151 a <a href=\"https:\/\/itc.semmelweis.hu\/moodle\/\">MOODLE<\/a> rendszerben.<\/p>\n","protected":false},"excerpt":{"rendered":"<p>A kurzus el\u0151ad\u00e1sai: Az izomm\u0171k\u00f6d\u00e9s \u00e9lettani alapjai, energiaforr\u00e1sai. Bemeleg\u00edt\u00e9s, holtpont, f\u00e1rad\u00e1s, izoml\u00e1z. Mozg\u00e1stanul\u00e1s, mozg\u00e1sszab\u00e1lyoz\u00e1s.A rendszeres edz\u00e9s hat\u00e1sai. Sports\u00e9r\u00fcl\u00e9sek fogalma, feloszt\u00e1sa, etiol\u00f3gi\u00e1ja, diagnosztik\u00e1ja \u00e9s megel\u0151z\u00e9se. A fels\u0151 v\u00e9gtag sports\u00e9r\u00fcl\u00e9sei \u00e9s sportk\u00e1rosod\u00e1sai Sports\u00e9r\u00fcl\u00e9sek konzervat\u00edv kezel\u00e9se &#8211; (sportrehabilit\u00e1ci\u00f3, mozg\u00e1ster\u00e1pia) Sports\u00e9r\u00fcl\u00e9sek ell\u00e1t\u00e1sa als\u00f3 v\u00e9gtag Dopping Sportol\u00f3 a kardiol\u00f3gia rendel\u0151ben &#8211; alapvizsg\u00e1latok Sz\u00edvbeteg sportol\u00f3 a klinik\u00e1n Az el\u0151ad\u00e1sokon k\u00edv\u00fcl sz\u00e1mos &hellip;<\/p>\n","protected":false},"author":101857,"featured_media":0,"parent":14,"menu_order":1,"comment_status":"closed","ping_status":"closed","template":"","meta":{"_acf_changed":false,"footnotes":""},"categories":[],"tags":[],"class_list":["post-110","page","type-page","status-publish","hentry"],"acf":[],"_links":{"self":[{"href":"https:\/\/semmelweis.hu\/sportorvostan\/wp-json\/wp\/v2\/pages\/110","targetHints":{"allow":["GET"]}}],"collection":[{"href":"https:\/\/semmelweis.hu\/sportorvostan\/wp-json\/wp\/v2\/pages"}],"about":[{"href":"https:\/\/semmelweis.hu\/sportorvostan\/wp-json\/wp\/v2\/types\/page"}],"author":[{"embeddable":true,"href":"https:\/\/semmelweis.hu\/sportorvostan\/wp-json\/wp\/v2\/users\/101857"}],"replies":[{"embeddable":true,"href":"https:\/\/semmelweis.hu\/sportorvostan\/wp-json\/wp\/v2\/comments?post=110"}],"version-history":[{"count":6,"href":"https:\/\/semmelweis.hu\/sportorvostan\/wp-json\/wp\/v2\/pages\/110\/revisions"}],"predecessor-version":[{"id":362,"href":"https:\/\/semmelweis.hu\/sportorvostan\/wp-json\/wp\/v2\/pages\/110\/revisions\/362"}],"up":[{"embeddable":true,"href":"https:\/\/semmelweis.hu\/sportorvostan\/wp-json\/wp\/v2\/pages\/14"}],"wp:attachment":[{"href":"https:\/\/semmelweis.hu\/sportorvostan\/wp-json\/wp\/v2\/media?parent=110"}],"wp:term":[{"taxonomy":"category","embeddable":true,"href":"https:\/\/semmelweis.hu\/sportorvostan\/wp-json\/wp\/v2\/categories?post=110"},{"taxonomy":"post_tag","embeddable":true,"href":"https:\/\/semmelweis.hu\/sportorvostan\/wp-json\/wp\/v2\/tags?post=110"}],"curies":[{"name":"wp","href":"https:\/\/api.w.org\/{rel}","templated":true}]}}