{"id":866,"date":"2015-12-12T08:08:27","date_gmt":"2015-12-12T07:08:27","guid":{"rendered":"http:\/\/semmelweis.hu\/sportkozpont\/?page_id=866"},"modified":"2025-08-27T11:04:54","modified_gmt":"2025-08-27T09:04:54","slug":"compulsory-physical-education","status":"publish","type":"page","link":"https:\/\/semmelweis.hu\/sportkozpont\/en\/compulsory-physical-education\/","title":{"rendered":"Study Guide 2025\/2026 academic years"},"content":{"rendered":"<p><strong>Dear students,<\/strong><\/p>\n<p>I am pleased to welcome you in the name of the Sports Center of Semmelweis University. Please read the following information carefully about obtaining the signature for Physical Education lessons. The sports education timetable is available at http:\/\/www.semmelweis.hu\/sportkozpont\/orarend<\/p>\n<ol>\n<li><strong>Physical Education I. is a compulsory subject<\/strong><\/li>\n<\/ol>\n<p><strong><em>The Physical Education I. subject can only be completed in the form of regular physical education lessons in accordance with the timetable.<\/em><\/strong><\/p>\n<ul>\n<li>Physical education<br \/>\nIn order to obtain a signature, students should actively participate for at least 10 occasions (regardless of the number of lesson-free days). Only two missed lessons can be made up afterwards. Make up lessons can be done in the week immediately after the end of the semester in two occasions. One make up lesson can be accomplished on a weekday from 8:00 to 16:00.\u00a0 (Last class starts at 3 p.m)\u00a0The receive a practical grade. stidentts must complete a prctical exercise.<\/li>\n<\/ul>\n<p><strong><em>The subjects Physical Education II \u2013 IV can be completed as part of regular Physical Education lessons or as taking part in sports trainings.<\/em><\/strong><\/p>\n<ul>\n<li><em>Physical education lesson<br \/>\n<\/em><strong>In order to obtain a signature, students should actively participate for at least 10 occasions<\/strong>(regardless of the number of lesson-free days). A maximum of two missed lessons can be made up in the week immediately after the end of the semester on a weekday from 8:00 to 16:00.\u00a0 (Last class starts at 3 p.m)\u00a0The receive a practical grade. stidentts must complete a prctical exercise.<\/p>\n<\/li>\n<li><em>Trainings<br \/>\n<\/em>Trainings are offered to students with prior knowledge of certain sports, if they already have the special equipment (e.g.: for hockey), if necessary. This means that students should take part in a 90-minute-long activity twice a week and should take part in matches. Trainings are usually held in evening hours.<\/li>\n<\/ul>\n<p><u>Types of sport trainings<\/u>: There are 5 sports included in the Medical Cup, which are the following: handball, basketball, football, volleyball and water polo. The other possible sport types are the following: hockey, women\u2019s football \u00a0and cheerleading.<\/p>\n<p><strong>In order to obtain a signature you should actively participate in trainings for at least 15 times<\/strong>. This number can be reduced by participating in championships (Medical Cup is worth 2 trainings, University Championship is worth 3 trainings).<br \/>\nIf a student misses a training, there is no possibility to do make up lessons afterwards.<\/p>\n<ol start=\"2\">\n<li><strong>Criteria for obtaining a signature for the subjects: Physical education V-VIII.<\/strong><\/li>\n<\/ol>\n<p>Free and verifiable sports activities can be chosen and these are indicated in the Neptune system. The presence of students is constantly recorded. The students have to appear 10 times in the sports lessons to obtain the signature (once a week). Alternatively, you can obtain the signature by participating in sports trainings, this must be done by being present on 15 occasions at least.<strong>(8 september \u2013 12 december, in spring: 16 february \u2013 22 may) <\/strong><br \/>\n<a href=\"https:\/\/semmelweis.hu\/sportkozpont\/hallgatoknak\/sporthelyszinek-a-kotelezo-testneveles-uzesehez\/\">https:\/\/semmelweis.hu\/sportkozpont\/hallgatoknak\/sporthelyszinek-a-kotelezo-testneveles-uzesehez\/<\/a><\/p>\n<ul>\n<li><em>Trainings<\/em><br \/>\nTrainings are offered to students with prior knowledge of certain sports, if they already have the special equipment (e.g.: hockey), if necessary. This means that students should participate in 90 minute-long training activities twice a week and in championships. Trainings are usually held in the evenings.<br \/>\n<u>Training types:<\/u>Students can participate in any of the 5 sports of the Medical Cup (which are: handball, basketball, football, volleyball and water polo) or in any of the remaining types of sports, which are the following: hockey, women\u2019s football and cheerleading.<\/li>\n<\/ul>\n<p><strong>In order to obtain a signature, students should actively participate in 15 occasions at least.<\/strong>\u00a0This number can be reduced by participating in championships (Medical Cup is worth 2 occasions, University Championship is worth 3 occasions).<br \/>\nThere is no possibility to do make up lessons.<\/p>\n<ol start=\"3\">\n<li><strong>Criteria for obtaining a signature for the subjects: Physical education IX-XII.<\/strong><\/li>\n<\/ol>\n<p>Students can register for the\u00a0<strong>\u201cindependent sports activity\u201d<\/strong>\u00a0course as part of the Physical Education course in the Neptune system.<br \/>\nIn both cases, a\u00a0<strong>questionnaire<\/strong>\u00a0is sent to the students through the Neptune system:<br \/>\n\u2013 The questionnaire can be filled in from Monday to Sunday in a semester (no entries can be made in advance or afterwards).<br \/>\n\u2013 Students must assure themselves that they have completed the questionnaire truthfully.<br \/>\n\u2013 For group\u00a0 it is a minimum requirement for the signature that a training of 1 \u00d7 60 minutes per week is completed and this is recorded in the questionnaire. (minimum 10 times for semester, once a week) <strong>(the questionnaires will be send: 8<\/strong><strong> september \u2013 12 december, in spring: 16 february \u2013 22 may)<\/strong><\/p>\n<ul>\n<li><em>Trainings<\/em><br \/>\nTrainings are offered to students with prior knowledge of certain sports, if they already have the special equipment (e.g.: hockey), if necessary. This means that students should participate in 90 minute-long training activities twice a week and in championships. Trainings are usually held in the evenings.<br \/>\n<u>Training types:<\/u>Students can participate in any of the 5 sports of the Medical Cup (which are: handball, basketball, football, volleyball and water polo) or in any of the remaining types of sports, which are the following: hockey, women\u2019s football, cheer dancing and cheerleading.<\/li>\n<\/ul>\n<p><strong>In order to obtain a signature, students should actively participate in 15 occasions at least.<\/strong>\u00a0This number can be reduced by participating in championships (Medical Cup is worth 2 occasions, University Championship is worth 3 occasions).<br \/>\nThere is no possibility to do make up lessons.<\/p>\n<p>Locations<\/p>\n<ul>\n<li>Site of the Physical Education facilities:<\/li>\n<li>P.E. and Sports Centre 1107 Budapest, Z\u00e1gr\u00e1bi \u00fat 14. and<\/li>\n<li>Gab\u00e1nyi L\u00e1szl\u00f3 Sportcsarnok<br \/>\n1116 Budapest, Hauszmann Alajos u 5.<\/li>\n<li>P\u00e9nz\u00fcgy\u0151r Sporttelep (1103 Budapest, K\u0151\u00e9r utca 2\/B.)<\/li>\n<li>Sports Lessons based on different kinds of sports (from Physical Education V.)\u00a0 \u00a0<\/li>\n<li>Step Aerobics Boulder, Functional Training, Ultimate Frisbee Beginner, Football course, Women\u2019s Football (trainings are held on artificial grass fields), Badminton: 1107 Budapest, Z\u00e1gr\u00e1bi \u00fat 14.<\/li>\n<\/ul>\n<p>Golf: St.L\u0151rinc Golf Club, 1238 Bp, Szentl\u0151rinci \u00fat 19-21. (Www.lorincgolf.hu)<br \/>\nTennis: spring:P.E. and Sportcenter &#8211; winter:<span style=\"font-size: 1rem\">P\u00e9nz\u00fcgy\u0151r Sporttelep (1103 Budapest, K\u0151\u00e9r utca 2\/B.)<\/span><\/p>\n<p>Sport hiking trips 1-2: in the Buda hills, on a chosen location before the trip.<br \/>\nClimbing: M\u00dcFAL BME Sportk\u00f6zpont, 1111 Budapest, Bertalan Lajos utca 4 \u2013 6.<br \/>\nFitness Center: BME \u00c9L Building 1111 Budapest, Bertalan Lajos utca 4 \u2013 6.<br \/>\nSwimming group: T\u00fcskecsarnok Uszoda, 1117 Budapest, Magyar Tud\u00f3sok k\u00f6r\u00fatja 7.<\/p>\n<p>Life1 Fitness Club<br \/>\nGo active Fitness Club<br \/>\nA Fitness Club<br \/>\nT-rex fitness<\/p>\n<ul>\n<li>Trainings<\/li>\n<\/ul>\n<p>Handball, basketball, football, volleyball: 1107 Budapest, Z\u00e1gr\u00e1bi u. 14th<br \/>\nWater polo: SE V\u00edzilabda Klub, 1124 Bp, Cs\u00f6rsz u. 18. (MOM)<br \/>\nIce Hockey: &#8230;&#8230;&#8230;&#8230;&#8230;&#8230;&#8230;&#8230;&#8230;&#8230;&#8230;&#8230;&#8230;&#8230;&#8230;&#8230;&#8230;.(For actual infos go to semmelweishockeyteam \u2013 facebook Trainings: at Tuesday \u00a010.10 p.m \u2013 11.10. p.m.)<\/p>\n<hr \/>\n<p><strong>Conditions of participation in the sports lessons<br \/>\n<\/strong><br \/>\n<em>Equipment<br \/>\n<\/em>Sportswear and sport shoes are required. Shoes have to be changed. The sports activities will begin on the first occasion after the briefing.<\/p>\n<ul>\n<li>delays, make up lessons<br \/>\nStudents who arrive late may not join the class if the class has already started, and the attendance is not recorded.<\/li>\n<\/ul>\n<p><strong><em>\u00a0\u00a0\u00a0\u00a0\u00a0\u00a0\u00a0\u00a0\u00a0\u00a0\u00a0\u00a0\u00a0\u00a0\u00a0\u00a0\u00a0\u00a0\u00a0\u00a0\u00a0\u00a0\u00a0\u00a0\u00a0\u00a0\u00a0\u00a0\u00a0\u00a0\u00a0\u00a0\u00a0\u00a0\u00a0\u00a0\u00a0\u00a0\u00a0\u00a0\u00a0\u00a0\u00a0 Recording the attendance of the students<br \/>\n<\/em><\/strong><br \/>\nStudents must register with the teacher at the beginning and at the end of the lesson. In the first hour, each student receives a card with the Neptune code, name and barcode on it. The students must bring the card on every sports lessons, as electronic registration is based on the card. A registration afterwards is not possible. The replacement of lost cards takes a week.<\/p>\n<p><strong>\u00a0\u00a0\u00a0\u00a0\u00a0\u00a0\u00a0\u00a0\u00a0\u00a0\u00a0\u00a0\u00a0\u00a0\u00a0\u00a0\u00a0\u00a0\u00a0\u00a0\u00a0\u00a0\u00a0\u00a0\u00a0\u00a0\u00a0\u00a0\u00a0\u00a0\u00a0\u00a0\u00a0\u00a0\u00a0\u00a0\u00a0 Exemption from physical education<br \/>\n<\/strong><\/p>\n<p class=\"text\"><strong><span class=\"text__Char\">R\/2\/2022. (VII.21.) SZ. REKTORI UTAS\u00cdT\u00c1S<\/span><\/strong><\/p>\n<p class=\"Normal\"><strong><span class=\"Normal__Char\">Testnevel\u00e9s tant\u00e1rgy \u00f3r\u00e1inak l\u00e1togat\u00e1sa al\u00f3li felment\u00e9sre ir\u00e1nyul\u00f3 hallgat\u00f3i ig\u00e9nyek elb\u00edr\u00e1l\u00e1s\u00e1nak folyamata<\/span><\/strong><\/p>\n<p><a href=\"https:\/\/semmelweis.hu\/jogigfoig\/2022\/07\/22\/r-2-2022-vii-21-sz-rektori-utasitas-testneveles-tantargy-orainak-latogatasa-aloli-felmentesre-iranyulo-hallgatoi-igenyek-elbiralasanak-folyamata\/\">https:\/\/semmelweis.hu\/jogigfoig\/2022\/07\/22\/r-2-2022-vii-21-sz-rektori-utasitas-testneveles-tantargy-orainak-latogatasa-aloli-felmentesre-iranyulo-hallgatoi-igenyek-elbiralasanak-folyamata\/<\/a><\/p>\n<ol>\n<li><strong>Recreational sports<\/strong><\/li>\n<\/ol>\n<p>Students of Semmelweis University may swim all year round free of charge with a valid student ID card in the ESMTK swimming pool of Pesterzs\u00e9bet (1204 Budapest, Zodony u 1.\u00a0<a href=\"https:\/\/www.pesterzsebetiuszoda.hu\/\">https:\/\/www.pesterzsebetiuszoda.hu\/<\/a><\/p>\n<p>Depending on availability, the sports hall and the outdoor sports facilities can be booked in advance at the reception in the sports complex in Z\u00e1gr\u00e1bi \u00fat.\u00a0<strong>\u00a0They can be rented with a valid student ID card with 50% discount.<\/strong><\/p>\n<p>If you have any questions related to sport or P.E. lessons, please write us on the following e-mail address <a href=\"mailto:titkarsag.tsk@semmelweis.hu\"><u>titkarsag.tsk@semmelweis.hu<\/u><\/a>\u00a0 In urgent cases you can book an appointment and come to our office.<\/p>\n<p>Contact:<\/p>\n<p>Reception and sport field reservation<br \/>\n<u>www.semmelweis.hu\/sportkozpont<\/u><br \/>\nReception of the Sportcenter in Z\u00e1gr\u00e1bi street and reservation: +36 20 825 0667 or <a href=\"mailto:sport.booking@semmelweis.hu\"><u>sport.booking@semmelweis.hu<\/u>\u00a0<\/a><\/p>\n<p>\nI wish all students a successful school year and I hope they will enjoy their sports activities.<\/p>\n<p>Korn\u00e9lia V\u00e1rszegi<br \/>\nDirector<br \/>\nPhysical Education and Sport Center<\/p>\n<p>&nbsp;<\/p>\n","protected":false},"excerpt":{"rendered":"<p>Dear students, I am pleased to welcome you in the name of the Sports Center of Semmelweis University. Please read the following information carefully about obtaining the signature for Physical Education lessons. The sports education timetable is available at http:\/\/www.semmelweis.hu\/sportkozpont\/orarend Physical Education I. is a compulsory subject The Physical Education I. subject can only be &hellip;<\/p>\n","protected":false},"author":12,"featured_media":0,"parent":0,"menu_order":1,"comment_status":"closed","ping_status":"closed","template":"","meta":{"_acf_changed":false,"footnotes":""},"categories":[],"tags":[],"class_list":["post-866","page","type-page","status-publish","hentry"],"acf":[],"_links":{"self":[{"href":"https:\/\/semmelweis.hu\/sportkozpont\/wp-json\/wp\/v2\/pages\/866","targetHints":{"allow":["GET"]}}],"collection":[{"href":"https:\/\/semmelweis.hu\/sportkozpont\/wp-json\/wp\/v2\/pages"}],"about":[{"href":"https:\/\/semmelweis.hu\/sportkozpont\/wp-json\/wp\/v2\/types\/page"}],"author":[{"embeddable":true,"href":"https:\/\/semmelweis.hu\/sportkozpont\/wp-json\/wp\/v2\/users\/12"}],"replies":[{"embeddable":true,"href":"https:\/\/semmelweis.hu\/sportkozpont\/wp-json\/wp\/v2\/comments?post=866"}],"version-history":[{"count":12,"href":"https:\/\/semmelweis.hu\/sportkozpont\/wp-json\/wp\/v2\/pages\/866\/revisions"}],"predecessor-version":[{"id":4277,"href":"https:\/\/semmelweis.hu\/sportkozpont\/wp-json\/wp\/v2\/pages\/866\/revisions\/4277"}],"wp:attachment":[{"href":"https:\/\/semmelweis.hu\/sportkozpont\/wp-json\/wp\/v2\/media?parent=866"}],"wp:term":[{"taxonomy":"category","embeddable":true,"href":"https:\/\/semmelweis.hu\/sportkozpont\/wp-json\/wp\/v2\/categories?post=866"},{"taxonomy":"post_tag","embeddable":true,"href":"https:\/\/semmelweis.hu\/sportkozpont\/wp-json\/wp\/v2\/tags?post=866"}],"curies":[{"name":"wp","href":"https:\/\/api.w.org\/{rel}","templated":true}]}}