{"id":4253,"date":"2025-07-18T13:07:44","date_gmt":"2025-07-18T11:07:44","guid":{"rendered":"https:\/\/semmelweis.hu\/sportkozpont\/?page_id=4253"},"modified":"2025-07-18T13:52:42","modified_gmt":"2025-07-18T11:52:42","slug":"tesztkerdesek-egeszsegugyi-felmentettek-szamara","status":"publish","type":"page","link":"https:\/\/semmelweis.hu\/sportkozpont\/oktatas\/felmentesek\/tesztkerdesek-egeszsegugyi-felmentettek-szamara\/","title":{"rendered":"Tesztk\u00e9rd\u00e9sek Eg\u00e9szs\u00e9g\u00fcgyi felmentettek sz\u00e1m\u00e1ra"},"content":{"rendered":"<p>A mell\u00e9kelteben tal\u00e1lhat\u00f3ak a tesztk\u00e9rd\u00e9sek a helyes v\u00e1laszokkal egy\u00fctt.<\/p>\n<p><a href=\"https:\/\/semmelweis.hu\/sportkozpont\/files\/2025\/07\/Tesztkerdesek-a-Testneveles-targyak_-egeszsgugyi-felmentett-kurzus-hallgatoi-szamara.pdf\">Tesztk\u00e9rd\u00e9sek a Testnevel\u00e9s t\u00e1rgyak_ eg\u00e9szsg\u00fcgyi felmentett kurzus hallgat\u00f3i sz\u00e1m\u00e1ra<\/a><\/p>\n<p>&nbsp;<\/p>\n","protected":false},"excerpt":{"rendered":"<p>A mell\u00e9kelteben tal\u00e1lhat\u00f3ak a tesztk\u00e9rd\u00e9sek a helyes v\u00e1laszokkal egy\u00fctt.<br \/>\n<a href=\"https:\/\/semmelweis.hu\/sportkozpont\/files\/2025\/07\/Tesztkerdesek-a-Testneveles-targyak_-egeszsgugyi-felmentett-kurzus-hallgatoi-szamara.pdf\">Tesztk\u00e9rd\u00e9sek a Testnevel\u00e9s t\u00e1rgyak_ eg\u00e9szsg\u00fcgyi felmentett kurzus hallgat\u00f3i sz\u00e1m\u00e1ra<\/a><br \/>\n&nbsp;<\/p>\n","protected":false},"author":101137,"featured_media":0,"parent":20,"menu_order":0,"comment_status":"closed","ping_status":"closed","template":"","meta":{"_acf_changed":false,"footnotes":""},"categories":[],"tags":[],"class_list":["post-4253","page","type-page","status-publish","hentry"],"acf":[],"_links":{"self":[{"href":"https:\/\/semmelweis.hu\/sportkozpont\/wp-json\/wp\/v2\/pages\/4253","targetHints":{"allow":["GET"]}}],"collection":[{"href":"https:\/\/semmelweis.hu\/sportkozpont\/wp-json\/wp\/v2\/pages"}],"about":[{"href":"https:\/\/semmelweis.hu\/sportkozpont\/wp-json\/wp\/v2\/types\/page"}],"author":[{"embeddable":true,"href":"https:\/\/semmelweis.hu\/sportkozpont\/wp-json\/wp\/v2\/users\/101137"}],"replies":[{"embeddable":true,"href":"https:\/\/semmelweis.hu\/sportkozpont\/wp-json\/wp\/v2\/comments?post=4253"}],"version-history":[{"count":3,"href":"https:\/\/semmelweis.hu\/sportkozpont\/wp-json\/wp\/v2\/pages\/4253\/revisions"}],"predecessor-version":[{"id":4261,"href":"https:\/\/semmelweis.hu\/sportkozpont\/wp-json\/wp\/v2\/pages\/4253\/revisions\/4261"}],"up":[{"embeddable":true,"href":"https:\/\/semmelweis.hu\/sportkozpont\/wp-json\/wp\/v2\/pages\/20"}],"wp:attachment":[{"href":"https:\/\/semmelweis.hu\/sportkozpont\/wp-json\/wp\/v2\/media?parent=4253"}],"wp:term":[{"taxonomy":"category","embeddable":true,"href":"https:\/\/semmelweis.hu\/sportkozpont\/wp-json\/wp\/v2\/categories?post=4253"},{"taxonomy":"post_tag","embeddable":true,"href":"https:\/\/semmelweis.hu\/sportkozpont\/wp-json\/wp\/v2\/tags?post=4253"}],"curies":[{"name":"wp","href":"https:\/\/api.w.org\/{rel}","templated":true}]}}